{"id":8982,"date":"2025-04-04T11:10:57","date_gmt":"2025-04-04T11:10:57","guid":{"rendered":"https:\/\/netverslun.thjodminjasafn.is\/?post_type=product&#038;p=8982"},"modified":"2025-04-07T11:25:57","modified_gmt":"2025-04-07T11:25:57","slug":"lyklakippa-valthjofsstadahurdarinnar","status":"publish","type":"product","link":"https:\/\/netverslun.thjodminjasafn.is\/en\/verslun\/gjafir\/honnun\/lyklakippa-valthjofsstadahurdarinnar\/","title":{"rendered":"Lyklakippa Val\u00fej\u00f3fssta\u00f0ahur\u00f0arinnar"},"content":{"rendered":"<p data-id=\"5e9b986e-98a3-4f1e-bd55-c5f8172fd549\" data-pm-slice=\"1 1 []\">Lyklakippa Val\u00fej\u00f3fssta\u00f0ahur\u00f0arinnar. Falleg lyklakippa \u00far \u00edslensku lerki, handger\u00f0 hj\u00e1 FabLab \u00e1 Austurlandi. Lerki\u00f0 er fr\u00e1 Sk\u00f3garafur\u00f0um, fyrirt\u00e6ki sta\u00f0sett \u00e1 V\u00ed\u00f0iv\u00f6llum ytri II \u00ed Flj\u00f3tsdal \u2013 sama landssv\u00e6\u00f0i og upprunalega Val\u00fej\u00f3fssta\u00f0ahur\u00f0in, sem veitir lyklakippunni s\u00e9rstaka tengingu vi\u00f0 fort\u00ed\u00f0ina.<\/p>\n<p>Myndin \u00e1 lyklakippunni er af efri kringlunni \u00e1 Val\u00fej\u00f3fssta\u00f0ahur\u00f0inni, en upprunalega hur\u00f0in er fr\u00e1 1200. Mynstri\u00f0 \u00e1 lyklakippunni er af riddara a\u00f0 bana dreka og bjarga lj\u00f3ni \u00far kl\u00f3m drekans. Lj\u00f3ni\u00f0 fylgir\u00a0 riddaranum eftir \u00feetta og leggst a\u00f0 lokum syrgjandi \u00e1 lei\u00f0i riddarans.<\/p>\n<p>&nbsp;<\/p>","protected":false},"excerpt":{"rendered":"<p>Lyklakippa Val\u00fej\u00f3fssta\u00f0ahur\u00f0arinnar mynd af efri kringlunni.<\/p>","protected":false},"featured_media":8988,"template":"","meta":{"site-sidebar-layout":"default","site-content-layout":"default","ast-site-content-layout":"default","site-content-style":"default","site-sidebar-style":"default","ast-global-header-display":"","ast-banner-title-visibility":"","ast-main-header-display":"","ast-hfb-above-header-display":"","ast-hfb-below-header-display":"","ast-hfb-mobile-header-display":"","site-post-title":"","ast-breadcrumbs-content":"","ast-featured-img":"","footer-sml-layout":"","ast-disable-related-posts":"","theme-transparent-header-meta":"default","adv-header-id-meta":"","stick-header-meta":"default","header-above-stick-meta":"","header-main-stick-meta":"","header-below-stick-meta":"","astra-migrate-meta-layouts":"set","ast-page-background-enabled":"default","ast-page-background-meta":{"desktop":{"background-color":"","background-image":"","background-repeat":"repeat","background-position":"center center","background-size":"auto","background-attachment":"scroll","background-type":"","background-media":"","overlay-type":"","overlay-color":"","overlay-opacity":"","overlay-gradient":""},"tablet":{"background-color":"","background-image":"","background-repeat":"repeat","background-position":"center center","background-size":"auto","background-attachment":"scroll","background-type":"","background-media":"","overlay-type":"","overlay-color":"","overlay-opacity":"","overlay-gradient":""},"mobile":{"background-color":"","background-image":"","background-repeat":"repeat","background-position":"center center","background-size":"auto","background-attachment":"scroll","background-type":"","background-media":"","overlay-type":"","overlay-color":"","overlay-opacity":"","overlay-gradient":""}},"ast-content-background-meta":{"desktop":{"background-color":"var(--ast-global-color-5)","background-image":"","background-repeat":"repeat","background-position":"center center","background-size":"auto","background-attachment":"scroll","background-type":"","background-media":"","overlay-type":"","overlay-color":"","overlay-opacity":"","overlay-gradient":""},"tablet":{"background-color":"var(--ast-global-color-5)","background-image":"","background-repeat":"repeat","background-position":"center center","background-size":"auto","background-attachment":"scroll","background-type":"","background-media":"","overlay-type":"","overlay-color":"","overlay-opacity":"","overlay-gradient":""},"mobile":{"background-color":"var(--ast-global-color-5)","background-image":"","background-repeat":"repeat","background-position":"center center","background-size":"auto","background-attachment":"scroll","background-type":"","background-media":"","overlay-type":"","overlay-color":"","overlay-opacity":"","overlay-gradient":""}}},"product_brand":[],"product_cat":[60,40,61,37],"product_tag":[],"class_list":{"0":"post-8982","1":"product","2":"type-product","3":"status-publish","4":"has-post-thumbnail","6":"product_cat-gjafir","7":"product_cat-gjafavara","8":"product_cat-honnun","9":"product_cat-minjagripir","10":"desktop-align-left","11":"tablet-align-left","12":"mobile-align-left","13":"ast-product-gallery-layout-vertical","14":"ast-product-tabs-layout-vertical","16":"first","17":"instock","18":"shipping-taxable","19":"purchasable","20":"product-type-simple"},"yoast_head":"<!-- This site is optimized with the Yoast SEO plugin v27.4 - https:\/\/yoast.com\/product\/yoast-seo-wordpress\/ -->\n<title>Lyklakippa Val\u00fej\u00f3fssta\u00f0ahur\u00f0arinnar - \u00dej\u00f3\u00f0minjasafn \u00cdslands<\/title>\n<meta name=\"description\" content=\"Lyklakippa Val\u00fej\u00f3fssta\u00f0ahur\u00f0arinnar, ger\u00f0 \u00far \u00edslensku lerki fr\u00e1 Flj\u00f3tsdal \u00e1 Austurlandi upprunalega hur\u00f0in er \u00fea\u00f0an. Myndin s\u00fdnir dreka, lj\u00f3n og riddara.\" \/>\n<meta name=\"robots\" content=\"index, follow, max-snippet:-1, max-image-preview:large, max-video-preview:-1\" \/>\n<link rel=\"canonical\" href=\"https:\/\/netverslun.thjodminjasafn.is\/en\/verslun\/gjafir\/honnun\/lyklakippa-valthjofsstadahurdarinnar\/\" \/>\n<meta property=\"og:locale\" content=\"en_US\" \/>\n<meta property=\"og:type\" content=\"article\" \/>\n<meta property=\"og:title\" content=\"Lyklakippa Val\u00fej\u00f3fssta\u00f0ahur\u00f0arinnar - \u00dej\u00f3\u00f0minjasafn \u00cdslands\" \/>\n<meta property=\"og:description\" content=\"Lyklakippa Val\u00fej\u00f3fssta\u00f0ahur\u00f0arinnar, ger\u00f0 \u00far \u00edslensku lerki fr\u00e1 Flj\u00f3tsdal \u00e1 Austurlandi upprunalega hur\u00f0in er \u00fea\u00f0an. Myndin s\u00fdnir dreka, lj\u00f3n og riddara.\" \/>\n<meta property=\"og:url\" content=\"https:\/\/netverslun.thjodminjasafn.is\/en\/verslun\/gjafir\/honnun\/lyklakippa-valthjofsstadahurdarinnar\/\" \/>\n<meta property=\"og:site_name\" content=\"\u00dej\u00f3\u00f0minjasafn \u00cdslands\" \/>\n<meta property=\"article:publisher\" content=\"https:\/\/www.facebook.com\/thjodminjasafn\" \/>\n<meta property=\"article:modified_time\" content=\"2025-04-07T11:25:57+00:00\" \/>\n<meta property=\"og:image\" content=\"https:\/\/netverslun.thjodminjasafn.is\/wp-content\/uploads\/2025\/04\/Lyklakippa-framan-Valthjofsstad.png\" \/>\n\t<meta property=\"og:image:width\" content=\"500\" \/>\n\t<meta property=\"og:image:height\" content=\"500\" \/>\n\t<meta property=\"og:image:type\" content=\"image\/png\" \/>\n<meta name=\"twitter:card\" content=\"summary_large_image\" \/>\n<meta name=\"twitter:label1\" content=\"Est. reading time\" \/>\n\t<meta name=\"twitter:data1\" content=\"1 minute\" \/>\n<script type=\"application\/ld+json\" class=\"yoast-schema-graph\">{\"@context\":\"https:\\\/\\\/schema.org\",\"@graph\":[{\"@type\":\"WebPage\",\"@id\":\"https:\\\/\\\/netverslun.thjodminjasafn.is\\\/verslun\\\/gjafir\\\/honnun\\\/lyklakippa-valthjofsstadahurdarinnar\\\/\",\"url\":\"https:\\\/\\\/netverslun.thjodminjasafn.is\\\/verslun\\\/gjafir\\\/honnun\\\/lyklakippa-valthjofsstadahurdarinnar\\\/\",\"name\":\"Lyklakippa Val\u00fej\u00f3fssta\u00f0ahur\u00f0arinnar - \u00dej\u00f3\u00f0minjasafn \u00cdslands\",\"isPartOf\":{\"@id\":\"https:\\\/\\\/netverslun.thjodminjasafn.is\\\/#website\"},\"primaryImageOfPage\":{\"@id\":\"https:\\\/\\\/netverslun.thjodminjasafn.is\\\/verslun\\\/gjafir\\\/honnun\\\/lyklakippa-valthjofsstadahurdarinnar\\\/#primaryimage\"},\"image\":{\"@id\":\"https:\\\/\\\/netverslun.thjodminjasafn.is\\\/verslun\\\/gjafir\\\/honnun\\\/lyklakippa-valthjofsstadahurdarinnar\\\/#primaryimage\"},\"thumbnailUrl\":\"https:\\\/\\\/netverslun.thjodminjasafn.is\\\/wp-content\\\/uploads\\\/2025\\\/04\\\/Lyklakippa-framan-Valthjofsstad.png\",\"datePublished\":\"2025-04-04T11:10:57+00:00\",\"dateModified\":\"2025-04-07T11:25:57+00:00\",\"description\":\"Lyklakippa Val\u00fej\u00f3fssta\u00f0ahur\u00f0arinnar, ger\u00f0 \u00far \u00edslensku lerki fr\u00e1 Flj\u00f3tsdal \u00e1 Austurlandi upprunalega hur\u00f0in er \u00fea\u00f0an. Myndin s\u00fdnir dreka, lj\u00f3n og riddara.\",\"breadcrumb\":{\"@id\":\"https:\\\/\\\/netverslun.thjodminjasafn.is\\\/verslun\\\/gjafir\\\/honnun\\\/lyklakippa-valthjofsstadahurdarinnar\\\/#breadcrumb\"},\"inLanguage\":\"en-US\",\"potentialAction\":[{\"@type\":\"ReadAction\",\"target\":[\"https:\\\/\\\/netverslun.thjodminjasafn.is\\\/verslun\\\/gjafir\\\/honnun\\\/lyklakippa-valthjofsstadahurdarinnar\\\/\"]}]},{\"@type\":\"ImageObject\",\"inLanguage\":\"en-US\",\"@id\":\"https:\\\/\\\/netverslun.thjodminjasafn.is\\\/verslun\\\/gjafir\\\/honnun\\\/lyklakippa-valthjofsstadahurdarinnar\\\/#primaryimage\",\"url\":\"https:\\\/\\\/netverslun.thjodminjasafn.is\\\/wp-content\\\/uploads\\\/2025\\\/04\\\/Lyklakippa-framan-Valthjofsstad.png\",\"contentUrl\":\"https:\\\/\\\/netverslun.thjodminjasafn.is\\\/wp-content\\\/uploads\\\/2025\\\/04\\\/Lyklakippa-framan-Valthjofsstad.png\",\"width\":500,\"height\":500,\"caption\":\"Lyklakippa Val\u00fejofsstadarhurdin efri kinga\"},{\"@type\":\"BreadcrumbList\",\"@id\":\"https:\\\/\\\/netverslun.thjodminjasafn.is\\\/verslun\\\/gjafir\\\/honnun\\\/lyklakippa-valthjofsstadahurdarinnar\\\/#breadcrumb\",\"itemListElement\":[{\"@type\":\"ListItem\",\"position\":1,\"name\":\"Home\",\"item\":\"https:\\\/\\\/netverslun.thjodminjasafn.is\\\/\"},{\"@type\":\"ListItem\",\"position\":2,\"name\":\"Verslun\",\"item\":\"https:\\\/\\\/netverslun.thjodminjasafn.is\\\/verslun\\\/\"},{\"@type\":\"ListItem\",\"position\":3,\"name\":\"Lyklakippa Val\u00fej\u00f3fssta\u00f0ahur\u00f0arinnar\"}]},{\"@type\":\"WebSite\",\"@id\":\"https:\\\/\\\/netverslun.thjodminjasafn.is\\\/#website\",\"url\":\"https:\\\/\\\/netverslun.thjodminjasafn.is\\\/\",\"name\":\"\u00dej\u00f3\u00f0minjasafn \u00cdslands\",\"description\":\"Vefverslun \u00dej\u00f3\u00f0minjasafnsins\",\"publisher\":{\"@id\":\"https:\\\/\\\/netverslun.thjodminjasafn.is\\\/#organization\"},\"potentialAction\":[{\"@type\":\"SearchAction\",\"target\":{\"@type\":\"EntryPoint\",\"urlTemplate\":\"https:\\\/\\\/netverslun.thjodminjasafn.is\\\/?s={search_term_string}\"},\"query-input\":{\"@type\":\"PropertyValueSpecification\",\"valueRequired\":true,\"valueName\":\"search_term_string\"}}],\"inLanguage\":\"en-US\"},{\"@type\":\"Organization\",\"@id\":\"https:\\\/\\\/netverslun.thjodminjasafn.is\\\/#organization\",\"name\":\"\u00dej\u00f3\u00f0minjasafn \u00cdslands\",\"url\":\"https:\\\/\\\/netverslun.thjodminjasafn.is\\\/\",\"logo\":{\"@type\":\"ImageObject\",\"inLanguage\":\"en-US\",\"@id\":\"https:\\\/\\\/netverslun.thjodminjasafn.is\\\/#\\\/schema\\\/logo\\\/image\\\/\",\"url\":\"https:\\\/\\\/netverslun.thjodminjasafn.is\\\/wp-content\\\/uploads\\\/2020\\\/02\\\/sitelogo.svg\",\"contentUrl\":\"https:\\\/\\\/netverslun.thjodminjasafn.is\\\/wp-content\\\/uploads\\\/2020\\\/02\\\/sitelogo.svg\",\"width\":599,\"height\":248,\"caption\":\"\u00dej\u00f3\u00f0minjasafn \u00cdslands\"},\"image\":{\"@id\":\"https:\\\/\\\/netverslun.thjodminjasafn.is\\\/#\\\/schema\\\/logo\\\/image\\\/\"},\"sameAs\":[\"https:\\\/\\\/www.facebook.com\\\/thjodminjasafn\",\"https:\\\/\\\/www.instagram.com\\\/nationalmuseumoficeland\\\/\"]}]}<\/script>\n<!-- \/ Yoast SEO plugin. -->","yoast_head_json":{"title":"Lyklakippa Val\u00fej\u00f3fssta\u00f0ahur\u00f0arinnar - \u00dej\u00f3\u00f0minjasafn \u00cdslands","description":"Lyklakippa Val\u00fej\u00f3fssta\u00f0ahur\u00f0arinnar, ger\u00f0 \u00far \u00edslensku lerki fr\u00e1 Flj\u00f3tsdal \u00e1 Austurlandi upprunalega hur\u00f0in er \u00fea\u00f0an. Myndin s\u00fdnir dreka, lj\u00f3n og riddara.","robots":{"index":"index","follow":"follow","max-snippet":"max-snippet:-1","max-image-preview":"max-image-preview:large","max-video-preview":"max-video-preview:-1"},"canonical":"https:\/\/netverslun.thjodminjasafn.is\/en\/verslun\/gjafir\/honnun\/lyklakippa-valthjofsstadahurdarinnar\/","og_locale":"en_US","og_type":"article","og_title":"Lyklakippa Val\u00fej\u00f3fssta\u00f0ahur\u00f0arinnar - \u00dej\u00f3\u00f0minjasafn \u00cdslands","og_description":"Lyklakippa Val\u00fej\u00f3fssta\u00f0ahur\u00f0arinnar, ger\u00f0 \u00far \u00edslensku lerki fr\u00e1 Flj\u00f3tsdal \u00e1 Austurlandi upprunalega hur\u00f0in er \u00fea\u00f0an. Myndin s\u00fdnir dreka, lj\u00f3n og riddara.","og_url":"https:\/\/netverslun.thjodminjasafn.is\/en\/verslun\/gjafir\/honnun\/lyklakippa-valthjofsstadahurdarinnar\/","og_site_name":"\u00dej\u00f3\u00f0minjasafn \u00cdslands","article_publisher":"https:\/\/www.facebook.com\/thjodminjasafn","article_modified_time":"2025-04-07T11:25:57+00:00","og_image":[{"width":500,"height":500,"url":"https:\/\/netverslun.thjodminjasafn.is\/wp-content\/uploads\/2025\/04\/Lyklakippa-framan-Valthjofsstad.png","type":"image\/png"}],"twitter_card":"summary_large_image","twitter_misc":{"Est. reading time":"1 minute"},"schema":{"@context":"https:\/\/schema.org","@graph":[{"@type":"WebPage","@id":"https:\/\/netverslun.thjodminjasafn.is\/verslun\/gjafir\/honnun\/lyklakippa-valthjofsstadahurdarinnar\/","url":"https:\/\/netverslun.thjodminjasafn.is\/verslun\/gjafir\/honnun\/lyklakippa-valthjofsstadahurdarinnar\/","name":"Lyklakippa Val\u00fej\u00f3fssta\u00f0ahur\u00f0arinnar - \u00dej\u00f3\u00f0minjasafn \u00cdslands","isPartOf":{"@id":"https:\/\/netverslun.thjodminjasafn.is\/#website"},"primaryImageOfPage":{"@id":"https:\/\/netverslun.thjodminjasafn.is\/verslun\/gjafir\/honnun\/lyklakippa-valthjofsstadahurdarinnar\/#primaryimage"},"image":{"@id":"https:\/\/netverslun.thjodminjasafn.is\/verslun\/gjafir\/honnun\/lyklakippa-valthjofsstadahurdarinnar\/#primaryimage"},"thumbnailUrl":"https:\/\/netverslun.thjodminjasafn.is\/wp-content\/uploads\/2025\/04\/Lyklakippa-framan-Valthjofsstad.png","datePublished":"2025-04-04T11:10:57+00:00","dateModified":"2025-04-07T11:25:57+00:00","description":"Lyklakippa Val\u00fej\u00f3fssta\u00f0ahur\u00f0arinnar, ger\u00f0 \u00far \u00edslensku lerki fr\u00e1 Flj\u00f3tsdal \u00e1 Austurlandi upprunalega hur\u00f0in er \u00fea\u00f0an. Myndin s\u00fdnir dreka, lj\u00f3n og riddara.","breadcrumb":{"@id":"https:\/\/netverslun.thjodminjasafn.is\/verslun\/gjafir\/honnun\/lyklakippa-valthjofsstadahurdarinnar\/#breadcrumb"},"inLanguage":"en-US","potentialAction":[{"@type":"ReadAction","target":["https:\/\/netverslun.thjodminjasafn.is\/verslun\/gjafir\/honnun\/lyklakippa-valthjofsstadahurdarinnar\/"]}]},{"@type":"ImageObject","inLanguage":"en-US","@id":"https:\/\/netverslun.thjodminjasafn.is\/verslun\/gjafir\/honnun\/lyklakippa-valthjofsstadahurdarinnar\/#primaryimage","url":"https:\/\/netverslun.thjodminjasafn.is\/wp-content\/uploads\/2025\/04\/Lyklakippa-framan-Valthjofsstad.png","contentUrl":"https:\/\/netverslun.thjodminjasafn.is\/wp-content\/uploads\/2025\/04\/Lyklakippa-framan-Valthjofsstad.png","width":500,"height":500,"caption":"Lyklakippa Val\u00fejofsstadarhurdin efri kinga"},{"@type":"BreadcrumbList","@id":"https:\/\/netverslun.thjodminjasafn.is\/verslun\/gjafir\/honnun\/lyklakippa-valthjofsstadahurdarinnar\/#breadcrumb","itemListElement":[{"@type":"ListItem","position":1,"name":"Home","item":"https:\/\/netverslun.thjodminjasafn.is\/"},{"@type":"ListItem","position":2,"name":"Verslun","item":"https:\/\/netverslun.thjodminjasafn.is\/verslun\/"},{"@type":"ListItem","position":3,"name":"Lyklakippa Val\u00fej\u00f3fssta\u00f0ahur\u00f0arinnar"}]},{"@type":"WebSite","@id":"https:\/\/netverslun.thjodminjasafn.is\/#website","url":"https:\/\/netverslun.thjodminjasafn.is\/","name":"\u00dej\u00f3\u00f0minjasafn \u00cdslands","description":"National Museum of Iceland webstore","publisher":{"@id":"https:\/\/netverslun.thjodminjasafn.is\/#organization"},"potentialAction":[{"@type":"SearchAction","target":{"@type":"EntryPoint","urlTemplate":"https:\/\/netverslun.thjodminjasafn.is\/?s={search_term_string}"},"query-input":{"@type":"PropertyValueSpecification","valueRequired":true,"valueName":"search_term_string"}}],"inLanguage":"en-US"},{"@type":"Organization","@id":"https:\/\/netverslun.thjodminjasafn.is\/#organization","name":"\u00dej\u00f3\u00f0minjasafn \u00cdslands","url":"https:\/\/netverslun.thjodminjasafn.is\/","logo":{"@type":"ImageObject","inLanguage":"en-US","@id":"https:\/\/netverslun.thjodminjasafn.is\/#\/schema\/logo\/image\/","url":"https:\/\/netverslun.thjodminjasafn.is\/wp-content\/uploads\/2020\/02\/sitelogo.svg","contentUrl":"https:\/\/netverslun.thjodminjasafn.is\/wp-content\/uploads\/2020\/02\/sitelogo.svg","width":599,"height":248,"caption":"\u00dej\u00f3\u00f0minjasafn \u00cdslands"},"image":{"@id":"https:\/\/netverslun.thjodminjasafn.is\/#\/schema\/logo\/image\/"},"sameAs":["https:\/\/www.facebook.com\/thjodminjasafn","https:\/\/www.instagram.com\/nationalmuseumoficeland\/"]}]}},"_links":{"self":[{"href":"https:\/\/netverslun.thjodminjasafn.is\/en\/wp-json\/wp\/v2\/product\/8982","targetHints":{"allow":["GET"]}}],"collection":[{"href":"https:\/\/netverslun.thjodminjasafn.is\/en\/wp-json\/wp\/v2\/product"}],"about":[{"href":"https:\/\/netverslun.thjodminjasafn.is\/en\/wp-json\/wp\/v2\/types\/product"}],"version-history":[{"count":2,"href":"https:\/\/netverslun.thjodminjasafn.is\/en\/wp-json\/wp\/v2\/product\/8982\/revisions"}],"predecessor-version":[{"id":8984,"href":"https:\/\/netverslun.thjodminjasafn.is\/en\/wp-json\/wp\/v2\/product\/8982\/revisions\/8984"}],"wp:featuredmedia":[{"embeddable":true,"href":"https:\/\/netverslun.thjodminjasafn.is\/en\/wp-json\/wp\/v2\/media\/8988"}],"wp:attachment":[{"href":"https:\/\/netverslun.thjodminjasafn.is\/en\/wp-json\/wp\/v2\/media?parent=8982"}],"wp:term":[{"taxonomy":"product_brand","embeddable":true,"href":"https:\/\/netverslun.thjodminjasafn.is\/en\/wp-json\/wp\/v2\/product_brand?post=8982"},{"taxonomy":"product_cat","embeddable":true,"href":"https:\/\/netverslun.thjodminjasafn.is\/en\/wp-json\/wp\/v2\/product_cat?post=8982"},{"taxonomy":"product_tag","embeddable":true,"href":"https:\/\/netverslun.thjodminjasafn.is\/en\/wp-json\/wp\/v2\/product_tag?post=8982"}],"curies":[{"name":"wp","href":"https:\/\/api.w.org\/{rel}","templated":true}]}}