{"id":8839,"date":"2025-03-07T09:25:20","date_gmt":"2025-03-07T09:25:20","guid":{"rendered":"https:\/\/netverslun.thjodminjasafn.is\/?post_type=product&#038;p=8839"},"modified":"2025-12-30T15:50:39","modified_gmt":"2025-12-30T15:50:39","slug":"aftur-again-samtal-vid-conversing-with-sigfus-eymundsson-einarfalur-ingolfsson","status":"publish","type":"product","link":"https:\/\/netverslun.thjodminjasafn.is\/en\/verslun\/syningar\/bogasalur\/aftur-again-samtal-vid-conversing-with-sigfus-eymundsson-einarfalur-ingolfsson\/","title":{"rendered":"Aftur Again Samtal vi\u00f0 Conversing with Sigf\u00fas Eymundsson"},"content":{"rendered":"<p>Aftur Again Samtal vi\u00f0 Conversing with Sigf\u00fas Eymundsson, eftir Einar Fal Ing\u00f3lfsson.<\/p>\n<p>Einst\u00f6k lj\u00f3smyndab\u00f3k \u00fear sem Einar Falur fetar \u00ed f\u00f3tspor Sigf\u00fasar Eymundssonar, me\u00f0 myndat\u00f6kum \u00e1 sama sta\u00f0 en oft fr\u00e1 \u00f6\u00f0ru sj\u00f3narhorni.<\/p>\n<p>\u00deetta er \u00feri\u00f0ja verkefni Einars Fals \u00fear sem hann leyfir li\u00f0inni t\u00ed\u00f0 \u00ed myndverkum a\u00f0 m\u00f3ta sk\u00f6punina \u00feegar hann tekst \u00e1 hendur k\u00f6nnunarlei\u00f0angra. A\u00f0 \u00feessu sinni fetar hann \u00ed f\u00f3tspor Sigf\u00fasar Eymundssonar lj\u00f3smyndara og athafnamanns s\u00edns t\u00edma en Lj\u00f3smyndasafn \u00cdslands \u00ed \u00dej\u00f3\u00f0minjasafninu var\u00f0veitir einstakt safn \u00feessa helsta lj\u00f3smyndara landsins sem starfa\u00f0i \u00e1 19.\u00f6ld og fram \u00e1 fyrsta \u00e1ratug 20.aldar.<\/p>\n<p>Lj\u00f3smyndunin sem Einar Falur f\u00e6st h\u00e9r vi\u00f0, og v\u00edsa\u00f0 er til innan listfr\u00e6\u00f0innar sem endurlj\u00f3smyndunar, er meira en sj\u00f3nr\u00e6nn vitnisbur\u00f0ur um \u00f3l\u00edka t\u00edma e\u00f0a hvernig umhorfs\u00a0 er \u00e1 st\u00f6\u00f0unum sem listamennirnir v\u00f6ldu. A\u00f0fer\u00f0 hans b\u00fd\u00f0ur upp\u00e1 d\u00fdpri t\u00falkun, \u00fear sem Einar Falur leggur fram\u00a0 s\u00fdna eigin s\u00fdn \u00e1 sta\u00f0ina me\u00f0 sama mi\u00f0li og Sigf\u00fas nota\u00f0ist vi\u00f0. \u00deetta samspil fort\u00ed\u00f0ar og n\u00fat\u00ed\u00f0ar, listamanna og landslags, endurspeglar ekki a\u00f0eins vir\u00f0ingu fyrir s\u00f6gulegri arfleif\u00f0 heldur undirstrikar hvernig listin getur skapa\u00f0\u00a0 tengsl milli t\u00edma og r\u00fdmis.<\/p>\n<p>N\u00fa m\u00e1 segja a\u00f0 Einar Falur loki hringnum me\u00f0 f\u00f3tsporaverkum s\u00ednum, eins og hann kallar \u00feau, \u00feegar hann fylgir eftir forg\u00f6ngumanni \u00edslenskrar lj\u00f3smyndas\u00f6gu, Sigf\u00fasi Eymundssyni, me\u00f0 \u00feeirri s\u00fdningu og \u00fatg\u00e1fu sem \u00dej\u00f3\u00f0minjasafni\u00f0 efnir n\u00fa til \u00ed samstarfi vi\u00f0 listamanninn. B\u00f3kin Aftur Again Samtal vi\u00f0 Conversing with Sigf\u00fas Eymundsson, er sj\u00e1lfst\u00e6tt verk og inniheldur fj\u00f6lda lj\u00f3smynda eftir b\u00e6\u00f0i Einar Fal og Sigf\u00fas \u2013 sem s\u00fdna \u00cdsland \u00ed fort\u00ed\u00f0 og samt\u00ed\u00f0.<\/p>\n<p><a href=\"https:\/\/www.thjodminjasafn.is\/syningar\/samtal-vid-sigfus\">S\u00fdningin &#8222;Samtal vi\u00f0 Sigf\u00fas&#8220; stendur yfir\u00a0 \u00ed Bogasal \u00dej\u00f3\u00f0minjasafnsins fr\u00e1 8.mars til 31. desember, 2025. Veri\u00f0 velkomin.<\/a><\/p>\n<p>&nbsp;<\/p>\n<p>&nbsp;<\/p>\n<p>&nbsp;<\/p>\n<p>&nbsp;<\/p>","protected":false},"excerpt":{"rendered":"<p>Aftur Again samtal vi\u00f0 conversing with Sigf\u00fas Eymundsson. Falleg lj\u00f3smyndab\u00f3k \u00fear sem m\u00e6tast tveir heimar \u00ed lj\u00f3smyndum, Einar Falur \u00ed n\u00fat\u00edmanum og Sigf\u00fas Eymundsson fr\u00e1 seinustu \u00f6ld.<\/p>","protected":false},"featured_media":8875,"template":"","meta":{"site-sidebar-layout":"default","site-content-layout":"default","ast-site-content-layout":"default","site-content-style":"default","site-sidebar-style":"default","ast-global-header-display":"","ast-banner-title-visibility":"","ast-main-header-display":"","ast-hfb-above-header-display":"","ast-hfb-below-header-display":"","ast-hfb-mobile-header-display":"","site-post-title":"","ast-breadcrumbs-content":"","ast-featured-img":"","footer-sml-layout":"","ast-disable-related-posts":"","theme-transparent-header-meta":"default","adv-header-id-meta":"","stick-header-meta":"default","header-above-stick-meta":"","header-main-stick-meta":"","header-below-stick-meta":"","astra-migrate-meta-layouts":"set","ast-page-background-enabled":"default","ast-page-background-meta":{"desktop":{"background-color":"","background-image":"","background-repeat":"repeat","background-position":"center center","background-size":"auto","background-attachment":"scroll","background-type":"","background-media":"","overlay-type":"","overlay-color":"","overlay-opacity":"","overlay-gradient":""},"tablet":{"background-color":"","background-image":"","background-repeat":"repeat","background-position":"center center","background-size":"auto","background-attachment":"scroll","background-type":"","background-media":"","overlay-type":"","overlay-color":"","overlay-opacity":"","overlay-gradient":""},"mobile":{"background-color":"","background-image":"","background-repeat":"repeat","background-position":"center center","background-size":"auto","background-attachment":"scroll","background-type":"","background-media":"","overlay-type":"","overlay-color":"","overlay-opacity":"","overlay-gradient":""}},"ast-content-background-meta":{"desktop":{"background-color":"var(--ast-global-color-5)","background-image":"","background-repeat":"repeat","background-position":"center center","background-size":"auto","background-attachment":"scroll","background-type":"","background-media":"","overlay-type":"","overlay-color":"","overlay-opacity":"","overlay-gradient":""},"tablet":{"background-color":"var(--ast-global-color-5)","background-image":"","background-repeat":"repeat","background-position":"center center","background-size":"auto","background-attachment":"scroll","background-type":"","background-media":"","overlay-type":"","overlay-color":"","overlay-opacity":"","overlay-gradient":""},"mobile":{"background-color":"var(--ast-global-color-5)","background-image":"","background-repeat":"repeat","background-position":"center center","background-size":"auto","background-attachment":"scroll","background-type":"","background-media":"","overlay-type":"","overlay-color":"","overlay-opacity":"","overlay-gradient":""}}},"product_brand":[],"product_cat":[78,71,69,45,48,68],"product_tag":[],"class_list":{"0":"post-8839","1":"product","2":"type-product","3":"status-publish","4":"has-post-thumbnail","6":"product_cat-baekur-syningar-rit","7":"product_cat-bogasalur","8":"product_cat-tilbod","9":"product_cat-lestur","10":"product_cat-ljosmyndabaekur","11":"product_cat-syningar","12":"desktop-align-left","13":"tablet-align-left","14":"mobile-align-left","15":"ast-product-gallery-layout-vertical","16":"ast-product-tabs-layout-vertical","18":"first","19":"instock","20":"shipping-taxable","21":"purchasable","22":"product-type-simple"},"yoast_head":"<!-- This site is optimized with the Yoast SEO plugin v27.3 - https:\/\/yoast.com\/product\/yoast-seo-wordpress\/ -->\n<title>Aftur Again Samtal vi\u00f0 Conversing with Sigf\u00fas Eymundsson - \u00dej\u00f3\u00f0minjasafn \u00cdslands<\/title>\n<meta name=\"description\" content=\"Aftur Again samtal vi\u00f0 conversing with Sigf\u00fas Eymundsson. Falleg lj\u00f3smyndab\u00f3k \u00fear sem m\u00e6tast tveir heimar \u00ed lj\u00f3smyndum, Einar Fals Ing\u00f3lfssonar \u00ed n\u00fat\u00edmanum og Sigf\u00fas Eymundsson fr\u00e1 seinustu \u00f6ld.\" \/>\n<meta name=\"robots\" content=\"index, follow, max-snippet:-1, max-image-preview:large, max-video-preview:-1\" \/>\n<link rel=\"canonical\" href=\"https:\/\/netverslun.thjodminjasafn.is\/en\/verslun\/syningar\/bogasalur\/aftur-again-samtal-vid-conversing-with-sigfus-eymundsson-einarfalur-ingolfsson\/\" \/>\n<meta property=\"og:locale\" content=\"en_US\" \/>\n<meta property=\"og:type\" content=\"article\" \/>\n<meta property=\"og:title\" content=\"Aftur Again Samtal vi\u00f0 Conversing with Sigf\u00fas Eymundsson - \u00dej\u00f3\u00f0minjasafn \u00cdslands\" \/>\n<meta property=\"og:description\" content=\"Aftur Again samtal vi\u00f0 conversing with Sigf\u00fas Eymundsson. Falleg lj\u00f3smyndab\u00f3k \u00fear sem m\u00e6tast tveir heimar \u00ed lj\u00f3smyndum, Einar Fals Ing\u00f3lfssonar \u00ed n\u00fat\u00edmanum og Sigf\u00fas Eymundsson fr\u00e1 seinustu \u00f6ld.\" \/>\n<meta property=\"og:url\" content=\"https:\/\/netverslun.thjodminjasafn.is\/en\/verslun\/syningar\/bogasalur\/aftur-again-samtal-vid-conversing-with-sigfus-eymundsson-einarfalur-ingolfsson\/\" \/>\n<meta property=\"og:site_name\" content=\"\u00dej\u00f3\u00f0minjasafn \u00cdslands\" \/>\n<meta property=\"article:publisher\" content=\"https:\/\/www.facebook.com\/thjodminjasafn\" \/>\n<meta property=\"article:modified_time\" content=\"2025-12-30T15:50:39+00:00\" \/>\n<meta property=\"og:image\" content=\"https:\/\/netverslun.thjodminjasafn.is\/wp-content\/uploads\/2025\/03\/Einar_Falur_Sigfus_Aftur_cover_WEB_fra-Armanni_-e1741778393998.jpg\" \/>\n\t<meta property=\"og:image:width\" content=\"1000\" \/>\n\t<meta property=\"og:image:height\" content=\"872\" \/>\n\t<meta property=\"og:image:type\" content=\"image\/jpeg\" \/>\n<meta name=\"twitter:card\" content=\"summary_large_image\" \/>\n<meta name=\"twitter:label1\" content=\"Est. reading time\" \/>\n\t<meta name=\"twitter:data1\" content=\"2 minutes\" \/>\n<script type=\"application\/ld+json\" class=\"yoast-schema-graph\">{\"@context\":\"https:\\\/\\\/schema.org\",\"@graph\":[{\"@type\":\"WebPage\",\"@id\":\"https:\\\/\\\/netverslun.thjodminjasafn.is\\\/verslun\\\/syningar\\\/bogasalur\\\/aftur-again-samtal-vid-conversing-with-sigfus-eymundsson-einarfalur-ingolfsson\\\/\",\"url\":\"https:\\\/\\\/netverslun.thjodminjasafn.is\\\/verslun\\\/syningar\\\/bogasalur\\\/aftur-again-samtal-vid-conversing-with-sigfus-eymundsson-einarfalur-ingolfsson\\\/\",\"name\":\"Aftur Again Samtal vi\u00f0 Conversing with Sigf\u00fas Eymundsson - \u00dej\u00f3\u00f0minjasafn \u00cdslands\",\"isPartOf\":{\"@id\":\"https:\\\/\\\/netverslun.thjodminjasafn.is\\\/#website\"},\"primaryImageOfPage\":{\"@id\":\"https:\\\/\\\/netverslun.thjodminjasafn.is\\\/verslun\\\/syningar\\\/bogasalur\\\/aftur-again-samtal-vid-conversing-with-sigfus-eymundsson-einarfalur-ingolfsson\\\/#primaryimage\"},\"image\":{\"@id\":\"https:\\\/\\\/netverslun.thjodminjasafn.is\\\/verslun\\\/syningar\\\/bogasalur\\\/aftur-again-samtal-vid-conversing-with-sigfus-eymundsson-einarfalur-ingolfsson\\\/#primaryimage\"},\"thumbnailUrl\":\"https:\\\/\\\/netverslun.thjodminjasafn.is\\\/wp-content\\\/uploads\\\/2025\\\/03\\\/Einar_Falur_Sigfus_Aftur_cover_WEB_fra-Armanni_-e1741778393998.jpg\",\"datePublished\":\"2025-03-07T09:25:20+00:00\",\"dateModified\":\"2025-12-30T15:50:39+00:00\",\"description\":\"Aftur Again samtal vi\u00f0 conversing with Sigf\u00fas Eymundsson. Falleg lj\u00f3smyndab\u00f3k \u00fear sem m\u00e6tast tveir heimar \u00ed lj\u00f3smyndum, Einar Fals Ing\u00f3lfssonar \u00ed n\u00fat\u00edmanum og Sigf\u00fas Eymundsson fr\u00e1 seinustu \u00f6ld.\",\"breadcrumb\":{\"@id\":\"https:\\\/\\\/netverslun.thjodminjasafn.is\\\/verslun\\\/syningar\\\/bogasalur\\\/aftur-again-samtal-vid-conversing-with-sigfus-eymundsson-einarfalur-ingolfsson\\\/#breadcrumb\"},\"inLanguage\":\"en-US\",\"potentialAction\":[{\"@type\":\"ReadAction\",\"target\":[\"https:\\\/\\\/netverslun.thjodminjasafn.is\\\/verslun\\\/syningar\\\/bogasalur\\\/aftur-again-samtal-vid-conversing-with-sigfus-eymundsson-einarfalur-ingolfsson\\\/\"]}]},{\"@type\":\"ImageObject\",\"inLanguage\":\"en-US\",\"@id\":\"https:\\\/\\\/netverslun.thjodminjasafn.is\\\/verslun\\\/syningar\\\/bogasalur\\\/aftur-again-samtal-vid-conversing-with-sigfus-eymundsson-einarfalur-ingolfsson\\\/#primaryimage\",\"url\":\"https:\\\/\\\/netverslun.thjodminjasafn.is\\\/wp-content\\\/uploads\\\/2025\\\/03\\\/Einar_Falur_Sigfus_Aftur_cover_WEB_fra-Armanni_-e1741778393998.jpg\",\"contentUrl\":\"https:\\\/\\\/netverslun.thjodminjasafn.is\\\/wp-content\\\/uploads\\\/2025\\\/03\\\/Einar_Falur_Sigfus_Aftur_cover_WEB_fra-Armanni_-e1741778393998.jpg\",\"width\":1000,\"height\":872,\"caption\":\"lj\u00f3smyndab\u00f3k\"},{\"@type\":\"BreadcrumbList\",\"@id\":\"https:\\\/\\\/netverslun.thjodminjasafn.is\\\/verslun\\\/syningar\\\/bogasalur\\\/aftur-again-samtal-vid-conversing-with-sigfus-eymundsson-einarfalur-ingolfsson\\\/#breadcrumb\",\"itemListElement\":[{\"@type\":\"ListItem\",\"position\":1,\"name\":\"Home\",\"item\":\"https:\\\/\\\/netverslun.thjodminjasafn.is\\\/\"},{\"@type\":\"ListItem\",\"position\":2,\"name\":\"Verslun\",\"item\":\"https:\\\/\\\/netverslun.thjodminjasafn.is\\\/verslun\\\/\"},{\"@type\":\"ListItem\",\"position\":3,\"name\":\"Aftur Again Samtal vi\u00f0 Conversing with Sigf\u00fas Eymundsson\"}]},{\"@type\":\"WebSite\",\"@id\":\"https:\\\/\\\/netverslun.thjodminjasafn.is\\\/#website\",\"url\":\"https:\\\/\\\/netverslun.thjodminjasafn.is\\\/\",\"name\":\"\u00dej\u00f3\u00f0minjasafn \u00cdslands\",\"description\":\"Vefverslun \u00dej\u00f3\u00f0minjasafnsins\",\"publisher\":{\"@id\":\"https:\\\/\\\/netverslun.thjodminjasafn.is\\\/#organization\"},\"potentialAction\":[{\"@type\":\"SearchAction\",\"target\":{\"@type\":\"EntryPoint\",\"urlTemplate\":\"https:\\\/\\\/netverslun.thjodminjasafn.is\\\/?s={search_term_string}\"},\"query-input\":{\"@type\":\"PropertyValueSpecification\",\"valueRequired\":true,\"valueName\":\"search_term_string\"}}],\"inLanguage\":\"en-US\"},{\"@type\":\"Organization\",\"@id\":\"https:\\\/\\\/netverslun.thjodminjasafn.is\\\/#organization\",\"name\":\"\u00dej\u00f3\u00f0minjasafn \u00cdslands\",\"url\":\"https:\\\/\\\/netverslun.thjodminjasafn.is\\\/\",\"logo\":{\"@type\":\"ImageObject\",\"inLanguage\":\"en-US\",\"@id\":\"https:\\\/\\\/netverslun.thjodminjasafn.is\\\/#\\\/schema\\\/logo\\\/image\\\/\",\"url\":\"https:\\\/\\\/netverslun.thjodminjasafn.is\\\/wp-content\\\/uploads\\\/2020\\\/02\\\/sitelogo.svg\",\"contentUrl\":\"https:\\\/\\\/netverslun.thjodminjasafn.is\\\/wp-content\\\/uploads\\\/2020\\\/02\\\/sitelogo.svg\",\"width\":599,\"height\":248,\"caption\":\"\u00dej\u00f3\u00f0minjasafn \u00cdslands\"},\"image\":{\"@id\":\"https:\\\/\\\/netverslun.thjodminjasafn.is\\\/#\\\/schema\\\/logo\\\/image\\\/\"},\"sameAs\":[\"https:\\\/\\\/www.facebook.com\\\/thjodminjasafn\",\"https:\\\/\\\/www.instagram.com\\\/nationalmuseumoficeland\\\/\"]}]}<\/script>\n<!-- \/ Yoast SEO plugin. -->","yoast_head_json":{"title":"Aftur Again Samtal vi\u00f0 Conversing with Sigf\u00fas Eymundsson - \u00dej\u00f3\u00f0minjasafn \u00cdslands","description":"Aftur Again samtal vi\u00f0 conversing with Sigf\u00fas Eymundsson. Falleg lj\u00f3smyndab\u00f3k \u00fear sem m\u00e6tast tveir heimar \u00ed lj\u00f3smyndum, Einar Fals Ing\u00f3lfssonar \u00ed n\u00fat\u00edmanum og Sigf\u00fas Eymundsson fr\u00e1 seinustu \u00f6ld.","robots":{"index":"index","follow":"follow","max-snippet":"max-snippet:-1","max-image-preview":"max-image-preview:large","max-video-preview":"max-video-preview:-1"},"canonical":"https:\/\/netverslun.thjodminjasafn.is\/en\/verslun\/syningar\/bogasalur\/aftur-again-samtal-vid-conversing-with-sigfus-eymundsson-einarfalur-ingolfsson\/","og_locale":"en_US","og_type":"article","og_title":"Aftur Again Samtal vi\u00f0 Conversing with Sigf\u00fas Eymundsson - \u00dej\u00f3\u00f0minjasafn \u00cdslands","og_description":"Aftur Again samtal vi\u00f0 conversing with Sigf\u00fas Eymundsson. Falleg lj\u00f3smyndab\u00f3k \u00fear sem m\u00e6tast tveir heimar \u00ed lj\u00f3smyndum, Einar Fals Ing\u00f3lfssonar \u00ed n\u00fat\u00edmanum og Sigf\u00fas Eymundsson fr\u00e1 seinustu \u00f6ld.","og_url":"https:\/\/netverslun.thjodminjasafn.is\/en\/verslun\/syningar\/bogasalur\/aftur-again-samtal-vid-conversing-with-sigfus-eymundsson-einarfalur-ingolfsson\/","og_site_name":"\u00dej\u00f3\u00f0minjasafn \u00cdslands","article_publisher":"https:\/\/www.facebook.com\/thjodminjasafn","article_modified_time":"2025-12-30T15:50:39+00:00","og_image":[{"width":1000,"height":872,"url":"https:\/\/netverslun.thjodminjasafn.is\/wp-content\/uploads\/2025\/03\/Einar_Falur_Sigfus_Aftur_cover_WEB_fra-Armanni_-e1741778393998.jpg","type":"image\/jpeg"}],"twitter_card":"summary_large_image","twitter_misc":{"Est. reading time":"2 minutes"},"schema":{"@context":"https:\/\/schema.org","@graph":[{"@type":"WebPage","@id":"https:\/\/netverslun.thjodminjasafn.is\/verslun\/syningar\/bogasalur\/aftur-again-samtal-vid-conversing-with-sigfus-eymundsson-einarfalur-ingolfsson\/","url":"https:\/\/netverslun.thjodminjasafn.is\/verslun\/syningar\/bogasalur\/aftur-again-samtal-vid-conversing-with-sigfus-eymundsson-einarfalur-ingolfsson\/","name":"Aftur Again Samtal vi\u00f0 Conversing with Sigf\u00fas Eymundsson - \u00dej\u00f3\u00f0minjasafn \u00cdslands","isPartOf":{"@id":"https:\/\/netverslun.thjodminjasafn.is\/#website"},"primaryImageOfPage":{"@id":"https:\/\/netverslun.thjodminjasafn.is\/verslun\/syningar\/bogasalur\/aftur-again-samtal-vid-conversing-with-sigfus-eymundsson-einarfalur-ingolfsson\/#primaryimage"},"image":{"@id":"https:\/\/netverslun.thjodminjasafn.is\/verslun\/syningar\/bogasalur\/aftur-again-samtal-vid-conversing-with-sigfus-eymundsson-einarfalur-ingolfsson\/#primaryimage"},"thumbnailUrl":"https:\/\/netverslun.thjodminjasafn.is\/wp-content\/uploads\/2025\/03\/Einar_Falur_Sigfus_Aftur_cover_WEB_fra-Armanni_-e1741778393998.jpg","datePublished":"2025-03-07T09:25:20+00:00","dateModified":"2025-12-30T15:50:39+00:00","description":"Aftur Again samtal vi\u00f0 conversing with Sigf\u00fas Eymundsson. Falleg lj\u00f3smyndab\u00f3k \u00fear sem m\u00e6tast tveir heimar \u00ed lj\u00f3smyndum, Einar Fals Ing\u00f3lfssonar \u00ed n\u00fat\u00edmanum og Sigf\u00fas Eymundsson fr\u00e1 seinustu \u00f6ld.","breadcrumb":{"@id":"https:\/\/netverslun.thjodminjasafn.is\/verslun\/syningar\/bogasalur\/aftur-again-samtal-vid-conversing-with-sigfus-eymundsson-einarfalur-ingolfsson\/#breadcrumb"},"inLanguage":"en-US","potentialAction":[{"@type":"ReadAction","target":["https:\/\/netverslun.thjodminjasafn.is\/verslun\/syningar\/bogasalur\/aftur-again-samtal-vid-conversing-with-sigfus-eymundsson-einarfalur-ingolfsson\/"]}]},{"@type":"ImageObject","inLanguage":"en-US","@id":"https:\/\/netverslun.thjodminjasafn.is\/verslun\/syningar\/bogasalur\/aftur-again-samtal-vid-conversing-with-sigfus-eymundsson-einarfalur-ingolfsson\/#primaryimage","url":"https:\/\/netverslun.thjodminjasafn.is\/wp-content\/uploads\/2025\/03\/Einar_Falur_Sigfus_Aftur_cover_WEB_fra-Armanni_-e1741778393998.jpg","contentUrl":"https:\/\/netverslun.thjodminjasafn.is\/wp-content\/uploads\/2025\/03\/Einar_Falur_Sigfus_Aftur_cover_WEB_fra-Armanni_-e1741778393998.jpg","width":1000,"height":872,"caption":"lj\u00f3smyndab\u00f3k"},{"@type":"BreadcrumbList","@id":"https:\/\/netverslun.thjodminjasafn.is\/verslun\/syningar\/bogasalur\/aftur-again-samtal-vid-conversing-with-sigfus-eymundsson-einarfalur-ingolfsson\/#breadcrumb","itemListElement":[{"@type":"ListItem","position":1,"name":"Home","item":"https:\/\/netverslun.thjodminjasafn.is\/"},{"@type":"ListItem","position":2,"name":"Verslun","item":"https:\/\/netverslun.thjodminjasafn.is\/verslun\/"},{"@type":"ListItem","position":3,"name":"Aftur Again Samtal vi\u00f0 Conversing with Sigf\u00fas Eymundsson"}]},{"@type":"WebSite","@id":"https:\/\/netverslun.thjodminjasafn.is\/#website","url":"https:\/\/netverslun.thjodminjasafn.is\/","name":"\u00dej\u00f3\u00f0minjasafn \u00cdslands","description":"National Museum of Iceland webstore","publisher":{"@id":"https:\/\/netverslun.thjodminjasafn.is\/#organization"},"potentialAction":[{"@type":"SearchAction","target":{"@type":"EntryPoint","urlTemplate":"https:\/\/netverslun.thjodminjasafn.is\/?s={search_term_string}"},"query-input":{"@type":"PropertyValueSpecification","valueRequired":true,"valueName":"search_term_string"}}],"inLanguage":"en-US"},{"@type":"Organization","@id":"https:\/\/netverslun.thjodminjasafn.is\/#organization","name":"\u00dej\u00f3\u00f0minjasafn \u00cdslands","url":"https:\/\/netverslun.thjodminjasafn.is\/","logo":{"@type":"ImageObject","inLanguage":"en-US","@id":"https:\/\/netverslun.thjodminjasafn.is\/#\/schema\/logo\/image\/","url":"https:\/\/netverslun.thjodminjasafn.is\/wp-content\/uploads\/2020\/02\/sitelogo.svg","contentUrl":"https:\/\/netverslun.thjodminjasafn.is\/wp-content\/uploads\/2020\/02\/sitelogo.svg","width":599,"height":248,"caption":"\u00dej\u00f3\u00f0minjasafn \u00cdslands"},"image":{"@id":"https:\/\/netverslun.thjodminjasafn.is\/#\/schema\/logo\/image\/"},"sameAs":["https:\/\/www.facebook.com\/thjodminjasafn","https:\/\/www.instagram.com\/nationalmuseumoficeland\/"]}]}},"_links":{"self":[{"href":"https:\/\/netverslun.thjodminjasafn.is\/en\/wp-json\/wp\/v2\/product\/8839","targetHints":{"allow":["GET"]}}],"collection":[{"href":"https:\/\/netverslun.thjodminjasafn.is\/en\/wp-json\/wp\/v2\/product"}],"about":[{"href":"https:\/\/netverslun.thjodminjasafn.is\/en\/wp-json\/wp\/v2\/types\/product"}],"version-history":[{"count":6,"href":"https:\/\/netverslun.thjodminjasafn.is\/en\/wp-json\/wp\/v2\/product\/8839\/revisions"}],"predecessor-version":[{"id":9085,"href":"https:\/\/netverslun.thjodminjasafn.is\/en\/wp-json\/wp\/v2\/product\/8839\/revisions\/9085"}],"wp:featuredmedia":[{"embeddable":true,"href":"https:\/\/netverslun.thjodminjasafn.is\/en\/wp-json\/wp\/v2\/media\/8875"}],"wp:attachment":[{"href":"https:\/\/netverslun.thjodminjasafn.is\/en\/wp-json\/wp\/v2\/media?parent=8839"}],"wp:term":[{"taxonomy":"product_brand","embeddable":true,"href":"https:\/\/netverslun.thjodminjasafn.is\/en\/wp-json\/wp\/v2\/product_brand?post=8839"},{"taxonomy":"product_cat","embeddable":true,"href":"https:\/\/netverslun.thjodminjasafn.is\/en\/wp-json\/wp\/v2\/product_cat?post=8839"},{"taxonomy":"product_tag","embeddable":true,"href":"https:\/\/netverslun.thjodminjasafn.is\/en\/wp-json\/wp\/v2\/product_tag?post=8839"}],"curies":[{"name":"wp","href":"https:\/\/api.w.org\/{rel}","templated":true}]}}