{"id":8492,"date":"2024-11-18T15:12:51","date_gmt":"2024-11-18T15:12:51","guid":{"rendered":"https:\/\/netverslun.thjodminjasafn.is\/?post_type=product&#038;p=8492"},"modified":"2025-02-06T19:20:56","modified_gmt":"2025-02-06T19:20:56","slug":"kerta-luktir-med-threm-ljosmyndum","status":"publish","type":"product","link":"https:\/\/netverslun.thjodminjasafn.is\/en\/verslun\/gjafir\/honnun\/kerta-luktir-med-threm-ljosmyndum\/","title":{"rendered":"Candle lanterns, photographs by Sigf\u00fas Eymundsson"},"content":{"rendered":"<p>Candle Lanterns with Photographs by Sigf\u00fas Eymundsson (3 in a pack)<br \/>\nA set of 3 candle lanterns featuring beautiful photographs by Icelandic photographer Sigf\u00fas Eymundsson. Each lantern contains a photograph taken between 1837-1911, providing a story connected to Icelandic nature and culture.<\/p>\n<p>Three candle lanterns together in a pack:<\/p>\n<ol>\n<li>\u00d6xar\u00e1rfoss \u2013 The power of the waterfall is captured in this photograph, with light that provides the user with calm and serenity.<\/li>\n<li>\u00deingvallab\u00e6r \u2013 An image reflecting Icelandic agricultural life and nature in the old \u00deingvalla village.<\/li>\n<li>\u00deingvallab\u00e6r \u2013 An image reflecting Icelandic agricultural life and nature in the old \u00deingvalla village.<\/li>\n<\/ol>\n<p>These candle lanterns create a pleasant atmosphere, are beautiful, and add a cozy light. The lanterns come in a lovely package and make a great gift for lovers of Icelandic nature, art, and culture.<\/p>\n<p>Candles not included<\/p>","protected":false},"excerpt":{"rendered":"<p>Candle lanterns  featuring a photos from The National Museum Collection of Photographs and Print<\/p>","protected":false},"featured_media":8496,"template":"","meta":{"site-sidebar-layout":"default","site-content-layout":"default","ast-site-content-layout":"default","site-content-style":"default","site-sidebar-style":"default","ast-global-header-display":"","ast-banner-title-visibility":"","ast-main-header-display":"","ast-hfb-above-header-display":"","ast-hfb-below-header-display":"","ast-hfb-mobile-header-display":"","site-post-title":"","ast-breadcrumbs-content":"","ast-featured-img":"","footer-sml-layout":"","ast-disable-related-posts":"","theme-transparent-header-meta":"default","adv-header-id-meta":"","stick-header-meta":"default","header-above-stick-meta":"","header-main-stick-meta":"","header-below-stick-meta":"","astra-migrate-meta-layouts":"set","ast-page-background-enabled":"default","ast-page-background-meta":{"desktop":{"background-color":"","background-image":"","background-repeat":"repeat","background-position":"center center","background-size":"auto","background-attachment":"scroll","background-type":"","background-media":"","overlay-type":"","overlay-color":"","overlay-opacity":"","overlay-gradient":""},"tablet":{"background-color":"","background-image":"","background-repeat":"repeat","background-position":"center center","background-size":"auto","background-attachment":"scroll","background-type":"","background-media":"","overlay-type":"","overlay-color":"","overlay-opacity":"","overlay-gradient":""},"mobile":{"background-color":"","background-image":"","background-repeat":"repeat","background-position":"center center","background-size":"auto","background-attachment":"scroll","background-type":"","background-media":"","overlay-type":"","overlay-color":"","overlay-opacity":"","overlay-gradient":""}},"ast-content-background-meta":{"desktop":{"background-color":"var(--ast-global-color-5)","background-image":"","background-repeat":"repeat","background-position":"center center","background-size":"auto","background-attachment":"scroll","background-type":"","background-media":"","overlay-type":"","overlay-color":"","overlay-opacity":"","overlay-gradient":""},"tablet":{"background-color":"var(--ast-global-color-5)","background-image":"","background-repeat":"repeat","background-position":"center center","background-size":"auto","background-attachment":"scroll","background-type":"","background-media":"","overlay-type":"","overlay-color":"","overlay-opacity":"","overlay-gradient":""},"mobile":{"background-color":"var(--ast-global-color-5)","background-image":"","background-repeat":"repeat","background-position":"center center","background-size":"auto","background-attachment":"scroll","background-type":"","background-media":"","overlay-type":"","overlay-color":"","overlay-opacity":"","overlay-gradient":""}}},"product_brand":[],"product_cat":[60,40,61,37],"product_tag":[],"class_list":{"0":"post-8492","1":"product","2":"type-product","3":"status-publish","4":"has-post-thumbnail","6":"product_cat-gjafir","7":"product_cat-gjafavara","8":"product_cat-honnun","9":"product_cat-minjagripir","10":"desktop-align-left","11":"tablet-align-left","12":"mobile-align-left","13":"ast-product-gallery-layout-vertical","14":"ast-product-tabs-layout-vertical","16":"first","17":"instock","18":"shipping-taxable","19":"purchasable","20":"product-type-simple"},"yoast_head":"<!-- This site is optimized with the Yoast SEO plugin v27.5 - https:\/\/yoast.com\/product\/yoast-seo-wordpress\/ -->\n<title>Kerta luktir me\u00f0 lj\u00f3smyndum eftir Sigf\u00fas Eymundsson (3 saman \u00ed pakka) - \u00dej\u00f3\u00f0minjasafn \u00cdslands<\/title>\n<meta name=\"description\" content=\"Kerta luktir me\u00f0 \u00ferem lj\u00f3smyndum sem Sigf\u00fas Eymundsson t\u00f3k \u00e1 \u00fdmsum st\u00f6\u00f0um um \u00cdsland\" \/>\n<meta name=\"robots\" content=\"index, follow, max-snippet:-1, max-image-preview:large, max-video-preview:-1\" \/>\n<link rel=\"canonical\" href=\"https:\/\/netverslun.thjodminjasafn.is\/en\/verslun\/gjafir\/honnun\/kerta-luktir-med-threm-ljosmyndum\/\" \/>\n<meta property=\"og:locale\" content=\"en_US\" \/>\n<meta property=\"og:type\" content=\"article\" \/>\n<meta property=\"og:title\" content=\"Kerta luktir me\u00f0 lj\u00f3smyndum eftir Sigf\u00fas Eymundsson (3 saman \u00ed pakka) - \u00dej\u00f3\u00f0minjasafn \u00cdslands\" \/>\n<meta property=\"og:description\" content=\"Kerta luktir me\u00f0 \u00ferem lj\u00f3smyndum sem Sigf\u00fas Eymundsson t\u00f3k \u00e1 \u00fdmsum st\u00f6\u00f0um um \u00cdsland\" \/>\n<meta property=\"og:url\" content=\"https:\/\/netverslun.thjodminjasafn.is\/en\/verslun\/gjafir\/honnun\/kerta-luktir-med-threm-ljosmyndum\/\" \/>\n<meta property=\"og:site_name\" content=\"\u00dej\u00f3\u00f0minjasafn \u00cdslands\" \/>\n<meta property=\"article:publisher\" content=\"https:\/\/www.facebook.com\/thjodminjasafn\" \/>\n<meta property=\"article:modified_time\" content=\"2025-02-06T19:20:56+00:00\" \/>\n<meta property=\"og:image\" content=\"https:\/\/netverslun.thjodminjasafn.is\/wp-content\/uploads\/2024\/11\/Kertaluktir_Uppstilling-hreint.png\" \/>\n\t<meta property=\"og:image:width\" content=\"454\" \/>\n\t<meta property=\"og:image:height\" content=\"549\" \/>\n\t<meta property=\"og:image:type\" content=\"image\/png\" \/>\n<meta name=\"twitter:card\" content=\"summary_large_image\" \/>\n<meta name=\"twitter:label1\" content=\"Est. reading time\" \/>\n\t<meta name=\"twitter:data1\" content=\"1 minute\" \/>\n<script type=\"application\/ld+json\" class=\"yoast-schema-graph\">{\"@context\":\"https:\\\/\\\/schema.org\",\"@graph\":[{\"@type\":\"WebPage\",\"@id\":\"https:\\\/\\\/netverslun.thjodminjasafn.is\\\/verslun\\\/gjafir\\\/honnun\\\/kerta-luktir-med-threm-ljosmyndum\\\/\",\"url\":\"https:\\\/\\\/netverslun.thjodminjasafn.is\\\/verslun\\\/gjafir\\\/honnun\\\/kerta-luktir-med-threm-ljosmyndum\\\/\",\"name\":\"Kerta luktir me\u00f0 lj\u00f3smyndum eftir Sigf\u00fas Eymundsson (3 saman \u00ed pakka) - \u00dej\u00f3\u00f0minjasafn \u00cdslands\",\"isPartOf\":{\"@id\":\"https:\\\/\\\/netverslun.thjodminjasafn.is\\\/#website\"},\"primaryImageOfPage\":{\"@id\":\"https:\\\/\\\/netverslun.thjodminjasafn.is\\\/verslun\\\/gjafir\\\/honnun\\\/kerta-luktir-med-threm-ljosmyndum\\\/#primaryimage\"},\"image\":{\"@id\":\"https:\\\/\\\/netverslun.thjodminjasafn.is\\\/verslun\\\/gjafir\\\/honnun\\\/kerta-luktir-med-threm-ljosmyndum\\\/#primaryimage\"},\"thumbnailUrl\":\"https:\\\/\\\/netverslun.thjodminjasafn.is\\\/wp-content\\\/uploads\\\/2024\\\/11\\\/Kertaluktir_Uppstilling-hreint.png\",\"datePublished\":\"2024-11-18T15:12:51+00:00\",\"dateModified\":\"2025-02-06T19:20:56+00:00\",\"description\":\"Kerta luktir me\u00f0 \u00ferem lj\u00f3smyndum sem Sigf\u00fas Eymundsson t\u00f3k \u00e1 \u00fdmsum st\u00f6\u00f0um um \u00cdsland\",\"breadcrumb\":{\"@id\":\"https:\\\/\\\/netverslun.thjodminjasafn.is\\\/verslun\\\/gjafir\\\/honnun\\\/kerta-luktir-med-threm-ljosmyndum\\\/#breadcrumb\"},\"inLanguage\":\"en-US\",\"potentialAction\":[{\"@type\":\"ReadAction\",\"target\":[\"https:\\\/\\\/netverslun.thjodminjasafn.is\\\/verslun\\\/gjafir\\\/honnun\\\/kerta-luktir-med-threm-ljosmyndum\\\/\"]}]},{\"@type\":\"ImageObject\",\"inLanguage\":\"en-US\",\"@id\":\"https:\\\/\\\/netverslun.thjodminjasafn.is\\\/verslun\\\/gjafir\\\/honnun\\\/kerta-luktir-med-threm-ljosmyndum\\\/#primaryimage\",\"url\":\"https:\\\/\\\/netverslun.thjodminjasafn.is\\\/wp-content\\\/uploads\\\/2024\\\/11\\\/Kertaluktir_Uppstilling-hreint.png\",\"contentUrl\":\"https:\\\/\\\/netverslun.thjodminjasafn.is\\\/wp-content\\\/uploads\\\/2024\\\/11\\\/Kertaluktir_Uppstilling-hreint.png\",\"width\":454,\"height\":549,\"caption\":\"kertalukt sigf\u00fas eymundsson\"},{\"@type\":\"BreadcrumbList\",\"@id\":\"https:\\\/\\\/netverslun.thjodminjasafn.is\\\/verslun\\\/gjafir\\\/honnun\\\/kerta-luktir-med-threm-ljosmyndum\\\/#breadcrumb\",\"itemListElement\":[{\"@type\":\"ListItem\",\"position\":1,\"name\":\"Home\",\"item\":\"https:\\\/\\\/netverslun.thjodminjasafn.is\\\/\"},{\"@type\":\"ListItem\",\"position\":2,\"name\":\"Verslun\",\"item\":\"https:\\\/\\\/netverslun.thjodminjasafn.is\\\/verslun\\\/\"},{\"@type\":\"ListItem\",\"position\":3,\"name\":\"Kerta luktir me\u00f0 lj\u00f3smyndum eftir Sigf\u00fas Eymundsson (3 saman \u00ed pakka)\"}]},{\"@type\":\"WebSite\",\"@id\":\"https:\\\/\\\/netverslun.thjodminjasafn.is\\\/#website\",\"url\":\"https:\\\/\\\/netverslun.thjodminjasafn.is\\\/\",\"name\":\"\u00dej\u00f3\u00f0minjasafn \u00cdslands\",\"description\":\"Vefverslun \u00dej\u00f3\u00f0minjasafnsins\",\"publisher\":{\"@id\":\"https:\\\/\\\/netverslun.thjodminjasafn.is\\\/#organization\"},\"potentialAction\":[{\"@type\":\"SearchAction\",\"target\":{\"@type\":\"EntryPoint\",\"urlTemplate\":\"https:\\\/\\\/netverslun.thjodminjasafn.is\\\/?s={search_term_string}\"},\"query-input\":{\"@type\":\"PropertyValueSpecification\",\"valueRequired\":true,\"valueName\":\"search_term_string\"}}],\"inLanguage\":\"en-US\"},{\"@type\":\"Organization\",\"@id\":\"https:\\\/\\\/netverslun.thjodminjasafn.is\\\/#organization\",\"name\":\"\u00dej\u00f3\u00f0minjasafn \u00cdslands\",\"url\":\"https:\\\/\\\/netverslun.thjodminjasafn.is\\\/\",\"logo\":{\"@type\":\"ImageObject\",\"inLanguage\":\"en-US\",\"@id\":\"https:\\\/\\\/netverslun.thjodminjasafn.is\\\/#\\\/schema\\\/logo\\\/image\\\/\",\"url\":\"https:\\\/\\\/netverslun.thjodminjasafn.is\\\/wp-content\\\/uploads\\\/2020\\\/02\\\/sitelogo.svg\",\"contentUrl\":\"https:\\\/\\\/netverslun.thjodminjasafn.is\\\/wp-content\\\/uploads\\\/2020\\\/02\\\/sitelogo.svg\",\"width\":599,\"height\":248,\"caption\":\"\u00dej\u00f3\u00f0minjasafn \u00cdslands\"},\"image\":{\"@id\":\"https:\\\/\\\/netverslun.thjodminjasafn.is\\\/#\\\/schema\\\/logo\\\/image\\\/\"},\"sameAs\":[\"https:\\\/\\\/www.facebook.com\\\/thjodminjasafn\",\"https:\\\/\\\/www.instagram.com\\\/nationalmuseumoficeland\\\/\"]}]}<\/script>\n<!-- \/ Yoast SEO plugin. -->","yoast_head_json":{"title":"Kerta luktir me\u00f0 lj\u00f3smyndum eftir Sigf\u00fas Eymundsson (3 saman \u00ed pakka) - \u00dej\u00f3\u00f0minjasafn \u00cdslands","description":"Kerta luktir me\u00f0 \u00ferem lj\u00f3smyndum sem Sigf\u00fas Eymundsson t\u00f3k \u00e1 \u00fdmsum st\u00f6\u00f0um um \u00cdsland","robots":{"index":"index","follow":"follow","max-snippet":"max-snippet:-1","max-image-preview":"max-image-preview:large","max-video-preview":"max-video-preview:-1"},"canonical":"https:\/\/netverslun.thjodminjasafn.is\/en\/verslun\/gjafir\/honnun\/kerta-luktir-med-threm-ljosmyndum\/","og_locale":"en_US","og_type":"article","og_title":"Kerta luktir me\u00f0 lj\u00f3smyndum eftir Sigf\u00fas Eymundsson (3 saman \u00ed pakka) - \u00dej\u00f3\u00f0minjasafn \u00cdslands","og_description":"Kerta luktir me\u00f0 \u00ferem lj\u00f3smyndum sem Sigf\u00fas Eymundsson t\u00f3k \u00e1 \u00fdmsum st\u00f6\u00f0um um \u00cdsland","og_url":"https:\/\/netverslun.thjodminjasafn.is\/en\/verslun\/gjafir\/honnun\/kerta-luktir-med-threm-ljosmyndum\/","og_site_name":"\u00dej\u00f3\u00f0minjasafn \u00cdslands","article_publisher":"https:\/\/www.facebook.com\/thjodminjasafn","article_modified_time":"2025-02-06T19:20:56+00:00","og_image":[{"width":454,"height":549,"url":"https:\/\/netverslun.thjodminjasafn.is\/wp-content\/uploads\/2024\/11\/Kertaluktir_Uppstilling-hreint.png","type":"image\/png"}],"twitter_card":"summary_large_image","twitter_misc":{"Est. reading time":"1 minute"},"schema":{"@context":"https:\/\/schema.org","@graph":[{"@type":"WebPage","@id":"https:\/\/netverslun.thjodminjasafn.is\/verslun\/gjafir\/honnun\/kerta-luktir-med-threm-ljosmyndum\/","url":"https:\/\/netverslun.thjodminjasafn.is\/verslun\/gjafir\/honnun\/kerta-luktir-med-threm-ljosmyndum\/","name":"Kerta luktir me\u00f0 lj\u00f3smyndum eftir Sigf\u00fas Eymundsson (3 saman \u00ed pakka) - \u00dej\u00f3\u00f0minjasafn \u00cdslands","isPartOf":{"@id":"https:\/\/netverslun.thjodminjasafn.is\/#website"},"primaryImageOfPage":{"@id":"https:\/\/netverslun.thjodminjasafn.is\/verslun\/gjafir\/honnun\/kerta-luktir-med-threm-ljosmyndum\/#primaryimage"},"image":{"@id":"https:\/\/netverslun.thjodminjasafn.is\/verslun\/gjafir\/honnun\/kerta-luktir-med-threm-ljosmyndum\/#primaryimage"},"thumbnailUrl":"https:\/\/netverslun.thjodminjasafn.is\/wp-content\/uploads\/2024\/11\/Kertaluktir_Uppstilling-hreint.png","datePublished":"2024-11-18T15:12:51+00:00","dateModified":"2025-02-06T19:20:56+00:00","description":"Kerta luktir me\u00f0 \u00ferem lj\u00f3smyndum sem Sigf\u00fas Eymundsson t\u00f3k \u00e1 \u00fdmsum st\u00f6\u00f0um um \u00cdsland","breadcrumb":{"@id":"https:\/\/netverslun.thjodminjasafn.is\/verslun\/gjafir\/honnun\/kerta-luktir-med-threm-ljosmyndum\/#breadcrumb"},"inLanguage":"en-US","potentialAction":[{"@type":"ReadAction","target":["https:\/\/netverslun.thjodminjasafn.is\/verslun\/gjafir\/honnun\/kerta-luktir-med-threm-ljosmyndum\/"]}]},{"@type":"ImageObject","inLanguage":"en-US","@id":"https:\/\/netverslun.thjodminjasafn.is\/verslun\/gjafir\/honnun\/kerta-luktir-med-threm-ljosmyndum\/#primaryimage","url":"https:\/\/netverslun.thjodminjasafn.is\/wp-content\/uploads\/2024\/11\/Kertaluktir_Uppstilling-hreint.png","contentUrl":"https:\/\/netverslun.thjodminjasafn.is\/wp-content\/uploads\/2024\/11\/Kertaluktir_Uppstilling-hreint.png","width":454,"height":549,"caption":"kertalukt sigf\u00fas eymundsson"},{"@type":"BreadcrumbList","@id":"https:\/\/netverslun.thjodminjasafn.is\/verslun\/gjafir\/honnun\/kerta-luktir-med-threm-ljosmyndum\/#breadcrumb","itemListElement":[{"@type":"ListItem","position":1,"name":"Home","item":"https:\/\/netverslun.thjodminjasafn.is\/"},{"@type":"ListItem","position":2,"name":"Verslun","item":"https:\/\/netverslun.thjodminjasafn.is\/verslun\/"},{"@type":"ListItem","position":3,"name":"Kerta luktir me\u00f0 lj\u00f3smyndum eftir Sigf\u00fas Eymundsson (3 saman \u00ed pakka)"}]},{"@type":"WebSite","@id":"https:\/\/netverslun.thjodminjasafn.is\/#website","url":"https:\/\/netverslun.thjodminjasafn.is\/","name":"\u00dej\u00f3\u00f0minjasafn \u00cdslands","description":"National Museum of Iceland webstore","publisher":{"@id":"https:\/\/netverslun.thjodminjasafn.is\/#organization"},"potentialAction":[{"@type":"SearchAction","target":{"@type":"EntryPoint","urlTemplate":"https:\/\/netverslun.thjodminjasafn.is\/?s={search_term_string}"},"query-input":{"@type":"PropertyValueSpecification","valueRequired":true,"valueName":"search_term_string"}}],"inLanguage":"en-US"},{"@type":"Organization","@id":"https:\/\/netverslun.thjodminjasafn.is\/#organization","name":"\u00dej\u00f3\u00f0minjasafn \u00cdslands","url":"https:\/\/netverslun.thjodminjasafn.is\/","logo":{"@type":"ImageObject","inLanguage":"en-US","@id":"https:\/\/netverslun.thjodminjasafn.is\/#\/schema\/logo\/image\/","url":"https:\/\/netverslun.thjodminjasafn.is\/wp-content\/uploads\/2020\/02\/sitelogo.svg","contentUrl":"https:\/\/netverslun.thjodminjasafn.is\/wp-content\/uploads\/2020\/02\/sitelogo.svg","width":599,"height":248,"caption":"\u00dej\u00f3\u00f0minjasafn \u00cdslands"},"image":{"@id":"https:\/\/netverslun.thjodminjasafn.is\/#\/schema\/logo\/image\/"},"sameAs":["https:\/\/www.facebook.com\/thjodminjasafn","https:\/\/www.instagram.com\/nationalmuseumoficeland\/"]}]}},"_links":{"self":[{"href":"https:\/\/netverslun.thjodminjasafn.is\/en\/wp-json\/wp\/v2\/product\/8492","targetHints":{"allow":["GET"]}}],"collection":[{"href":"https:\/\/netverslun.thjodminjasafn.is\/en\/wp-json\/wp\/v2\/product"}],"about":[{"href":"https:\/\/netverslun.thjodminjasafn.is\/en\/wp-json\/wp\/v2\/types\/product"}],"version-history":[{"count":0,"href":"https:\/\/netverslun.thjodminjasafn.is\/en\/wp-json\/wp\/v2\/product\/8492\/revisions"}],"wp:featuredmedia":[{"embeddable":true,"href":"https:\/\/netverslun.thjodminjasafn.is\/en\/wp-json\/wp\/v2\/media\/8496"}],"wp:attachment":[{"href":"https:\/\/netverslun.thjodminjasafn.is\/en\/wp-json\/wp\/v2\/media?parent=8492"}],"wp:term":[{"taxonomy":"product_brand","embeddable":true,"href":"https:\/\/netverslun.thjodminjasafn.is\/en\/wp-json\/wp\/v2\/product_brand?post=8492"},{"taxonomy":"product_cat","embeddable":true,"href":"https:\/\/netverslun.thjodminjasafn.is\/en\/wp-json\/wp\/v2\/product_cat?post=8492"},{"taxonomy":"product_tag","embeddable":true,"href":"https:\/\/netverslun.thjodminjasafn.is\/en\/wp-json\/wp\/v2\/product_tag?post=8492"}],"curies":[{"name":"wp","href":"https:\/\/api.w.org\/{rel}","templated":true}]}}