{"id":8171,"date":"2024-07-09T16:10:52","date_gmt":"2024-07-09T16:10:52","guid":{"rendered":"https:\/\/netverslun.thjodminjasafn.is\/?post_type=product&#038;p=8171"},"modified":"2025-09-14T16:00:36","modified_gmt":"2025-09-14T16:00:36","slug":"pusl-kumlid-fra-hafurbjarnarstodum","status":"publish","type":"product","link":"https:\/\/netverslun.thjodminjasafn.is\/en\/verslun\/leikum-okkur\/vikingadot\/pusl-kumlid-fra-hafurbjarnarstodum\/","title":{"rendered":"Puzzle - The grave from Hafurbjarnarsta\u00f0ir"},"content":{"rendered":"<p>Introducing Puzzle \u2013 The grave from Hafurbjarnarsta\u00f0ir, a captivating new addition to our collection! This double-sided 40-piece puzzle offers a unique glimpse into history and artistry. \nOne side features a beautifully illustrated depiction of the grave from Hafurbjarnarsta\u00f0ir, capturing its essence as it was discovered during excavation. Flip it over to reveal an enchanting illustration of the woman, imagined as she might have appeared when laid to rest.<\/p>\n<p>The box includes insightful information derived from the bones of the woman, provided by Joe W. Walser III, a specialist from the National Museum of Iceland's human bone collection. Delve deeper into the story of the grave with details about its significance, along with illustrations of the artifacts discovered within the grave.<\/p>\n<p>This puzzle is created in collaboration with experts in the field, ensuring an engaging and educational experience. Perfect for puzzle enthusiasts and those interested in Icelandic culture, the Puzzle \u2013 Kumli\u00f0 fr\u00e1 Hafurbjarnarsta\u00f0ir invites you to explore the rich heritage of our land while enjoying a relaxing pastime <a href=\"https:\/\/www.thjodminjasafn.is\/thjonusta\/hopar\/skolar\/\">Safnfr\u00e6\u00f0slu \u00dej\u00f3\u00f0minjasafnsins.<\/a><\/p>\n<p>The puzzle is size A3 with 40 pieces, suitable for 3 years old and older.<\/p>\n<p>&nbsp;<\/p>\n<p>&nbsp;<\/p>","protected":false},"excerpt":{"rendered":"<p>P\u00fasl &#8211; Kumli\u00f0 fr\u00e1 Hafurbjarnarst\u00f6\u00f0um tv\u00f6falt 40 bita p\u00fasl.<\/p>","protected":false},"featured_media":8515,"template":"","meta":{"site-sidebar-layout":"default","site-content-layout":"default","ast-site-content-layout":"default","site-content-style":"default","site-sidebar-style":"default","ast-global-header-display":"","ast-banner-title-visibility":"","ast-main-header-display":"","ast-hfb-above-header-display":"","ast-hfb-below-header-display":"","ast-hfb-mobile-header-display":"","site-post-title":"","ast-breadcrumbs-content":"","ast-featured-img":"","footer-sml-layout":"","ast-disable-related-posts":"","theme-transparent-header-meta":"default","adv-header-id-meta":"","stick-header-meta":"default","header-above-stick-meta":"","header-main-stick-meta":"","header-below-stick-meta":"","astra-migrate-meta-layouts":"set","ast-page-background-enabled":"default","ast-page-background-meta":{"desktop":{"background-color":"","background-image":"","background-repeat":"repeat","background-position":"center center","background-size":"auto","background-attachment":"scroll","background-type":"","background-media":"","overlay-type":"","overlay-color":"","overlay-opacity":"","overlay-gradient":""},"tablet":{"background-color":"","background-image":"","background-repeat":"repeat","background-position":"center center","background-size":"auto","background-attachment":"scroll","background-type":"","background-media":"","overlay-type":"","overlay-color":"","overlay-opacity":"","overlay-gradient":""},"mobile":{"background-color":"","background-image":"","background-repeat":"repeat","background-position":"center center","background-size":"auto","background-attachment":"scroll","background-type":"","background-media":"","overlay-type":"","overlay-color":"","overlay-opacity":"","overlay-gradient":""}},"ast-content-background-meta":{"desktop":{"background-color":"var(--ast-global-color-5)","background-image":"","background-repeat":"repeat","background-position":"center center","background-size":"auto","background-attachment":"scroll","background-type":"","background-media":"","overlay-type":"","overlay-color":"","overlay-opacity":"","overlay-gradient":""},"tablet":{"background-color":"var(--ast-global-color-5)","background-image":"","background-repeat":"repeat","background-position":"center center","background-size":"auto","background-attachment":"scroll","background-type":"","background-media":"","overlay-type":"","overlay-color":"","overlay-opacity":"","overlay-gradient":""},"mobile":{"background-color":"var(--ast-global-color-5)","background-image":"","background-repeat":"repeat","background-position":"center center","background-size":"auto","background-attachment":"scroll","background-type":"","background-media":"","overlay-type":"","overlay-color":"","overlay-opacity":"","overlay-gradient":""}}},"product_brand":[],"product_cat":[42,60,40,61,72,37,75,41,73],"product_tag":[],"class_list":{"0":"post-8171","1":"product","2":"type-product","3":"status-publish","4":"has-post-thumbnail","6":"product_cat-born","7":"product_cat-gjafir","8":"product_cat-gjafavara","9":"product_cat-honnun","10":"product_cat-leikum-okkur","11":"product_cat-minjagripir","12":"product_cat-pusl-og-spil","13":"product_cat-ritfong","14":"product_cat-vikingadot","15":"desktop-align-left","16":"tablet-align-left","17":"mobile-align-left","18":"ast-product-gallery-layout-vertical","19":"ast-product-tabs-layout-vertical","21":"first","22":"instock","23":"sale","24":"shipping-taxable","25":"purchasable","26":"product-type-simple"},"yoast_head":"<!-- This site is optimized with the Yoast SEO plugin v27.5 - https:\/\/yoast.com\/product\/yoast-seo-wordpress\/ -->\n<title>P\u00fasl - Kumli\u00f0 fr\u00e1 Hafurbjarnarst\u00f6\u00f0um - \u00dej\u00f3\u00f0minjasafn \u00cdslands<\/title>\n<meta name=\"description\" content=\"P\u00fasl - Kumli\u00f0 fr\u00e1 Hafurbjarnarst\u00f6\u00f0um, tv\u00f6falt p\u00fasl, kumli\u00f0 eins og \u00fea\u00f0 er \u00ed dag en hinu megin kumli\u00f0 eins og \u00fea\u00f0 leit \u00fat \u00feegar h\u00fan var l\u00f6g\u00f0 til hv\u00edlu.\" \/>\n<meta name=\"robots\" content=\"index, follow, max-snippet:-1, max-image-preview:large, max-video-preview:-1\" \/>\n<link rel=\"canonical\" href=\"https:\/\/netverslun.thjodminjasafn.is\/en\/verslun\/leikum-okkur\/vikingadot\/pusl-kumlid-fra-hafurbjarnarstodum\/\" \/>\n<meta property=\"og:locale\" content=\"en_US\" \/>\n<meta property=\"og:type\" content=\"article\" \/>\n<meta property=\"og:title\" content=\"P\u00fasl - Kumli\u00f0 fr\u00e1 Hafurbjarnarst\u00f6\u00f0um - \u00dej\u00f3\u00f0minjasafn \u00cdslands\" \/>\n<meta property=\"og:description\" content=\"P\u00fasl - Kumli\u00f0 fr\u00e1 Hafurbjarnarst\u00f6\u00f0um, tv\u00f6falt p\u00fasl, kumli\u00f0 eins og \u00fea\u00f0 er \u00ed dag en hinu megin kumli\u00f0 eins og \u00fea\u00f0 leit \u00fat \u00feegar h\u00fan var l\u00f6g\u00f0 til hv\u00edlu.\" \/>\n<meta property=\"og:url\" content=\"https:\/\/netverslun.thjodminjasafn.is\/en\/verslun\/leikum-okkur\/vikingadot\/pusl-kumlid-fra-hafurbjarnarstodum\/\" \/>\n<meta property=\"og:site_name\" content=\"\u00dej\u00f3\u00f0minjasafn \u00cdslands\" \/>\n<meta property=\"article:publisher\" content=\"https:\/\/www.facebook.com\/thjodminjasafn\" \/>\n<meta property=\"article:modified_time\" content=\"2025-09-14T16:00:36+00:00\" \/>\n<meta property=\"og:image\" content=\"https:\/\/netverslun.thjodminjasafn.is\/wp-content\/uploads\/2024\/07\/Pusl_Saman-hreinn.png\" \/>\n\t<meta property=\"og:image:width\" content=\"454\" \/>\n\t<meta property=\"og:image:height\" content=\"549\" \/>\n\t<meta property=\"og:image:type\" content=\"image\/png\" \/>\n<meta name=\"twitter:card\" content=\"summary_large_image\" \/>\n<meta name=\"twitter:label1\" content=\"Est. reading time\" \/>\n\t<meta name=\"twitter:data1\" content=\"1 minute\" \/>\n<script type=\"application\/ld+json\" class=\"yoast-schema-graph\">{\"@context\":\"https:\\\/\\\/schema.org\",\"@graph\":[{\"@type\":\"WebPage\",\"@id\":\"https:\\\/\\\/netverslun.thjodminjasafn.is\\\/verslun\\\/leikum-okkur\\\/vikingadot\\\/pusl-kumlid-fra-hafurbjarnarstodum\\\/\",\"url\":\"https:\\\/\\\/netverslun.thjodminjasafn.is\\\/verslun\\\/leikum-okkur\\\/vikingadot\\\/pusl-kumlid-fra-hafurbjarnarstodum\\\/\",\"name\":\"P\u00fasl - Kumli\u00f0 fr\u00e1 Hafurbjarnarst\u00f6\u00f0um - \u00dej\u00f3\u00f0minjasafn \u00cdslands\",\"isPartOf\":{\"@id\":\"https:\\\/\\\/netverslun.thjodminjasafn.is\\\/#website\"},\"primaryImageOfPage\":{\"@id\":\"https:\\\/\\\/netverslun.thjodminjasafn.is\\\/verslun\\\/leikum-okkur\\\/vikingadot\\\/pusl-kumlid-fra-hafurbjarnarstodum\\\/#primaryimage\"},\"image\":{\"@id\":\"https:\\\/\\\/netverslun.thjodminjasafn.is\\\/verslun\\\/leikum-okkur\\\/vikingadot\\\/pusl-kumlid-fra-hafurbjarnarstodum\\\/#primaryimage\"},\"thumbnailUrl\":\"https:\\\/\\\/netverslun.thjodminjasafn.is\\\/wp-content\\\/uploads\\\/2024\\\/07\\\/Pusl_Saman-hreinn.png\",\"datePublished\":\"2024-07-09T16:10:52+00:00\",\"dateModified\":\"2025-09-14T16:00:36+00:00\",\"description\":\"P\u00fasl - Kumli\u00f0 fr\u00e1 Hafurbjarnarst\u00f6\u00f0um, tv\u00f6falt p\u00fasl, kumli\u00f0 eins og \u00fea\u00f0 er \u00ed dag en hinu megin kumli\u00f0 eins og \u00fea\u00f0 leit \u00fat \u00feegar h\u00fan var l\u00f6g\u00f0 til hv\u00edlu.\",\"breadcrumb\":{\"@id\":\"https:\\\/\\\/netverslun.thjodminjasafn.is\\\/verslun\\\/leikum-okkur\\\/vikingadot\\\/pusl-kumlid-fra-hafurbjarnarstodum\\\/#breadcrumb\"},\"inLanguage\":\"en-US\",\"potentialAction\":[{\"@type\":\"ReadAction\",\"target\":[\"https:\\\/\\\/netverslun.thjodminjasafn.is\\\/verslun\\\/leikum-okkur\\\/vikingadot\\\/pusl-kumlid-fra-hafurbjarnarstodum\\\/\"]}]},{\"@type\":\"ImageObject\",\"inLanguage\":\"en-US\",\"@id\":\"https:\\\/\\\/netverslun.thjodminjasafn.is\\\/verslun\\\/leikum-okkur\\\/vikingadot\\\/pusl-kumlid-fra-hafurbjarnarstodum\\\/#primaryimage\",\"url\":\"https:\\\/\\\/netverslun.thjodminjasafn.is\\\/wp-content\\\/uploads\\\/2024\\\/07\\\/Pusl_Saman-hreinn.png\",\"contentUrl\":\"https:\\\/\\\/netverslun.thjodminjasafn.is\\\/wp-content\\\/uploads\\\/2024\\\/07\\\/Pusl_Saman-hreinn.png\",\"width\":454,\"height\":549,\"caption\":\"tv\u00f6falt p\u00fasl gott b\u00e1\u00f0u megin\"},{\"@type\":\"BreadcrumbList\",\"@id\":\"https:\\\/\\\/netverslun.thjodminjasafn.is\\\/verslun\\\/leikum-okkur\\\/vikingadot\\\/pusl-kumlid-fra-hafurbjarnarstodum\\\/#breadcrumb\",\"itemListElement\":[{\"@type\":\"ListItem\",\"position\":1,\"name\":\"Home\",\"item\":\"https:\\\/\\\/netverslun.thjodminjasafn.is\\\/\"},{\"@type\":\"ListItem\",\"position\":2,\"name\":\"Verslun\",\"item\":\"https:\\\/\\\/netverslun.thjodminjasafn.is\\\/verslun\\\/\"},{\"@type\":\"ListItem\",\"position\":3,\"name\":\"P\u00fasl &#8211; Kumli\u00f0 fr\u00e1 Hafurbjarnarst\u00f6\u00f0um\"}]},{\"@type\":\"WebSite\",\"@id\":\"https:\\\/\\\/netverslun.thjodminjasafn.is\\\/#website\",\"url\":\"https:\\\/\\\/netverslun.thjodminjasafn.is\\\/\",\"name\":\"\u00dej\u00f3\u00f0minjasafn \u00cdslands\",\"description\":\"Vefverslun \u00dej\u00f3\u00f0minjasafnsins\",\"publisher\":{\"@id\":\"https:\\\/\\\/netverslun.thjodminjasafn.is\\\/#organization\"},\"potentialAction\":[{\"@type\":\"SearchAction\",\"target\":{\"@type\":\"EntryPoint\",\"urlTemplate\":\"https:\\\/\\\/netverslun.thjodminjasafn.is\\\/?s={search_term_string}\"},\"query-input\":{\"@type\":\"PropertyValueSpecification\",\"valueRequired\":true,\"valueName\":\"search_term_string\"}}],\"inLanguage\":\"en-US\"},{\"@type\":\"Organization\",\"@id\":\"https:\\\/\\\/netverslun.thjodminjasafn.is\\\/#organization\",\"name\":\"\u00dej\u00f3\u00f0minjasafn \u00cdslands\",\"url\":\"https:\\\/\\\/netverslun.thjodminjasafn.is\\\/\",\"logo\":{\"@type\":\"ImageObject\",\"inLanguage\":\"en-US\",\"@id\":\"https:\\\/\\\/netverslun.thjodminjasafn.is\\\/#\\\/schema\\\/logo\\\/image\\\/\",\"url\":\"https:\\\/\\\/netverslun.thjodminjasafn.is\\\/wp-content\\\/uploads\\\/2020\\\/02\\\/sitelogo.svg\",\"contentUrl\":\"https:\\\/\\\/netverslun.thjodminjasafn.is\\\/wp-content\\\/uploads\\\/2020\\\/02\\\/sitelogo.svg\",\"width\":599,\"height\":248,\"caption\":\"\u00dej\u00f3\u00f0minjasafn \u00cdslands\"},\"image\":{\"@id\":\"https:\\\/\\\/netverslun.thjodminjasafn.is\\\/#\\\/schema\\\/logo\\\/image\\\/\"},\"sameAs\":[\"https:\\\/\\\/www.facebook.com\\\/thjodminjasafn\",\"https:\\\/\\\/www.instagram.com\\\/nationalmuseumoficeland\\\/\"]}]}<\/script>\n<!-- \/ Yoast SEO plugin. -->","yoast_head_json":{"title":"P\u00fasl - Kumli\u00f0 fr\u00e1 Hafurbjarnarst\u00f6\u00f0um - \u00dej\u00f3\u00f0minjasafn \u00cdslands","description":"P\u00fasl - Kumli\u00f0 fr\u00e1 Hafurbjarnarst\u00f6\u00f0um, tv\u00f6falt p\u00fasl, kumli\u00f0 eins og \u00fea\u00f0 er \u00ed dag en hinu megin kumli\u00f0 eins og \u00fea\u00f0 leit \u00fat \u00feegar h\u00fan var l\u00f6g\u00f0 til hv\u00edlu.","robots":{"index":"index","follow":"follow","max-snippet":"max-snippet:-1","max-image-preview":"max-image-preview:large","max-video-preview":"max-video-preview:-1"},"canonical":"https:\/\/netverslun.thjodminjasafn.is\/en\/verslun\/leikum-okkur\/vikingadot\/pusl-kumlid-fra-hafurbjarnarstodum\/","og_locale":"en_US","og_type":"article","og_title":"P\u00fasl - Kumli\u00f0 fr\u00e1 Hafurbjarnarst\u00f6\u00f0um - \u00dej\u00f3\u00f0minjasafn \u00cdslands","og_description":"P\u00fasl - Kumli\u00f0 fr\u00e1 Hafurbjarnarst\u00f6\u00f0um, tv\u00f6falt p\u00fasl, kumli\u00f0 eins og \u00fea\u00f0 er \u00ed dag en hinu megin kumli\u00f0 eins og \u00fea\u00f0 leit \u00fat \u00feegar h\u00fan var l\u00f6g\u00f0 til hv\u00edlu.","og_url":"https:\/\/netverslun.thjodminjasafn.is\/en\/verslun\/leikum-okkur\/vikingadot\/pusl-kumlid-fra-hafurbjarnarstodum\/","og_site_name":"\u00dej\u00f3\u00f0minjasafn \u00cdslands","article_publisher":"https:\/\/www.facebook.com\/thjodminjasafn","article_modified_time":"2025-09-14T16:00:36+00:00","og_image":[{"width":454,"height":549,"url":"https:\/\/netverslun.thjodminjasafn.is\/wp-content\/uploads\/2024\/07\/Pusl_Saman-hreinn.png","type":"image\/png"}],"twitter_card":"summary_large_image","twitter_misc":{"Est. reading time":"1 minute"},"schema":{"@context":"https:\/\/schema.org","@graph":[{"@type":"WebPage","@id":"https:\/\/netverslun.thjodminjasafn.is\/verslun\/leikum-okkur\/vikingadot\/pusl-kumlid-fra-hafurbjarnarstodum\/","url":"https:\/\/netverslun.thjodminjasafn.is\/verslun\/leikum-okkur\/vikingadot\/pusl-kumlid-fra-hafurbjarnarstodum\/","name":"P\u00fasl - Kumli\u00f0 fr\u00e1 Hafurbjarnarst\u00f6\u00f0um - \u00dej\u00f3\u00f0minjasafn \u00cdslands","isPartOf":{"@id":"https:\/\/netverslun.thjodminjasafn.is\/#website"},"primaryImageOfPage":{"@id":"https:\/\/netverslun.thjodminjasafn.is\/verslun\/leikum-okkur\/vikingadot\/pusl-kumlid-fra-hafurbjarnarstodum\/#primaryimage"},"image":{"@id":"https:\/\/netverslun.thjodminjasafn.is\/verslun\/leikum-okkur\/vikingadot\/pusl-kumlid-fra-hafurbjarnarstodum\/#primaryimage"},"thumbnailUrl":"https:\/\/netverslun.thjodminjasafn.is\/wp-content\/uploads\/2024\/07\/Pusl_Saman-hreinn.png","datePublished":"2024-07-09T16:10:52+00:00","dateModified":"2025-09-14T16:00:36+00:00","description":"P\u00fasl - Kumli\u00f0 fr\u00e1 Hafurbjarnarst\u00f6\u00f0um, tv\u00f6falt p\u00fasl, kumli\u00f0 eins og \u00fea\u00f0 er \u00ed dag en hinu megin kumli\u00f0 eins og \u00fea\u00f0 leit \u00fat \u00feegar h\u00fan var l\u00f6g\u00f0 til hv\u00edlu.","breadcrumb":{"@id":"https:\/\/netverslun.thjodminjasafn.is\/verslun\/leikum-okkur\/vikingadot\/pusl-kumlid-fra-hafurbjarnarstodum\/#breadcrumb"},"inLanguage":"en-US","potentialAction":[{"@type":"ReadAction","target":["https:\/\/netverslun.thjodminjasafn.is\/verslun\/leikum-okkur\/vikingadot\/pusl-kumlid-fra-hafurbjarnarstodum\/"]}]},{"@type":"ImageObject","inLanguage":"en-US","@id":"https:\/\/netverslun.thjodminjasafn.is\/verslun\/leikum-okkur\/vikingadot\/pusl-kumlid-fra-hafurbjarnarstodum\/#primaryimage","url":"https:\/\/netverslun.thjodminjasafn.is\/wp-content\/uploads\/2024\/07\/Pusl_Saman-hreinn.png","contentUrl":"https:\/\/netverslun.thjodminjasafn.is\/wp-content\/uploads\/2024\/07\/Pusl_Saman-hreinn.png","width":454,"height":549,"caption":"tv\u00f6falt p\u00fasl gott b\u00e1\u00f0u megin"},{"@type":"BreadcrumbList","@id":"https:\/\/netverslun.thjodminjasafn.is\/verslun\/leikum-okkur\/vikingadot\/pusl-kumlid-fra-hafurbjarnarstodum\/#breadcrumb","itemListElement":[{"@type":"ListItem","position":1,"name":"Home","item":"https:\/\/netverslun.thjodminjasafn.is\/"},{"@type":"ListItem","position":2,"name":"Verslun","item":"https:\/\/netverslun.thjodminjasafn.is\/verslun\/"},{"@type":"ListItem","position":3,"name":"P\u00fasl &#8211; Kumli\u00f0 fr\u00e1 Hafurbjarnarst\u00f6\u00f0um"}]},{"@type":"WebSite","@id":"https:\/\/netverslun.thjodminjasafn.is\/#website","url":"https:\/\/netverslun.thjodminjasafn.is\/","name":"\u00dej\u00f3\u00f0minjasafn \u00cdslands","description":"National Museum of Iceland webstore","publisher":{"@id":"https:\/\/netverslun.thjodminjasafn.is\/#organization"},"potentialAction":[{"@type":"SearchAction","target":{"@type":"EntryPoint","urlTemplate":"https:\/\/netverslun.thjodminjasafn.is\/?s={search_term_string}"},"query-input":{"@type":"PropertyValueSpecification","valueRequired":true,"valueName":"search_term_string"}}],"inLanguage":"en-US"},{"@type":"Organization","@id":"https:\/\/netverslun.thjodminjasafn.is\/#organization","name":"\u00dej\u00f3\u00f0minjasafn \u00cdslands","url":"https:\/\/netverslun.thjodminjasafn.is\/","logo":{"@type":"ImageObject","inLanguage":"en-US","@id":"https:\/\/netverslun.thjodminjasafn.is\/#\/schema\/logo\/image\/","url":"https:\/\/netverslun.thjodminjasafn.is\/wp-content\/uploads\/2020\/02\/sitelogo.svg","contentUrl":"https:\/\/netverslun.thjodminjasafn.is\/wp-content\/uploads\/2020\/02\/sitelogo.svg","width":599,"height":248,"caption":"\u00dej\u00f3\u00f0minjasafn \u00cdslands"},"image":{"@id":"https:\/\/netverslun.thjodminjasafn.is\/#\/schema\/logo\/image\/"},"sameAs":["https:\/\/www.facebook.com\/thjodminjasafn","https:\/\/www.instagram.com\/nationalmuseumoficeland\/"]}]}},"_links":{"self":[{"href":"https:\/\/netverslun.thjodminjasafn.is\/en\/wp-json\/wp\/v2\/product\/8171","targetHints":{"allow":["GET"]}}],"collection":[{"href":"https:\/\/netverslun.thjodminjasafn.is\/en\/wp-json\/wp\/v2\/product"}],"about":[{"href":"https:\/\/netverslun.thjodminjasafn.is\/en\/wp-json\/wp\/v2\/types\/product"}],"version-history":[{"count":1,"href":"https:\/\/netverslun.thjodminjasafn.is\/en\/wp-json\/wp\/v2\/product\/8171\/revisions"}],"predecessor-version":[{"id":8746,"href":"https:\/\/netverslun.thjodminjasafn.is\/en\/wp-json\/wp\/v2\/product\/8171\/revisions\/8746"}],"wp:featuredmedia":[{"embeddable":true,"href":"https:\/\/netverslun.thjodminjasafn.is\/en\/wp-json\/wp\/v2\/media\/8515"}],"wp:attachment":[{"href":"https:\/\/netverslun.thjodminjasafn.is\/en\/wp-json\/wp\/v2\/media?parent=8171"}],"wp:term":[{"taxonomy":"product_brand","embeddable":true,"href":"https:\/\/netverslun.thjodminjasafn.is\/en\/wp-json\/wp\/v2\/product_brand?post=8171"},{"taxonomy":"product_cat","embeddable":true,"href":"https:\/\/netverslun.thjodminjasafn.is\/en\/wp-json\/wp\/v2\/product_cat?post=8171"},{"taxonomy":"product_tag","embeddable":true,"href":"https:\/\/netverslun.thjodminjasafn.is\/en\/wp-json\/wp\/v2\/product_tag?post=8171"}],"curies":[{"name":"wp","href":"https:\/\/api.w.org\/{rel}","templated":true}]}}