{"id":8099,"date":"2024-06-27T15:36:39","date_gmt":"2024-06-27T15:36:39","guid":{"rendered":"https:\/\/netverslun.thjodminjasafn.is\/?post_type=product&#038;p=8099"},"modified":"2025-10-15T15:19:01","modified_gmt":"2025-10-15T15:19:01","slug":"bolli-konur-vid-olfusa","status":"publish","type":"product","link":"https:\/\/netverslun.thjodminjasafn.is\/en\/verslun\/gjafir\/honnun\/bolli-konur-vid-olfusa\/","title":{"rendered":"Cup - Photograph by Sigr\u00ed\u00f0ur Z\u00f6ega"},"content":{"rendered":"<p>Introducing our exquisite cup featuring a stunning photograph of women by the \u00d6lfus\u00e1 River, captured by the talented photographer Sigr\u00ed\u00f0ur Z\u00f6ega. This cup beautifully blends art and functionality, making it a perfect addition to any home or office.<\/p>\n<p>The captivating image reflects the serene beauty of the \u00d6lfus\u00e1 landscape, inviting a sense of peace and connection to nature.<\/p>\n<p>Bring a touch of Icelandic charm to your space with this striking photograph, celebrating the strength and grace of women in harmony with their environment. Perfect as a thoughtful gift or a special treat for yourself!<\/p>\n<p>&nbsp;<\/p>","protected":false},"excerpt":{"rendered":"<p>Cup with a photograph of women by the \u00d6lfus\u00e1 river.<\/p>","protected":false},"featured_media":8105,"template":"","meta":{"site-sidebar-layout":"default","site-content-layout":"default","ast-site-content-layout":"default","site-content-style":"default","site-sidebar-style":"default","ast-global-header-display":"","ast-banner-title-visibility":"","ast-main-header-display":"","ast-hfb-above-header-display":"","ast-hfb-below-header-display":"","ast-hfb-mobile-header-display":"","site-post-title":"","ast-breadcrumbs-content":"","ast-featured-img":"","footer-sml-layout":"","ast-disable-related-posts":"","theme-transparent-header-meta":"default","adv-header-id-meta":"","stick-header-meta":"default","header-above-stick-meta":"","header-main-stick-meta":"","header-below-stick-meta":"","astra-migrate-meta-layouts":"set","ast-page-background-enabled":"default","ast-page-background-meta":{"desktop":{"background-color":"","background-image":"","background-repeat":"repeat","background-position":"center center","background-size":"auto","background-attachment":"scroll","background-type":"","background-media":"","overlay-type":"","overlay-color":"","overlay-opacity":"","overlay-gradient":""},"tablet":{"background-color":"","background-image":"","background-repeat":"repeat","background-position":"center center","background-size":"auto","background-attachment":"scroll","background-type":"","background-media":"","overlay-type":"","overlay-color":"","overlay-opacity":"","overlay-gradient":""},"mobile":{"background-color":"","background-image":"","background-repeat":"repeat","background-position":"center center","background-size":"auto","background-attachment":"scroll","background-type":"","background-media":"","overlay-type":"","overlay-color":"","overlay-opacity":"","overlay-gradient":""}},"ast-content-background-meta":{"desktop":{"background-color":"var(--ast-global-color-5)","background-image":"","background-repeat":"repeat","background-position":"center center","background-size":"auto","background-attachment":"scroll","background-type":"","background-media":"","overlay-type":"","overlay-color":"","overlay-opacity":"","overlay-gradient":""},"tablet":{"background-color":"var(--ast-global-color-5)","background-image":"","background-repeat":"repeat","background-position":"center center","background-size":"auto","background-attachment":"scroll","background-type":"","background-media":"","overlay-type":"","overlay-color":"","overlay-opacity":"","overlay-gradient":""},"mobile":{"background-color":"var(--ast-global-color-5)","background-image":"","background-repeat":"repeat","background-position":"center center","background-size":"auto","background-attachment":"scroll","background-type":"","background-media":"","overlay-type":"","overlay-color":"","overlay-opacity":"","overlay-gradient":""}}},"product_brand":[],"product_cat":[60,40,61,37],"product_tag":[],"class_list":{"0":"post-8099","1":"product","2":"type-product","3":"status-publish","4":"has-post-thumbnail","6":"product_cat-gjafir","7":"product_cat-gjafavara","8":"product_cat-honnun","9":"product_cat-minjagripir","10":"desktop-align-left","11":"tablet-align-left","12":"mobile-align-left","13":"ast-product-gallery-layout-vertical","14":"ast-product-tabs-layout-vertical","16":"first","17":"instock","18":"sale","19":"shipping-taxable","20":"purchasable","21":"product-type-simple"},"yoast_head":"<!-- This site is optimized with the Yoast SEO plugin v27.4 - https:\/\/yoast.com\/product\/yoast-seo-wordpress\/ -->\n<title>Bolli - Konur vi\u00f0 \u00d6lfus\u00e1 - \u00dej\u00f3\u00f0minjasafn \u00cdslands<\/title>\n<meta name=\"description\" content=\"Bollinn er me\u00f0 lj\u00f3smynd af Konum vi\u00f0 \u00d6lfus\u00e1, lj\u00f3smynd sem\u00a0 Sigr\u00ed\u00f0ur Z\u00f6ega lj\u00f3smyndari t\u00f3k.\" \/>\n<meta name=\"robots\" content=\"index, follow, max-snippet:-1, max-image-preview:large, max-video-preview:-1\" \/>\n<link rel=\"canonical\" href=\"https:\/\/netverslun.thjodminjasafn.is\/en\/verslun\/gjafir\/honnun\/bolli-konur-vid-olfusa\/\" \/>\n<meta property=\"og:locale\" content=\"en_US\" \/>\n<meta property=\"og:type\" content=\"article\" \/>\n<meta property=\"og:title\" content=\"Bolli - Konur vi\u00f0 \u00d6lfus\u00e1 - \u00dej\u00f3\u00f0minjasafn \u00cdslands\" \/>\n<meta property=\"og:description\" content=\"Bollinn er me\u00f0 lj\u00f3smynd af Konum vi\u00f0 \u00d6lfus\u00e1, lj\u00f3smynd sem\u00a0 Sigr\u00ed\u00f0ur Z\u00f6ega lj\u00f3smyndari t\u00f3k.\" \/>\n<meta property=\"og:url\" content=\"https:\/\/netverslun.thjodminjasafn.is\/en\/verslun\/gjafir\/honnun\/bolli-konur-vid-olfusa\/\" \/>\n<meta property=\"og:site_name\" content=\"\u00dej\u00f3\u00f0minjasafn \u00cdslands\" \/>\n<meta property=\"article:publisher\" content=\"https:\/\/www.facebook.com\/thjodminjasafn\" \/>\n<meta property=\"article:modified_time\" content=\"2025-10-15T15:19:01+00:00\" \/>\n<meta property=\"og:image\" content=\"https:\/\/netverslun.thjodminjasafn.is\/wp-content\/uploads\/2024\/06\/bolli-konur-vid-oxara.png\" \/>\n\t<meta property=\"og:image:width\" content=\"612\" \/>\n\t<meta property=\"og:image:height\" content=\"408\" \/>\n\t<meta property=\"og:image:type\" content=\"image\/png\" \/>\n<meta name=\"twitter:card\" content=\"summary_large_image\" \/>\n<meta name=\"twitter:label1\" content=\"Est. reading time\" \/>\n\t<meta name=\"twitter:data1\" content=\"1 minute\" \/>\n<script type=\"application\/ld+json\" class=\"yoast-schema-graph\">{\"@context\":\"https:\\\/\\\/schema.org\",\"@graph\":[{\"@type\":\"WebPage\",\"@id\":\"https:\\\/\\\/netverslun.thjodminjasafn.is\\\/verslun\\\/gjafir\\\/honnun\\\/bolli-konur-vid-olfusa\\\/\",\"url\":\"https:\\\/\\\/netverslun.thjodminjasafn.is\\\/verslun\\\/gjafir\\\/honnun\\\/bolli-konur-vid-olfusa\\\/\",\"name\":\"Bolli - Konur vi\u00f0 \u00d6lfus\u00e1 - \u00dej\u00f3\u00f0minjasafn \u00cdslands\",\"isPartOf\":{\"@id\":\"https:\\\/\\\/netverslun.thjodminjasafn.is\\\/#website\"},\"primaryImageOfPage\":{\"@id\":\"https:\\\/\\\/netverslun.thjodminjasafn.is\\\/verslun\\\/gjafir\\\/honnun\\\/bolli-konur-vid-olfusa\\\/#primaryimage\"},\"image\":{\"@id\":\"https:\\\/\\\/netverslun.thjodminjasafn.is\\\/verslun\\\/gjafir\\\/honnun\\\/bolli-konur-vid-olfusa\\\/#primaryimage\"},\"thumbnailUrl\":\"https:\\\/\\\/netverslun.thjodminjasafn.is\\\/wp-content\\\/uploads\\\/2024\\\/06\\\/bolli-konur-vid-oxara.png\",\"datePublished\":\"2024-06-27T15:36:39+00:00\",\"dateModified\":\"2025-10-15T15:19:01+00:00\",\"description\":\"Bollinn er me\u00f0 lj\u00f3smynd af Konum vi\u00f0 \u00d6lfus\u00e1, lj\u00f3smynd sem\u00a0 Sigr\u00ed\u00f0ur Z\u00f6ega lj\u00f3smyndari t\u00f3k.\",\"breadcrumb\":{\"@id\":\"https:\\\/\\\/netverslun.thjodminjasafn.is\\\/verslun\\\/gjafir\\\/honnun\\\/bolli-konur-vid-olfusa\\\/#breadcrumb\"},\"inLanguage\":\"en-US\",\"potentialAction\":[{\"@type\":\"ReadAction\",\"target\":[\"https:\\\/\\\/netverslun.thjodminjasafn.is\\\/verslun\\\/gjafir\\\/honnun\\\/bolli-konur-vid-olfusa\\\/\"]}]},{\"@type\":\"ImageObject\",\"inLanguage\":\"en-US\",\"@id\":\"https:\\\/\\\/netverslun.thjodminjasafn.is\\\/verslun\\\/gjafir\\\/honnun\\\/bolli-konur-vid-olfusa\\\/#primaryimage\",\"url\":\"https:\\\/\\\/netverslun.thjodminjasafn.is\\\/wp-content\\\/uploads\\\/2024\\\/06\\\/bolli-konur-vid-oxara.png\",\"contentUrl\":\"https:\\\/\\\/netverslun.thjodminjasafn.is\\\/wp-content\\\/uploads\\\/2024\\\/06\\\/bolli-konur-vid-oxara.png\",\"width\":612,\"height\":408,\"caption\":\"Bolli me\u00f0 lj\u00f3smynd konur vi\u00f0 \u00d6lfus\u00e1 eftir Sigr\u00ed\u00f0i Z\u00f6ega\"},{\"@type\":\"BreadcrumbList\",\"@id\":\"https:\\\/\\\/netverslun.thjodminjasafn.is\\\/verslun\\\/gjafir\\\/honnun\\\/bolli-konur-vid-olfusa\\\/#breadcrumb\",\"itemListElement\":[{\"@type\":\"ListItem\",\"position\":1,\"name\":\"Home\",\"item\":\"https:\\\/\\\/netverslun.thjodminjasafn.is\\\/\"},{\"@type\":\"ListItem\",\"position\":2,\"name\":\"Verslun\",\"item\":\"https:\\\/\\\/netverslun.thjodminjasafn.is\\\/verslun\\\/\"},{\"@type\":\"ListItem\",\"position\":3,\"name\":\"Bolli &#8211; Konur vi\u00f0 \u00d6lfus\u00e1\"}]},{\"@type\":\"WebSite\",\"@id\":\"https:\\\/\\\/netverslun.thjodminjasafn.is\\\/#website\",\"url\":\"https:\\\/\\\/netverslun.thjodminjasafn.is\\\/\",\"name\":\"\u00dej\u00f3\u00f0minjasafn \u00cdslands\",\"description\":\"Vefverslun \u00dej\u00f3\u00f0minjasafnsins\",\"publisher\":{\"@id\":\"https:\\\/\\\/netverslun.thjodminjasafn.is\\\/#organization\"},\"potentialAction\":[{\"@type\":\"SearchAction\",\"target\":{\"@type\":\"EntryPoint\",\"urlTemplate\":\"https:\\\/\\\/netverslun.thjodminjasafn.is\\\/?s={search_term_string}\"},\"query-input\":{\"@type\":\"PropertyValueSpecification\",\"valueRequired\":true,\"valueName\":\"search_term_string\"}}],\"inLanguage\":\"en-US\"},{\"@type\":\"Organization\",\"@id\":\"https:\\\/\\\/netverslun.thjodminjasafn.is\\\/#organization\",\"name\":\"\u00dej\u00f3\u00f0minjasafn \u00cdslands\",\"url\":\"https:\\\/\\\/netverslun.thjodminjasafn.is\\\/\",\"logo\":{\"@type\":\"ImageObject\",\"inLanguage\":\"en-US\",\"@id\":\"https:\\\/\\\/netverslun.thjodminjasafn.is\\\/#\\\/schema\\\/logo\\\/image\\\/\",\"url\":\"https:\\\/\\\/netverslun.thjodminjasafn.is\\\/wp-content\\\/uploads\\\/2020\\\/02\\\/sitelogo.svg\",\"contentUrl\":\"https:\\\/\\\/netverslun.thjodminjasafn.is\\\/wp-content\\\/uploads\\\/2020\\\/02\\\/sitelogo.svg\",\"width\":599,\"height\":248,\"caption\":\"\u00dej\u00f3\u00f0minjasafn \u00cdslands\"},\"image\":{\"@id\":\"https:\\\/\\\/netverslun.thjodminjasafn.is\\\/#\\\/schema\\\/logo\\\/image\\\/\"},\"sameAs\":[\"https:\\\/\\\/www.facebook.com\\\/thjodminjasafn\",\"https:\\\/\\\/www.instagram.com\\\/nationalmuseumoficeland\\\/\"]}]}<\/script>\n<!-- \/ Yoast SEO plugin. -->","yoast_head_json":{"title":"Bolli - Konur vi\u00f0 \u00d6lfus\u00e1 - \u00dej\u00f3\u00f0minjasafn \u00cdslands","description":"The captivating image reflects the serene beauty of the \u00d6lfus\u00e1 landscape, inviting a sense of peace and connection to nature.","robots":{"index":"index","follow":"follow","max-snippet":"max-snippet:-1","max-image-preview":"max-image-preview:large","max-video-preview":"max-video-preview:-1"},"canonical":"https:\/\/netverslun.thjodminjasafn.is\/en\/verslun\/gjafir\/honnun\/bolli-konur-vid-olfusa\/","og_locale":"en_US","og_type":"article","og_title":"Bolli - Konur vi\u00f0 \u00d6lfus\u00e1 - \u00dej\u00f3\u00f0minjasafn \u00cdslands","og_description":"Bollinn er me\u00f0 lj\u00f3smynd af Konum vi\u00f0 \u00d6lfus\u00e1, lj\u00f3smynd sem\u00a0 Sigr\u00ed\u00f0ur Z\u00f6ega lj\u00f3smyndari t\u00f3k.","og_url":"https:\/\/netverslun.thjodminjasafn.is\/en\/verslun\/gjafir\/honnun\/bolli-konur-vid-olfusa\/","og_site_name":"\u00dej\u00f3\u00f0minjasafn \u00cdslands","article_publisher":"https:\/\/www.facebook.com\/thjodminjasafn","article_modified_time":"2025-10-15T15:19:01+00:00","og_image":[{"width":612,"height":408,"url":"https:\/\/netverslun.thjodminjasafn.is\/wp-content\/uploads\/2024\/06\/bolli-konur-vid-oxara.png","type":"image\/png"}],"twitter_card":"summary_large_image","twitter_misc":{"Est. reading time":"1 minute"},"schema":{"@context":"https:\/\/schema.org","@graph":[{"@type":"WebPage","@id":"https:\/\/netverslun.thjodminjasafn.is\/verslun\/gjafir\/honnun\/bolli-konur-vid-olfusa\/","url":"https:\/\/netverslun.thjodminjasafn.is\/verslun\/gjafir\/honnun\/bolli-konur-vid-olfusa\/","name":"Bolli - Konur vi\u00f0 \u00d6lfus\u00e1 - \u00dej\u00f3\u00f0minjasafn \u00cdslands","isPartOf":{"@id":"https:\/\/netverslun.thjodminjasafn.is\/#website"},"primaryImageOfPage":{"@id":"https:\/\/netverslun.thjodminjasafn.is\/verslun\/gjafir\/honnun\/bolli-konur-vid-olfusa\/#primaryimage"},"image":{"@id":"https:\/\/netverslun.thjodminjasafn.is\/verslun\/gjafir\/honnun\/bolli-konur-vid-olfusa\/#primaryimage"},"thumbnailUrl":"https:\/\/netverslun.thjodminjasafn.is\/wp-content\/uploads\/2024\/06\/bolli-konur-vid-oxara.png","datePublished":"2024-06-27T15:36:39+00:00","dateModified":"2025-10-15T15:19:01+00:00","description":"The captivating image reflects the serene beauty of the \u00d6lfus\u00e1 landscape, inviting a sense of peace and connection to nature.","breadcrumb":{"@id":"https:\/\/netverslun.thjodminjasafn.is\/verslun\/gjafir\/honnun\/bolli-konur-vid-olfusa\/#breadcrumb"},"inLanguage":"en-US","potentialAction":[{"@type":"ReadAction","target":["https:\/\/netverslun.thjodminjasafn.is\/verslun\/gjafir\/honnun\/bolli-konur-vid-olfusa\/"]}]},{"@type":"ImageObject","inLanguage":"en-US","@id":"https:\/\/netverslun.thjodminjasafn.is\/verslun\/gjafir\/honnun\/bolli-konur-vid-olfusa\/#primaryimage","url":"https:\/\/netverslun.thjodminjasafn.is\/wp-content\/uploads\/2024\/06\/bolli-konur-vid-oxara.png","contentUrl":"https:\/\/netverslun.thjodminjasafn.is\/wp-content\/uploads\/2024\/06\/bolli-konur-vid-oxara.png","width":612,"height":408,"caption":"Bolli me\u00f0 lj\u00f3smynd konur vi\u00f0 \u00d6lfus\u00e1 eftir Sigr\u00ed\u00f0i Z\u00f6ega"},{"@type":"BreadcrumbList","@id":"https:\/\/netverslun.thjodminjasafn.is\/verslun\/gjafir\/honnun\/bolli-konur-vid-olfusa\/#breadcrumb","itemListElement":[{"@type":"ListItem","position":1,"name":"Home","item":"https:\/\/netverslun.thjodminjasafn.is\/"},{"@type":"ListItem","position":2,"name":"Verslun","item":"https:\/\/netverslun.thjodminjasafn.is\/verslun\/"},{"@type":"ListItem","position":3,"name":"Bolli &#8211; Konur vi\u00f0 \u00d6lfus\u00e1"}]},{"@type":"WebSite","@id":"https:\/\/netverslun.thjodminjasafn.is\/#website","url":"https:\/\/netverslun.thjodminjasafn.is\/","name":"\u00dej\u00f3\u00f0minjasafn \u00cdslands","description":"National Museum of Iceland webstore","publisher":{"@id":"https:\/\/netverslun.thjodminjasafn.is\/#organization"},"potentialAction":[{"@type":"SearchAction","target":{"@type":"EntryPoint","urlTemplate":"https:\/\/netverslun.thjodminjasafn.is\/?s={search_term_string}"},"query-input":{"@type":"PropertyValueSpecification","valueRequired":true,"valueName":"search_term_string"}}],"inLanguage":"en-US"},{"@type":"Organization","@id":"https:\/\/netverslun.thjodminjasafn.is\/#organization","name":"\u00dej\u00f3\u00f0minjasafn \u00cdslands","url":"https:\/\/netverslun.thjodminjasafn.is\/","logo":{"@type":"ImageObject","inLanguage":"en-US","@id":"https:\/\/netverslun.thjodminjasafn.is\/#\/schema\/logo\/image\/","url":"https:\/\/netverslun.thjodminjasafn.is\/wp-content\/uploads\/2020\/02\/sitelogo.svg","contentUrl":"https:\/\/netverslun.thjodminjasafn.is\/wp-content\/uploads\/2020\/02\/sitelogo.svg","width":599,"height":248,"caption":"\u00dej\u00f3\u00f0minjasafn \u00cdslands"},"image":{"@id":"https:\/\/netverslun.thjodminjasafn.is\/#\/schema\/logo\/image\/"},"sameAs":["https:\/\/www.facebook.com\/thjodminjasafn","https:\/\/www.instagram.com\/nationalmuseumoficeland\/"]}]}},"_links":{"self":[{"href":"https:\/\/netverslun.thjodminjasafn.is\/en\/wp-json\/wp\/v2\/product\/8099","targetHints":{"allow":["GET"]}}],"collection":[{"href":"https:\/\/netverslun.thjodminjasafn.is\/en\/wp-json\/wp\/v2\/product"}],"about":[{"href":"https:\/\/netverslun.thjodminjasafn.is\/en\/wp-json\/wp\/v2\/types\/product"}],"version-history":[{"count":1,"href":"https:\/\/netverslun.thjodminjasafn.is\/en\/wp-json\/wp\/v2\/product\/8099\/revisions"}],"predecessor-version":[{"id":9185,"href":"https:\/\/netverslun.thjodminjasafn.is\/en\/wp-json\/wp\/v2\/product\/8099\/revisions\/9185"}],"wp:featuredmedia":[{"embeddable":true,"href":"https:\/\/netverslun.thjodminjasafn.is\/en\/wp-json\/wp\/v2\/media\/8105"}],"wp:attachment":[{"href":"https:\/\/netverslun.thjodminjasafn.is\/en\/wp-json\/wp\/v2\/media?parent=8099"}],"wp:term":[{"taxonomy":"product_brand","embeddable":true,"href":"https:\/\/netverslun.thjodminjasafn.is\/en\/wp-json\/wp\/v2\/product_brand?post=8099"},{"taxonomy":"product_cat","embeddable":true,"href":"https:\/\/netverslun.thjodminjasafn.is\/en\/wp-json\/wp\/v2\/product_cat?post=8099"},{"taxonomy":"product_tag","embeddable":true,"href":"https:\/\/netverslun.thjodminjasafn.is\/en\/wp-json\/wp\/v2\/product_tag?post=8099"}],"curies":[{"name":"wp","href":"https:\/\/api.w.org\/{rel}","templated":true}]}}