{"id":8091,"date":"2024-06-27T14:44:24","date_gmt":"2024-06-27T14:44:24","guid":{"rendered":"https:\/\/netverslun.thjodminjasafn.is\/?post_type=product&#038;p=8091"},"modified":"2026-03-22T16:34:02","modified_gmt":"2026-03-22T16:34:02","slug":"snyrtibudda-konur-vid-olfusa","status":"publish","type":"product","link":"https:\/\/netverslun.thjodminjasafn.is\/en\/verslun\/gjafir\/honnun\/snyrtibudda-konur-vid-olfusa\/","title":{"rendered":"Multi purpose pouch - photograph by Sigr\u00ed\u00f0ur Z\u00f6ega"},"content":{"rendered":"<p>Introducing our versatile Multi-Purpose Pouch\u2014your perfect travel companion! This stylish makeup bag is designed to cater to all your needs, whether you\u2019re on the go or organizing at home. Photograph by Sig\u00ed\u00f0ur Z\u00f6ega (1889-1968).<\/p>\n<p>Crafted from 100% cotton with a durable nylon lining, each pouch boasts this beautiful and calming picture.<\/p>\n<p>Multi purpose pouch. Size 205x130x10xmm. Perfect for the gym bag.<\/p>","protected":false},"excerpt":{"rendered":"<p>Multi purpose pouch, with this beautiful picture taken by Sig\u00ed\u00f0ur Z\u00f6ega.<\/p>","protected":false},"featured_media":8097,"template":"","meta":{"site-sidebar-layout":"default","site-content-layout":"default","ast-site-content-layout":"default","site-content-style":"default","site-sidebar-style":"default","ast-global-header-display":"","ast-banner-title-visibility":"","ast-main-header-display":"","ast-hfb-above-header-display":"","ast-hfb-below-header-display":"","ast-hfb-mobile-header-display":"","site-post-title":"","ast-breadcrumbs-content":"","ast-featured-img":"","footer-sml-layout":"","ast-disable-related-posts":"","theme-transparent-header-meta":"default","adv-header-id-meta":"","stick-header-meta":"default","header-above-stick-meta":"","header-main-stick-meta":"","header-below-stick-meta":"","astra-migrate-meta-layouts":"set","ast-page-background-enabled":"default","ast-page-background-meta":{"desktop":{"background-color":"","background-image":"","background-repeat":"repeat","background-position":"center center","background-size":"auto","background-attachment":"scroll","background-type":"","background-media":"","overlay-type":"","overlay-color":"","overlay-opacity":"","overlay-gradient":""},"tablet":{"background-color":"","background-image":"","background-repeat":"repeat","background-position":"center center","background-size":"auto","background-attachment":"scroll","background-type":"","background-media":"","overlay-type":"","overlay-color":"","overlay-opacity":"","overlay-gradient":""},"mobile":{"background-color":"","background-image":"","background-repeat":"repeat","background-position":"center center","background-size":"auto","background-attachment":"scroll","background-type":"","background-media":"","overlay-type":"","overlay-color":"","overlay-opacity":"","overlay-gradient":""}},"ast-content-background-meta":{"desktop":{"background-color":"var(--ast-global-color-5)","background-image":"","background-repeat":"repeat","background-position":"center center","background-size":"auto","background-attachment":"scroll","background-type":"","background-media":"","overlay-type":"","overlay-color":"","overlay-opacity":"","overlay-gradient":""},"tablet":{"background-color":"var(--ast-global-color-5)","background-image":"","background-repeat":"repeat","background-position":"center center","background-size":"auto","background-attachment":"scroll","background-type":"","background-media":"","overlay-type":"","overlay-color":"","overlay-opacity":"","overlay-gradient":""},"mobile":{"background-color":"var(--ast-global-color-5)","background-image":"","background-repeat":"repeat","background-position":"center center","background-size":"auto","background-attachment":"scroll","background-type":"","background-media":"","overlay-type":"","overlay-color":"","overlay-opacity":"","overlay-gradient":""}}},"product_brand":[],"product_cat":[60,40,61,37],"product_tag":[254],"class_list":{"0":"post-8091","1":"product","2":"type-product","3":"status-publish","4":"has-post-thumbnail","6":"product_cat-gjafir","7":"product_cat-gjafavara","8":"product_cat-honnun","9":"product_cat-minjagripir","10":"product_tag-konur-vid-olfusa","11":"desktop-align-left","12":"tablet-align-left","13":"mobile-align-left","14":"ast-product-gallery-layout-vertical","15":"ast-product-tabs-layout-vertical","17":"first","18":"instock","19":"shipping-taxable","20":"purchasable","21":"product-type-simple"},"yoast_head":"<!-- This site is optimized with the Yoast SEO plugin v27.5 - https:\/\/yoast.com\/product\/yoast-seo-wordpress\/ -->\n<title>Snyrtibudda - Konur vi\u00f0 \u00d6lfus\u00e1 - \u00dej\u00f3\u00f0minjasafn \u00cdslands<\/title>\n<meta name=\"description\" content=\"Snyrtibudda me\u00f0 lj\u00f3smynd eftir Sigr\u00ed\u00f0i Z\u00f6ega\u00a0 &quot;Konur vi\u00f0 \u00d6lfus\u00e1&quot; Hentar vel \u00ed fer\u00f0alagi\u00f0.\" \/>\n<meta name=\"robots\" content=\"index, follow, max-snippet:-1, max-image-preview:large, max-video-preview:-1\" \/>\n<link rel=\"canonical\" href=\"https:\/\/netverslun.thjodminjasafn.is\/en\/verslun\/gjafir\/honnun\/snyrtibudda-konur-vid-olfusa\/\" \/>\n<meta property=\"og:locale\" content=\"en_US\" \/>\n<meta property=\"og:type\" content=\"article\" \/>\n<meta property=\"og:title\" content=\"Snyrtibudda - Konur vi\u00f0 \u00d6lfus\u00e1 - \u00dej\u00f3\u00f0minjasafn \u00cdslands\" \/>\n<meta property=\"og:description\" content=\"Snyrtibudda me\u00f0 lj\u00f3smynd eftir Sigr\u00ed\u00f0i Z\u00f6ega\u00a0 &quot;Konur vi\u00f0 \u00d6lfus\u00e1&quot; Hentar vel \u00ed fer\u00f0alagi\u00f0.\" \/>\n<meta property=\"og:url\" content=\"https:\/\/netverslun.thjodminjasafn.is\/en\/verslun\/gjafir\/honnun\/snyrtibudda-konur-vid-olfusa\/\" \/>\n<meta property=\"og:site_name\" content=\"\u00dej\u00f3\u00f0minjasafn \u00cdslands\" \/>\n<meta property=\"article:publisher\" content=\"https:\/\/www.facebook.com\/thjodminjasafn\" \/>\n<meta property=\"article:modified_time\" content=\"2026-03-22T16:34:02+00:00\" \/>\n<meta property=\"og:image\" content=\"https:\/\/netverslun.thjodminjasafn.is\/wp-content\/uploads\/2024\/06\/Snyrtibudda_-e1725539745414.png\" \/>\n\t<meta property=\"og:image:width\" content=\"1200\" \/>\n\t<meta property=\"og:image:height\" content=\"698\" \/>\n\t<meta property=\"og:image:type\" content=\"image\/png\" \/>\n<meta name=\"twitter:card\" content=\"summary_large_image\" \/>\n<meta name=\"twitter:label1\" content=\"Est. reading time\" \/>\n\t<meta name=\"twitter:data1\" content=\"1 minute\" \/>\n<script type=\"application\/ld+json\" class=\"yoast-schema-graph\">{\"@context\":\"https:\\\/\\\/schema.org\",\"@graph\":[{\"@type\":\"WebPage\",\"@id\":\"https:\\\/\\\/netverslun.thjodminjasafn.is\\\/verslun\\\/gjafir\\\/honnun\\\/snyrtibudda-konur-vid-olfusa\\\/\",\"url\":\"https:\\\/\\\/netverslun.thjodminjasafn.is\\\/verslun\\\/gjafir\\\/honnun\\\/snyrtibudda-konur-vid-olfusa\\\/\",\"name\":\"Snyrtibudda - Konur vi\u00f0 \u00d6lfus\u00e1 - \u00dej\u00f3\u00f0minjasafn \u00cdslands\",\"isPartOf\":{\"@id\":\"https:\\\/\\\/netverslun.thjodminjasafn.is\\\/#website\"},\"primaryImageOfPage\":{\"@id\":\"https:\\\/\\\/netverslun.thjodminjasafn.is\\\/verslun\\\/gjafir\\\/honnun\\\/snyrtibudda-konur-vid-olfusa\\\/#primaryimage\"},\"image\":{\"@id\":\"https:\\\/\\\/netverslun.thjodminjasafn.is\\\/verslun\\\/gjafir\\\/honnun\\\/snyrtibudda-konur-vid-olfusa\\\/#primaryimage\"},\"thumbnailUrl\":\"https:\\\/\\\/netverslun.thjodminjasafn.is\\\/wp-content\\\/uploads\\\/2024\\\/06\\\/Snyrtibudda_-e1725539745414.png\",\"datePublished\":\"2024-06-27T14:44:24+00:00\",\"dateModified\":\"2026-03-22T16:34:02+00:00\",\"description\":\"Snyrtibudda me\u00f0 lj\u00f3smynd eftir Sigr\u00ed\u00f0i Z\u00f6ega\u00a0 \\\"Konur vi\u00f0 \u00d6lfus\u00e1\\\" Hentar vel \u00ed fer\u00f0alagi\u00f0.\",\"breadcrumb\":{\"@id\":\"https:\\\/\\\/netverslun.thjodminjasafn.is\\\/verslun\\\/gjafir\\\/honnun\\\/snyrtibudda-konur-vid-olfusa\\\/#breadcrumb\"},\"inLanguage\":\"en-US\",\"potentialAction\":[{\"@type\":\"ReadAction\",\"target\":[\"https:\\\/\\\/netverslun.thjodminjasafn.is\\\/verslun\\\/gjafir\\\/honnun\\\/snyrtibudda-konur-vid-olfusa\\\/\"]}]},{\"@type\":\"ImageObject\",\"inLanguage\":\"en-US\",\"@id\":\"https:\\\/\\\/netverslun.thjodminjasafn.is\\\/verslun\\\/gjafir\\\/honnun\\\/snyrtibudda-konur-vid-olfusa\\\/#primaryimage\",\"url\":\"https:\\\/\\\/netverslun.thjodminjasafn.is\\\/wp-content\\\/uploads\\\/2024\\\/06\\\/Snyrtibudda_-e1725539745414.png\",\"contentUrl\":\"https:\\\/\\\/netverslun.thjodminjasafn.is\\\/wp-content\\\/uploads\\\/2024\\\/06\\\/Snyrtibudda_-e1725539745414.png\",\"width\":1200,\"height\":698,\"caption\":\"Snyrtibudda, lj\u00f3smynd Konur vi\u00f0 \u00f6lfus\u00e1\"},{\"@type\":\"BreadcrumbList\",\"@id\":\"https:\\\/\\\/netverslun.thjodminjasafn.is\\\/verslun\\\/gjafir\\\/honnun\\\/snyrtibudda-konur-vid-olfusa\\\/#breadcrumb\",\"itemListElement\":[{\"@type\":\"ListItem\",\"position\":1,\"name\":\"Home\",\"item\":\"https:\\\/\\\/netverslun.thjodminjasafn.is\\\/\"},{\"@type\":\"ListItem\",\"position\":2,\"name\":\"Verslun\",\"item\":\"https:\\\/\\\/netverslun.thjodminjasafn.is\\\/verslun\\\/\"},{\"@type\":\"ListItem\",\"position\":3,\"name\":\"Snyrtibudda &#8211; Konur vi\u00f0 \u00d6lfus\u00e1\"}]},{\"@type\":\"WebSite\",\"@id\":\"https:\\\/\\\/netverslun.thjodminjasafn.is\\\/#website\",\"url\":\"https:\\\/\\\/netverslun.thjodminjasafn.is\\\/\",\"name\":\"\u00dej\u00f3\u00f0minjasafn \u00cdslands\",\"description\":\"Vefverslun \u00dej\u00f3\u00f0minjasafnsins\",\"publisher\":{\"@id\":\"https:\\\/\\\/netverslun.thjodminjasafn.is\\\/#organization\"},\"potentialAction\":[{\"@type\":\"SearchAction\",\"target\":{\"@type\":\"EntryPoint\",\"urlTemplate\":\"https:\\\/\\\/netverslun.thjodminjasafn.is\\\/?s={search_term_string}\"},\"query-input\":{\"@type\":\"PropertyValueSpecification\",\"valueRequired\":true,\"valueName\":\"search_term_string\"}}],\"inLanguage\":\"en-US\"},{\"@type\":\"Organization\",\"@id\":\"https:\\\/\\\/netverslun.thjodminjasafn.is\\\/#organization\",\"name\":\"\u00dej\u00f3\u00f0minjasafn \u00cdslands\",\"url\":\"https:\\\/\\\/netverslun.thjodminjasafn.is\\\/\",\"logo\":{\"@type\":\"ImageObject\",\"inLanguage\":\"en-US\",\"@id\":\"https:\\\/\\\/netverslun.thjodminjasafn.is\\\/#\\\/schema\\\/logo\\\/image\\\/\",\"url\":\"https:\\\/\\\/netverslun.thjodminjasafn.is\\\/wp-content\\\/uploads\\\/2020\\\/02\\\/sitelogo.svg\",\"contentUrl\":\"https:\\\/\\\/netverslun.thjodminjasafn.is\\\/wp-content\\\/uploads\\\/2020\\\/02\\\/sitelogo.svg\",\"width\":599,\"height\":248,\"caption\":\"\u00dej\u00f3\u00f0minjasafn \u00cdslands\"},\"image\":{\"@id\":\"https:\\\/\\\/netverslun.thjodminjasafn.is\\\/#\\\/schema\\\/logo\\\/image\\\/\"},\"sameAs\":[\"https:\\\/\\\/www.facebook.com\\\/thjodminjasafn\",\"https:\\\/\\\/www.instagram.com\\\/nationalmuseumoficeland\\\/\"]}]}<\/script>\n<!-- \/ Yoast SEO plugin. -->","yoast_head_json":{"title":"Snyrtibudda - Konur vi\u00f0 \u00d6lfus\u00e1 - \u00dej\u00f3\u00f0minjasafn \u00cdslands","description":"Snyrtibudda me\u00f0 lj\u00f3smynd eftir Sigr\u00ed\u00f0i Z\u00f6ega\u00a0 \"Konur vi\u00f0 \u00d6lfus\u00e1\" Hentar vel \u00ed fer\u00f0alagi\u00f0.","robots":{"index":"index","follow":"follow","max-snippet":"max-snippet:-1","max-image-preview":"max-image-preview:large","max-video-preview":"max-video-preview:-1"},"canonical":"https:\/\/netverslun.thjodminjasafn.is\/en\/verslun\/gjafir\/honnun\/snyrtibudda-konur-vid-olfusa\/","og_locale":"en_US","og_type":"article","og_title":"Snyrtibudda - Konur vi\u00f0 \u00d6lfus\u00e1 - \u00dej\u00f3\u00f0minjasafn \u00cdslands","og_description":"Snyrtibudda me\u00f0 lj\u00f3smynd eftir Sigr\u00ed\u00f0i Z\u00f6ega\u00a0 \"Konur vi\u00f0 \u00d6lfus\u00e1\" Hentar vel \u00ed fer\u00f0alagi\u00f0.","og_url":"https:\/\/netverslun.thjodminjasafn.is\/en\/verslun\/gjafir\/honnun\/snyrtibudda-konur-vid-olfusa\/","og_site_name":"\u00dej\u00f3\u00f0minjasafn \u00cdslands","article_publisher":"https:\/\/www.facebook.com\/thjodminjasafn","article_modified_time":"2026-03-22T16:34:02+00:00","og_image":[{"width":1200,"height":698,"url":"https:\/\/netverslun.thjodminjasafn.is\/wp-content\/uploads\/2024\/06\/Snyrtibudda_-e1725539745414.png","type":"image\/png"}],"twitter_card":"summary_large_image","twitter_misc":{"Est. reading time":"1 minute"},"schema":{"@context":"https:\/\/schema.org","@graph":[{"@type":"WebPage","@id":"https:\/\/netverslun.thjodminjasafn.is\/verslun\/gjafir\/honnun\/snyrtibudda-konur-vid-olfusa\/","url":"https:\/\/netverslun.thjodminjasafn.is\/verslun\/gjafir\/honnun\/snyrtibudda-konur-vid-olfusa\/","name":"Snyrtibudda - Konur vi\u00f0 \u00d6lfus\u00e1 - \u00dej\u00f3\u00f0minjasafn \u00cdslands","isPartOf":{"@id":"https:\/\/netverslun.thjodminjasafn.is\/#website"},"primaryImageOfPage":{"@id":"https:\/\/netverslun.thjodminjasafn.is\/verslun\/gjafir\/honnun\/snyrtibudda-konur-vid-olfusa\/#primaryimage"},"image":{"@id":"https:\/\/netverslun.thjodminjasafn.is\/verslun\/gjafir\/honnun\/snyrtibudda-konur-vid-olfusa\/#primaryimage"},"thumbnailUrl":"https:\/\/netverslun.thjodminjasafn.is\/wp-content\/uploads\/2024\/06\/Snyrtibudda_-e1725539745414.png","datePublished":"2024-06-27T14:44:24+00:00","dateModified":"2026-03-22T16:34:02+00:00","description":"Snyrtibudda me\u00f0 lj\u00f3smynd eftir Sigr\u00ed\u00f0i Z\u00f6ega\u00a0 \"Konur vi\u00f0 \u00d6lfus\u00e1\" Hentar vel \u00ed fer\u00f0alagi\u00f0.","breadcrumb":{"@id":"https:\/\/netverslun.thjodminjasafn.is\/verslun\/gjafir\/honnun\/snyrtibudda-konur-vid-olfusa\/#breadcrumb"},"inLanguage":"en-US","potentialAction":[{"@type":"ReadAction","target":["https:\/\/netverslun.thjodminjasafn.is\/verslun\/gjafir\/honnun\/snyrtibudda-konur-vid-olfusa\/"]}]},{"@type":"ImageObject","inLanguage":"en-US","@id":"https:\/\/netverslun.thjodminjasafn.is\/verslun\/gjafir\/honnun\/snyrtibudda-konur-vid-olfusa\/#primaryimage","url":"https:\/\/netverslun.thjodminjasafn.is\/wp-content\/uploads\/2024\/06\/Snyrtibudda_-e1725539745414.png","contentUrl":"https:\/\/netverslun.thjodminjasafn.is\/wp-content\/uploads\/2024\/06\/Snyrtibudda_-e1725539745414.png","width":1200,"height":698,"caption":"Snyrtibudda, lj\u00f3smynd Konur vi\u00f0 \u00f6lfus\u00e1"},{"@type":"BreadcrumbList","@id":"https:\/\/netverslun.thjodminjasafn.is\/verslun\/gjafir\/honnun\/snyrtibudda-konur-vid-olfusa\/#breadcrumb","itemListElement":[{"@type":"ListItem","position":1,"name":"Home","item":"https:\/\/netverslun.thjodminjasafn.is\/"},{"@type":"ListItem","position":2,"name":"Verslun","item":"https:\/\/netverslun.thjodminjasafn.is\/verslun\/"},{"@type":"ListItem","position":3,"name":"Snyrtibudda &#8211; Konur vi\u00f0 \u00d6lfus\u00e1"}]},{"@type":"WebSite","@id":"https:\/\/netverslun.thjodminjasafn.is\/#website","url":"https:\/\/netverslun.thjodminjasafn.is\/","name":"\u00dej\u00f3\u00f0minjasafn \u00cdslands","description":"National Museum of Iceland webstore","publisher":{"@id":"https:\/\/netverslun.thjodminjasafn.is\/#organization"},"potentialAction":[{"@type":"SearchAction","target":{"@type":"EntryPoint","urlTemplate":"https:\/\/netverslun.thjodminjasafn.is\/?s={search_term_string}"},"query-input":{"@type":"PropertyValueSpecification","valueRequired":true,"valueName":"search_term_string"}}],"inLanguage":"en-US"},{"@type":"Organization","@id":"https:\/\/netverslun.thjodminjasafn.is\/#organization","name":"\u00dej\u00f3\u00f0minjasafn \u00cdslands","url":"https:\/\/netverslun.thjodminjasafn.is\/","logo":{"@type":"ImageObject","inLanguage":"en-US","@id":"https:\/\/netverslun.thjodminjasafn.is\/#\/schema\/logo\/image\/","url":"https:\/\/netverslun.thjodminjasafn.is\/wp-content\/uploads\/2020\/02\/sitelogo.svg","contentUrl":"https:\/\/netverslun.thjodminjasafn.is\/wp-content\/uploads\/2020\/02\/sitelogo.svg","width":599,"height":248,"caption":"\u00dej\u00f3\u00f0minjasafn \u00cdslands"},"image":{"@id":"https:\/\/netverslun.thjodminjasafn.is\/#\/schema\/logo\/image\/"},"sameAs":["https:\/\/www.facebook.com\/thjodminjasafn","https:\/\/www.instagram.com\/nationalmuseumoficeland\/"]}]}},"_links":{"self":[{"href":"https:\/\/netverslun.thjodminjasafn.is\/en\/wp-json\/wp\/v2\/product\/8091","targetHints":{"allow":["GET"]}}],"collection":[{"href":"https:\/\/netverslun.thjodminjasafn.is\/en\/wp-json\/wp\/v2\/product"}],"about":[{"href":"https:\/\/netverslun.thjodminjasafn.is\/en\/wp-json\/wp\/v2\/types\/product"}],"version-history":[{"count":2,"href":"https:\/\/netverslun.thjodminjasafn.is\/en\/wp-json\/wp\/v2\/product\/8091\/revisions"}],"predecessor-version":[{"id":9332,"href":"https:\/\/netverslun.thjodminjasafn.is\/en\/wp-json\/wp\/v2\/product\/8091\/revisions\/9332"}],"wp:featuredmedia":[{"embeddable":true,"href":"https:\/\/netverslun.thjodminjasafn.is\/en\/wp-json\/wp\/v2\/media\/8097"}],"wp:attachment":[{"href":"https:\/\/netverslun.thjodminjasafn.is\/en\/wp-json\/wp\/v2\/media?parent=8091"}],"wp:term":[{"taxonomy":"product_brand","embeddable":true,"href":"https:\/\/netverslun.thjodminjasafn.is\/en\/wp-json\/wp\/v2\/product_brand?post=8091"},{"taxonomy":"product_cat","embeddable":true,"href":"https:\/\/netverslun.thjodminjasafn.is\/en\/wp-json\/wp\/v2\/product_cat?post=8091"},{"taxonomy":"product_tag","embeddable":true,"href":"https:\/\/netverslun.thjodminjasafn.is\/en\/wp-json\/wp\/v2\/product_tag?post=8091"}],"curies":[{"name":"wp","href":"https:\/\/api.w.org\/{rel}","templated":true}]}}