{"id":7568,"date":"2023-11-02T11:46:41","date_gmt":"2023-11-02T11:46:41","guid":{"rendered":"https:\/\/netverslun.thjodminjasafn.is\/?post_type=product&#038;p=7568"},"modified":"2025-08-14T03:19:35","modified_gmt":"2025-08-14T03:19:35","slug":"utsaumur-refilsaumur-fletta-af-draflastadaklaedinu","status":"publish","type":"product","link":"https:\/\/netverslun.thjodminjasafn.is\/en\/verslun\/syningar\/bogasalur\/utsaumur-refilsaumur-fletta-af-draflastadaklaedinu\/","title":{"rendered":"Laid and couched embroidery weave from Draflasta\u00f0aklaedi"},"content":{"rendered":"<p>\u00datsaumur &#8211; Refilsaumur, fl\u00e9tta af Draflasta\u00f0akl\u00e6\u00f0inu, falleg \u00ed ramma st\u00e6r\u00f0in er 7 x 25 cm.\u00a0 Refilsaumur er merkasta \u00edslenska saumger\u00f0in, \u00fatsaumur eftir frj\u00e1lsum \u00e1teiknu\u00f0um mynstum sem \u00feekktastur er af altariskl\u00e6\u00f0um fr\u00e1 s\u00ed\u00f0mi\u00f0\u00f6ldum. Heiti\u00f0 refilsaumur \u00feekkist a\u00f0eins \u00far \u00edslenskum heimildum.\u00a0 Refilsaumur dregur nafn sitt af reflum, en reflar voru l\u00f6ng, tilt\u00f6lulega mj\u00f3, l\u00e1r\u00e9tt veggtj\u00f6ld er h\u00f6f\u00f0 voru til a\u00f0 tjalda innan h\u00edb\u00fdli manna og kirkjur \u00e1 mi\u00f0\u00f6ldum.<\/p>\n<p>This is laid and crouched embroidery of a Weaving from an altar frontal from Draflasta\u00f0ir<\/p>\n<p>You can see the original altar frontal at the exhibition <a href=\"https:\/\/www.thjodminjasafn.is\/english\/for-visitors\/the-national-museum\/visitor-informations\/events-exhibitions\/creative-hands\" target=\"_blank\" rel=\"noopener\"><em>Creative hands<\/em><\/a><\/p>\n<p>You can read more about icelandic laid -and-crouched embroidery here in this new beautiful book \"<em>Creative hands<\/em>that yo can get in our web shop <a href=\"https:\/\/netverslun.thjodminjasafn.is\/en\/verslun\/syningar\/bogasalur\/med-verkum-handanna\/\" target=\"_blank\" rel=\"noopener\">here.<\/a><\/p>\n<p>The package contains white linen with the pattern printed on it, yarn and a needle. Instructions are included.<\/p>","protected":false},"excerpt":{"rendered":"<p>Laid and couched embroidery weave from Draflasta\u00f0aklaedi<\/p>","protected":false},"featured_media":7539,"template":"","meta":{"site-sidebar-layout":"default","site-content-layout":"default","ast-site-content-layout":"default","site-content-style":"default","site-sidebar-style":"default","ast-global-header-display":"","ast-banner-title-visibility":"","ast-main-header-display":"","ast-hfb-above-header-display":"","ast-hfb-below-header-display":"","ast-hfb-mobile-header-display":"","site-post-title":"","ast-breadcrumbs-content":"","ast-featured-img":"","footer-sml-layout":"","ast-disable-related-posts":"","theme-transparent-header-meta":"default","adv-header-id-meta":"","stick-header-meta":"default","header-above-stick-meta":"","header-main-stick-meta":"","header-below-stick-meta":"","astra-migrate-meta-layouts":"set","ast-page-background-enabled":"default","ast-page-background-meta":{"desktop":{"background-color":"","background-image":"","background-repeat":"repeat","background-position":"center center","background-size":"auto","background-attachment":"scroll","background-type":"","background-media":"","overlay-type":"","overlay-color":"","overlay-opacity":"","overlay-gradient":""},"tablet":{"background-color":"","background-image":"","background-repeat":"repeat","background-position":"center center","background-size":"auto","background-attachment":"scroll","background-type":"","background-media":"","overlay-type":"","overlay-color":"","overlay-opacity":"","overlay-gradient":""},"mobile":{"background-color":"","background-image":"","background-repeat":"repeat","background-position":"center center","background-size":"auto","background-attachment":"scroll","background-type":"","background-media":"","overlay-type":"","overlay-color":"","overlay-opacity":"","overlay-gradient":""}},"ast-content-background-meta":{"desktop":{"background-color":"var(--ast-global-color-5)","background-image":"","background-repeat":"repeat","background-position":"center center","background-size":"auto","background-attachment":"scroll","background-type":"","background-media":"","overlay-type":"","overlay-color":"","overlay-opacity":"","overlay-gradient":""},"tablet":{"background-color":"var(--ast-global-color-5)","background-image":"","background-repeat":"repeat","background-position":"center center","background-size":"auto","background-attachment":"scroll","background-type":"","background-media":"","overlay-type":"","overlay-color":"","overlay-opacity":"","overlay-gradient":""},"mobile":{"background-color":"var(--ast-global-color-5)","background-image":"","background-repeat":"repeat","background-position":"center center","background-size":"auto","background-attachment":"scroll","background-type":"","background-media":"","overlay-type":"","overlay-color":"","overlay-opacity":"","overlay-gradient":""}}},"product_brand":[],"product_cat":[71,60,40,61,37,68,50,39],"product_tag":[256],"class_list":{"0":"post-7568","1":"product","2":"type-product","3":"status-publish","4":"has-post-thumbnail","6":"product_cat-bogasalur","7":"product_cat-gjafir","8":"product_cat-gjafavara","9":"product_cat-honnun","10":"product_cat-minjagripir","11":"product_cat-syningar","12":"product_cat-klaedi","13":"product_cat-textill","14":"product_tag-refilsaumur","15":"desktop-align-left","16":"tablet-align-left","17":"mobile-align-left","18":"ast-product-gallery-layout-vertical","19":"ast-product-tabs-layout-vertical","21":"first","22":"instock","23":"shipping-taxable","24":"purchasable","25":"product-type-simple"},"yoast_head":"<!-- This site is optimized with the Yoast SEO plugin v27.5 - https:\/\/yoast.com\/product\/yoast-seo-wordpress\/ -->\n<title>\u00datsaumur - Refilsaumur, fl\u00e9tta af Draflasta\u00f0akl\u00e6\u00f0inu - \u00dej\u00f3\u00f0minjasafn \u00cdslands<\/title>\n<meta name=\"description\" content=\"\u00datsaumur - Refilsaumur, fl\u00e9tta af Draflasta\u00f0akl\u00e6\u00f0inu. Refilsaumur er saumspor sem var nota\u00f0 til a\u00f0 sauma myndir i kirkjukl\u00e6\u00f0i.\" \/>\n<meta name=\"robots\" content=\"index, follow, max-snippet:-1, max-image-preview:large, max-video-preview:-1\" \/>\n<link rel=\"canonical\" href=\"https:\/\/netverslun.thjodminjasafn.is\/en\/verslun\/syningar\/bogasalur\/utsaumur-refilsaumur-fletta-af-draflastadaklaedinu\/\" \/>\n<meta property=\"og:locale\" content=\"en_US\" \/>\n<meta property=\"og:type\" content=\"article\" \/>\n<meta property=\"og:title\" content=\"\u00datsaumur - Refilsaumur, fl\u00e9tta af Draflasta\u00f0akl\u00e6\u00f0inu - \u00dej\u00f3\u00f0minjasafn \u00cdslands\" \/>\n<meta property=\"og:description\" content=\"\u00datsaumur - Refilsaumur, fl\u00e9tta af Draflasta\u00f0akl\u00e6\u00f0inu. Refilsaumur er saumspor sem var nota\u00f0 til a\u00f0 sauma myndir i kirkjukl\u00e6\u00f0i.\" \/>\n<meta property=\"og:url\" content=\"https:\/\/netverslun.thjodminjasafn.is\/en\/verslun\/syningar\/bogasalur\/utsaumur-refilsaumur-fletta-af-draflastadaklaedinu\/\" \/>\n<meta property=\"og:site_name\" content=\"\u00dej\u00f3\u00f0minjasafn \u00cdslands\" \/>\n<meta property=\"article:publisher\" content=\"https:\/\/www.facebook.com\/thjodminjasafn\" \/>\n<meta property=\"article:modified_time\" content=\"2025-08-14T03:19:35+00:00\" \/>\n<meta property=\"og:image\" content=\"https:\/\/netverslun.thjodminjasafn.is\/wp-content\/uploads\/2023\/10\/Fletta-1-1024x1024.png.jpg\" \/>\n\t<meta property=\"og:image:width\" content=\"1024\" \/>\n\t<meta property=\"og:image:height\" content=\"1024\" \/>\n\t<meta property=\"og:image:type\" content=\"image\/png\" \/>\n<meta name=\"twitter:card\" content=\"summary_large_image\" \/>\n<meta name=\"twitter:label1\" content=\"Est. reading time\" \/>\n\t<meta name=\"twitter:data1\" content=\"1 minute\" \/>\n<script type=\"application\/ld+json\" class=\"yoast-schema-graph\">{\"@context\":\"https:\\\/\\\/schema.org\",\"@graph\":[{\"@type\":\"WebPage\",\"@id\":\"https:\\\/\\\/netverslun.thjodminjasafn.is\\\/verslun\\\/syningar\\\/bogasalur\\\/utsaumur-refilsaumur-fletta-af-draflastadaklaedinu\\\/\",\"url\":\"https:\\\/\\\/netverslun.thjodminjasafn.is\\\/verslun\\\/syningar\\\/bogasalur\\\/utsaumur-refilsaumur-fletta-af-draflastadaklaedinu\\\/\",\"name\":\"\u00datsaumur - Refilsaumur, fl\u00e9tta af Draflasta\u00f0akl\u00e6\u00f0inu - \u00dej\u00f3\u00f0minjasafn \u00cdslands\",\"isPartOf\":{\"@id\":\"https:\\\/\\\/netverslun.thjodminjasafn.is\\\/#website\"},\"primaryImageOfPage\":{\"@id\":\"https:\\\/\\\/netverslun.thjodminjasafn.is\\\/verslun\\\/syningar\\\/bogasalur\\\/utsaumur-refilsaumur-fletta-af-draflastadaklaedinu\\\/#primaryimage\"},\"image\":{\"@id\":\"https:\\\/\\\/netverslun.thjodminjasafn.is\\\/verslun\\\/syningar\\\/bogasalur\\\/utsaumur-refilsaumur-fletta-af-draflastadaklaedinu\\\/#primaryimage\"},\"thumbnailUrl\":\"https:\\\/\\\/netverslun.thjodminjasafn.is\\\/wp-content\\\/uploads\\\/2023\\\/10\\\/Fletta-1.png\",\"datePublished\":\"2023-11-02T11:46:41+00:00\",\"dateModified\":\"2025-08-14T03:19:35+00:00\",\"description\":\"\u00datsaumur - Refilsaumur, fl\u00e9tta af Draflasta\u00f0akl\u00e6\u00f0inu. Refilsaumur er saumspor sem var nota\u00f0 til a\u00f0 sauma myndir i kirkjukl\u00e6\u00f0i.\",\"breadcrumb\":{\"@id\":\"https:\\\/\\\/netverslun.thjodminjasafn.is\\\/verslun\\\/syningar\\\/bogasalur\\\/utsaumur-refilsaumur-fletta-af-draflastadaklaedinu\\\/#breadcrumb\"},\"inLanguage\":\"en-US\",\"potentialAction\":[{\"@type\":\"ReadAction\",\"target\":[\"https:\\\/\\\/netverslun.thjodminjasafn.is\\\/verslun\\\/syningar\\\/bogasalur\\\/utsaumur-refilsaumur-fletta-af-draflastadaklaedinu\\\/\"]}]},{\"@type\":\"ImageObject\",\"inLanguage\":\"en-US\",\"@id\":\"https:\\\/\\\/netverslun.thjodminjasafn.is\\\/verslun\\\/syningar\\\/bogasalur\\\/utsaumur-refilsaumur-fletta-af-draflastadaklaedinu\\\/#primaryimage\",\"url\":\"https:\\\/\\\/netverslun.thjodminjasafn.is\\\/wp-content\\\/uploads\\\/2023\\\/10\\\/Fletta-1.png\",\"contentUrl\":\"https:\\\/\\\/netverslun.thjodminjasafn.is\\\/wp-content\\\/uploads\\\/2023\\\/10\\\/Fletta-1.png\",\"width\":2560,\"height\":1549,\"caption\":\"\u00datsaumur - Refilsaumur, fl\u00e9tta af Draflasta\u00f0akl\u00e6\u00f0inu\"},{\"@type\":\"BreadcrumbList\",\"@id\":\"https:\\\/\\\/netverslun.thjodminjasafn.is\\\/verslun\\\/syningar\\\/bogasalur\\\/utsaumur-refilsaumur-fletta-af-draflastadaklaedinu\\\/#breadcrumb\",\"itemListElement\":[{\"@type\":\"ListItem\",\"position\":1,\"name\":\"Home\",\"item\":\"https:\\\/\\\/netverslun.thjodminjasafn.is\\\/\"},{\"@type\":\"ListItem\",\"position\":2,\"name\":\"Verslun\",\"item\":\"https:\\\/\\\/netverslun.thjodminjasafn.is\\\/verslun\\\/\"},{\"@type\":\"ListItem\",\"position\":3,\"name\":\"\u00datsaumur &#8211; Refilsaumur, fl\u00e9tta af Draflasta\u00f0akl\u00e6\u00f0inu\"}]},{\"@type\":\"WebSite\",\"@id\":\"https:\\\/\\\/netverslun.thjodminjasafn.is\\\/#website\",\"url\":\"https:\\\/\\\/netverslun.thjodminjasafn.is\\\/\",\"name\":\"\u00dej\u00f3\u00f0minjasafn \u00cdslands\",\"description\":\"Vefverslun \u00dej\u00f3\u00f0minjasafnsins\",\"publisher\":{\"@id\":\"https:\\\/\\\/netverslun.thjodminjasafn.is\\\/#organization\"},\"potentialAction\":[{\"@type\":\"SearchAction\",\"target\":{\"@type\":\"EntryPoint\",\"urlTemplate\":\"https:\\\/\\\/netverslun.thjodminjasafn.is\\\/?s={search_term_string}\"},\"query-input\":{\"@type\":\"PropertyValueSpecification\",\"valueRequired\":true,\"valueName\":\"search_term_string\"}}],\"inLanguage\":\"en-US\"},{\"@type\":\"Organization\",\"@id\":\"https:\\\/\\\/netverslun.thjodminjasafn.is\\\/#organization\",\"name\":\"\u00dej\u00f3\u00f0minjasafn \u00cdslands\",\"url\":\"https:\\\/\\\/netverslun.thjodminjasafn.is\\\/\",\"logo\":{\"@type\":\"ImageObject\",\"inLanguage\":\"en-US\",\"@id\":\"https:\\\/\\\/netverslun.thjodminjasafn.is\\\/#\\\/schema\\\/logo\\\/image\\\/\",\"url\":\"https:\\\/\\\/netverslun.thjodminjasafn.is\\\/wp-content\\\/uploads\\\/2020\\\/02\\\/sitelogo.svg\",\"contentUrl\":\"https:\\\/\\\/netverslun.thjodminjasafn.is\\\/wp-content\\\/uploads\\\/2020\\\/02\\\/sitelogo.svg\",\"width\":599,\"height\":248,\"caption\":\"\u00dej\u00f3\u00f0minjasafn \u00cdslands\"},\"image\":{\"@id\":\"https:\\\/\\\/netverslun.thjodminjasafn.is\\\/#\\\/schema\\\/logo\\\/image\\\/\"},\"sameAs\":[\"https:\\\/\\\/www.facebook.com\\\/thjodminjasafn\",\"https:\\\/\\\/www.instagram.com\\\/nationalmuseumoficeland\\\/\"]}]}<\/script>\n<!-- \/ Yoast SEO plugin. -->","yoast_head_json":{"title":"\u00datsaumur - Refilsaumur, fl\u00e9tta af Draflasta\u00f0akl\u00e6\u00f0inu - \u00dej\u00f3\u00f0minjasafn \u00cdslands","description":"\u00datsaumur - Refilsaumur, fl\u00e9tta af Draflasta\u00f0akl\u00e6\u00f0inu. Refilsaumur er saumspor sem var nota\u00f0 til a\u00f0 sauma myndir i kirkjukl\u00e6\u00f0i.","robots":{"index":"index","follow":"follow","max-snippet":"max-snippet:-1","max-image-preview":"max-image-preview:large","max-video-preview":"max-video-preview:-1"},"canonical":"https:\/\/netverslun.thjodminjasafn.is\/en\/verslun\/syningar\/bogasalur\/utsaumur-refilsaumur-fletta-af-draflastadaklaedinu\/","og_locale":"en_US","og_type":"article","og_title":"\u00datsaumur - Refilsaumur, fl\u00e9tta af Draflasta\u00f0akl\u00e6\u00f0inu - \u00dej\u00f3\u00f0minjasafn \u00cdslands","og_description":"\u00datsaumur - Refilsaumur, fl\u00e9tta af Draflasta\u00f0akl\u00e6\u00f0inu. Refilsaumur er saumspor sem var nota\u00f0 til a\u00f0 sauma myndir i kirkjukl\u00e6\u00f0i.","og_url":"https:\/\/netverslun.thjodminjasafn.is\/en\/verslun\/syningar\/bogasalur\/utsaumur-refilsaumur-fletta-af-draflastadaklaedinu\/","og_site_name":"\u00dej\u00f3\u00f0minjasafn \u00cdslands","article_publisher":"https:\/\/www.facebook.com\/thjodminjasafn","article_modified_time":"2025-08-14T03:19:35+00:00","og_image":[{"width":1024,"height":1024,"url":"https:\/\/netverslun.thjodminjasafn.is\/wp-content\/uploads\/2023\/10\/Fletta-1-1024x1024.png.jpg","type":"image\/png"}],"twitter_card":"summary_large_image","twitter_misc":{"Est. reading time":"1 minute"},"schema":{"@context":"https:\/\/schema.org","@graph":[{"@type":"WebPage","@id":"https:\/\/netverslun.thjodminjasafn.is\/verslun\/syningar\/bogasalur\/utsaumur-refilsaumur-fletta-af-draflastadaklaedinu\/","url":"https:\/\/netverslun.thjodminjasafn.is\/verslun\/syningar\/bogasalur\/utsaumur-refilsaumur-fletta-af-draflastadaklaedinu\/","name":"\u00datsaumur - Refilsaumur, fl\u00e9tta af Draflasta\u00f0akl\u00e6\u00f0inu - \u00dej\u00f3\u00f0minjasafn \u00cdslands","isPartOf":{"@id":"https:\/\/netverslun.thjodminjasafn.is\/#website"},"primaryImageOfPage":{"@id":"https:\/\/netverslun.thjodminjasafn.is\/verslun\/syningar\/bogasalur\/utsaumur-refilsaumur-fletta-af-draflastadaklaedinu\/#primaryimage"},"image":{"@id":"https:\/\/netverslun.thjodminjasafn.is\/verslun\/syningar\/bogasalur\/utsaumur-refilsaumur-fletta-af-draflastadaklaedinu\/#primaryimage"},"thumbnailUrl":"https:\/\/netverslun.thjodminjasafn.is\/wp-content\/uploads\/2023\/10\/Fletta-1.png","datePublished":"2023-11-02T11:46:41+00:00","dateModified":"2025-08-14T03:19:35+00:00","description":"\u00datsaumur - Refilsaumur, fl\u00e9tta af Draflasta\u00f0akl\u00e6\u00f0inu. Refilsaumur er saumspor sem var nota\u00f0 til a\u00f0 sauma myndir i kirkjukl\u00e6\u00f0i.","breadcrumb":{"@id":"https:\/\/netverslun.thjodminjasafn.is\/verslun\/syningar\/bogasalur\/utsaumur-refilsaumur-fletta-af-draflastadaklaedinu\/#breadcrumb"},"inLanguage":"en-US","potentialAction":[{"@type":"ReadAction","target":["https:\/\/netverslun.thjodminjasafn.is\/verslun\/syningar\/bogasalur\/utsaumur-refilsaumur-fletta-af-draflastadaklaedinu\/"]}]},{"@type":"ImageObject","inLanguage":"en-US","@id":"https:\/\/netverslun.thjodminjasafn.is\/verslun\/syningar\/bogasalur\/utsaumur-refilsaumur-fletta-af-draflastadaklaedinu\/#primaryimage","url":"https:\/\/netverslun.thjodminjasafn.is\/wp-content\/uploads\/2023\/10\/Fletta-1.png","contentUrl":"https:\/\/netverslun.thjodminjasafn.is\/wp-content\/uploads\/2023\/10\/Fletta-1.png","width":2560,"height":1549,"caption":"\u00datsaumur - Refilsaumur, fl\u00e9tta af Draflasta\u00f0akl\u00e6\u00f0inu"},{"@type":"BreadcrumbList","@id":"https:\/\/netverslun.thjodminjasafn.is\/verslun\/syningar\/bogasalur\/utsaumur-refilsaumur-fletta-af-draflastadaklaedinu\/#breadcrumb","itemListElement":[{"@type":"ListItem","position":1,"name":"Home","item":"https:\/\/netverslun.thjodminjasafn.is\/"},{"@type":"ListItem","position":2,"name":"Verslun","item":"https:\/\/netverslun.thjodminjasafn.is\/verslun\/"},{"@type":"ListItem","position":3,"name":"\u00datsaumur &#8211; Refilsaumur, fl\u00e9tta af Draflasta\u00f0akl\u00e6\u00f0inu"}]},{"@type":"WebSite","@id":"https:\/\/netverslun.thjodminjasafn.is\/#website","url":"https:\/\/netverslun.thjodminjasafn.is\/","name":"\u00dej\u00f3\u00f0minjasafn \u00cdslands","description":"National Museum of Iceland webstore","publisher":{"@id":"https:\/\/netverslun.thjodminjasafn.is\/#organization"},"potentialAction":[{"@type":"SearchAction","target":{"@type":"EntryPoint","urlTemplate":"https:\/\/netverslun.thjodminjasafn.is\/?s={search_term_string}"},"query-input":{"@type":"PropertyValueSpecification","valueRequired":true,"valueName":"search_term_string"}}],"inLanguage":"en-US"},{"@type":"Organization","@id":"https:\/\/netverslun.thjodminjasafn.is\/#organization","name":"\u00dej\u00f3\u00f0minjasafn \u00cdslands","url":"https:\/\/netverslun.thjodminjasafn.is\/","logo":{"@type":"ImageObject","inLanguage":"en-US","@id":"https:\/\/netverslun.thjodminjasafn.is\/#\/schema\/logo\/image\/","url":"https:\/\/netverslun.thjodminjasafn.is\/wp-content\/uploads\/2020\/02\/sitelogo.svg","contentUrl":"https:\/\/netverslun.thjodminjasafn.is\/wp-content\/uploads\/2020\/02\/sitelogo.svg","width":599,"height":248,"caption":"\u00dej\u00f3\u00f0minjasafn \u00cdslands"},"image":{"@id":"https:\/\/netverslun.thjodminjasafn.is\/#\/schema\/logo\/image\/"},"sameAs":["https:\/\/www.facebook.com\/thjodminjasafn","https:\/\/www.instagram.com\/nationalmuseumoficeland\/"]}]}},"_links":{"self":[{"href":"https:\/\/netverslun.thjodminjasafn.is\/en\/wp-json\/wp\/v2\/product\/7568","targetHints":{"allow":["GET"]}}],"collection":[{"href":"https:\/\/netverslun.thjodminjasafn.is\/en\/wp-json\/wp\/v2\/product"}],"about":[{"href":"https:\/\/netverslun.thjodminjasafn.is\/en\/wp-json\/wp\/v2\/types\/product"}],"version-history":[{"count":1,"href":"https:\/\/netverslun.thjodminjasafn.is\/en\/wp-json\/wp\/v2\/product\/7568\/revisions"}],"predecessor-version":[{"id":8770,"href":"https:\/\/netverslun.thjodminjasafn.is\/en\/wp-json\/wp\/v2\/product\/7568\/revisions\/8770"}],"wp:featuredmedia":[{"embeddable":true,"href":"https:\/\/netverslun.thjodminjasafn.is\/en\/wp-json\/wp\/v2\/media\/7539"}],"wp:attachment":[{"href":"https:\/\/netverslun.thjodminjasafn.is\/en\/wp-json\/wp\/v2\/media?parent=7568"}],"wp:term":[{"taxonomy":"product_brand","embeddable":true,"href":"https:\/\/netverslun.thjodminjasafn.is\/en\/wp-json\/wp\/v2\/product_brand?post=7568"},{"taxonomy":"product_cat","embeddable":true,"href":"https:\/\/netverslun.thjodminjasafn.is\/en\/wp-json\/wp\/v2\/product_cat?post=7568"},{"taxonomy":"product_tag","embeddable":true,"href":"https:\/\/netverslun.thjodminjasafn.is\/en\/wp-json\/wp\/v2\/product_tag?post=7568"}],"curies":[{"name":"wp","href":"https:\/\/api.w.org\/{rel}","templated":true}]}}