{"id":6271,"date":"2022-03-31T11:31:33","date_gmt":"2022-03-31T11:31:33","guid":{"rendered":"https:\/\/netverslun.thjodminjasafn.is\/?post_type=product&#038;p=6271"},"modified":"2024-02-26T14:31:03","modified_gmt":"2024-02-26T14:31:03","slug":"nesstofa-vid-seltjorn","status":"publish","type":"product","link":"https:\/\/netverslun.thjodminjasafn.is\/en\/verslun\/lestur\/baekur-a-ensku\/nesstofa-vid-seltjorn\/","title":{"rendered":"Nesstofa vi\u00f0 Seltj\u00f6rn"},"content":{"rendered":"<p><strong>B\u00f3kin Nesstofa vi\u00f0 Seltj\u00f6rn hefur veri\u00f0 tilnefnd til \u00cdslensku b\u00f3kmenntaver\u00f0launanna \u00ed flokknum fr\u00e6\u00f0irit.\u00a0\u00a0<\/strong><\/p>\n<p>Nesstofa vi\u00f0 Seltj\u00f6rn var reist 1761-1767 sem emb\u00e6ttisb\u00fasta\u00f0ur Bjarna P\u00e1lssonar, fyrsta landl\u00e6knisins \u00e1 \u00cdslandi. \u00c1ri\u00f0 1772 var h\u00fasinu skipt milli hans og Bj\u00f6rns J\u00f3nsonar, fyrsta lyfsalans \u00e1 \u00cdslandi. \u00c1ri\u00f0 1834 var h\u00fasi\u00f0 selt og starfsemi landl\u00e6knis og lyfsala flutt til Reykjav\u00edkur.\u00a0 \u00cd \u00feessari b\u00f3k er byggingarsaga Nesstofu rakin og sagt fr\u00e1 helstu breytingum, sem \u00e1 henni voru ger\u00f0ar \u00ed t\u00edmans r\u00e1s, auk \u00feess sem brug\u00f0i\u00f0 er upp svipmyndum af l\u00edfi og st\u00f6rfum f\u00f3lksins \u00ed Nesi eftir \u00fev\u00ed sem heimildir leyfa.<\/p>\n<p>\u00cd \u00feessari b\u00f3k er byggingarsaga Nesstofu rakin og sagt fr\u00e1 helstu breytingum, sem \u00e1 henni voru ger\u00f0ar \u00ed t\u00edmans r\u00e1s, auk \u00feess sem brug\u00f0i\u00f0 er upp svipmyndum af l\u00edfi og st\u00f6rfum f\u00f3lksins \u00ed Nesi eftur \u00fev\u00ed sem heimildir leyfa. \u00de\u00e1 er fjalla\u00f0 \u00edtarlega um um endurreisn h\u00fassins, sem unnin var af \u00dej\u00f3\u00f0minjasafni \u00cdslands \u00ed tveimur \u00e1f\u00f6ngum, 1980-1986 og 2004-2008, me\u00f0 \u00fea\u00f0 markmi\u00f0i a\u00f0 f\u00e6ra h\u00fasi\u00f0 eins n\u00e1l\u00e6gt upprunalegri ger\u00f0 og kostur v\u00e6ri me\u00f0 \u00e1herslu \u00e1 s\u00f6gulegt gildi \u00feess og byggingarlist; veitir s\u00fa fr\u00e1s\u00f6gn inns\u00fdn \u00ed vinnuna vi\u00f0 endurreisn fir\u00f0a\u00f0ra h\u00fasa, byggingars\u00f6gulegarranns\u00f3knir, h\u00f6nnun, og sm\u00ed\u00f0i.<\/p>\n<p>Danski h\u00fasameistarinn Jacob Fortling teikna\u00f0i Nesstofu. \u00cd b\u00f3kinni er r\u00e6kilegt yfirlit yfir h\u00fasager\u00f0 hans \u00e1 heimsl\u00f3\u00f0um, byggingarlist Nesstofu sk\u00fdr\u00f0 me\u00f0 hli\u00f0sj\u00f3n af megin\u00fe\u00e1ttum h\u00fasager\u00f0ar, r\u00fdmi, formi og nytsemd, og \u00f6\u00f0rum mannvirkjum hans \u00e1 \u00cdslandi gefinn gaumur, \u00fea\u00f0 \u00e1 me\u00f0al Bessasta\u00f0astofu, en einnig vi\u00f0byggingum vi\u00f0 H\u00f3lad\u00f3mkirkju, st\u00f6pli og skr\u00fa\u00f0h\u00fasi, sem h\u00f6fundur f\u00e6rir r\u00f6k fyrir a\u00f0 s\u00e9u verk Fortlings.<\/p>\n<p>\u00deorsteinn Gunnarsson er arkitekt fr\u00e1 Listh\u00e1sk\u00f3lanum \u00ed Kaupmannah\u00f6fn og nam einnig byggingarfornleifafr\u00e6\u00f0i vi\u00f0 franska fornleifask\u00f3lann \u00ed A\u00feenu. Hann hefur hanna\u00f0 endurger\u00f0 margra s\u00f6gulegra bygginga, stunda\u00f0 ranns\u00f3knir \u00e1 steinh\u00fasum \u00e1tj\u00e1ndu aldar og \u00edslenskri h\u00fasager\u00f0 +\u00e1 mi\u00f0\u00f6ldum og skrifa\u00f0 b\u00e6kur um hvort tveggja. Hann ritst\u00fdr\u00f0i b\u00f3kaflokknum <a href=\"https:\/\/netverslun.thjodminjasafn.is\/en\/voruflokkur\/lestur\/kirkjur-islands\/\" target=\"_blank\" rel=\"noopener\">Kirkjur \u00edslands<\/a>.<\/p>\n<p>\u00dej\u00f3\u00f0minjasafni\u00f0 gaf \u00fat \u00e1ri\u00f0 2022.<\/p>\n<p>Includes summary in English<\/p>","protected":false},"excerpt":{"rendered":"<p>B\u00f3kin Nesstofa vi\u00f0 Seltj\u00f6rn eftir \u00deorstein Gunnarsson arkitekt hefur veri\u00f0 tilnefndtil \u00cdslensku b\u00f3kmenntaver\u00f0launanna \u00ed flokki fr\u00e6\u00f0irita og b\u00f3ka almenns efnis fyrir \u00e1ri\u00f0 2022.\u00a0 \u00datgefandi er \u00dej\u00f3\u00f0minjasafn \u00cdslands. B\u00e6kurnar eru har\u00f0spjalda en einnig eru til nokkur vi\u00f0hafnareint\u00f6k, strigakl\u00e6dd me\u00f0 lausk\u00e1pu<\/p>\n<p>Includes summary in English<\/p>","protected":false},"featured_media":6938,"template":"","meta":{"site-sidebar-layout":"default","site-content-layout":"default","ast-site-content-layout":"default","site-content-style":"default","site-sidebar-style":"default","ast-global-header-display":"","ast-banner-title-visibility":"","ast-main-header-display":"","ast-hfb-above-header-display":"","ast-hfb-below-header-display":"","ast-hfb-mobile-header-display":"","site-post-title":"","ast-breadcrumbs-content":"","ast-featured-img":"","footer-sml-layout":"","ast-disable-related-posts":"","theme-transparent-header-meta":"default","adv-header-id-meta":"","stick-header-meta":"default","header-above-stick-meta":"","header-main-stick-meta":"","header-below-stick-meta":"","astra-migrate-meta-layouts":"set","ast-page-background-enabled":"default","ast-page-background-meta":{"desktop":{"background-color":"","background-image":"","background-repeat":"repeat","background-position":"center center","background-size":"auto","background-attachment":"scroll","background-type":"","background-media":"","overlay-type":"","overlay-color":"","overlay-opacity":"","overlay-gradient":""},"tablet":{"background-color":"","background-image":"","background-repeat":"repeat","background-position":"center center","background-size":"auto","background-attachment":"scroll","background-type":"","background-media":"","overlay-type":"","overlay-color":"","overlay-opacity":"","overlay-gradient":""},"mobile":{"background-color":"","background-image":"","background-repeat":"repeat","background-position":"center center","background-size":"auto","background-attachment":"scroll","background-type":"","background-media":"","overlay-type":"","overlay-color":"","overlay-opacity":"","overlay-gradient":""}},"ast-content-background-meta":{"desktop":{"background-color":"var(--ast-global-color-5)","background-image":"","background-repeat":"repeat","background-position":"center center","background-size":"auto","background-attachment":"scroll","background-type":"","background-media":"","overlay-type":"","overlay-color":"","overlay-opacity":"","overlay-gradient":""},"tablet":{"background-color":"var(--ast-global-color-5)","background-image":"","background-repeat":"repeat","background-position":"center center","background-size":"auto","background-attachment":"scroll","background-type":"","background-media":"","overlay-type":"","overlay-color":"","overlay-opacity":"","overlay-gradient":""},"mobile":{"background-color":"var(--ast-global-color-5)","background-image":"","background-repeat":"repeat","background-position":"center center","background-size":"auto","background-attachment":"scroll","background-type":"","background-media":"","overlay-type":"","overlay-color":"","overlay-opacity":"","overlay-gradient":""}}},"product_brand":[],"product_cat":[78,46,60,45,37],"product_tag":[],"class_list":{"0":"post-6271","1":"product","2":"type-product","3":"status-publish","4":"has-post-thumbnail","6":"product_cat-baekur-syningar-rit","7":"product_cat-baekur-a-ensku","8":"product_cat-gjafir","9":"product_cat-lestur","10":"product_cat-minjagripir","11":"desktop-align-left","12":"tablet-align-left","13":"mobile-align-left","14":"ast-product-gallery-layout-vertical","15":"ast-product-single-variable","16":"ast-product-tabs-layout-vertical","18":"first","19":"instock","20":"shipping-taxable","21":"purchasable","22":"product-type-variable"},"yoast_head":"<!-- This site is optimized with the Yoast SEO plugin v27.4 - https:\/\/yoast.com\/product\/yoast-seo-wordpress\/ -->\n<title>Nesstofa vi\u00f0 Seltj\u00f6rn - \u00dej\u00f3\u00f0minjasafn \u00cdslands<\/title>\n<meta name=\"description\" content=\"Tilnefnd til \u00edslensku b\u00f3kmenntaver\u00f0launanna 2022, Nesstofa vi\u00f0 Seltj\u00f6rn. Saga h\u00fassins, endurreisn og byggingarlist. \u00deorsteinn Gunnarsson arkitekt skr\u00e1\u00f0i \u00feessa s\u00f6gu. Hann hefur hanna\u00f0 endurger\u00f0 margra s\u00f6gulegra bygginga og stunda\u00f0 ranns\u00f3knir \u00e1 steinh\u00fasum \u00e1tj\u00e1ndu aldar.\" \/>\n<meta name=\"robots\" content=\"index, follow, max-snippet:-1, max-image-preview:large, max-video-preview:-1\" \/>\n<link rel=\"canonical\" href=\"https:\/\/netverslun.thjodminjasafn.is\/en\/verslun\/lestur\/baekur-a-ensku\/nesstofa-vid-seltjorn\/\" \/>\n<meta property=\"og:locale\" content=\"en_US\" \/>\n<meta property=\"og:type\" content=\"article\" \/>\n<meta property=\"og:title\" content=\"Nesstofa vi\u00f0 Seltj\u00f6rn - \u00dej\u00f3\u00f0minjasafn \u00cdslands\" \/>\n<meta property=\"og:description\" content=\"Tilnefnd til \u00edslensku b\u00f3kmenntaver\u00f0launanna 2022, Nesstofa vi\u00f0 Seltj\u00f6rn. Saga h\u00fassins, endurreisn og byggingarlist. \u00deorsteinn Gunnarsson arkitekt skr\u00e1\u00f0i \u00feessa s\u00f6gu. Hann hefur hanna\u00f0 endurger\u00f0 margra s\u00f6gulegra bygginga og stunda\u00f0 ranns\u00f3knir \u00e1 steinh\u00fasum \u00e1tj\u00e1ndu aldar.\" \/>\n<meta property=\"og:url\" content=\"https:\/\/netverslun.thjodminjasafn.is\/en\/verslun\/lestur\/baekur-a-ensku\/nesstofa-vid-seltjorn\/\" \/>\n<meta property=\"og:site_name\" content=\"\u00dej\u00f3\u00f0minjasafn \u00cdslands\" \/>\n<meta property=\"article:publisher\" content=\"https:\/\/www.facebook.com\/thjodminjasafn\" \/>\n<meta property=\"article:modified_time\" content=\"2024-02-26T14:31:03+00:00\" \/>\n<meta property=\"og:image\" content=\"https:\/\/netverslun.thjodminjasafn.is\/wp-content\/uploads\/2022\/03\/nesstofa-med-merkjum.jpeg\" \/>\n\t<meta property=\"og:image:width\" content=\"2000\" \/>\n\t<meta property=\"og:image:height\" content=\"2000\" \/>\n\t<meta property=\"og:image:type\" content=\"image\/jpeg\" \/>\n<meta name=\"twitter:card\" content=\"summary_large_image\" \/>\n<meta name=\"twitter:label1\" content=\"Est. reading time\" \/>\n\t<meta name=\"twitter:data1\" content=\"2 minutes\" \/>\n<script type=\"application\/ld+json\" class=\"yoast-schema-graph\">{\"@context\":\"https:\\\/\\\/schema.org\",\"@graph\":[{\"@type\":\"WebPage\",\"@id\":\"https:\\\/\\\/netverslun.thjodminjasafn.is\\\/en\\\/verslun\\\/lestur\\\/baekur-a-ensku\\\/nesstofa-vid-seltjorn\\\/\",\"url\":\"https:\\\/\\\/netverslun.thjodminjasafn.is\\\/en\\\/verslun\\\/lestur\\\/baekur-a-ensku\\\/nesstofa-vid-seltjorn\\\/\",\"name\":\"Nesstofa vi\u00f0 Seltj\u00f6rn - \u00dej\u00f3\u00f0minjasafn \u00cdslands\",\"isPartOf\":{\"@id\":\"https:\\\/\\\/netverslun.thjodminjasafn.is\\\/#website\"},\"primaryImageOfPage\":{\"@id\":\"https:\\\/\\\/netverslun.thjodminjasafn.is\\\/en\\\/verslun\\\/lestur\\\/baekur-a-ensku\\\/nesstofa-vid-seltjorn\\\/#primaryimage\"},\"image\":{\"@id\":\"https:\\\/\\\/netverslun.thjodminjasafn.is\\\/en\\\/verslun\\\/lestur\\\/baekur-a-ensku\\\/nesstofa-vid-seltjorn\\\/#primaryimage\"},\"thumbnailUrl\":\"https:\\\/\\\/netverslun.thjodminjasafn.is\\\/wp-content\\\/uploads\\\/2022\\\/03\\\/nesstofa-med-merkjum.jpeg\",\"datePublished\":\"2022-03-31T11:31:33+00:00\",\"dateModified\":\"2024-02-26T14:31:03+00:00\",\"description\":\"Tilnefnd til \u00edslensku b\u00f3kmenntaver\u00f0launanna 2022, Nesstofa vi\u00f0 Seltj\u00f6rn. Saga h\u00fassins, endurreisn og byggingarlist. \u00deorsteinn Gunnarsson arkitekt skr\u00e1\u00f0i \u00feessa s\u00f6gu. Hann hefur hanna\u00f0 endurger\u00f0 margra s\u00f6gulegra bygginga og stunda\u00f0 ranns\u00f3knir \u00e1 steinh\u00fasum \u00e1tj\u00e1ndu aldar.\",\"breadcrumb\":{\"@id\":\"https:\\\/\\\/netverslun.thjodminjasafn.is\\\/en\\\/verslun\\\/lestur\\\/baekur-a-ensku\\\/nesstofa-vid-seltjorn\\\/#breadcrumb\"},\"inLanguage\":\"en-US\",\"potentialAction\":[{\"@type\":\"ReadAction\",\"target\":[\"https:\\\/\\\/netverslun.thjodminjasafn.is\\\/en\\\/verslun\\\/lestur\\\/baekur-a-ensku\\\/nesstofa-vid-seltjorn\\\/\"]}]},{\"@type\":\"ImageObject\",\"inLanguage\":\"en-US\",\"@id\":\"https:\\\/\\\/netverslun.thjodminjasafn.is\\\/en\\\/verslun\\\/lestur\\\/baekur-a-ensku\\\/nesstofa-vid-seltjorn\\\/#primaryimage\",\"url\":\"https:\\\/\\\/netverslun.thjodminjasafn.is\\\/wp-content\\\/uploads\\\/2022\\\/03\\\/nesstofa-med-merkjum.jpeg\",\"contentUrl\":\"https:\\\/\\\/netverslun.thjodminjasafn.is\\\/wp-content\\\/uploads\\\/2022\\\/03\\\/nesstofa-med-merkjum.jpeg\",\"width\":2000,\"height\":2000},{\"@type\":\"BreadcrumbList\",\"@id\":\"https:\\\/\\\/netverslun.thjodminjasafn.is\\\/en\\\/verslun\\\/lestur\\\/baekur-a-ensku\\\/nesstofa-vid-seltjorn\\\/#breadcrumb\",\"itemListElement\":[{\"@type\":\"ListItem\",\"position\":1,\"name\":\"Home\",\"item\":\"https:\\\/\\\/netverslun.thjodminjasafn.is\\\/\"},{\"@type\":\"ListItem\",\"position\":2,\"name\":\"Verslun\",\"item\":\"https:\\\/\\\/netverslun.thjodminjasafn.is\\\/verslun\\\/\"},{\"@type\":\"ListItem\",\"position\":3,\"name\":\"Nesstofa vi\u00f0 Seltj\u00f6rn\"}]},{\"@type\":\"WebSite\",\"@id\":\"https:\\\/\\\/netverslun.thjodminjasafn.is\\\/#website\",\"url\":\"https:\\\/\\\/netverslun.thjodminjasafn.is\\\/\",\"name\":\"\u00dej\u00f3\u00f0minjasafn \u00cdslands\",\"description\":\"Vefverslun \u00dej\u00f3\u00f0minjasafnsins\",\"publisher\":{\"@id\":\"https:\\\/\\\/netverslun.thjodminjasafn.is\\\/#organization\"},\"potentialAction\":[{\"@type\":\"SearchAction\",\"target\":{\"@type\":\"EntryPoint\",\"urlTemplate\":\"https:\\\/\\\/netverslun.thjodminjasafn.is\\\/?s={search_term_string}\"},\"query-input\":{\"@type\":\"PropertyValueSpecification\",\"valueRequired\":true,\"valueName\":\"search_term_string\"}}],\"inLanguage\":\"en-US\"},{\"@type\":\"Organization\",\"@id\":\"https:\\\/\\\/netverslun.thjodminjasafn.is\\\/#organization\",\"name\":\"\u00dej\u00f3\u00f0minjasafn \u00cdslands\",\"url\":\"https:\\\/\\\/netverslun.thjodminjasafn.is\\\/\",\"logo\":{\"@type\":\"ImageObject\",\"inLanguage\":\"en-US\",\"@id\":\"https:\\\/\\\/netverslun.thjodminjasafn.is\\\/#\\\/schema\\\/logo\\\/image\\\/\",\"url\":\"https:\\\/\\\/netverslun.thjodminjasafn.is\\\/wp-content\\\/uploads\\\/2020\\\/02\\\/sitelogo.svg\",\"contentUrl\":\"https:\\\/\\\/netverslun.thjodminjasafn.is\\\/wp-content\\\/uploads\\\/2020\\\/02\\\/sitelogo.svg\",\"width\":599,\"height\":248,\"caption\":\"\u00dej\u00f3\u00f0minjasafn \u00cdslands\"},\"image\":{\"@id\":\"https:\\\/\\\/netverslun.thjodminjasafn.is\\\/#\\\/schema\\\/logo\\\/image\\\/\"},\"sameAs\":[\"https:\\\/\\\/www.facebook.com\\\/thjodminjasafn\",\"https:\\\/\\\/www.instagram.com\\\/nationalmuseumoficeland\\\/\"]}]}<\/script>\n<!-- \/ Yoast SEO plugin. -->","yoast_head_json":{"title":"Nesstofa vi\u00f0 Seltj\u00f6rn - \u00dej\u00f3\u00f0minjasafn \u00cdslands","description":"Tilnefnd til \u00edslensku b\u00f3kmenntaver\u00f0launanna 2022, Nesstofa vi\u00f0 Seltj\u00f6rn. Saga h\u00fassins, endurreisn og byggingarlist. \u00deorsteinn Gunnarsson arkitekt skr\u00e1\u00f0i \u00feessa s\u00f6gu. Hann hefur hanna\u00f0 endurger\u00f0 margra s\u00f6gulegra bygginga og stunda\u00f0 ranns\u00f3knir \u00e1 steinh\u00fasum \u00e1tj\u00e1ndu aldar.","robots":{"index":"index","follow":"follow","max-snippet":"max-snippet:-1","max-image-preview":"max-image-preview:large","max-video-preview":"max-video-preview:-1"},"canonical":"https:\/\/netverslun.thjodminjasafn.is\/en\/verslun\/lestur\/baekur-a-ensku\/nesstofa-vid-seltjorn\/","og_locale":"en_US","og_type":"article","og_title":"Nesstofa vi\u00f0 Seltj\u00f6rn - \u00dej\u00f3\u00f0minjasafn \u00cdslands","og_description":"Tilnefnd til \u00edslensku b\u00f3kmenntaver\u00f0launanna 2022, Nesstofa vi\u00f0 Seltj\u00f6rn. Saga h\u00fassins, endurreisn og byggingarlist. \u00deorsteinn Gunnarsson arkitekt skr\u00e1\u00f0i \u00feessa s\u00f6gu. Hann hefur hanna\u00f0 endurger\u00f0 margra s\u00f6gulegra bygginga og stunda\u00f0 ranns\u00f3knir \u00e1 steinh\u00fasum \u00e1tj\u00e1ndu aldar.","og_url":"https:\/\/netverslun.thjodminjasafn.is\/en\/verslun\/lestur\/baekur-a-ensku\/nesstofa-vid-seltjorn\/","og_site_name":"\u00dej\u00f3\u00f0minjasafn \u00cdslands","article_publisher":"https:\/\/www.facebook.com\/thjodminjasafn","article_modified_time":"2024-02-26T14:31:03+00:00","og_image":[{"width":2000,"height":2000,"url":"https:\/\/netverslun.thjodminjasafn.is\/wp-content\/uploads\/2022\/03\/nesstofa-med-merkjum.jpeg","type":"image\/jpeg"}],"twitter_card":"summary_large_image","twitter_misc":{"Est. reading time":"2 minutes"},"schema":{"@context":"https:\/\/schema.org","@graph":[{"@type":"WebPage","@id":"https:\/\/netverslun.thjodminjasafn.is\/en\/verslun\/lestur\/baekur-a-ensku\/nesstofa-vid-seltjorn\/","url":"https:\/\/netverslun.thjodminjasafn.is\/en\/verslun\/lestur\/baekur-a-ensku\/nesstofa-vid-seltjorn\/","name":"Nesstofa vi\u00f0 Seltj\u00f6rn - \u00dej\u00f3\u00f0minjasafn \u00cdslands","isPartOf":{"@id":"https:\/\/netverslun.thjodminjasafn.is\/#website"},"primaryImageOfPage":{"@id":"https:\/\/netverslun.thjodminjasafn.is\/en\/verslun\/lestur\/baekur-a-ensku\/nesstofa-vid-seltjorn\/#primaryimage"},"image":{"@id":"https:\/\/netverslun.thjodminjasafn.is\/en\/verslun\/lestur\/baekur-a-ensku\/nesstofa-vid-seltjorn\/#primaryimage"},"thumbnailUrl":"https:\/\/netverslun.thjodminjasafn.is\/wp-content\/uploads\/2022\/03\/nesstofa-med-merkjum.jpeg","datePublished":"2022-03-31T11:31:33+00:00","dateModified":"2024-02-26T14:31:03+00:00","description":"Tilnefnd til \u00edslensku b\u00f3kmenntaver\u00f0launanna 2022, Nesstofa vi\u00f0 Seltj\u00f6rn. Saga h\u00fassins, endurreisn og byggingarlist. \u00deorsteinn Gunnarsson arkitekt skr\u00e1\u00f0i \u00feessa s\u00f6gu. Hann hefur hanna\u00f0 endurger\u00f0 margra s\u00f6gulegra bygginga og stunda\u00f0 ranns\u00f3knir \u00e1 steinh\u00fasum \u00e1tj\u00e1ndu aldar.","breadcrumb":{"@id":"https:\/\/netverslun.thjodminjasafn.is\/en\/verslun\/lestur\/baekur-a-ensku\/nesstofa-vid-seltjorn\/#breadcrumb"},"inLanguage":"en-US","potentialAction":[{"@type":"ReadAction","target":["https:\/\/netverslun.thjodminjasafn.is\/en\/verslun\/lestur\/baekur-a-ensku\/nesstofa-vid-seltjorn\/"]}]},{"@type":"ImageObject","inLanguage":"en-US","@id":"https:\/\/netverslun.thjodminjasafn.is\/en\/verslun\/lestur\/baekur-a-ensku\/nesstofa-vid-seltjorn\/#primaryimage","url":"https:\/\/netverslun.thjodminjasafn.is\/wp-content\/uploads\/2022\/03\/nesstofa-med-merkjum.jpeg","contentUrl":"https:\/\/netverslun.thjodminjasafn.is\/wp-content\/uploads\/2022\/03\/nesstofa-med-merkjum.jpeg","width":2000,"height":2000},{"@type":"BreadcrumbList","@id":"https:\/\/netverslun.thjodminjasafn.is\/en\/verslun\/lestur\/baekur-a-ensku\/nesstofa-vid-seltjorn\/#breadcrumb","itemListElement":[{"@type":"ListItem","position":1,"name":"Home","item":"https:\/\/netverslun.thjodminjasafn.is\/"},{"@type":"ListItem","position":2,"name":"Verslun","item":"https:\/\/netverslun.thjodminjasafn.is\/verslun\/"},{"@type":"ListItem","position":3,"name":"Nesstofa vi\u00f0 Seltj\u00f6rn"}]},{"@type":"WebSite","@id":"https:\/\/netverslun.thjodminjasafn.is\/#website","url":"https:\/\/netverslun.thjodminjasafn.is\/","name":"\u00dej\u00f3\u00f0minjasafn \u00cdslands","description":"National Museum of Iceland webstore","publisher":{"@id":"https:\/\/netverslun.thjodminjasafn.is\/#organization"},"potentialAction":[{"@type":"SearchAction","target":{"@type":"EntryPoint","urlTemplate":"https:\/\/netverslun.thjodminjasafn.is\/?s={search_term_string}"},"query-input":{"@type":"PropertyValueSpecification","valueRequired":true,"valueName":"search_term_string"}}],"inLanguage":"en-US"},{"@type":"Organization","@id":"https:\/\/netverslun.thjodminjasafn.is\/#organization","name":"\u00dej\u00f3\u00f0minjasafn \u00cdslands","url":"https:\/\/netverslun.thjodminjasafn.is\/","logo":{"@type":"ImageObject","inLanguage":"en-US","@id":"https:\/\/netverslun.thjodminjasafn.is\/#\/schema\/logo\/image\/","url":"https:\/\/netverslun.thjodminjasafn.is\/wp-content\/uploads\/2020\/02\/sitelogo.svg","contentUrl":"https:\/\/netverslun.thjodminjasafn.is\/wp-content\/uploads\/2020\/02\/sitelogo.svg","width":599,"height":248,"caption":"\u00dej\u00f3\u00f0minjasafn \u00cdslands"},"image":{"@id":"https:\/\/netverslun.thjodminjasafn.is\/#\/schema\/logo\/image\/"},"sameAs":["https:\/\/www.facebook.com\/thjodminjasafn","https:\/\/www.instagram.com\/nationalmuseumoficeland\/"]}]}},"_links":{"self":[{"href":"https:\/\/netverslun.thjodminjasafn.is\/en\/wp-json\/wp\/v2\/product\/6271","targetHints":{"allow":["GET"]}}],"collection":[{"href":"https:\/\/netverslun.thjodminjasafn.is\/en\/wp-json\/wp\/v2\/product"}],"about":[{"href":"https:\/\/netverslun.thjodminjasafn.is\/en\/wp-json\/wp\/v2\/types\/product"}],"version-history":[{"count":0,"href":"https:\/\/netverslun.thjodminjasafn.is\/en\/wp-json\/wp\/v2\/product\/6271\/revisions"}],"wp:featuredmedia":[{"embeddable":true,"href":"https:\/\/netverslun.thjodminjasafn.is\/en\/wp-json\/wp\/v2\/media\/6938"}],"wp:attachment":[{"href":"https:\/\/netverslun.thjodminjasafn.is\/en\/wp-json\/wp\/v2\/media?parent=6271"}],"wp:term":[{"taxonomy":"product_brand","embeddable":true,"href":"https:\/\/netverslun.thjodminjasafn.is\/en\/wp-json\/wp\/v2\/product_brand?post=6271"},{"taxonomy":"product_cat","embeddable":true,"href":"https:\/\/netverslun.thjodminjasafn.is\/en\/wp-json\/wp\/v2\/product_cat?post=6271"},{"taxonomy":"product_tag","embeddable":true,"href":"https:\/\/netverslun.thjodminjasafn.is\/en\/wp-json\/wp\/v2\/product_tag?post=6271"}],"curies":[{"name":"wp","href":"https:\/\/api.w.org\/{rel}","templated":true}]}}