{"id":1953,"date":"2021-05-17T14:55:48","date_gmt":"2021-05-17T14:55:48","guid":{"rendered":"https:\/\/thjodminjasafn.is\/?post_type=product&#038;p=1953"},"modified":"2024-06-18T11:29:00","modified_gmt":"2024-06-18T11:29:00","slug":"jolasveinar-21-aldarinnar-postkort","status":"publish","type":"product","link":"https:\/\/netverslun.thjodminjasafn.is\/en\/verslun\/gjafir\/jol\/jolasveinar-21-aldarinnar-postkort\/","title":{"rendered":"J\u00f3lasveinar 21. aldarinnar &#8211; p\u00f3stkort"},"content":{"rendered":"<p>J\u00f3lasveinar 21. aldarinnar &#8211; p\u00f3stkort.<\/p>\n<p>\u00c1 \u00feessum skemmtilegu teikningum J\u00f3h\u00f6nnu \u00deorleifsd\u00f3ttur listakonu er b\u00fai\u00f0 a\u00f0 f\u00e6ra g\u00f6mlu g\u00f3\u00f0u \u00edslensku j\u00f3lasveinana inn \u00ed n\u00fat\u00edmann. Aldur \u00feeirra vir\u00f0ist ekkert breytast, \u00feeir eru komnir \u00ed n\u00fat\u00edmahorf og \u00feeir eru n\u00fa \u00feegar farnir a\u00f0 semja sig \u00fdmsum si\u00f0um og \u00f3si\u00f0um samt\u00edmans.<\/p>\n<p>H\u00e9r erum vi\u00f0 me\u00f0 j\u00f3lasveinana, foreldrana Gr\u00fdlu og Leppal\u00fa\u00f0a og l\u00edka sj\u00e1lfan j\u00f3lak\u00f6ttinn \u00e1 p\u00f3stkort. \u00de\u00fa getur vali\u00f0 kort eins og \u00fe\u00fa vilt e\u00f0a keypt allan pakkann.<\/p>\n<p>Tilvali\u00f0 er a\u00f0 senda vinum og vandam\u00f6nnum j\u00f3lakort \u00feessi j\u00f3lin, deila \u00feannig j\u00f3lagle\u00f0inni og h\u00famornum sem b\u00fdr \u00ed \u00f6rs\u00f6gunni \u00e1 bakhli\u00f0 kortsins. \u00dear segir fr\u00e1 \u00fev\u00ed hva\u00f0a breytingum fj\u00f6lskyldan \u00ed fj\u00f6llunum hefur teki\u00f0 \u00e1 t\u00e6kni\u00f6ldinni.<\/p>\n<p>\u00de\u00fa f\u00e6r\u00f0 alla <a href=\"https:\/\/netverslun.netverslun.thjodminjasafn.is\/is\/product\/jolasveinar-21-aldarinnar-15-postkort\">fj\u00f6lskylduna saman h\u00e9rna<\/a>.<\/p>\n<p>&nbsp;<\/p>","protected":false},"excerpt":{"rendered":"<p>St\u00f6k j\u00f3lakort 21. aldar j\u00f3lasveinana.<\/p>","protected":false},"featured_media":2495,"template":"","meta":{"site-sidebar-layout":"default","site-content-layout":"default","ast-site-content-layout":"default","site-content-style":"default","site-sidebar-style":"default","ast-global-header-display":"","ast-banner-title-visibility":"","ast-main-header-display":"","ast-hfb-above-header-display":"","ast-hfb-below-header-display":"","ast-hfb-mobile-header-display":"","site-post-title":"","ast-breadcrumbs-content":"","ast-featured-img":"","footer-sml-layout":"","ast-disable-related-posts":"","theme-transparent-header-meta":"default","adv-header-id-meta":"","stick-header-meta":"default","header-above-stick-meta":"","header-main-stick-meta":"","header-below-stick-meta":"","astra-migrate-meta-layouts":"set","ast-page-background-enabled":"default","ast-page-background-meta":{"desktop":{"background-color":"","background-image":"","background-repeat":"repeat","background-position":"center center","background-size":"auto","background-attachment":"scroll","background-type":"","background-media":"","overlay-type":"","overlay-color":"","overlay-opacity":"","overlay-gradient":""},"tablet":{"background-color":"","background-image":"","background-repeat":"repeat","background-position":"center center","background-size":"auto","background-attachment":"scroll","background-type":"","background-media":"","overlay-type":"","overlay-color":"","overlay-opacity":"","overlay-gradient":""},"mobile":{"background-color":"","background-image":"","background-repeat":"repeat","background-position":"center center","background-size":"auto","background-attachment":"scroll","background-type":"","background-media":"","overlay-type":"","overlay-color":"","overlay-opacity":"","overlay-gradient":""}},"ast-content-background-meta":{"desktop":{"background-color":"var(--ast-global-color-5)","background-image":"","background-repeat":"repeat","background-position":"center center","background-size":"auto","background-attachment":"scroll","background-type":"","background-media":"","overlay-type":"","overlay-color":"","overlay-opacity":"","overlay-gradient":""},"tablet":{"background-color":"var(--ast-global-color-5)","background-image":"","background-repeat":"repeat","background-position":"center center","background-size":"auto","background-attachment":"scroll","background-type":"","background-media":"","overlay-type":"","overlay-color":"","overlay-opacity":"","overlay-gradient":""},"mobile":{"background-color":"var(--ast-global-color-5)","background-image":"","background-repeat":"repeat","background-position":"center center","background-size":"auto","background-attachment":"scroll","background-type":"","background-media":"","overlay-type":"","overlay-color":"","overlay-opacity":"","overlay-gradient":""}}},"product_brand":[],"product_cat":[62],"product_tag":[],"class_list":{"0":"post-1953","1":"product","2":"type-product","3":"status-publish","4":"has-post-thumbnail","6":"product_cat-jol","7":"desktop-align-left","8":"tablet-align-left","9":"mobile-align-left","10":"ast-product-gallery-layout-vertical","11":"ast-product-single-variable","12":"ast-product-tabs-layout-vertical","14":"first","15":"instock","16":"shipping-taxable","17":"purchasable","18":"product-type-variable","19":"has-default-attributes"},"yoast_head":"<!-- This site is optimized with the Yoast SEO plugin v27.5 - https:\/\/yoast.com\/product\/yoast-seo-wordpress\/ -->\n<title>J\u00f3lasveinar 21. aldarinnar - p\u00f3stkort - \u00dej\u00f3\u00f0minjasafn \u00cdslands<\/title>\n<meta name=\"description\" content=\"J\u00f3lasveinar 21 aldarinnar - p\u00f3stkort. H\u00e9r getur \u00fe\u00fa keypt hvern og einn j\u00f3lasveinn til \u00e1n\u00e6gju og yndisauka og til a\u00f0 gle\u00f0ja a\u00f0ra.\" \/>\n<meta name=\"robots\" content=\"index, follow, max-snippet:-1, max-image-preview:large, max-video-preview:-1\" \/>\n<link rel=\"canonical\" href=\"https:\/\/netverslun.thjodminjasafn.is\/en\/verslun\/gjafir\/jol\/jolasveinar-21-aldarinnar-postkort\/\" \/>\n<meta property=\"og:locale\" content=\"en_US\" \/>\n<meta property=\"og:type\" content=\"article\" \/>\n<meta property=\"og:title\" content=\"J\u00f3lasveinar 21. aldarinnar - p\u00f3stkort - \u00dej\u00f3\u00f0minjasafn \u00cdslands\" \/>\n<meta property=\"og:description\" content=\"J\u00f3lasveinar 21 aldarinnar - p\u00f3stkort. H\u00e9r getur \u00fe\u00fa keypt hvern og einn j\u00f3lasveinn til \u00e1n\u00e6gju og yndisauka og til a\u00f0 gle\u00f0ja a\u00f0ra.\" \/>\n<meta property=\"og:url\" content=\"https:\/\/netverslun.thjodminjasafn.is\/en\/verslun\/gjafir\/jol\/jolasveinar-21-aldarinnar-postkort\/\" \/>\n<meta property=\"og:site_name\" content=\"\u00dej\u00f3\u00f0minjasafn \u00cdslands\" \/>\n<meta property=\"article:publisher\" content=\"https:\/\/www.facebook.com\/thjodminjasafn\" \/>\n<meta property=\"article:modified_time\" content=\"2024-06-18T11:29:00+00:00\" \/>\n<meta property=\"og:image\" content=\"https:\/\/netverslun.thjodminjasafn.is\/wp-content\/uploads\/2021\/05\/1-stekkjastaur.png\" \/>\n\t<meta property=\"og:image:width\" content=\"581\" \/>\n\t<meta property=\"og:image:height\" content=\"876\" \/>\n\t<meta property=\"og:image:type\" content=\"image\/png\" \/>\n<meta name=\"twitter:card\" content=\"summary_large_image\" \/>\n<meta name=\"twitter:label1\" content=\"Est. reading time\" \/>\n\t<meta name=\"twitter:data1\" content=\"1 minute\" \/>\n<script type=\"application\/ld+json\" class=\"yoast-schema-graph\">{\"@context\":\"https:\\\/\\\/schema.org\",\"@graph\":[{\"@type\":\"WebPage\",\"@id\":\"https:\\\/\\\/netverslun.thjodminjasafn.is\\\/verslun\\\/gjafir\\\/jol\\\/jolasveinar-21-aldarinnar-postkort\\\/\",\"url\":\"https:\\\/\\\/netverslun.thjodminjasafn.is\\\/verslun\\\/gjafir\\\/jol\\\/jolasveinar-21-aldarinnar-postkort\\\/\",\"name\":\"J\u00f3lasveinar 21. aldarinnar - p\u00f3stkort - \u00dej\u00f3\u00f0minjasafn \u00cdslands\",\"isPartOf\":{\"@id\":\"https:\\\/\\\/netverslun.thjodminjasafn.is\\\/#website\"},\"primaryImageOfPage\":{\"@id\":\"https:\\\/\\\/netverslun.thjodminjasafn.is\\\/verslun\\\/gjafir\\\/jol\\\/jolasveinar-21-aldarinnar-postkort\\\/#primaryimage\"},\"image\":{\"@id\":\"https:\\\/\\\/netverslun.thjodminjasafn.is\\\/verslun\\\/gjafir\\\/jol\\\/jolasveinar-21-aldarinnar-postkort\\\/#primaryimage\"},\"thumbnailUrl\":\"https:\\\/\\\/netverslun.thjodminjasafn.is\\\/wp-content\\\/uploads\\\/2021\\\/05\\\/1-stekkjastaur.png\",\"datePublished\":\"2021-05-17T14:55:48+00:00\",\"dateModified\":\"2024-06-18T11:29:00+00:00\",\"description\":\"J\u00f3lasveinar 21 aldarinnar - p\u00f3stkort. H\u00e9r getur \u00fe\u00fa keypt hvern og einn j\u00f3lasveinn til \u00e1n\u00e6gju og yndisauka og til a\u00f0 gle\u00f0ja a\u00f0ra.\",\"breadcrumb\":{\"@id\":\"https:\\\/\\\/netverslun.thjodminjasafn.is\\\/verslun\\\/gjafir\\\/jol\\\/jolasveinar-21-aldarinnar-postkort\\\/#breadcrumb\"},\"inLanguage\":\"en-US\",\"potentialAction\":[{\"@type\":\"ReadAction\",\"target\":[\"https:\\\/\\\/netverslun.thjodminjasafn.is\\\/verslun\\\/gjafir\\\/jol\\\/jolasveinar-21-aldarinnar-postkort\\\/\"]}]},{\"@type\":\"ImageObject\",\"inLanguage\":\"en-US\",\"@id\":\"https:\\\/\\\/netverslun.thjodminjasafn.is\\\/verslun\\\/gjafir\\\/jol\\\/jolasveinar-21-aldarinnar-postkort\\\/#primaryimage\",\"url\":\"https:\\\/\\\/netverslun.thjodminjasafn.is\\\/wp-content\\\/uploads\\\/2021\\\/05\\\/1-stekkjastaur.png\",\"contentUrl\":\"https:\\\/\\\/netverslun.thjodminjasafn.is\\\/wp-content\\\/uploads\\\/2021\\\/05\\\/1-stekkjastaur.png\",\"width\":\"581\",\"height\":\"876\",\"caption\":\"Stekkjastaur\"},{\"@type\":\"BreadcrumbList\",\"@id\":\"https:\\\/\\\/netverslun.thjodminjasafn.is\\\/verslun\\\/gjafir\\\/jol\\\/jolasveinar-21-aldarinnar-postkort\\\/#breadcrumb\",\"itemListElement\":[{\"@type\":\"ListItem\",\"position\":1,\"name\":\"Home\",\"item\":\"https:\\\/\\\/netverslun.thjodminjasafn.is\\\/\"},{\"@type\":\"ListItem\",\"position\":2,\"name\":\"Verslun\",\"item\":\"https:\\\/\\\/netverslun.thjodminjasafn.is\\\/verslun\\\/\"},{\"@type\":\"ListItem\",\"position\":3,\"name\":\"J\u00f3lasveinar 21. aldarinnar &#8211; p\u00f3stkort\"}]},{\"@type\":\"WebSite\",\"@id\":\"https:\\\/\\\/netverslun.thjodminjasafn.is\\\/#website\",\"url\":\"https:\\\/\\\/netverslun.thjodminjasafn.is\\\/\",\"name\":\"\u00dej\u00f3\u00f0minjasafn \u00cdslands\",\"description\":\"Vefverslun \u00dej\u00f3\u00f0minjasafnsins\",\"publisher\":{\"@id\":\"https:\\\/\\\/netverslun.thjodminjasafn.is\\\/#organization\"},\"potentialAction\":[{\"@type\":\"SearchAction\",\"target\":{\"@type\":\"EntryPoint\",\"urlTemplate\":\"https:\\\/\\\/netverslun.thjodminjasafn.is\\\/?s={search_term_string}\"},\"query-input\":{\"@type\":\"PropertyValueSpecification\",\"valueRequired\":true,\"valueName\":\"search_term_string\"}}],\"inLanguage\":\"en-US\"},{\"@type\":\"Organization\",\"@id\":\"https:\\\/\\\/netverslun.thjodminjasafn.is\\\/#organization\",\"name\":\"\u00dej\u00f3\u00f0minjasafn \u00cdslands\",\"url\":\"https:\\\/\\\/netverslun.thjodminjasafn.is\\\/\",\"logo\":{\"@type\":\"ImageObject\",\"inLanguage\":\"en-US\",\"@id\":\"https:\\\/\\\/netverslun.thjodminjasafn.is\\\/#\\\/schema\\\/logo\\\/image\\\/\",\"url\":\"https:\\\/\\\/netverslun.thjodminjasafn.is\\\/wp-content\\\/uploads\\\/2020\\\/02\\\/sitelogo.svg\",\"contentUrl\":\"https:\\\/\\\/netverslun.thjodminjasafn.is\\\/wp-content\\\/uploads\\\/2020\\\/02\\\/sitelogo.svg\",\"width\":599,\"height\":248,\"caption\":\"\u00dej\u00f3\u00f0minjasafn \u00cdslands\"},\"image\":{\"@id\":\"https:\\\/\\\/netverslun.thjodminjasafn.is\\\/#\\\/schema\\\/logo\\\/image\\\/\"},\"sameAs\":[\"https:\\\/\\\/www.facebook.com\\\/thjodminjasafn\",\"https:\\\/\\\/www.instagram.com\\\/nationalmuseumoficeland\\\/\"]}]}<\/script>\n<!-- \/ Yoast SEO plugin. -->","yoast_head_json":{"title":"J\u00f3lasveinar 21. aldarinnar - p\u00f3stkort - \u00dej\u00f3\u00f0minjasafn \u00cdslands","description":"J\u00f3lasveinar 21 aldarinnar - p\u00f3stkort. H\u00e9r getur \u00fe\u00fa keypt hvern og einn j\u00f3lasveinn til \u00e1n\u00e6gju og yndisauka og til a\u00f0 gle\u00f0ja a\u00f0ra.","robots":{"index":"index","follow":"follow","max-snippet":"max-snippet:-1","max-image-preview":"max-image-preview:large","max-video-preview":"max-video-preview:-1"},"canonical":"https:\/\/netverslun.thjodminjasafn.is\/en\/verslun\/gjafir\/jol\/jolasveinar-21-aldarinnar-postkort\/","og_locale":"en_US","og_type":"article","og_title":"J\u00f3lasveinar 21. aldarinnar - p\u00f3stkort - \u00dej\u00f3\u00f0minjasafn \u00cdslands","og_description":"J\u00f3lasveinar 21 aldarinnar - p\u00f3stkort. H\u00e9r getur \u00fe\u00fa keypt hvern og einn j\u00f3lasveinn til \u00e1n\u00e6gju og yndisauka og til a\u00f0 gle\u00f0ja a\u00f0ra.","og_url":"https:\/\/netverslun.thjodminjasafn.is\/en\/verslun\/gjafir\/jol\/jolasveinar-21-aldarinnar-postkort\/","og_site_name":"\u00dej\u00f3\u00f0minjasafn \u00cdslands","article_publisher":"https:\/\/www.facebook.com\/thjodminjasafn","article_modified_time":"2024-06-18T11:29:00+00:00","og_image":[{"width":581,"height":876,"url":"https:\/\/netverslun.thjodminjasafn.is\/wp-content\/uploads\/2021\/05\/1-stekkjastaur.png","type":"image\/png"}],"twitter_card":"summary_large_image","twitter_misc":{"Est. reading time":"1 minute"},"schema":{"@context":"https:\/\/schema.org","@graph":[{"@type":"WebPage","@id":"https:\/\/netverslun.thjodminjasafn.is\/verslun\/gjafir\/jol\/jolasveinar-21-aldarinnar-postkort\/","url":"https:\/\/netverslun.thjodminjasafn.is\/verslun\/gjafir\/jol\/jolasveinar-21-aldarinnar-postkort\/","name":"J\u00f3lasveinar 21. aldarinnar - p\u00f3stkort - \u00dej\u00f3\u00f0minjasafn \u00cdslands","isPartOf":{"@id":"https:\/\/netverslun.thjodminjasafn.is\/#website"},"primaryImageOfPage":{"@id":"https:\/\/netverslun.thjodminjasafn.is\/verslun\/gjafir\/jol\/jolasveinar-21-aldarinnar-postkort\/#primaryimage"},"image":{"@id":"https:\/\/netverslun.thjodminjasafn.is\/verslun\/gjafir\/jol\/jolasveinar-21-aldarinnar-postkort\/#primaryimage"},"thumbnailUrl":"https:\/\/netverslun.thjodminjasafn.is\/wp-content\/uploads\/2021\/05\/1-stekkjastaur.png","datePublished":"2021-05-17T14:55:48+00:00","dateModified":"2024-06-18T11:29:00+00:00","description":"J\u00f3lasveinar 21 aldarinnar - p\u00f3stkort. H\u00e9r getur \u00fe\u00fa keypt hvern og einn j\u00f3lasveinn til \u00e1n\u00e6gju og yndisauka og til a\u00f0 gle\u00f0ja a\u00f0ra.","breadcrumb":{"@id":"https:\/\/netverslun.thjodminjasafn.is\/verslun\/gjafir\/jol\/jolasveinar-21-aldarinnar-postkort\/#breadcrumb"},"inLanguage":"en-US","potentialAction":[{"@type":"ReadAction","target":["https:\/\/netverslun.thjodminjasafn.is\/verslun\/gjafir\/jol\/jolasveinar-21-aldarinnar-postkort\/"]}]},{"@type":"ImageObject","inLanguage":"en-US","@id":"https:\/\/netverslun.thjodminjasafn.is\/verslun\/gjafir\/jol\/jolasveinar-21-aldarinnar-postkort\/#primaryimage","url":"https:\/\/netverslun.thjodminjasafn.is\/wp-content\/uploads\/2021\/05\/1-stekkjastaur.png","contentUrl":"https:\/\/netverslun.thjodminjasafn.is\/wp-content\/uploads\/2021\/05\/1-stekkjastaur.png","width":"581","height":"876","caption":"Stekkjastaur"},{"@type":"BreadcrumbList","@id":"https:\/\/netverslun.thjodminjasafn.is\/verslun\/gjafir\/jol\/jolasveinar-21-aldarinnar-postkort\/#breadcrumb","itemListElement":[{"@type":"ListItem","position":1,"name":"Home","item":"https:\/\/netverslun.thjodminjasafn.is\/"},{"@type":"ListItem","position":2,"name":"Verslun","item":"https:\/\/netverslun.thjodminjasafn.is\/verslun\/"},{"@type":"ListItem","position":3,"name":"J\u00f3lasveinar 21. aldarinnar &#8211; p\u00f3stkort"}]},{"@type":"WebSite","@id":"https:\/\/netverslun.thjodminjasafn.is\/#website","url":"https:\/\/netverslun.thjodminjasafn.is\/","name":"\u00dej\u00f3\u00f0minjasafn \u00cdslands","description":"National Museum of Iceland webstore","publisher":{"@id":"https:\/\/netverslun.thjodminjasafn.is\/#organization"},"potentialAction":[{"@type":"SearchAction","target":{"@type":"EntryPoint","urlTemplate":"https:\/\/netverslun.thjodminjasafn.is\/?s={search_term_string}"},"query-input":{"@type":"PropertyValueSpecification","valueRequired":true,"valueName":"search_term_string"}}],"inLanguage":"en-US"},{"@type":"Organization","@id":"https:\/\/netverslun.thjodminjasafn.is\/#organization","name":"\u00dej\u00f3\u00f0minjasafn \u00cdslands","url":"https:\/\/netverslun.thjodminjasafn.is\/","logo":{"@type":"ImageObject","inLanguage":"en-US","@id":"https:\/\/netverslun.thjodminjasafn.is\/#\/schema\/logo\/image\/","url":"https:\/\/netverslun.thjodminjasafn.is\/wp-content\/uploads\/2020\/02\/sitelogo.svg","contentUrl":"https:\/\/netverslun.thjodminjasafn.is\/wp-content\/uploads\/2020\/02\/sitelogo.svg","width":599,"height":248,"caption":"\u00dej\u00f3\u00f0minjasafn \u00cdslands"},"image":{"@id":"https:\/\/netverslun.thjodminjasafn.is\/#\/schema\/logo\/image\/"},"sameAs":["https:\/\/www.facebook.com\/thjodminjasafn","https:\/\/www.instagram.com\/nationalmuseumoficeland\/"]}]}},"_links":{"self":[{"href":"https:\/\/netverslun.thjodminjasafn.is\/en\/wp-json\/wp\/v2\/product\/1953","targetHints":{"allow":["GET"]}}],"collection":[{"href":"https:\/\/netverslun.thjodminjasafn.is\/en\/wp-json\/wp\/v2\/product"}],"about":[{"href":"https:\/\/netverslun.thjodminjasafn.is\/en\/wp-json\/wp\/v2\/types\/product"}],"version-history":[{"count":0,"href":"https:\/\/netverslun.thjodminjasafn.is\/en\/wp-json\/wp\/v2\/product\/1953\/revisions"}],"wp:featuredmedia":[{"embeddable":true,"href":"https:\/\/netverslun.thjodminjasafn.is\/en\/wp-json\/wp\/v2\/media\/2495"}],"wp:attachment":[{"href":"https:\/\/netverslun.thjodminjasafn.is\/en\/wp-json\/wp\/v2\/media?parent=1953"}],"wp:term":[{"taxonomy":"product_brand","embeddable":true,"href":"https:\/\/netverslun.thjodminjasafn.is\/en\/wp-json\/wp\/v2\/product_brand?post=1953"},{"taxonomy":"product_cat","embeddable":true,"href":"https:\/\/netverslun.thjodminjasafn.is\/en\/wp-json\/wp\/v2\/product_cat?post=1953"},{"taxonomy":"product_tag","embeddable":true,"href":"https:\/\/netverslun.thjodminjasafn.is\/en\/wp-json\/wp\/v2\/product_tag?post=1953"}],"curies":[{"name":"wp","href":"https:\/\/api.w.org\/{rel}","templated":true}]}}