{"id":1944,"date":"2021-05-17T14:55:47","date_gmt":"2021-05-17T14:55:47","guid":{"rendered":"https:\/\/thjodminjasafn.is\/?post_type=product&#038;p=1944"},"modified":"2025-12-05T21:17:45","modified_gmt":"2025-12-05T21:17:45","slug":"saumur-i-diskathurrka-med-blomamynstri","status":"publish","type":"product","link":"https:\/\/netverslun.thjodminjasafn.is\/en\/verslun\/gjafir\/honnun\/saumur-i-diskathurrka-med-blomamynstri\/","title":{"rendered":"Saumur I - Tea towel with floral embroidery"},"content":{"rendered":"<p>Saumur I - Dishcloth with floral embroidery<\/p>\n<p>Here, embroidered pattern of a skirt, that is preserved in National Museum's collection. Has been reproduced on a teatowel.<\/p>\n<p>Saumur I. Is a floral design embroidered in satin stitch on a costume skirt made and worn by Margr\u00e9t Egilsd\u00f3ttir (1857-1913), wife of the sheriff at Vatneyri in Vesturbygg\u00f0, West Bar\u00f0astrandars\u00fdsla in the West Fjords.<\/p>\n<p>Beautiful design on a black cotton fabric, the design is machine-sewn into the fabric using quality string. Size 40x75 cm.<\/p>\n<p>\u00dejms. 10550.<\/p>\n<p>Saumur ( means stitching) is textile line for the Museum shop.  The products are stitched with band of wool from an old stitching patterns, that are preserved at the Nationa Museum.<\/p>","protected":false},"excerpt":{"rendered":"<p>Cotton teatowel, with colorful pattern for your kitchen.<\/p>","protected":false},"featured_media":4428,"template":"","meta":{"site-sidebar-layout":"default","site-content-layout":"default","ast-site-content-layout":"default","site-content-style":"default","site-sidebar-style":"default","ast-global-header-display":"","ast-banner-title-visibility":"","ast-main-header-display":"","ast-hfb-above-header-display":"","ast-hfb-below-header-display":"","ast-hfb-mobile-header-display":"","site-post-title":"","ast-breadcrumbs-content":"","ast-featured-img":"","footer-sml-layout":"","ast-disable-related-posts":"","theme-transparent-header-meta":"default","adv-header-id-meta":"","stick-header-meta":"default","header-above-stick-meta":"","header-main-stick-meta":"","header-below-stick-meta":"","astra-migrate-meta-layouts":"set","ast-page-background-enabled":"default","ast-page-background-meta":{"desktop":{"background-color":"","background-image":"","background-repeat":"repeat","background-position":"center center","background-size":"auto","background-attachment":"scroll","background-type":"","background-media":"","overlay-type":"","overlay-color":"","overlay-opacity":"","overlay-gradient":""},"tablet":{"background-color":"","background-image":"","background-repeat":"repeat","background-position":"center center","background-size":"auto","background-attachment":"scroll","background-type":"","background-media":"","overlay-type":"","overlay-color":"","overlay-opacity":"","overlay-gradient":""},"mobile":{"background-color":"","background-image":"","background-repeat":"repeat","background-position":"center center","background-size":"auto","background-attachment":"scroll","background-type":"","background-media":"","overlay-type":"","overlay-color":"","overlay-opacity":"","overlay-gradient":""}},"ast-content-background-meta":{"desktop":{"background-color":"var(--ast-global-color-5)","background-image":"","background-repeat":"repeat","background-position":"center center","background-size":"auto","background-attachment":"scroll","background-type":"","background-media":"","overlay-type":"","overlay-color":"","overlay-opacity":"","overlay-gradient":""},"tablet":{"background-color":"var(--ast-global-color-5)","background-image":"","background-repeat":"repeat","background-position":"center center","background-size":"auto","background-attachment":"scroll","background-type":"","background-media":"","overlay-type":"","overlay-color":"","overlay-opacity":"","overlay-gradient":""},"mobile":{"background-color":"var(--ast-global-color-5)","background-image":"","background-repeat":"repeat","background-position":"center center","background-size":"auto","background-attachment":"scroll","background-type":"","background-media":"","overlay-type":"","overlay-color":"","overlay-opacity":"","overlay-gradient":""}}},"product_brand":[],"product_cat":[64,60,40,61,37,39,50],"product_tag":[101],"class_list":{"0":"post-1944","1":"product","2":"type-product","3":"status-publish","4":"has-post-thumbnail","6":"product_cat-brudkaupsgjafir","7":"product_cat-gjafir","8":"product_cat-gjafavara","9":"product_cat-honnun","10":"product_cat-minjagripir","11":"product_cat-textill","12":"product_cat-klaedi","13":"product_tag-saumur","14":"desktop-align-left","15":"tablet-align-left","16":"mobile-align-left","17":"ast-product-gallery-layout-vertical","18":"ast-product-tabs-layout-vertical","20":"first","21":"instock","22":"shipping-taxable","23":"purchasable","24":"product-type-simple"},"yoast_head":"<!-- This site is optimized with the Yoast SEO plugin v27.3 - https:\/\/yoast.com\/product\/yoast-seo-wordpress\/ -->\n<title>Saumur I - Diska\u00feurrka me\u00f0 bl\u00f3mamynstri - \u00dej\u00f3\u00f0minjasafn \u00cdslands<\/title>\n<meta name=\"description\" content=\"Saumur I - Diska\u00feurrka me\u00f0 bl\u00f3mamynstri. Fallegt \u00fatsauma\u00f0 mynstur \u00e1 sv\u00f6rtu viskastykki 100% b\u00f3mull, \u00feurrkar vel.\" \/>\n<meta name=\"robots\" content=\"index, follow, max-snippet:-1, max-image-preview:large, max-video-preview:-1\" \/>\n<link rel=\"canonical\" href=\"https:\/\/netverslun.thjodminjasafn.is\/en\/verslun\/gjafir\/honnun\/saumur-i-diskathurrka-med-blomamynstri\/\" \/>\n<meta property=\"og:locale\" content=\"en_US\" \/>\n<meta property=\"og:type\" content=\"article\" \/>\n<meta property=\"og:title\" content=\"Saumur I - Diska\u00feurrka me\u00f0 bl\u00f3mamynstri - \u00dej\u00f3\u00f0minjasafn \u00cdslands\" \/>\n<meta property=\"og:description\" content=\"Saumur I - Diska\u00feurrka me\u00f0 bl\u00f3mamynstri. Fallegt \u00fatsauma\u00f0 mynstur \u00e1 sv\u00f6rtu viskastykki 100% b\u00f3mull, \u00feurrkar vel.\" \/>\n<meta property=\"og:url\" content=\"https:\/\/netverslun.thjodminjasafn.is\/en\/verslun\/gjafir\/honnun\/saumur-i-diskathurrka-med-blomamynstri\/\" \/>\n<meta property=\"og:site_name\" content=\"\u00dej\u00f3\u00f0minjasafn \u00cdslands\" \/>\n<meta property=\"article:publisher\" content=\"https:\/\/www.facebook.com\/thjodminjasafn\" \/>\n<meta property=\"article:modified_time\" content=\"2025-12-05T21:17:45+00:00\" \/>\n<meta property=\"og:image\" content=\"https:\/\/netverslun.thjodminjasafn.is\/wp-content\/uploads\/2021\/07\/Saumur-I-diskathurrka.png\" \/>\n\t<meta property=\"og:image:width\" content=\"273\" \/>\n\t<meta property=\"og:image:height\" content=\"600\" \/>\n\t<meta property=\"og:image:type\" content=\"image\/png\" \/>\n<meta name=\"twitter:card\" content=\"summary_large_image\" \/>\n<meta name=\"twitter:label1\" content=\"Est. reading time\" \/>\n\t<meta name=\"twitter:data1\" content=\"1 minute\" \/>\n<script type=\"application\/ld+json\" class=\"yoast-schema-graph\">{\"@context\":\"https:\\\/\\\/schema.org\",\"@graph\":[{\"@type\":\"WebPage\",\"@id\":\"https:\\\/\\\/netverslun.thjodminjasafn.is\\\/en\\\/verslun\\\/gjafir\\\/honnun\\\/saumur-i-diskathurrka-med-blomamynstri\\\/\",\"url\":\"https:\\\/\\\/netverslun.thjodminjasafn.is\\\/en\\\/verslun\\\/gjafir\\\/honnun\\\/saumur-i-diskathurrka-med-blomamynstri\\\/\",\"name\":\"Saumur I - Diska\u00feurrka me\u00f0 bl\u00f3mamynstri - \u00dej\u00f3\u00f0minjasafn \u00cdslands\",\"isPartOf\":{\"@id\":\"https:\\\/\\\/netverslun.thjodminjasafn.is\\\/#website\"},\"primaryImageOfPage\":{\"@id\":\"https:\\\/\\\/netverslun.thjodminjasafn.is\\\/en\\\/verslun\\\/gjafir\\\/honnun\\\/saumur-i-diskathurrka-med-blomamynstri\\\/#primaryimage\"},\"image\":{\"@id\":\"https:\\\/\\\/netverslun.thjodminjasafn.is\\\/en\\\/verslun\\\/gjafir\\\/honnun\\\/saumur-i-diskathurrka-med-blomamynstri\\\/#primaryimage\"},\"thumbnailUrl\":\"https:\\\/\\\/netverslun.thjodminjasafn.is\\\/wp-content\\\/uploads\\\/2021\\\/07\\\/Saumur-I-diskathurrka.png\",\"datePublished\":\"2021-05-17T14:55:47+00:00\",\"dateModified\":\"2025-12-05T21:17:45+00:00\",\"description\":\"Saumur I - Diska\u00feurrka me\u00f0 bl\u00f3mamynstri. Fallegt \u00fatsauma\u00f0 mynstur \u00e1 sv\u00f6rtu viskastykki 100% b\u00f3mull, \u00feurrkar vel.\",\"breadcrumb\":{\"@id\":\"https:\\\/\\\/netverslun.thjodminjasafn.is\\\/en\\\/verslun\\\/gjafir\\\/honnun\\\/saumur-i-diskathurrka-med-blomamynstri\\\/#breadcrumb\"},\"inLanguage\":\"en-US\",\"potentialAction\":[{\"@type\":\"ReadAction\",\"target\":[\"https:\\\/\\\/netverslun.thjodminjasafn.is\\\/en\\\/verslun\\\/gjafir\\\/honnun\\\/saumur-i-diskathurrka-med-blomamynstri\\\/\"]}]},{\"@type\":\"ImageObject\",\"inLanguage\":\"en-US\",\"@id\":\"https:\\\/\\\/netverslun.thjodminjasafn.is\\\/en\\\/verslun\\\/gjafir\\\/honnun\\\/saumur-i-diskathurrka-med-blomamynstri\\\/#primaryimage\",\"url\":\"https:\\\/\\\/netverslun.thjodminjasafn.is\\\/wp-content\\\/uploads\\\/2021\\\/07\\\/Saumur-I-diskathurrka.png\",\"contentUrl\":\"https:\\\/\\\/netverslun.thjodminjasafn.is\\\/wp-content\\\/uploads\\\/2021\\\/07\\\/Saumur-I-diskathurrka.png\",\"width\":273,\"height\":600,\"caption\":\"Saumur 1 diska\u00feurrka\"},{\"@type\":\"BreadcrumbList\",\"@id\":\"https:\\\/\\\/netverslun.thjodminjasafn.is\\\/en\\\/verslun\\\/gjafir\\\/honnun\\\/saumur-i-diskathurrka-med-blomamynstri\\\/#breadcrumb\",\"itemListElement\":[{\"@type\":\"ListItem\",\"position\":1,\"name\":\"Home\",\"item\":\"https:\\\/\\\/netverslun.thjodminjasafn.is\\\/\"},{\"@type\":\"ListItem\",\"position\":2,\"name\":\"Verslun\",\"item\":\"https:\\\/\\\/netverslun.thjodminjasafn.is\\\/verslun\\\/\"},{\"@type\":\"ListItem\",\"position\":3,\"name\":\"Saumur I &#8211; Diska\u00feurrka me\u00f0 bl\u00f3mamynstri\"}]},{\"@type\":\"WebSite\",\"@id\":\"https:\\\/\\\/netverslun.thjodminjasafn.is\\\/#website\",\"url\":\"https:\\\/\\\/netverslun.thjodminjasafn.is\\\/\",\"name\":\"\u00dej\u00f3\u00f0minjasafn \u00cdslands\",\"description\":\"Vefverslun \u00dej\u00f3\u00f0minjasafnsins\",\"publisher\":{\"@id\":\"https:\\\/\\\/netverslun.thjodminjasafn.is\\\/#organization\"},\"potentialAction\":[{\"@type\":\"SearchAction\",\"target\":{\"@type\":\"EntryPoint\",\"urlTemplate\":\"https:\\\/\\\/netverslun.thjodminjasafn.is\\\/?s={search_term_string}\"},\"query-input\":{\"@type\":\"PropertyValueSpecification\",\"valueRequired\":true,\"valueName\":\"search_term_string\"}}],\"inLanguage\":\"en-US\"},{\"@type\":\"Organization\",\"@id\":\"https:\\\/\\\/netverslun.thjodminjasafn.is\\\/#organization\",\"name\":\"\u00dej\u00f3\u00f0minjasafn \u00cdslands\",\"url\":\"https:\\\/\\\/netverslun.thjodminjasafn.is\\\/\",\"logo\":{\"@type\":\"ImageObject\",\"inLanguage\":\"en-US\",\"@id\":\"https:\\\/\\\/netverslun.thjodminjasafn.is\\\/#\\\/schema\\\/logo\\\/image\\\/\",\"url\":\"https:\\\/\\\/netverslun.thjodminjasafn.is\\\/wp-content\\\/uploads\\\/2020\\\/02\\\/sitelogo.svg\",\"contentUrl\":\"https:\\\/\\\/netverslun.thjodminjasafn.is\\\/wp-content\\\/uploads\\\/2020\\\/02\\\/sitelogo.svg\",\"width\":599,\"height\":248,\"caption\":\"\u00dej\u00f3\u00f0minjasafn \u00cdslands\"},\"image\":{\"@id\":\"https:\\\/\\\/netverslun.thjodminjasafn.is\\\/#\\\/schema\\\/logo\\\/image\\\/\"},\"sameAs\":[\"https:\\\/\\\/www.facebook.com\\\/thjodminjasafn\",\"https:\\\/\\\/www.instagram.com\\\/nationalmuseumoficeland\\\/\"]}]}<\/script>\n<!-- \/ Yoast SEO plugin. -->","yoast_head_json":{"title":"Saumur I - Diska\u00feurrka me\u00f0 bl\u00f3mamynstri - \u00dej\u00f3\u00f0minjasafn \u00cdslands","description":"Saumur I - Diska\u00feurrka me\u00f0 bl\u00f3mamynstri. Fallegt \u00fatsauma\u00f0 mynstur \u00e1 sv\u00f6rtu viskastykki 100% b\u00f3mull, \u00feurrkar vel.","robots":{"index":"index","follow":"follow","max-snippet":"max-snippet:-1","max-image-preview":"max-image-preview:large","max-video-preview":"max-video-preview:-1"},"canonical":"https:\/\/netverslun.thjodminjasafn.is\/en\/verslun\/gjafir\/honnun\/saumur-i-diskathurrka-med-blomamynstri\/","og_locale":"en_US","og_type":"article","og_title":"Saumur I - Diska\u00feurrka me\u00f0 bl\u00f3mamynstri - \u00dej\u00f3\u00f0minjasafn \u00cdslands","og_description":"Saumur I - Diska\u00feurrka me\u00f0 bl\u00f3mamynstri. Fallegt \u00fatsauma\u00f0 mynstur \u00e1 sv\u00f6rtu viskastykki 100% b\u00f3mull, \u00feurrkar vel.","og_url":"https:\/\/netverslun.thjodminjasafn.is\/en\/verslun\/gjafir\/honnun\/saumur-i-diskathurrka-med-blomamynstri\/","og_site_name":"\u00dej\u00f3\u00f0minjasafn \u00cdslands","article_publisher":"https:\/\/www.facebook.com\/thjodminjasafn","article_modified_time":"2025-12-05T21:17:45+00:00","og_image":[{"width":273,"height":600,"url":"https:\/\/netverslun.thjodminjasafn.is\/wp-content\/uploads\/2021\/07\/Saumur-I-diskathurrka.png","type":"image\/png"}],"twitter_card":"summary_large_image","twitter_misc":{"Est. reading time":"1 minute"},"schema":{"@context":"https:\/\/schema.org","@graph":[{"@type":"WebPage","@id":"https:\/\/netverslun.thjodminjasafn.is\/en\/verslun\/gjafir\/honnun\/saumur-i-diskathurrka-med-blomamynstri\/","url":"https:\/\/netverslun.thjodminjasafn.is\/en\/verslun\/gjafir\/honnun\/saumur-i-diskathurrka-med-blomamynstri\/","name":"Saumur I - Diska\u00feurrka me\u00f0 bl\u00f3mamynstri - \u00dej\u00f3\u00f0minjasafn \u00cdslands","isPartOf":{"@id":"https:\/\/netverslun.thjodminjasafn.is\/#website"},"primaryImageOfPage":{"@id":"https:\/\/netverslun.thjodminjasafn.is\/en\/verslun\/gjafir\/honnun\/saumur-i-diskathurrka-med-blomamynstri\/#primaryimage"},"image":{"@id":"https:\/\/netverslun.thjodminjasafn.is\/en\/verslun\/gjafir\/honnun\/saumur-i-diskathurrka-med-blomamynstri\/#primaryimage"},"thumbnailUrl":"https:\/\/netverslun.thjodminjasafn.is\/wp-content\/uploads\/2021\/07\/Saumur-I-diskathurrka.png","datePublished":"2021-05-17T14:55:47+00:00","dateModified":"2025-12-05T21:17:45+00:00","description":"Saumur I - Diska\u00feurrka me\u00f0 bl\u00f3mamynstri. Fallegt \u00fatsauma\u00f0 mynstur \u00e1 sv\u00f6rtu viskastykki 100% b\u00f3mull, \u00feurrkar vel.","breadcrumb":{"@id":"https:\/\/netverslun.thjodminjasafn.is\/en\/verslun\/gjafir\/honnun\/saumur-i-diskathurrka-med-blomamynstri\/#breadcrumb"},"inLanguage":"en-US","potentialAction":[{"@type":"ReadAction","target":["https:\/\/netverslun.thjodminjasafn.is\/en\/verslun\/gjafir\/honnun\/saumur-i-diskathurrka-med-blomamynstri\/"]}]},{"@type":"ImageObject","inLanguage":"en-US","@id":"https:\/\/netverslun.thjodminjasafn.is\/en\/verslun\/gjafir\/honnun\/saumur-i-diskathurrka-med-blomamynstri\/#primaryimage","url":"https:\/\/netverslun.thjodminjasafn.is\/wp-content\/uploads\/2021\/07\/Saumur-I-diskathurrka.png","contentUrl":"https:\/\/netverslun.thjodminjasafn.is\/wp-content\/uploads\/2021\/07\/Saumur-I-diskathurrka.png","width":273,"height":600,"caption":"Saumur 1 diska\u00feurrka"},{"@type":"BreadcrumbList","@id":"https:\/\/netverslun.thjodminjasafn.is\/en\/verslun\/gjafir\/honnun\/saumur-i-diskathurrka-med-blomamynstri\/#breadcrumb","itemListElement":[{"@type":"ListItem","position":1,"name":"Home","item":"https:\/\/netverslun.thjodminjasafn.is\/"},{"@type":"ListItem","position":2,"name":"Verslun","item":"https:\/\/netverslun.thjodminjasafn.is\/verslun\/"},{"@type":"ListItem","position":3,"name":"Saumur I &#8211; Diska\u00feurrka me\u00f0 bl\u00f3mamynstri"}]},{"@type":"WebSite","@id":"https:\/\/netverslun.thjodminjasafn.is\/#website","url":"https:\/\/netverslun.thjodminjasafn.is\/","name":"\u00dej\u00f3\u00f0minjasafn \u00cdslands","description":"National Museum of Iceland webstore","publisher":{"@id":"https:\/\/netverslun.thjodminjasafn.is\/#organization"},"potentialAction":[{"@type":"SearchAction","target":{"@type":"EntryPoint","urlTemplate":"https:\/\/netverslun.thjodminjasafn.is\/?s={search_term_string}"},"query-input":{"@type":"PropertyValueSpecification","valueRequired":true,"valueName":"search_term_string"}}],"inLanguage":"en-US"},{"@type":"Organization","@id":"https:\/\/netverslun.thjodminjasafn.is\/#organization","name":"\u00dej\u00f3\u00f0minjasafn \u00cdslands","url":"https:\/\/netverslun.thjodminjasafn.is\/","logo":{"@type":"ImageObject","inLanguage":"en-US","@id":"https:\/\/netverslun.thjodminjasafn.is\/#\/schema\/logo\/image\/","url":"https:\/\/netverslun.thjodminjasafn.is\/wp-content\/uploads\/2020\/02\/sitelogo.svg","contentUrl":"https:\/\/netverslun.thjodminjasafn.is\/wp-content\/uploads\/2020\/02\/sitelogo.svg","width":599,"height":248,"caption":"\u00dej\u00f3\u00f0minjasafn \u00cdslands"},"image":{"@id":"https:\/\/netverslun.thjodminjasafn.is\/#\/schema\/logo\/image\/"},"sameAs":["https:\/\/www.facebook.com\/thjodminjasafn","https:\/\/www.instagram.com\/nationalmuseumoficeland\/"]}]}},"_links":{"self":[{"href":"https:\/\/netverslun.thjodminjasafn.is\/en\/wp-json\/wp\/v2\/product\/1944","targetHints":{"allow":["GET"]}}],"collection":[{"href":"https:\/\/netverslun.thjodminjasafn.is\/en\/wp-json\/wp\/v2\/product"}],"about":[{"href":"https:\/\/netverslun.thjodminjasafn.is\/en\/wp-json\/wp\/v2\/types\/product"}],"version-history":[{"count":1,"href":"https:\/\/netverslun.thjodminjasafn.is\/en\/wp-json\/wp\/v2\/product\/1944\/revisions"}],"predecessor-version":[{"id":8789,"href":"https:\/\/netverslun.thjodminjasafn.is\/en\/wp-json\/wp\/v2\/product\/1944\/revisions\/8789"}],"wp:featuredmedia":[{"embeddable":true,"href":"https:\/\/netverslun.thjodminjasafn.is\/en\/wp-json\/wp\/v2\/media\/4428"}],"wp:attachment":[{"href":"https:\/\/netverslun.thjodminjasafn.is\/en\/wp-json\/wp\/v2\/media?parent=1944"}],"wp:term":[{"taxonomy":"product_brand","embeddable":true,"href":"https:\/\/netverslun.thjodminjasafn.is\/en\/wp-json\/wp\/v2\/product_brand?post=1944"},{"taxonomy":"product_cat","embeddable":true,"href":"https:\/\/netverslun.thjodminjasafn.is\/en\/wp-json\/wp\/v2\/product_cat?post=1944"},{"taxonomy":"product_tag","embeddable":true,"href":"https:\/\/netverslun.thjodminjasafn.is\/en\/wp-json\/wp\/v2\/product_tag?post=1944"}],"curies":[{"name":"wp","href":"https:\/\/api.w.org\/{rel}","templated":true}]}}