{"id":1939,"date":"2021-05-17T14:55:47","date_gmt":"2021-05-17T14:55:47","guid":{"rendered":"https:\/\/thjodminjasafn.is\/?post_type=product&#038;p=1939"},"modified":"2026-01-14T02:43:11","modified_gmt":"2026-01-14T02:43:11","slug":"voluskrin-leikfong-barna-fyrr-a-arum","status":"publish","type":"product","link":"https:\/\/netverslun.thjodminjasafn.is\/en\/verslun\/leikum-okkur\/onnur-leikfong\/voluskrin-leikfong-barna-fyrr-a-arum\/","title":{"rendered":"V\u00f6luskr\u00edn - The original Icelandic toys"},"content":{"rendered":"<p>V\u00f6luskr\u00edn - this is replicas of toys that children in Iceland played with, it was theire treasure.<\/p>\n<p>V\u00f6luskr\u00edn is a reference to a chest box where children used to store their treasures. The V\u00f6luskr\u00edn box contained bones that the children used as toys.<\/p>\n<p>The box contains imitations of the animal bones that were used in earlier times to create an imaginary world that imitates real life in the countryside. The box contains imitations of thirteen bones along with a man and a woman.<\/p>\n<p>A fun gift that boosts your imagination. The box is made of wood and the bones are made of resin.<\/p>","protected":false},"excerpt":{"rendered":"<p>V\u00f6luskr\u00edn, leikf\u00f6ng barna fyrr \u00e1 \u00e1rum. V\u00f6luskr\u00edn er v\u00edsun \u00ed hirslu \u00fear sem b\u00f6rn geymdu gersemar s\u00ednar \u00e1\u00f0ur fyrr. V\u00f6luskr\u00edni\u00f0 inniheldur gull, eins og b\u00f6rnin k\u00f6llu\u00f0u leikf\u00f6ngin s\u00edn \u00ed gamla dag. Skr\u00edni\u00f0 inniheldur eftirger\u00f0ir \u00feeirra d\u00fdrabeina sem notu\u00f0 voru fyrr \u00e1 t\u00edmum til a\u00f0 b\u00faa til heim alv\u00f6ru sveital\u00edfs \u00ed hugum barnanna. \u00cd skr\u00edninu eru [&hellip;]<\/p>\n","protected":false},"featured_media":2464,"template":"","meta":{"site-sidebar-layout":"default","site-content-layout":"default","ast-site-content-layout":"default","site-content-style":"default","site-sidebar-style":"default","ast-global-header-display":"","ast-banner-title-visibility":"","ast-main-header-display":"","ast-hfb-above-header-display":"","ast-hfb-below-header-display":"","ast-hfb-mobile-header-display":"","site-post-title":"","ast-breadcrumbs-content":"","ast-featured-img":"","footer-sml-layout":"","ast-disable-related-posts":"","theme-transparent-header-meta":"default","adv-header-id-meta":"","stick-header-meta":"default","header-above-stick-meta":"","header-main-stick-meta":"","header-below-stick-meta":"","astra-migrate-meta-layouts":"set","ast-page-background-enabled":"default","ast-page-background-meta":{"desktop":{"background-color":"","background-image":"","background-repeat":"repeat","background-position":"center center","background-size":"auto","background-attachment":"scroll","background-type":"","background-media":"","overlay-type":"","overlay-color":"","overlay-opacity":"","overlay-gradient":""},"tablet":{"background-color":"","background-image":"","background-repeat":"repeat","background-position":"center center","background-size":"auto","background-attachment":"scroll","background-type":"","background-media":"","overlay-type":"","overlay-color":"","overlay-opacity":"","overlay-gradient":""},"mobile":{"background-color":"","background-image":"","background-repeat":"repeat","background-position":"center center","background-size":"auto","background-attachment":"scroll","background-type":"","background-media":"","overlay-type":"","overlay-color":"","overlay-opacity":"","overlay-gradient":""}},"ast-content-background-meta":{"desktop":{"background-color":"var(--ast-global-color-5)","background-image":"","background-repeat":"repeat","background-position":"center center","background-size":"auto","background-attachment":"scroll","background-type":"","background-media":"","overlay-type":"","overlay-color":"","overlay-opacity":"","overlay-gradient":""},"tablet":{"background-color":"var(--ast-global-color-5)","background-image":"","background-repeat":"repeat","background-position":"center center","background-size":"auto","background-attachment":"scroll","background-type":"","background-media":"","overlay-type":"","overlay-color":"","overlay-opacity":"","overlay-gradient":""},"mobile":{"background-color":"var(--ast-global-color-5)","background-image":"","background-repeat":"repeat","background-position":"center center","background-size":"auto","background-attachment":"scroll","background-type":"","background-media":"","overlay-type":"","overlay-color":"","overlay-opacity":"","overlay-gradient":""}}},"product_brand":[],"product_cat":[42,60,74,72,37],"product_tag":[],"class_list":{"0":"post-1939","1":"product","2":"type-product","3":"status-publish","4":"has-post-thumbnail","6":"product_cat-born","7":"product_cat-gjafir","8":"product_cat-onnur-leikfong","9":"product_cat-leikum-okkur","10":"product_cat-minjagripir","11":"desktop-align-left","12":"tablet-align-left","13":"mobile-align-left","14":"ast-product-gallery-layout-vertical","15":"ast-product-tabs-layout-vertical","17":"first","18":"instock","19":"sale","20":"shipping-taxable","21":"purchasable","22":"product-type-simple"},"yoast_head":"<!-- This site is optimized with the Yoast SEO plugin v27.3 - https:\/\/yoast.com\/product\/yoast-seo-wordpress\/ -->\n<title>V\u00f6luskr\u00edn, leikf\u00f6ng barna fyrr \u00e1 \u00e1rum - \u00dej\u00f3\u00f0minjasafn \u00cdslands<\/title>\n<meta name=\"description\" content=\"V\u00f6luskr\u00edn, leikf\u00f6ng barna fyrr \u00e1 \u00e1rum. \u00cd gamla daga voru leikf\u00f6ng barna heimager\u00f0 \u00far \u00fev\u00ed sem a\u00f0 h\u00f6ndum f\u00e9ll og \u00edmyndunarafli\u00f0 n\u00e1\u00f0i a\u00f0 tengja l\u00edfi\u00f0.\" \/>\n<meta name=\"robots\" content=\"index, follow, max-snippet:-1, max-image-preview:large, max-video-preview:-1\" \/>\n<link rel=\"canonical\" href=\"https:\/\/netverslun.thjodminjasafn.is\/en\/verslun\/leikum-okkur\/onnur-leikfong\/voluskrin-leikfong-barna-fyrr-a-arum\/\" \/>\n<meta property=\"og:locale\" content=\"en_US\" \/>\n<meta property=\"og:type\" content=\"article\" \/>\n<meta property=\"og:title\" content=\"V\u00f6luskr\u00edn, leikf\u00f6ng barna fyrr \u00e1 \u00e1rum - \u00dej\u00f3\u00f0minjasafn \u00cdslands\" \/>\n<meta property=\"og:description\" content=\"V\u00f6luskr\u00edn, leikf\u00f6ng barna fyrr \u00e1 \u00e1rum. \u00cd gamla daga voru leikf\u00f6ng barna heimager\u00f0 \u00far \u00fev\u00ed sem a\u00f0 h\u00f6ndum f\u00e9ll og \u00edmyndunarafli\u00f0 n\u00e1\u00f0i a\u00f0 tengja l\u00edfi\u00f0.\" \/>\n<meta property=\"og:url\" content=\"https:\/\/netverslun.thjodminjasafn.is\/en\/verslun\/leikum-okkur\/onnur-leikfong\/voluskrin-leikfong-barna-fyrr-a-arum\/\" \/>\n<meta property=\"og:site_name\" content=\"\u00dej\u00f3\u00f0minjasafn \u00cdslands\" \/>\n<meta property=\"article:publisher\" content=\"https:\/\/www.facebook.com\/thjodminjasafn\" \/>\n<meta property=\"article:modified_time\" content=\"2026-01-14T02:43:11+00:00\" \/>\n<meta property=\"og:image\" content=\"https:\/\/netverslun.thjodminjasafn.is\/wp-content\/uploads\/2021\/05\/voluskrin-framhli.jpg\" \/>\n\t<meta property=\"og:image:width\" content=\"1200\" \/>\n\t<meta property=\"og:image:height\" content=\"834\" \/>\n\t<meta property=\"og:image:type\" content=\"image\/jpeg\" \/>\n<meta name=\"twitter:card\" content=\"summary_large_image\" \/>\n<meta name=\"twitter:label1\" content=\"Est. reading time\" \/>\n\t<meta name=\"twitter:data1\" content=\"1 minute\" \/>\n<script type=\"application\/ld+json\" class=\"yoast-schema-graph\">{\"@context\":\"https:\\\/\\\/schema.org\",\"@graph\":[{\"@type\":\"WebPage\",\"@id\":\"https:\\\/\\\/netverslun.thjodminjasafn.is\\\/verslun\\\/leikum-okkur\\\/onnur-leikfong\\\/voluskrin-leikfong-barna-fyrr-a-arum\\\/\",\"url\":\"https:\\\/\\\/netverslun.thjodminjasafn.is\\\/verslun\\\/leikum-okkur\\\/onnur-leikfong\\\/voluskrin-leikfong-barna-fyrr-a-arum\\\/\",\"name\":\"V\u00f6luskr\u00edn, leikf\u00f6ng barna fyrr \u00e1 \u00e1rum - \u00dej\u00f3\u00f0minjasafn \u00cdslands\",\"isPartOf\":{\"@id\":\"https:\\\/\\\/netverslun.thjodminjasafn.is\\\/#website\"},\"primaryImageOfPage\":{\"@id\":\"https:\\\/\\\/netverslun.thjodminjasafn.is\\\/verslun\\\/leikum-okkur\\\/onnur-leikfong\\\/voluskrin-leikfong-barna-fyrr-a-arum\\\/#primaryimage\"},\"image\":{\"@id\":\"https:\\\/\\\/netverslun.thjodminjasafn.is\\\/verslun\\\/leikum-okkur\\\/onnur-leikfong\\\/voluskrin-leikfong-barna-fyrr-a-arum\\\/#primaryimage\"},\"thumbnailUrl\":\"https:\\\/\\\/netverslun.thjodminjasafn.is\\\/wp-content\\\/uploads\\\/2021\\\/05\\\/voluskrin-framhli.jpg\",\"datePublished\":\"2021-05-17T14:55:47+00:00\",\"dateModified\":\"2026-01-14T02:43:11+00:00\",\"description\":\"V\u00f6luskr\u00edn, leikf\u00f6ng barna fyrr \u00e1 \u00e1rum. \u00cd gamla daga voru leikf\u00f6ng barna heimager\u00f0 \u00far \u00fev\u00ed sem a\u00f0 h\u00f6ndum f\u00e9ll og \u00edmyndunarafli\u00f0 n\u00e1\u00f0i a\u00f0 tengja l\u00edfi\u00f0.\",\"breadcrumb\":{\"@id\":\"https:\\\/\\\/netverslun.thjodminjasafn.is\\\/verslun\\\/leikum-okkur\\\/onnur-leikfong\\\/voluskrin-leikfong-barna-fyrr-a-arum\\\/#breadcrumb\"},\"inLanguage\":\"en-US\",\"potentialAction\":[{\"@type\":\"ReadAction\",\"target\":[\"https:\\\/\\\/netverslun.thjodminjasafn.is\\\/verslun\\\/leikum-okkur\\\/onnur-leikfong\\\/voluskrin-leikfong-barna-fyrr-a-arum\\\/\"]}]},{\"@type\":\"ImageObject\",\"inLanguage\":\"en-US\",\"@id\":\"https:\\\/\\\/netverslun.thjodminjasafn.is\\\/verslun\\\/leikum-okkur\\\/onnur-leikfong\\\/voluskrin-leikfong-barna-fyrr-a-arum\\\/#primaryimage\",\"url\":\"https:\\\/\\\/netverslun.thjodminjasafn.is\\\/wp-content\\\/uploads\\\/2021\\\/05\\\/voluskrin-framhli.jpg\",\"contentUrl\":\"https:\\\/\\\/netverslun.thjodminjasafn.is\\\/wp-content\\\/uploads\\\/2021\\\/05\\\/voluskrin-framhli.jpg\",\"width\":\"1200\",\"height\":\"834\",\"caption\":\"V\u00f6luskr\u00edn, leikf\u00f6ng barna fyrr \u00e1 \u00e1rum\"},{\"@type\":\"BreadcrumbList\",\"@id\":\"https:\\\/\\\/netverslun.thjodminjasafn.is\\\/verslun\\\/leikum-okkur\\\/onnur-leikfong\\\/voluskrin-leikfong-barna-fyrr-a-arum\\\/#breadcrumb\",\"itemListElement\":[{\"@type\":\"ListItem\",\"position\":1,\"name\":\"Home\",\"item\":\"https:\\\/\\\/netverslun.thjodminjasafn.is\\\/\"},{\"@type\":\"ListItem\",\"position\":2,\"name\":\"Verslun\",\"item\":\"https:\\\/\\\/netverslun.thjodminjasafn.is\\\/verslun\\\/\"},{\"@type\":\"ListItem\",\"position\":3,\"name\":\"V\u00f6luskr\u00edn, leikf\u00f6ng barna fyrr \u00e1 \u00e1rum\"}]},{\"@type\":\"WebSite\",\"@id\":\"https:\\\/\\\/netverslun.thjodminjasafn.is\\\/#website\",\"url\":\"https:\\\/\\\/netverslun.thjodminjasafn.is\\\/\",\"name\":\"\u00dej\u00f3\u00f0minjasafn \u00cdslands\",\"description\":\"Vefverslun \u00dej\u00f3\u00f0minjasafnsins\",\"publisher\":{\"@id\":\"https:\\\/\\\/netverslun.thjodminjasafn.is\\\/#organization\"},\"potentialAction\":[{\"@type\":\"SearchAction\",\"target\":{\"@type\":\"EntryPoint\",\"urlTemplate\":\"https:\\\/\\\/netverslun.thjodminjasafn.is\\\/?s={search_term_string}\"},\"query-input\":{\"@type\":\"PropertyValueSpecification\",\"valueRequired\":true,\"valueName\":\"search_term_string\"}}],\"inLanguage\":\"en-US\"},{\"@type\":\"Organization\",\"@id\":\"https:\\\/\\\/netverslun.thjodminjasafn.is\\\/#organization\",\"name\":\"\u00dej\u00f3\u00f0minjasafn \u00cdslands\",\"url\":\"https:\\\/\\\/netverslun.thjodminjasafn.is\\\/\",\"logo\":{\"@type\":\"ImageObject\",\"inLanguage\":\"en-US\",\"@id\":\"https:\\\/\\\/netverslun.thjodminjasafn.is\\\/#\\\/schema\\\/logo\\\/image\\\/\",\"url\":\"https:\\\/\\\/netverslun.thjodminjasafn.is\\\/wp-content\\\/uploads\\\/2020\\\/02\\\/sitelogo.svg\",\"contentUrl\":\"https:\\\/\\\/netverslun.thjodminjasafn.is\\\/wp-content\\\/uploads\\\/2020\\\/02\\\/sitelogo.svg\",\"width\":599,\"height\":248,\"caption\":\"\u00dej\u00f3\u00f0minjasafn \u00cdslands\"},\"image\":{\"@id\":\"https:\\\/\\\/netverslun.thjodminjasafn.is\\\/#\\\/schema\\\/logo\\\/image\\\/\"},\"sameAs\":[\"https:\\\/\\\/www.facebook.com\\\/thjodminjasafn\",\"https:\\\/\\\/www.instagram.com\\\/nationalmuseumoficeland\\\/\"]}]}<\/script>\n<!-- \/ Yoast SEO plugin. -->","yoast_head_json":{"title":"V\u00f6luskr\u00edn, leikf\u00f6ng barna fyrr \u00e1 \u00e1rum - \u00dej\u00f3\u00f0minjasafn \u00cdslands","description":"V\u00f6luskr\u00edn, leikf\u00f6ng barna fyrr \u00e1 \u00e1rum. \u00cd gamla daga voru leikf\u00f6ng barna heimager\u00f0 \u00far \u00fev\u00ed sem a\u00f0 h\u00f6ndum f\u00e9ll og \u00edmyndunarafli\u00f0 n\u00e1\u00f0i a\u00f0 tengja l\u00edfi\u00f0.","robots":{"index":"index","follow":"follow","max-snippet":"max-snippet:-1","max-image-preview":"max-image-preview:large","max-video-preview":"max-video-preview:-1"},"canonical":"https:\/\/netverslun.thjodminjasafn.is\/en\/verslun\/leikum-okkur\/onnur-leikfong\/voluskrin-leikfong-barna-fyrr-a-arum\/","og_locale":"en_US","og_type":"article","og_title":"V\u00f6luskr\u00edn, leikf\u00f6ng barna fyrr \u00e1 \u00e1rum - \u00dej\u00f3\u00f0minjasafn \u00cdslands","og_description":"V\u00f6luskr\u00edn, leikf\u00f6ng barna fyrr \u00e1 \u00e1rum. \u00cd gamla daga voru leikf\u00f6ng barna heimager\u00f0 \u00far \u00fev\u00ed sem a\u00f0 h\u00f6ndum f\u00e9ll og \u00edmyndunarafli\u00f0 n\u00e1\u00f0i a\u00f0 tengja l\u00edfi\u00f0.","og_url":"https:\/\/netverslun.thjodminjasafn.is\/en\/verslun\/leikum-okkur\/onnur-leikfong\/voluskrin-leikfong-barna-fyrr-a-arum\/","og_site_name":"\u00dej\u00f3\u00f0minjasafn \u00cdslands","article_publisher":"https:\/\/www.facebook.com\/thjodminjasafn","article_modified_time":"2026-01-14T02:43:11+00:00","og_image":[{"width":1200,"height":834,"url":"https:\/\/netverslun.thjodminjasafn.is\/wp-content\/uploads\/2021\/05\/voluskrin-framhli.jpg","type":"image\/jpeg"}],"twitter_card":"summary_large_image","twitter_misc":{"Est. reading time":"1 minute"},"schema":{"@context":"https:\/\/schema.org","@graph":[{"@type":"WebPage","@id":"https:\/\/netverslun.thjodminjasafn.is\/verslun\/leikum-okkur\/onnur-leikfong\/voluskrin-leikfong-barna-fyrr-a-arum\/","url":"https:\/\/netverslun.thjodminjasafn.is\/verslun\/leikum-okkur\/onnur-leikfong\/voluskrin-leikfong-barna-fyrr-a-arum\/","name":"V\u00f6luskr\u00edn, leikf\u00f6ng barna fyrr \u00e1 \u00e1rum - \u00dej\u00f3\u00f0minjasafn \u00cdslands","isPartOf":{"@id":"https:\/\/netverslun.thjodminjasafn.is\/#website"},"primaryImageOfPage":{"@id":"https:\/\/netverslun.thjodminjasafn.is\/verslun\/leikum-okkur\/onnur-leikfong\/voluskrin-leikfong-barna-fyrr-a-arum\/#primaryimage"},"image":{"@id":"https:\/\/netverslun.thjodminjasafn.is\/verslun\/leikum-okkur\/onnur-leikfong\/voluskrin-leikfong-barna-fyrr-a-arum\/#primaryimage"},"thumbnailUrl":"https:\/\/netverslun.thjodminjasafn.is\/wp-content\/uploads\/2021\/05\/voluskrin-framhli.jpg","datePublished":"2021-05-17T14:55:47+00:00","dateModified":"2026-01-14T02:43:11+00:00","description":"V\u00f6luskr\u00edn, leikf\u00f6ng barna fyrr \u00e1 \u00e1rum. \u00cd gamla daga voru leikf\u00f6ng barna heimager\u00f0 \u00far \u00fev\u00ed sem a\u00f0 h\u00f6ndum f\u00e9ll og \u00edmyndunarafli\u00f0 n\u00e1\u00f0i a\u00f0 tengja l\u00edfi\u00f0.","breadcrumb":{"@id":"https:\/\/netverslun.thjodminjasafn.is\/verslun\/leikum-okkur\/onnur-leikfong\/voluskrin-leikfong-barna-fyrr-a-arum\/#breadcrumb"},"inLanguage":"en-US","potentialAction":[{"@type":"ReadAction","target":["https:\/\/netverslun.thjodminjasafn.is\/verslun\/leikum-okkur\/onnur-leikfong\/voluskrin-leikfong-barna-fyrr-a-arum\/"]}]},{"@type":"ImageObject","inLanguage":"en-US","@id":"https:\/\/netverslun.thjodminjasafn.is\/verslun\/leikum-okkur\/onnur-leikfong\/voluskrin-leikfong-barna-fyrr-a-arum\/#primaryimage","url":"https:\/\/netverslun.thjodminjasafn.is\/wp-content\/uploads\/2021\/05\/voluskrin-framhli.jpg","contentUrl":"https:\/\/netverslun.thjodminjasafn.is\/wp-content\/uploads\/2021\/05\/voluskrin-framhli.jpg","width":"1200","height":"834","caption":"V\u00f6luskr\u00edn, leikf\u00f6ng barna fyrr \u00e1 \u00e1rum"},{"@type":"BreadcrumbList","@id":"https:\/\/netverslun.thjodminjasafn.is\/verslun\/leikum-okkur\/onnur-leikfong\/voluskrin-leikfong-barna-fyrr-a-arum\/#breadcrumb","itemListElement":[{"@type":"ListItem","position":1,"name":"Home","item":"https:\/\/netverslun.thjodminjasafn.is\/"},{"@type":"ListItem","position":2,"name":"Verslun","item":"https:\/\/netverslun.thjodminjasafn.is\/verslun\/"},{"@type":"ListItem","position":3,"name":"V\u00f6luskr\u00edn, leikf\u00f6ng barna fyrr \u00e1 \u00e1rum"}]},{"@type":"WebSite","@id":"https:\/\/netverslun.thjodminjasafn.is\/#website","url":"https:\/\/netverslun.thjodminjasafn.is\/","name":"\u00dej\u00f3\u00f0minjasafn \u00cdslands","description":"National Museum of Iceland webstore","publisher":{"@id":"https:\/\/netverslun.thjodminjasafn.is\/#organization"},"potentialAction":[{"@type":"SearchAction","target":{"@type":"EntryPoint","urlTemplate":"https:\/\/netverslun.thjodminjasafn.is\/?s={search_term_string}"},"query-input":{"@type":"PropertyValueSpecification","valueRequired":true,"valueName":"search_term_string"}}],"inLanguage":"en-US"},{"@type":"Organization","@id":"https:\/\/netverslun.thjodminjasafn.is\/#organization","name":"\u00dej\u00f3\u00f0minjasafn \u00cdslands","url":"https:\/\/netverslun.thjodminjasafn.is\/","logo":{"@type":"ImageObject","inLanguage":"en-US","@id":"https:\/\/netverslun.thjodminjasafn.is\/#\/schema\/logo\/image\/","url":"https:\/\/netverslun.thjodminjasafn.is\/wp-content\/uploads\/2020\/02\/sitelogo.svg","contentUrl":"https:\/\/netverslun.thjodminjasafn.is\/wp-content\/uploads\/2020\/02\/sitelogo.svg","width":599,"height":248,"caption":"\u00dej\u00f3\u00f0minjasafn \u00cdslands"},"image":{"@id":"https:\/\/netverslun.thjodminjasafn.is\/#\/schema\/logo\/image\/"},"sameAs":["https:\/\/www.facebook.com\/thjodminjasafn","https:\/\/www.instagram.com\/nationalmuseumoficeland\/"]}]}},"_links":{"self":[{"href":"https:\/\/netverslun.thjodminjasafn.is\/en\/wp-json\/wp\/v2\/product\/1939","targetHints":{"allow":["GET"]}}],"collection":[{"href":"https:\/\/netverslun.thjodminjasafn.is\/en\/wp-json\/wp\/v2\/product"}],"about":[{"href":"https:\/\/netverslun.thjodminjasafn.is\/en\/wp-json\/wp\/v2\/types\/product"}],"version-history":[{"count":0,"href":"https:\/\/netverslun.thjodminjasafn.is\/en\/wp-json\/wp\/v2\/product\/1939\/revisions"}],"wp:featuredmedia":[{"embeddable":true,"href":"https:\/\/netverslun.thjodminjasafn.is\/en\/wp-json\/wp\/v2\/media\/2464"}],"wp:attachment":[{"href":"https:\/\/netverslun.thjodminjasafn.is\/en\/wp-json\/wp\/v2\/media?parent=1939"}],"wp:term":[{"taxonomy":"product_brand","embeddable":true,"href":"https:\/\/netverslun.thjodminjasafn.is\/en\/wp-json\/wp\/v2\/product_brand?post=1939"},{"taxonomy":"product_cat","embeddable":true,"href":"https:\/\/netverslun.thjodminjasafn.is\/en\/wp-json\/wp\/v2\/product_cat?post=1939"},{"taxonomy":"product_tag","embeddable":true,"href":"https:\/\/netverslun.thjodminjasafn.is\/en\/wp-json\/wp\/v2\/product_tag?post=1939"}],"curies":[{"name":"wp","href":"https:\/\/api.w.org\/{rel}","templated":true}]}}