{"id":1885,"date":"2021-05-17T14:55:43","date_gmt":"2021-05-17T14:55:43","guid":{"rendered":"https:\/\/thjodminjasafn.is\/?post_type=product&#038;p=1885"},"modified":"2024-03-21T15:16:40","modified_gmt":"2024-03-21T15:16:40","slug":"stort-vikinga-tresverd-i-slidri","status":"publish","type":"product","link":"https:\/\/netverslun.thjodminjasafn.is\/en\/verslun\/leikum-okkur\/vikingadot\/stort-vikinga-tresverd-i-slidri\/","title":{"rendered":"Viking sword \/ fleece"},"content":{"rendered":"<p>St\u00f3rt v\u00edkinga tr\u00e9sver\u00f0 \u00ed sl\u00ed\u00f0ri 65 cm. langt. Sver\u00f0i\u00f0 er \u00ed br\u00fanu sl\u00ed\u00f0ri \u00far filti, handfang vafi\u00f0 me\u00f0 br\u00fanum \u00fe\u00e9ttum b\u00f3mullar\u00fer\u00e1\u00f0.<\/p>\n<p>Handgert \u00ed \u00de\u00fdskalandi, efnivi\u00f0ur, grisju\u00f0 beykitr\u00e9.<\/p>\n<p>Tr\u00e9leikf\u00f6ngin eru \u00f6ll framleidd \u00ed litlu fj\u00f6lskyldufyrirt\u00e6ki sem fylgir evr\u00f3pskum \u00f6ryggisst\u00f6\u00f0lum (CE merkt).<\/p>","protected":false},"excerpt":{"rendered":"<p>St\u00f3rt v\u00edkinga tr\u00e9sver\u00f0 \u00ed sl\u00ed\u00f0ri 65 cm. langt. Sver\u00f0i\u00f0 er \u00ed br\u00fanu sl\u00ed\u00f0ri \u00far filti, handfang vafi\u00f0 me\u00f0 br\u00fanum \u00fe\u00e9ttum b\u00f3mullar\u00fer\u00e1\u00f0. Handgert \u00ed \u00de\u00fdskalandi, efnivi\u00f0ur, grisju\u00f0 beykitr\u00e9. Tr\u00e9leikf\u00f6ngin eru \u00f6ll framleidd \u00ed litlu fj\u00f6lskyldufyrirt\u00e6ki sem fylgir evr\u00f3pskum \u00f6ryggisst\u00f6\u00f0lum (CE merkt).<\/p>","protected":false},"featured_media":3192,"template":"","meta":{"site-sidebar-layout":"default","site-content-layout":"default","ast-site-content-layout":"default","site-content-style":"default","site-sidebar-style":"default","ast-global-header-display":"","ast-banner-title-visibility":"","ast-main-header-display":"","ast-hfb-above-header-display":"","ast-hfb-below-header-display":"","ast-hfb-mobile-header-display":"","site-post-title":"","ast-breadcrumbs-content":"","ast-featured-img":"","footer-sml-layout":"","ast-disable-related-posts":"","theme-transparent-header-meta":"default","adv-header-id-meta":"","stick-header-meta":"default","header-above-stick-meta":"","header-main-stick-meta":"","header-below-stick-meta":"","astra-migrate-meta-layouts":"default","ast-page-background-enabled":"default","ast-page-background-meta":{"desktop":{"background-color":"","background-image":"","background-repeat":"repeat","background-position":"center center","background-size":"auto","background-attachment":"scroll","background-type":"","background-media":"","overlay-type":"","overlay-color":"","overlay-opacity":"","overlay-gradient":""},"tablet":{"background-color":"","background-image":"","background-repeat":"repeat","background-position":"center center","background-size":"auto","background-attachment":"scroll","background-type":"","background-media":"","overlay-type":"","overlay-color":"","overlay-opacity":"","overlay-gradient":""},"mobile":{"background-color":"","background-image":"","background-repeat":"repeat","background-position":"center center","background-size":"auto","background-attachment":"scroll","background-type":"","background-media":"","overlay-type":"","overlay-color":"","overlay-opacity":"","overlay-gradient":""}},"ast-content-background-meta":{"desktop":{"background-color":"var(--ast-global-color-5)","background-image":"","background-repeat":"repeat","background-position":"center center","background-size":"auto","background-attachment":"scroll","background-type":"","background-media":"","overlay-type":"","overlay-color":"","overlay-opacity":"","overlay-gradient":""},"tablet":{"background-color":"var(--ast-global-color-5)","background-image":"","background-repeat":"repeat","background-position":"center center","background-size":"auto","background-attachment":"scroll","background-type":"","background-media":"","overlay-type":"","overlay-color":"","overlay-opacity":"","overlay-gradient":""},"mobile":{"background-color":"var(--ast-global-color-5)","background-image":"","background-repeat":"repeat","background-position":"center center","background-size":"auto","background-attachment":"scroll","background-type":"","background-media":"","overlay-type":"","overlay-color":"","overlay-opacity":"","overlay-gradient":""}}},"product_brand":[],"product_cat":[42,60,74,72,37,73],"product_tag":[245],"class_list":{"0":"post-1885","1":"product","2":"type-product","3":"status-publish","4":"has-post-thumbnail","6":"product_cat-born","7":"product_cat-gjafir","8":"product_cat-onnur-leikfong","9":"product_cat-leikum-okkur","10":"product_cat-minjagripir","11":"product_cat-vikingadot","12":"product_tag-vikingar","13":"desktop-align-left","14":"tablet-align-left","15":"mobile-align-left","16":"ast-product-gallery-layout-vertical","17":"ast-product-gallery-with-no-image","18":"ast-product-tabs-layout-vertical","20":"first","21":"instock","22":"shipping-taxable","23":"purchasable","24":"product-type-simple"},"yoast_head":"<!-- This site is optimized with the Yoast SEO plugin v27.3 - https:\/\/yoast.com\/product\/yoast-seo-wordpress\/ -->\n<title>St\u00f3rt v\u00edkinga tr\u00e9sver\u00f0 \u00ed sl\u00ed\u00f0ri - \u00dej\u00f3\u00f0minjasafn \u00cdslands<\/title>\n<meta name=\"description\" content=\"St\u00f3rt v\u00edkinga tr\u00e9sver\u00f0 \u00ed sl\u00ed\u00f0ri. Skemmtileg tr\u00e9leikf\u00f6ng unnin \u00far grisju\u00f0um beykisk\u00f3gum. Sver\u00f0i\u00f0 er \u00ed sl\u00ed\u00f0ri \u00far filtefni, me\u00f0 reipi til a\u00f0 binda um sig.\" \/>\n<meta name=\"robots\" content=\"index, follow, max-snippet:-1, max-image-preview:large, max-video-preview:-1\" \/>\n<link rel=\"canonical\" href=\"https:\/\/netverslun.thjodminjasafn.is\/en\/verslun\/leikum-okkur\/vikingadot\/stort-vikinga-tresverd-i-slidri\/\" \/>\n<meta property=\"og:locale\" content=\"en_US\" \/>\n<meta property=\"og:type\" content=\"article\" \/>\n<meta property=\"og:title\" content=\"St\u00f3rt v\u00edkinga tr\u00e9sver\u00f0 \u00ed sl\u00ed\u00f0ri - \u00dej\u00f3\u00f0minjasafn \u00cdslands\" \/>\n<meta property=\"og:description\" content=\"St\u00f3rt v\u00edkinga tr\u00e9sver\u00f0 \u00ed sl\u00ed\u00f0ri. Skemmtileg tr\u00e9leikf\u00f6ng unnin \u00far grisju\u00f0um beykisk\u00f3gum. Sver\u00f0i\u00f0 er \u00ed sl\u00ed\u00f0ri \u00far filtefni, me\u00f0 reipi til a\u00f0 binda um sig.\" \/>\n<meta property=\"og:url\" content=\"https:\/\/netverslun.thjodminjasafn.is\/en\/verslun\/leikum-okkur\/vikingadot\/stort-vikinga-tresverd-i-slidri\/\" \/>\n<meta property=\"og:site_name\" content=\"\u00dej\u00f3\u00f0minjasafn \u00cdslands\" \/>\n<meta property=\"article:publisher\" content=\"https:\/\/www.facebook.com\/thjodminjasafn\" \/>\n<meta property=\"article:modified_time\" content=\"2024-03-21T15:16:40+00:00\" \/>\n<meta property=\"og:image\" content=\"https:\/\/netverslun.thjodminjasafn.is\/wp-content\/uploads\/2021\/05\/Tresverd-65-cm-langt-bunt-slidur.png\" \/>\n\t<meta property=\"og:image:width\" content=\"844\" \/>\n\t<meta property=\"og:image:height\" content=\"295\" \/>\n\t<meta property=\"og:image:type\" content=\"image\/png\" \/>\n<meta name=\"twitter:card\" content=\"summary_large_image\" \/>\n<meta name=\"twitter:label1\" content=\"Est. reading time\" \/>\n\t<meta name=\"twitter:data1\" content=\"1 minute\" \/>\n<script type=\"application\/ld+json\" class=\"yoast-schema-graph\">{\"@context\":\"https:\\\/\\\/schema.org\",\"@graph\":[{\"@type\":\"WebPage\",\"@id\":\"https:\\\/\\\/netverslun.thjodminjasafn.is\\\/verslun\\\/leikum-okkur\\\/vikingadot\\\/stort-vikinga-tresverd-i-slidri\\\/\",\"url\":\"https:\\\/\\\/netverslun.thjodminjasafn.is\\\/verslun\\\/leikum-okkur\\\/vikingadot\\\/stort-vikinga-tresverd-i-slidri\\\/\",\"name\":\"St\u00f3rt v\u00edkinga tr\u00e9sver\u00f0 \u00ed sl\u00ed\u00f0ri - \u00dej\u00f3\u00f0minjasafn \u00cdslands\",\"isPartOf\":{\"@id\":\"https:\\\/\\\/netverslun.thjodminjasafn.is\\\/#website\"},\"primaryImageOfPage\":{\"@id\":\"https:\\\/\\\/netverslun.thjodminjasafn.is\\\/verslun\\\/leikum-okkur\\\/vikingadot\\\/stort-vikinga-tresverd-i-slidri\\\/#primaryimage\"},\"image\":{\"@id\":\"https:\\\/\\\/netverslun.thjodminjasafn.is\\\/verslun\\\/leikum-okkur\\\/vikingadot\\\/stort-vikinga-tresverd-i-slidri\\\/#primaryimage\"},\"thumbnailUrl\":\"https:\\\/\\\/netverslun.thjodminjasafn.is\\\/wp-content\\\/uploads\\\/2021\\\/05\\\/Tresverd-65-cm-langt-bunt-slidur.png\",\"datePublished\":\"2021-05-17T14:55:43+00:00\",\"dateModified\":\"2024-03-21T15:16:40+00:00\",\"description\":\"St\u00f3rt v\u00edkinga tr\u00e9sver\u00f0 \u00ed sl\u00ed\u00f0ri. Skemmtileg tr\u00e9leikf\u00f6ng unnin \u00far grisju\u00f0um beykisk\u00f3gum. Sver\u00f0i\u00f0 er \u00ed sl\u00ed\u00f0ri \u00far filtefni, me\u00f0 reipi til a\u00f0 binda um sig.\",\"breadcrumb\":{\"@id\":\"https:\\\/\\\/netverslun.thjodminjasafn.is\\\/verslun\\\/leikum-okkur\\\/vikingadot\\\/stort-vikinga-tresverd-i-slidri\\\/#breadcrumb\"},\"inLanguage\":\"en-US\",\"potentialAction\":[{\"@type\":\"ReadAction\",\"target\":[\"https:\\\/\\\/netverslun.thjodminjasafn.is\\\/verslun\\\/leikum-okkur\\\/vikingadot\\\/stort-vikinga-tresverd-i-slidri\\\/\"]}]},{\"@type\":\"ImageObject\",\"inLanguage\":\"en-US\",\"@id\":\"https:\\\/\\\/netverslun.thjodminjasafn.is\\\/verslun\\\/leikum-okkur\\\/vikingadot\\\/stort-vikinga-tresverd-i-slidri\\\/#primaryimage\",\"url\":\"https:\\\/\\\/netverslun.thjodminjasafn.is\\\/wp-content\\\/uploads\\\/2021\\\/05\\\/Tresverd-65-cm-langt-bunt-slidur.png\",\"contentUrl\":\"https:\\\/\\\/netverslun.thjodminjasafn.is\\\/wp-content\\\/uploads\\\/2021\\\/05\\\/Tresverd-65-cm-langt-bunt-slidur.png\",\"width\":844,\"height\":295,\"caption\":\"St\u00f3rt v\u00edkinga tr\u00e9sver\u00f0 \u00ed sl\u00ed\u00f0ri\"},{\"@type\":\"BreadcrumbList\",\"@id\":\"https:\\\/\\\/netverslun.thjodminjasafn.is\\\/verslun\\\/leikum-okkur\\\/vikingadot\\\/stort-vikinga-tresverd-i-slidri\\\/#breadcrumb\",\"itemListElement\":[{\"@type\":\"ListItem\",\"position\":1,\"name\":\"Home\",\"item\":\"https:\\\/\\\/netverslun.thjodminjasafn.is\\\/\"},{\"@type\":\"ListItem\",\"position\":2,\"name\":\"Verslun\",\"item\":\"https:\\\/\\\/netverslun.thjodminjasafn.is\\\/verslun\\\/\"},{\"@type\":\"ListItem\",\"position\":3,\"name\":\"St\u00f3rt v\u00edkinga tr\u00e9sver\u00f0 \u00ed sl\u00ed\u00f0ri\"}]},{\"@type\":\"WebSite\",\"@id\":\"https:\\\/\\\/netverslun.thjodminjasafn.is\\\/#website\",\"url\":\"https:\\\/\\\/netverslun.thjodminjasafn.is\\\/\",\"name\":\"\u00dej\u00f3\u00f0minjasafn \u00cdslands\",\"description\":\"Vefverslun \u00dej\u00f3\u00f0minjasafnsins\",\"publisher\":{\"@id\":\"https:\\\/\\\/netverslun.thjodminjasafn.is\\\/#organization\"},\"potentialAction\":[{\"@type\":\"SearchAction\",\"target\":{\"@type\":\"EntryPoint\",\"urlTemplate\":\"https:\\\/\\\/netverslun.thjodminjasafn.is\\\/?s={search_term_string}\"},\"query-input\":{\"@type\":\"PropertyValueSpecification\",\"valueRequired\":true,\"valueName\":\"search_term_string\"}}],\"inLanguage\":\"en-US\"},{\"@type\":\"Organization\",\"@id\":\"https:\\\/\\\/netverslun.thjodminjasafn.is\\\/#organization\",\"name\":\"\u00dej\u00f3\u00f0minjasafn \u00cdslands\",\"url\":\"https:\\\/\\\/netverslun.thjodminjasafn.is\\\/\",\"logo\":{\"@type\":\"ImageObject\",\"inLanguage\":\"en-US\",\"@id\":\"https:\\\/\\\/netverslun.thjodminjasafn.is\\\/#\\\/schema\\\/logo\\\/image\\\/\",\"url\":\"https:\\\/\\\/netverslun.thjodminjasafn.is\\\/wp-content\\\/uploads\\\/2020\\\/02\\\/sitelogo.svg\",\"contentUrl\":\"https:\\\/\\\/netverslun.thjodminjasafn.is\\\/wp-content\\\/uploads\\\/2020\\\/02\\\/sitelogo.svg\",\"width\":599,\"height\":248,\"caption\":\"\u00dej\u00f3\u00f0minjasafn \u00cdslands\"},\"image\":{\"@id\":\"https:\\\/\\\/netverslun.thjodminjasafn.is\\\/#\\\/schema\\\/logo\\\/image\\\/\"},\"sameAs\":[\"https:\\\/\\\/www.facebook.com\\\/thjodminjasafn\",\"https:\\\/\\\/www.instagram.com\\\/nationalmuseumoficeland\\\/\"]}]}<\/script>\n<!-- \/ Yoast SEO plugin. -->","yoast_head_json":{"title":"St\u00f3rt v\u00edkinga tr\u00e9sver\u00f0 \u00ed sl\u00ed\u00f0ri - \u00dej\u00f3\u00f0minjasafn \u00cdslands","description":"St\u00f3rt v\u00edkinga tr\u00e9sver\u00f0 \u00ed sl\u00ed\u00f0ri. Skemmtileg tr\u00e9leikf\u00f6ng unnin \u00far grisju\u00f0um beykisk\u00f3gum. Sver\u00f0i\u00f0 er \u00ed sl\u00ed\u00f0ri \u00far filtefni, me\u00f0 reipi til a\u00f0 binda um sig.","robots":{"index":"index","follow":"follow","max-snippet":"max-snippet:-1","max-image-preview":"max-image-preview:large","max-video-preview":"max-video-preview:-1"},"canonical":"https:\/\/netverslun.thjodminjasafn.is\/en\/verslun\/leikum-okkur\/vikingadot\/stort-vikinga-tresverd-i-slidri\/","og_locale":"en_US","og_type":"article","og_title":"St\u00f3rt v\u00edkinga tr\u00e9sver\u00f0 \u00ed sl\u00ed\u00f0ri - \u00dej\u00f3\u00f0minjasafn \u00cdslands","og_description":"St\u00f3rt v\u00edkinga tr\u00e9sver\u00f0 \u00ed sl\u00ed\u00f0ri. Skemmtileg tr\u00e9leikf\u00f6ng unnin \u00far grisju\u00f0um beykisk\u00f3gum. Sver\u00f0i\u00f0 er \u00ed sl\u00ed\u00f0ri \u00far filtefni, me\u00f0 reipi til a\u00f0 binda um sig.","og_url":"https:\/\/netverslun.thjodminjasafn.is\/en\/verslun\/leikum-okkur\/vikingadot\/stort-vikinga-tresverd-i-slidri\/","og_site_name":"\u00dej\u00f3\u00f0minjasafn \u00cdslands","article_publisher":"https:\/\/www.facebook.com\/thjodminjasafn","article_modified_time":"2024-03-21T15:16:40+00:00","og_image":[{"width":844,"height":295,"url":"https:\/\/netverslun.thjodminjasafn.is\/wp-content\/uploads\/2021\/05\/Tresverd-65-cm-langt-bunt-slidur.png","type":"image\/png"}],"twitter_card":"summary_large_image","twitter_misc":{"Est. reading time":"1 minute"},"schema":{"@context":"https:\/\/schema.org","@graph":[{"@type":"WebPage","@id":"https:\/\/netverslun.thjodminjasafn.is\/verslun\/leikum-okkur\/vikingadot\/stort-vikinga-tresverd-i-slidri\/","url":"https:\/\/netverslun.thjodminjasafn.is\/verslun\/leikum-okkur\/vikingadot\/stort-vikinga-tresverd-i-slidri\/","name":"St\u00f3rt v\u00edkinga tr\u00e9sver\u00f0 \u00ed sl\u00ed\u00f0ri - \u00dej\u00f3\u00f0minjasafn \u00cdslands","isPartOf":{"@id":"https:\/\/netverslun.thjodminjasafn.is\/#website"},"primaryImageOfPage":{"@id":"https:\/\/netverslun.thjodminjasafn.is\/verslun\/leikum-okkur\/vikingadot\/stort-vikinga-tresverd-i-slidri\/#primaryimage"},"image":{"@id":"https:\/\/netverslun.thjodminjasafn.is\/verslun\/leikum-okkur\/vikingadot\/stort-vikinga-tresverd-i-slidri\/#primaryimage"},"thumbnailUrl":"https:\/\/netverslun.thjodminjasafn.is\/wp-content\/uploads\/2021\/05\/Tresverd-65-cm-langt-bunt-slidur.png","datePublished":"2021-05-17T14:55:43+00:00","dateModified":"2024-03-21T15:16:40+00:00","description":"St\u00f3rt v\u00edkinga tr\u00e9sver\u00f0 \u00ed sl\u00ed\u00f0ri. Skemmtileg tr\u00e9leikf\u00f6ng unnin \u00far grisju\u00f0um beykisk\u00f3gum. Sver\u00f0i\u00f0 er \u00ed sl\u00ed\u00f0ri \u00far filtefni, me\u00f0 reipi til a\u00f0 binda um sig.","breadcrumb":{"@id":"https:\/\/netverslun.thjodminjasafn.is\/verslun\/leikum-okkur\/vikingadot\/stort-vikinga-tresverd-i-slidri\/#breadcrumb"},"inLanguage":"en-US","potentialAction":[{"@type":"ReadAction","target":["https:\/\/netverslun.thjodminjasafn.is\/verslun\/leikum-okkur\/vikingadot\/stort-vikinga-tresverd-i-slidri\/"]}]},{"@type":"ImageObject","inLanguage":"en-US","@id":"https:\/\/netverslun.thjodminjasafn.is\/verslun\/leikum-okkur\/vikingadot\/stort-vikinga-tresverd-i-slidri\/#primaryimage","url":"https:\/\/netverslun.thjodminjasafn.is\/wp-content\/uploads\/2021\/05\/Tresverd-65-cm-langt-bunt-slidur.png","contentUrl":"https:\/\/netverslun.thjodminjasafn.is\/wp-content\/uploads\/2021\/05\/Tresverd-65-cm-langt-bunt-slidur.png","width":844,"height":295,"caption":"St\u00f3rt v\u00edkinga tr\u00e9sver\u00f0 \u00ed sl\u00ed\u00f0ri"},{"@type":"BreadcrumbList","@id":"https:\/\/netverslun.thjodminjasafn.is\/verslun\/leikum-okkur\/vikingadot\/stort-vikinga-tresverd-i-slidri\/#breadcrumb","itemListElement":[{"@type":"ListItem","position":1,"name":"Home","item":"https:\/\/netverslun.thjodminjasafn.is\/"},{"@type":"ListItem","position":2,"name":"Verslun","item":"https:\/\/netverslun.thjodminjasafn.is\/verslun\/"},{"@type":"ListItem","position":3,"name":"St\u00f3rt v\u00edkinga tr\u00e9sver\u00f0 \u00ed sl\u00ed\u00f0ri"}]},{"@type":"WebSite","@id":"https:\/\/netverslun.thjodminjasafn.is\/#website","url":"https:\/\/netverslun.thjodminjasafn.is\/","name":"\u00dej\u00f3\u00f0minjasafn \u00cdslands","description":"National Museum of Iceland webstore","publisher":{"@id":"https:\/\/netverslun.thjodminjasafn.is\/#organization"},"potentialAction":[{"@type":"SearchAction","target":{"@type":"EntryPoint","urlTemplate":"https:\/\/netverslun.thjodminjasafn.is\/?s={search_term_string}"},"query-input":{"@type":"PropertyValueSpecification","valueRequired":true,"valueName":"search_term_string"}}],"inLanguage":"en-US"},{"@type":"Organization","@id":"https:\/\/netverslun.thjodminjasafn.is\/#organization","name":"\u00dej\u00f3\u00f0minjasafn \u00cdslands","url":"https:\/\/netverslun.thjodminjasafn.is\/","logo":{"@type":"ImageObject","inLanguage":"en-US","@id":"https:\/\/netverslun.thjodminjasafn.is\/#\/schema\/logo\/image\/","url":"https:\/\/netverslun.thjodminjasafn.is\/wp-content\/uploads\/2020\/02\/sitelogo.svg","contentUrl":"https:\/\/netverslun.thjodminjasafn.is\/wp-content\/uploads\/2020\/02\/sitelogo.svg","width":599,"height":248,"caption":"\u00dej\u00f3\u00f0minjasafn \u00cdslands"},"image":{"@id":"https:\/\/netverslun.thjodminjasafn.is\/#\/schema\/logo\/image\/"},"sameAs":["https:\/\/www.facebook.com\/thjodminjasafn","https:\/\/www.instagram.com\/nationalmuseumoficeland\/"]}]}},"_links":{"self":[{"href":"https:\/\/netverslun.thjodminjasafn.is\/en\/wp-json\/wp\/v2\/product\/1885","targetHints":{"allow":["GET"]}}],"collection":[{"href":"https:\/\/netverslun.thjodminjasafn.is\/en\/wp-json\/wp\/v2\/product"}],"about":[{"href":"https:\/\/netverslun.thjodminjasafn.is\/en\/wp-json\/wp\/v2\/types\/product"}],"version-history":[{"count":0,"href":"https:\/\/netverslun.thjodminjasafn.is\/en\/wp-json\/wp\/v2\/product\/1885\/revisions"}],"wp:featuredmedia":[{"embeddable":true,"href":"https:\/\/netverslun.thjodminjasafn.is\/en\/wp-json\/wp\/v2\/media\/3192"}],"wp:attachment":[{"href":"https:\/\/netverslun.thjodminjasafn.is\/en\/wp-json\/wp\/v2\/media?parent=1885"}],"wp:term":[{"taxonomy":"product_brand","embeddable":true,"href":"https:\/\/netverslun.thjodminjasafn.is\/en\/wp-json\/wp\/v2\/product_brand?post=1885"},{"taxonomy":"product_cat","embeddable":true,"href":"https:\/\/netverslun.thjodminjasafn.is\/en\/wp-json\/wp\/v2\/product_cat?post=1885"},{"taxonomy":"product_tag","embeddable":true,"href":"https:\/\/netverslun.thjodminjasafn.is\/en\/wp-json\/wp\/v2\/product_tag?post=1885"}],"curies":[{"name":"wp","href":"https:\/\/api.w.org\/{rel}","templated":true}]}}