{"id":1864,"date":"2021-05-17T14:55:41","date_gmt":"2021-05-17T14:55:41","guid":{"rendered":"https:\/\/thjodminjasafn.is\/?post_type=product&#038;p=1864"},"modified":"2022-11-08T10:46:45","modified_gmt":"2022-11-08T10:46:45","slug":"vikingaskjoldur-grimwalds-med-mynstri","status":"publish","type":"product","link":"https:\/\/netverslun.thjodminjasafn.is\/en\/verslun\/leikum-okkur\/vikingadot\/vikingaskjoldur-grimwalds-med-mynstri\/","title":{"rendered":"Viking shield Grimwalds"},"content":{"rendered":"<p>V\u00edkingaskj\u00f6ldur Grimwalds me\u00f0 mynstri. Skildir fyrir b\u00f6rn og fullor\u00f0na. F\u00e1st \u00ed tveimur \u00fatg\u00e1fum me\u00f0 bogadregnu mynstri, rau\u00f0u og gulu e\u00f0a bl\u00e1u og gulu.<\/p>\n<p>Tilvaldir til raunt\u00edma spunaleikja eins og LARP-s e\u00f0a fyrir alla til a\u00f0 leika v\u00edkingat\u00edmann. Skildirnir eru me\u00f0 kringl\u00f3ttri m\u00e1lmpl\u00f6tu (skjaldarb\u00f3lu) \u00ed mi\u00f0junni til a\u00f0 vernda \u00fe\u00e1 gegn h\u00f6ggum og me\u00f0 tv\u00f6f\u00f6ldu handfangi a\u00f0 aftan.<\/p>\n<p>\u00deverm\u00e1l skjaldanna er 41 cm. Skildirnir eru framleiddir \u00ed litlu fj\u00f6lskyldufyrirt\u00e6ki \u00ed \u00de\u00fdskalandi, sem fylgir evr\u00f3pskum \u00f6ryggisst\u00f6\u00f0lum (CE merkt).<\/p>","protected":false},"excerpt":{"rendered":"<p>V\u00edkingaskj\u00f6ldur me\u00f0 ple\u00f0ur haldf\u00f6ngum og m\u00e1lmb\u00f3lu.<\/p>","protected":false},"featured_media":3328,"template":"","meta":{"site-sidebar-layout":"default","site-content-layout":"default","ast-site-content-layout":"default","site-content-style":"default","site-sidebar-style":"default","ast-global-header-display":"","ast-banner-title-visibility":"","ast-main-header-display":"","ast-hfb-above-header-display":"","ast-hfb-below-header-display":"","ast-hfb-mobile-header-display":"","site-post-title":"","ast-breadcrumbs-content":"","ast-featured-img":"","footer-sml-layout":"","ast-disable-related-posts":"","theme-transparent-header-meta":"default","adv-header-id-meta":"","stick-header-meta":"default","header-above-stick-meta":"","header-main-stick-meta":"","header-below-stick-meta":"","astra-migrate-meta-layouts":"default","ast-page-background-enabled":"default","ast-page-background-meta":{"desktop":{"background-color":"","background-image":"","background-repeat":"repeat","background-position":"center center","background-size":"auto","background-attachment":"scroll","background-type":"","background-media":"","overlay-type":"","overlay-color":"","overlay-opacity":"","overlay-gradient":""},"tablet":{"background-color":"","background-image":"","background-repeat":"repeat","background-position":"center center","background-size":"auto","background-attachment":"scroll","background-type":"","background-media":"","overlay-type":"","overlay-color":"","overlay-opacity":"","overlay-gradient":""},"mobile":{"background-color":"","background-image":"","background-repeat":"repeat","background-position":"center center","background-size":"auto","background-attachment":"scroll","background-type":"","background-media":"","overlay-type":"","overlay-color":"","overlay-opacity":"","overlay-gradient":""}},"ast-content-background-meta":{"desktop":{"background-color":"var(--ast-global-color-5)","background-image":"","background-repeat":"repeat","background-position":"center center","background-size":"auto","background-attachment":"scroll","background-type":"","background-media":"","overlay-type":"","overlay-color":"","overlay-opacity":"","overlay-gradient":""},"tablet":{"background-color":"var(--ast-global-color-5)","background-image":"","background-repeat":"repeat","background-position":"center center","background-size":"auto","background-attachment":"scroll","background-type":"","background-media":"","overlay-type":"","overlay-color":"","overlay-opacity":"","overlay-gradient":""},"mobile":{"background-color":"var(--ast-global-color-5)","background-image":"","background-repeat":"repeat","background-position":"center center","background-size":"auto","background-attachment":"scroll","background-type":"","background-media":"","overlay-type":"","overlay-color":"","overlay-opacity":"","overlay-gradient":""}}},"product_brand":[],"product_cat":[60,72,73,37,42],"product_tag":[245],"class_list":{"0":"post-1864","1":"product","2":"type-product","3":"status-publish","4":"has-post-thumbnail","6":"product_cat-gjafir","7":"product_cat-leikum-okkur","8":"product_cat-vikingadot","9":"product_cat-minjagripir","10":"product_cat-born","11":"product_tag-vikingar","12":"pa_litur-blar","13":"pa_litur-raudur","14":"desktop-align-left","15":"tablet-align-left","16":"mobile-align-left","17":"ast-product-gallery-layout-vertical","18":"ast-product-single-variable","19":"ast-product-tabs-layout-vertical","21":"first","22":"instock","23":"shipping-taxable","24":"purchasable","25":"product-type-variable"},"yoast_head":"<!-- This site is optimized with the Yoast SEO plugin v27.3 - https:\/\/yoast.com\/product\/yoast-seo-wordpress\/ -->\n<title>V\u00edkingaskj\u00f6ldur Grimwalds me\u00f0 mynstri - \u00dej\u00f3\u00f0minjasafn \u00cdslands<\/title>\n<meta name=\"description\" content=\"V\u00edkingaskj\u00f6ldur Grimwalds me\u00f0 mynstri. Vanda\u00f0ir tr\u00e9skildir henta vel \u00e1 v\u00edkingaleikum, v\u00edkingah\u00e1t\u00ed\u00f0um e\u00f0a keppnum. \u00der\u00edv\u00edddar mynstur \u00ed bl\u00e1u og rau\u00f0u.\" \/>\n<meta name=\"robots\" content=\"index, follow, max-snippet:-1, max-image-preview:large, max-video-preview:-1\" \/>\n<link rel=\"canonical\" href=\"https:\/\/netverslun.thjodminjasafn.is\/en\/verslun\/leikum-okkur\/vikingadot\/vikingaskjoldur-grimwalds-med-mynstri\/\" \/>\n<meta property=\"og:locale\" content=\"en_US\" \/>\n<meta property=\"og:type\" content=\"article\" \/>\n<meta property=\"og:title\" content=\"V\u00edkingaskj\u00f6ldur Grimwalds me\u00f0 mynstri - \u00dej\u00f3\u00f0minjasafn \u00cdslands\" \/>\n<meta property=\"og:description\" content=\"V\u00edkingaskj\u00f6ldur Grimwalds me\u00f0 mynstri. Vanda\u00f0ir tr\u00e9skildir henta vel \u00e1 v\u00edkingaleikum, v\u00edkingah\u00e1t\u00ed\u00f0um e\u00f0a keppnum. \u00der\u00edv\u00edddar mynstur \u00ed bl\u00e1u og rau\u00f0u.\" \/>\n<meta property=\"og:url\" content=\"https:\/\/netverslun.thjodminjasafn.is\/en\/verslun\/leikum-okkur\/vikingadot\/vikingaskjoldur-grimwalds-med-mynstri\/\" \/>\n<meta property=\"og:site_name\" content=\"\u00dej\u00f3\u00f0minjasafn \u00cdslands\" \/>\n<meta property=\"article:publisher\" content=\"https:\/\/www.facebook.com\/thjodminjasafn\" \/>\n<meta property=\"article:modified_time\" content=\"2022-11-08T10:46:45+00:00\" \/>\n<meta property=\"og:image\" content=\"https:\/\/netverslun.thjodminjasafn.is\/wp-content\/uploads\/2021\/06\/172-grimwald-raudur.png\" \/>\n\t<meta property=\"og:image:width\" content=\"525\" \/>\n\t<meta property=\"og:image:height\" content=\"476\" \/>\n\t<meta property=\"og:image:type\" content=\"image\/png\" \/>\n<meta name=\"twitter:card\" content=\"summary_large_image\" \/>\n<meta name=\"twitter:label1\" content=\"Est. reading time\" \/>\n\t<meta name=\"twitter:data1\" content=\"1 minute\" \/>\n<script type=\"application\/ld+json\" class=\"yoast-schema-graph\">{\"@context\":\"https:\\\/\\\/schema.org\",\"@graph\":[{\"@type\":\"WebPage\",\"@id\":\"https:\\\/\\\/netverslun.thjodminjasafn.is\\\/verslun\\\/leikum-okkur\\\/vikingadot\\\/vikingaskjoldur-grimwalds-med-mynstri\\\/\",\"url\":\"https:\\\/\\\/netverslun.thjodminjasafn.is\\\/verslun\\\/leikum-okkur\\\/vikingadot\\\/vikingaskjoldur-grimwalds-med-mynstri\\\/\",\"name\":\"V\u00edkingaskj\u00f6ldur Grimwalds me\u00f0 mynstri - \u00dej\u00f3\u00f0minjasafn \u00cdslands\",\"isPartOf\":{\"@id\":\"https:\\\/\\\/netverslun.thjodminjasafn.is\\\/#website\"},\"primaryImageOfPage\":{\"@id\":\"https:\\\/\\\/netverslun.thjodminjasafn.is\\\/verslun\\\/leikum-okkur\\\/vikingadot\\\/vikingaskjoldur-grimwalds-med-mynstri\\\/#primaryimage\"},\"image\":{\"@id\":\"https:\\\/\\\/netverslun.thjodminjasafn.is\\\/verslun\\\/leikum-okkur\\\/vikingadot\\\/vikingaskjoldur-grimwalds-med-mynstri\\\/#primaryimage\"},\"thumbnailUrl\":\"https:\\\/\\\/netverslun.thjodminjasafn.is\\\/wp-content\\\/uploads\\\/2021\\\/06\\\/172-grimwald-raudur.png\",\"datePublished\":\"2021-05-17T14:55:41+00:00\",\"dateModified\":\"2022-11-08T10:46:45+00:00\",\"description\":\"V\u00edkingaskj\u00f6ldur Grimwalds me\u00f0 mynstri. Vanda\u00f0ir tr\u00e9skildir henta vel \u00e1 v\u00edkingaleikum, v\u00edkingah\u00e1t\u00ed\u00f0um e\u00f0a keppnum. \u00der\u00edv\u00edddar mynstur \u00ed bl\u00e1u og rau\u00f0u.\",\"breadcrumb\":{\"@id\":\"https:\\\/\\\/netverslun.thjodminjasafn.is\\\/verslun\\\/leikum-okkur\\\/vikingadot\\\/vikingaskjoldur-grimwalds-med-mynstri\\\/#breadcrumb\"},\"inLanguage\":\"en-US\",\"potentialAction\":[{\"@type\":\"ReadAction\",\"target\":[\"https:\\\/\\\/netverslun.thjodminjasafn.is\\\/verslun\\\/leikum-okkur\\\/vikingadot\\\/vikingaskjoldur-grimwalds-med-mynstri\\\/\"]}]},{\"@type\":\"ImageObject\",\"inLanguage\":\"en-US\",\"@id\":\"https:\\\/\\\/netverslun.thjodminjasafn.is\\\/verslun\\\/leikum-okkur\\\/vikingadot\\\/vikingaskjoldur-grimwalds-med-mynstri\\\/#primaryimage\",\"url\":\"https:\\\/\\\/netverslun.thjodminjasafn.is\\\/wp-content\\\/uploads\\\/2021\\\/06\\\/172-grimwald-raudur.png\",\"contentUrl\":\"https:\\\/\\\/netverslun.thjodminjasafn.is\\\/wp-content\\\/uploads\\\/2021\\\/06\\\/172-grimwald-raudur.png\",\"width\":525,\"height\":476,\"caption\":\"V\u00edkingaskj\u00f6ldur Grimwalds me\u00f0 boga mynstri\"},{\"@type\":\"BreadcrumbList\",\"@id\":\"https:\\\/\\\/netverslun.thjodminjasafn.is\\\/verslun\\\/leikum-okkur\\\/vikingadot\\\/vikingaskjoldur-grimwalds-med-mynstri\\\/#breadcrumb\",\"itemListElement\":[{\"@type\":\"ListItem\",\"position\":1,\"name\":\"Home\",\"item\":\"https:\\\/\\\/netverslun.thjodminjasafn.is\\\/\"},{\"@type\":\"ListItem\",\"position\":2,\"name\":\"Verslun\",\"item\":\"https:\\\/\\\/netverslun.thjodminjasafn.is\\\/verslun\\\/\"},{\"@type\":\"ListItem\",\"position\":3,\"name\":\"V\u00edkingaskj\u00f6ldur Grimwalds me\u00f0 mynstri\"}]},{\"@type\":\"WebSite\",\"@id\":\"https:\\\/\\\/netverslun.thjodminjasafn.is\\\/#website\",\"url\":\"https:\\\/\\\/netverslun.thjodminjasafn.is\\\/\",\"name\":\"\u00dej\u00f3\u00f0minjasafn \u00cdslands\",\"description\":\"Vefverslun \u00dej\u00f3\u00f0minjasafnsins\",\"publisher\":{\"@id\":\"https:\\\/\\\/netverslun.thjodminjasafn.is\\\/#organization\"},\"potentialAction\":[{\"@type\":\"SearchAction\",\"target\":{\"@type\":\"EntryPoint\",\"urlTemplate\":\"https:\\\/\\\/netverslun.thjodminjasafn.is\\\/?s={search_term_string}\"},\"query-input\":{\"@type\":\"PropertyValueSpecification\",\"valueRequired\":true,\"valueName\":\"search_term_string\"}}],\"inLanguage\":\"en-US\"},{\"@type\":\"Organization\",\"@id\":\"https:\\\/\\\/netverslun.thjodminjasafn.is\\\/#organization\",\"name\":\"\u00dej\u00f3\u00f0minjasafn \u00cdslands\",\"url\":\"https:\\\/\\\/netverslun.thjodminjasafn.is\\\/\",\"logo\":{\"@type\":\"ImageObject\",\"inLanguage\":\"en-US\",\"@id\":\"https:\\\/\\\/netverslun.thjodminjasafn.is\\\/#\\\/schema\\\/logo\\\/image\\\/\",\"url\":\"https:\\\/\\\/netverslun.thjodminjasafn.is\\\/wp-content\\\/uploads\\\/2020\\\/02\\\/sitelogo.svg\",\"contentUrl\":\"https:\\\/\\\/netverslun.thjodminjasafn.is\\\/wp-content\\\/uploads\\\/2020\\\/02\\\/sitelogo.svg\",\"width\":599,\"height\":248,\"caption\":\"\u00dej\u00f3\u00f0minjasafn \u00cdslands\"},\"image\":{\"@id\":\"https:\\\/\\\/netverslun.thjodminjasafn.is\\\/#\\\/schema\\\/logo\\\/image\\\/\"},\"sameAs\":[\"https:\\\/\\\/www.facebook.com\\\/thjodminjasafn\",\"https:\\\/\\\/www.instagram.com\\\/nationalmuseumoficeland\\\/\"]}]}<\/script>\n<!-- \/ Yoast SEO plugin. -->","yoast_head_json":{"title":"V\u00edkingaskj\u00f6ldur Grimwalds me\u00f0 mynstri - \u00dej\u00f3\u00f0minjasafn \u00cdslands","description":"V\u00edkingaskj\u00f6ldur Grimwalds me\u00f0 mynstri. Vanda\u00f0ir tr\u00e9skildir henta vel \u00e1 v\u00edkingaleikum, v\u00edkingah\u00e1t\u00ed\u00f0um e\u00f0a keppnum. \u00der\u00edv\u00edddar mynstur \u00ed bl\u00e1u og rau\u00f0u.","robots":{"index":"index","follow":"follow","max-snippet":"max-snippet:-1","max-image-preview":"max-image-preview:large","max-video-preview":"max-video-preview:-1"},"canonical":"https:\/\/netverslun.thjodminjasafn.is\/en\/verslun\/leikum-okkur\/vikingadot\/vikingaskjoldur-grimwalds-med-mynstri\/","og_locale":"en_US","og_type":"article","og_title":"V\u00edkingaskj\u00f6ldur Grimwalds me\u00f0 mynstri - \u00dej\u00f3\u00f0minjasafn \u00cdslands","og_description":"V\u00edkingaskj\u00f6ldur Grimwalds me\u00f0 mynstri. Vanda\u00f0ir tr\u00e9skildir henta vel \u00e1 v\u00edkingaleikum, v\u00edkingah\u00e1t\u00ed\u00f0um e\u00f0a keppnum. \u00der\u00edv\u00edddar mynstur \u00ed bl\u00e1u og rau\u00f0u.","og_url":"https:\/\/netverslun.thjodminjasafn.is\/en\/verslun\/leikum-okkur\/vikingadot\/vikingaskjoldur-grimwalds-med-mynstri\/","og_site_name":"\u00dej\u00f3\u00f0minjasafn \u00cdslands","article_publisher":"https:\/\/www.facebook.com\/thjodminjasafn","article_modified_time":"2022-11-08T10:46:45+00:00","og_image":[{"width":525,"height":476,"url":"https:\/\/netverslun.thjodminjasafn.is\/wp-content\/uploads\/2021\/06\/172-grimwald-raudur.png","type":"image\/png"}],"twitter_card":"summary_large_image","twitter_misc":{"Est. reading time":"1 minute"},"schema":{"@context":"https:\/\/schema.org","@graph":[{"@type":"WebPage","@id":"https:\/\/netverslun.thjodminjasafn.is\/verslun\/leikum-okkur\/vikingadot\/vikingaskjoldur-grimwalds-med-mynstri\/","url":"https:\/\/netverslun.thjodminjasafn.is\/verslun\/leikum-okkur\/vikingadot\/vikingaskjoldur-grimwalds-med-mynstri\/","name":"V\u00edkingaskj\u00f6ldur Grimwalds me\u00f0 mynstri - \u00dej\u00f3\u00f0minjasafn \u00cdslands","isPartOf":{"@id":"https:\/\/netverslun.thjodminjasafn.is\/#website"},"primaryImageOfPage":{"@id":"https:\/\/netverslun.thjodminjasafn.is\/verslun\/leikum-okkur\/vikingadot\/vikingaskjoldur-grimwalds-med-mynstri\/#primaryimage"},"image":{"@id":"https:\/\/netverslun.thjodminjasafn.is\/verslun\/leikum-okkur\/vikingadot\/vikingaskjoldur-grimwalds-med-mynstri\/#primaryimage"},"thumbnailUrl":"https:\/\/netverslun.thjodminjasafn.is\/wp-content\/uploads\/2021\/06\/172-grimwald-raudur.png","datePublished":"2021-05-17T14:55:41+00:00","dateModified":"2022-11-08T10:46:45+00:00","description":"V\u00edkingaskj\u00f6ldur Grimwalds me\u00f0 mynstri. Vanda\u00f0ir tr\u00e9skildir henta vel \u00e1 v\u00edkingaleikum, v\u00edkingah\u00e1t\u00ed\u00f0um e\u00f0a keppnum. \u00der\u00edv\u00edddar mynstur \u00ed bl\u00e1u og rau\u00f0u.","breadcrumb":{"@id":"https:\/\/netverslun.thjodminjasafn.is\/verslun\/leikum-okkur\/vikingadot\/vikingaskjoldur-grimwalds-med-mynstri\/#breadcrumb"},"inLanguage":"en-US","potentialAction":[{"@type":"ReadAction","target":["https:\/\/netverslun.thjodminjasafn.is\/verslun\/leikum-okkur\/vikingadot\/vikingaskjoldur-grimwalds-med-mynstri\/"]}]},{"@type":"ImageObject","inLanguage":"en-US","@id":"https:\/\/netverslun.thjodminjasafn.is\/verslun\/leikum-okkur\/vikingadot\/vikingaskjoldur-grimwalds-med-mynstri\/#primaryimage","url":"https:\/\/netverslun.thjodminjasafn.is\/wp-content\/uploads\/2021\/06\/172-grimwald-raudur.png","contentUrl":"https:\/\/netverslun.thjodminjasafn.is\/wp-content\/uploads\/2021\/06\/172-grimwald-raudur.png","width":525,"height":476,"caption":"V\u00edkingaskj\u00f6ldur Grimwalds me\u00f0 boga mynstri"},{"@type":"BreadcrumbList","@id":"https:\/\/netverslun.thjodminjasafn.is\/verslun\/leikum-okkur\/vikingadot\/vikingaskjoldur-grimwalds-med-mynstri\/#breadcrumb","itemListElement":[{"@type":"ListItem","position":1,"name":"Home","item":"https:\/\/netverslun.thjodminjasafn.is\/"},{"@type":"ListItem","position":2,"name":"Verslun","item":"https:\/\/netverslun.thjodminjasafn.is\/verslun\/"},{"@type":"ListItem","position":3,"name":"V\u00edkingaskj\u00f6ldur Grimwalds me\u00f0 mynstri"}]},{"@type":"WebSite","@id":"https:\/\/netverslun.thjodminjasafn.is\/#website","url":"https:\/\/netverslun.thjodminjasafn.is\/","name":"\u00dej\u00f3\u00f0minjasafn \u00cdslands","description":"National Museum of Iceland webstore","publisher":{"@id":"https:\/\/netverslun.thjodminjasafn.is\/#organization"},"potentialAction":[{"@type":"SearchAction","target":{"@type":"EntryPoint","urlTemplate":"https:\/\/netverslun.thjodminjasafn.is\/?s={search_term_string}"},"query-input":{"@type":"PropertyValueSpecification","valueRequired":true,"valueName":"search_term_string"}}],"inLanguage":"en-US"},{"@type":"Organization","@id":"https:\/\/netverslun.thjodminjasafn.is\/#organization","name":"\u00dej\u00f3\u00f0minjasafn \u00cdslands","url":"https:\/\/netverslun.thjodminjasafn.is\/","logo":{"@type":"ImageObject","inLanguage":"en-US","@id":"https:\/\/netverslun.thjodminjasafn.is\/#\/schema\/logo\/image\/","url":"https:\/\/netverslun.thjodminjasafn.is\/wp-content\/uploads\/2020\/02\/sitelogo.svg","contentUrl":"https:\/\/netverslun.thjodminjasafn.is\/wp-content\/uploads\/2020\/02\/sitelogo.svg","width":599,"height":248,"caption":"\u00dej\u00f3\u00f0minjasafn \u00cdslands"},"image":{"@id":"https:\/\/netverslun.thjodminjasafn.is\/#\/schema\/logo\/image\/"},"sameAs":["https:\/\/www.facebook.com\/thjodminjasafn","https:\/\/www.instagram.com\/nationalmuseumoficeland\/"]}]}},"_links":{"self":[{"href":"https:\/\/netverslun.thjodminjasafn.is\/en\/wp-json\/wp\/v2\/product\/1864","targetHints":{"allow":["GET"]}}],"collection":[{"href":"https:\/\/netverslun.thjodminjasafn.is\/en\/wp-json\/wp\/v2\/product"}],"about":[{"href":"https:\/\/netverslun.thjodminjasafn.is\/en\/wp-json\/wp\/v2\/types\/product"}],"version-history":[{"count":0,"href":"https:\/\/netverslun.thjodminjasafn.is\/en\/wp-json\/wp\/v2\/product\/1864\/revisions"}],"wp:featuredmedia":[{"embeddable":true,"href":"https:\/\/netverslun.thjodminjasafn.is\/en\/wp-json\/wp\/v2\/media\/3328"}],"wp:attachment":[{"href":"https:\/\/netverslun.thjodminjasafn.is\/en\/wp-json\/wp\/v2\/media?parent=1864"}],"wp:term":[{"taxonomy":"product_brand","embeddable":true,"href":"https:\/\/netverslun.thjodminjasafn.is\/en\/wp-json\/wp\/v2\/product_brand?post=1864"},{"taxonomy":"product_cat","embeddable":true,"href":"https:\/\/netverslun.thjodminjasafn.is\/en\/wp-json\/wp\/v2\/product_cat?post=1864"},{"taxonomy":"product_tag","embeddable":true,"href":"https:\/\/netverslun.thjodminjasafn.is\/en\/wp-json\/wp\/v2\/product_tag?post=1864"}],"curies":[{"name":"wp","href":"https:\/\/api.w.org\/{rel}","templated":true}]}}