{"id":1858,"date":"2021-05-17T14:55:41","date_gmt":"2021-05-17T14:55:41","guid":{"rendered":"https:\/\/thjodminjasafn.is\/?post_type=product&#038;p=1858"},"modified":"2022-11-08T10:46:45","modified_gmt":"2022-11-08T10:46:45","slug":"ljosmynd-abstract-hreyft-a","status":"publish","type":"product","link":"https:\/\/netverslun.thjodminjasafn.is\/en\/verslun\/ljosmyndir\/eftirprentun\/ljosmynd-abstract-hreyft-a\/","title":{"rendered":"Abstract \"Move\" 1967. Photograph."},"content":{"rendered":"<p>Abstract - Move A is the name of the picture, taken around 1967. The picture plays with colors, shapes and movement and Gunnar's pictures become pure light art, where the light does not seem to have any origin.<\/p>\n<p>Photographer: Gunnar P\u00e9tursson (1928\u20132002).<\/p>\n<p>The reprint is in the right proportions, printed on 325 g photo paper, size A3. Comes rolled up in a paper tube to protect the image.<\/p>\n<p>Here is a link to a book that was published when the exhibition of Gunnars photos \"\u00cd lj\u00f3sm\u00e1linu\" was in the Photogallery at the National Museum of Iceland, 2020.<\/p>","protected":false},"excerpt":{"rendered":"<p>Deep and bright colored photo copy. This photo will decorate any wall in your house.<\/p>","protected":false},"featured_media":2302,"template":"","meta":{"site-sidebar-layout":"default","site-content-layout":"default","ast-site-content-layout":"default","site-content-style":"default","site-sidebar-style":"default","ast-global-header-display":"","ast-banner-title-visibility":"","ast-main-header-display":"","ast-hfb-above-header-display":"","ast-hfb-below-header-display":"","ast-hfb-mobile-header-display":"","site-post-title":"","ast-breadcrumbs-content":"","ast-featured-img":"","footer-sml-layout":"","ast-disable-related-posts":"","theme-transparent-header-meta":"default","adv-header-id-meta":"","stick-header-meta":"","header-above-stick-meta":"","header-main-stick-meta":"","header-below-stick-meta":"","astra-migrate-meta-layouts":"default","ast-page-background-enabled":"default","ast-page-background-meta":{"desktop":{"background-color":"","background-image":"","background-repeat":"repeat","background-position":"center center","background-size":"auto","background-attachment":"scroll","background-type":"","background-media":"","overlay-type":"","overlay-color":"","overlay-opacity":"","overlay-gradient":""},"tablet":{"background-color":"","background-image":"","background-repeat":"repeat","background-position":"center center","background-size":"auto","background-attachment":"scroll","background-type":"","background-media":"","overlay-type":"","overlay-color":"","overlay-opacity":"","overlay-gradient":""},"mobile":{"background-color":"","background-image":"","background-repeat":"repeat","background-position":"center center","background-size":"auto","background-attachment":"scroll","background-type":"","background-media":"","overlay-type":"","overlay-color":"","overlay-opacity":"","overlay-gradient":""}},"ast-content-background-meta":{"desktop":{"background-color":"var(--ast-global-color-5)","background-image":"","background-repeat":"repeat","background-position":"center center","background-size":"auto","background-attachment":"scroll","background-type":"","background-media":"","overlay-type":"","overlay-color":"","overlay-opacity":"","overlay-gradient":""},"tablet":{"background-color":"var(--ast-global-color-5)","background-image":"","background-repeat":"repeat","background-position":"center center","background-size":"auto","background-attachment":"scroll","background-type":"","background-media":"","overlay-type":"","overlay-color":"","overlay-opacity":"","overlay-gradient":""},"mobile":{"background-color":"var(--ast-global-color-5)","background-image":"","background-repeat":"repeat","background-position":"center center","background-size":"auto","background-attachment":"scroll","background-type":"","background-media":"","overlay-type":"","overlay-color":"","overlay-opacity":"","overlay-gradient":""}}},"product_brand":[],"product_cat":[64,66,60,40,61,65,37],"product_tag":[156],"class_list":{"0":"post-1858","1":"product","2":"type-product","3":"status-publish","4":"has-post-thumbnail","6":"product_cat-brudkaupsgjafir","7":"product_cat-eftirprentun","8":"product_cat-gjafir","9":"product_cat-gjafavara","10":"product_cat-honnun","11":"product_cat-ljosmyndir","12":"product_cat-minjagripir","13":"product_tag-ljosmynd","14":"desktop-align-left","15":"tablet-align-left","16":"mobile-align-left","17":"ast-product-gallery-layout-vertical","18":"ast-product-tabs-layout-vertical","20":"first","21":"instock","22":"shipping-taxable","23":"purchasable","24":"product-type-simple"},"yoast_head":"<!-- This site is optimized with the Yoast SEO plugin v27.4 - https:\/\/yoast.com\/product\/yoast-seo-wordpress\/ -->\n<title>Lj\u00f3smynd abstract hreyft A - \u00dej\u00f3\u00f0minjasafn \u00cdslands<\/title>\n<meta name=\"description\" content=\"Lj\u00f3smynd abstract hreyft A. Fallegir sterkir litir \u00ed lj\u00f3smyndinni gefa ekkert eftir litunum \u00ed glugganum \u00ed Sk\u00e1lholti. Falleg eftirprentun upp\u00e1 vegg.\" \/>\n<meta name=\"robots\" content=\"index, follow, max-snippet:-1, max-image-preview:large, max-video-preview:-1\" \/>\n<link rel=\"canonical\" href=\"https:\/\/netverslun.thjodminjasafn.is\/en\/verslun\/ljosmyndir\/eftirprentun\/ljosmynd-abstract-hreyft-a\/\" \/>\n<meta property=\"og:locale\" content=\"en_US\" \/>\n<meta property=\"og:type\" content=\"article\" \/>\n<meta property=\"og:title\" content=\"Lj\u00f3smynd abstract hreyft A - \u00dej\u00f3\u00f0minjasafn \u00cdslands\" \/>\n<meta property=\"og:description\" content=\"Lj\u00f3smynd abstract hreyft A. Fallegir sterkir litir \u00ed lj\u00f3smyndinni gefa ekkert eftir litunum \u00ed glugganum \u00ed Sk\u00e1lholti. Falleg eftirprentun upp\u00e1 vegg.\" \/>\n<meta property=\"og:url\" content=\"https:\/\/netverslun.thjodminjasafn.is\/en\/verslun\/ljosmyndir\/eftirprentun\/ljosmynd-abstract-hreyft-a\/\" \/>\n<meta property=\"og:site_name\" content=\"\u00dej\u00f3\u00f0minjasafn \u00cdslands\" \/>\n<meta property=\"article:publisher\" content=\"https:\/\/www.facebook.com\/thjodminjasafn\" \/>\n<meta property=\"article:modified_time\" content=\"2022-11-08T10:46:45+00:00\" \/>\n<meta property=\"og:image\" content=\"https:\/\/netverslun.thjodminjasafn.is\/wp-content\/uploads\/2021\/05\/movement-hreyft-a-ljosmyndari-gunnar-petursson.jpg\" \/>\n\t<meta property=\"og:image:width\" content=\"1000\" \/>\n\t<meta property=\"og:image:height\" content=\"1000\" \/>\n\t<meta property=\"og:image:type\" content=\"image\/jpeg\" \/>\n<meta name=\"twitter:card\" content=\"summary_large_image\" \/>\n<meta name=\"twitter:label1\" content=\"Est. reading time\" \/>\n\t<meta name=\"twitter:data1\" content=\"1 minute\" \/>\n<script type=\"application\/ld+json\" class=\"yoast-schema-graph\">{\"@context\":\"https:\\\/\\\/schema.org\",\"@graph\":[{\"@type\":\"WebPage\",\"@id\":\"https:\\\/\\\/netverslun.thjodminjasafn.is\\\/verslun\\\/ljosmyndir\\\/eftirprentun\\\/ljosmynd-abstract-hreyft-a\\\/\",\"url\":\"https:\\\/\\\/netverslun.thjodminjasafn.is\\\/verslun\\\/ljosmyndir\\\/eftirprentun\\\/ljosmynd-abstract-hreyft-a\\\/\",\"name\":\"Lj\u00f3smynd abstract hreyft A - \u00dej\u00f3\u00f0minjasafn \u00cdslands\",\"isPartOf\":{\"@id\":\"https:\\\/\\\/netverslun.thjodminjasafn.is\\\/#website\"},\"primaryImageOfPage\":{\"@id\":\"https:\\\/\\\/netverslun.thjodminjasafn.is\\\/verslun\\\/ljosmyndir\\\/eftirprentun\\\/ljosmynd-abstract-hreyft-a\\\/#primaryimage\"},\"image\":{\"@id\":\"https:\\\/\\\/netverslun.thjodminjasafn.is\\\/verslun\\\/ljosmyndir\\\/eftirprentun\\\/ljosmynd-abstract-hreyft-a\\\/#primaryimage\"},\"thumbnailUrl\":\"https:\\\/\\\/netverslun.thjodminjasafn.is\\\/wp-content\\\/uploads\\\/2021\\\/05\\\/movement-hreyft-a-ljosmyndari-gunnar-petursson.jpg\",\"datePublished\":\"2021-05-17T14:55:41+00:00\",\"dateModified\":\"2022-11-08T10:46:45+00:00\",\"description\":\"Lj\u00f3smynd abstract hreyft A. Fallegir sterkir litir \u00ed lj\u00f3smyndinni gefa ekkert eftir litunum \u00ed glugganum \u00ed Sk\u00e1lholti. Falleg eftirprentun upp\u00e1 vegg.\",\"breadcrumb\":{\"@id\":\"https:\\\/\\\/netverslun.thjodminjasafn.is\\\/verslun\\\/ljosmyndir\\\/eftirprentun\\\/ljosmynd-abstract-hreyft-a\\\/#breadcrumb\"},\"inLanguage\":\"en-US\",\"potentialAction\":[{\"@type\":\"ReadAction\",\"target\":[\"https:\\\/\\\/netverslun.thjodminjasafn.is\\\/verslun\\\/ljosmyndir\\\/eftirprentun\\\/ljosmynd-abstract-hreyft-a\\\/\"]}]},{\"@type\":\"ImageObject\",\"inLanguage\":\"en-US\",\"@id\":\"https:\\\/\\\/netverslun.thjodminjasafn.is\\\/verslun\\\/ljosmyndir\\\/eftirprentun\\\/ljosmynd-abstract-hreyft-a\\\/#primaryimage\",\"url\":\"https:\\\/\\\/netverslun.thjodminjasafn.is\\\/wp-content\\\/uploads\\\/2021\\\/05\\\/movement-hreyft-a-ljosmyndari-gunnar-petursson.jpg\",\"contentUrl\":\"https:\\\/\\\/netverslun.thjodminjasafn.is\\\/wp-content\\\/uploads\\\/2021\\\/05\\\/movement-hreyft-a-ljosmyndari-gunnar-petursson.jpg\",\"width\":\"1000\",\"height\":\"1000\",\"caption\":\"Lj\u00f3smynd abstract hreyft A\"},{\"@type\":\"BreadcrumbList\",\"@id\":\"https:\\\/\\\/netverslun.thjodminjasafn.is\\\/verslun\\\/ljosmyndir\\\/eftirprentun\\\/ljosmynd-abstract-hreyft-a\\\/#breadcrumb\",\"itemListElement\":[{\"@type\":\"ListItem\",\"position\":1,\"name\":\"Home\",\"item\":\"https:\\\/\\\/netverslun.thjodminjasafn.is\\\/\"},{\"@type\":\"ListItem\",\"position\":2,\"name\":\"Verslun\",\"item\":\"https:\\\/\\\/netverslun.thjodminjasafn.is\\\/verslun\\\/\"},{\"@type\":\"ListItem\",\"position\":3,\"name\":\"Lj\u00f3smynd abstract hreyft A\"}]},{\"@type\":\"WebSite\",\"@id\":\"https:\\\/\\\/netverslun.thjodminjasafn.is\\\/#website\",\"url\":\"https:\\\/\\\/netverslun.thjodminjasafn.is\\\/\",\"name\":\"\u00dej\u00f3\u00f0minjasafn \u00cdslands\",\"description\":\"Vefverslun \u00dej\u00f3\u00f0minjasafnsins\",\"publisher\":{\"@id\":\"https:\\\/\\\/netverslun.thjodminjasafn.is\\\/#organization\"},\"potentialAction\":[{\"@type\":\"SearchAction\",\"target\":{\"@type\":\"EntryPoint\",\"urlTemplate\":\"https:\\\/\\\/netverslun.thjodminjasafn.is\\\/?s={search_term_string}\"},\"query-input\":{\"@type\":\"PropertyValueSpecification\",\"valueRequired\":true,\"valueName\":\"search_term_string\"}}],\"inLanguage\":\"en-US\"},{\"@type\":\"Organization\",\"@id\":\"https:\\\/\\\/netverslun.thjodminjasafn.is\\\/#organization\",\"name\":\"\u00dej\u00f3\u00f0minjasafn \u00cdslands\",\"url\":\"https:\\\/\\\/netverslun.thjodminjasafn.is\\\/\",\"logo\":{\"@type\":\"ImageObject\",\"inLanguage\":\"en-US\",\"@id\":\"https:\\\/\\\/netverslun.thjodminjasafn.is\\\/#\\\/schema\\\/logo\\\/image\\\/\",\"url\":\"https:\\\/\\\/netverslun.thjodminjasafn.is\\\/wp-content\\\/uploads\\\/2020\\\/02\\\/sitelogo.svg\",\"contentUrl\":\"https:\\\/\\\/netverslun.thjodminjasafn.is\\\/wp-content\\\/uploads\\\/2020\\\/02\\\/sitelogo.svg\",\"width\":599,\"height\":248,\"caption\":\"\u00dej\u00f3\u00f0minjasafn \u00cdslands\"},\"image\":{\"@id\":\"https:\\\/\\\/netverslun.thjodminjasafn.is\\\/#\\\/schema\\\/logo\\\/image\\\/\"},\"sameAs\":[\"https:\\\/\\\/www.facebook.com\\\/thjodminjasafn\",\"https:\\\/\\\/www.instagram.com\\\/nationalmuseumoficeland\\\/\"]}]}<\/script>\n<!-- \/ Yoast SEO plugin. -->","yoast_head_json":{"title":"Lj\u00f3smynd abstract hreyft A - \u00dej\u00f3\u00f0minjasafn \u00cdslands","description":"Lj\u00f3smynd abstract hreyft A. Fallegir sterkir litir \u00ed lj\u00f3smyndinni gefa ekkert eftir litunum \u00ed glugganum \u00ed Sk\u00e1lholti. Falleg eftirprentun upp\u00e1 vegg.","robots":{"index":"index","follow":"follow","max-snippet":"max-snippet:-1","max-image-preview":"max-image-preview:large","max-video-preview":"max-video-preview:-1"},"canonical":"https:\/\/netverslun.thjodminjasafn.is\/en\/verslun\/ljosmyndir\/eftirprentun\/ljosmynd-abstract-hreyft-a\/","og_locale":"en_US","og_type":"article","og_title":"Lj\u00f3smynd abstract hreyft A - \u00dej\u00f3\u00f0minjasafn \u00cdslands","og_description":"Lj\u00f3smynd abstract hreyft A. Fallegir sterkir litir \u00ed lj\u00f3smyndinni gefa ekkert eftir litunum \u00ed glugganum \u00ed Sk\u00e1lholti. Falleg eftirprentun upp\u00e1 vegg.","og_url":"https:\/\/netverslun.thjodminjasafn.is\/en\/verslun\/ljosmyndir\/eftirprentun\/ljosmynd-abstract-hreyft-a\/","og_site_name":"\u00dej\u00f3\u00f0minjasafn \u00cdslands","article_publisher":"https:\/\/www.facebook.com\/thjodminjasafn","article_modified_time":"2022-11-08T10:46:45+00:00","og_image":[{"width":1000,"height":1000,"url":"https:\/\/netverslun.thjodminjasafn.is\/wp-content\/uploads\/2021\/05\/movement-hreyft-a-ljosmyndari-gunnar-petursson.jpg","type":"image\/jpeg"}],"twitter_card":"summary_large_image","twitter_misc":{"Est. reading time":"1 minute"},"schema":{"@context":"https:\/\/schema.org","@graph":[{"@type":"WebPage","@id":"https:\/\/netverslun.thjodminjasafn.is\/verslun\/ljosmyndir\/eftirprentun\/ljosmynd-abstract-hreyft-a\/","url":"https:\/\/netverslun.thjodminjasafn.is\/verslun\/ljosmyndir\/eftirprentun\/ljosmynd-abstract-hreyft-a\/","name":"Lj\u00f3smynd abstract hreyft A - \u00dej\u00f3\u00f0minjasafn \u00cdslands","isPartOf":{"@id":"https:\/\/netverslun.thjodminjasafn.is\/#website"},"primaryImageOfPage":{"@id":"https:\/\/netverslun.thjodminjasafn.is\/verslun\/ljosmyndir\/eftirprentun\/ljosmynd-abstract-hreyft-a\/#primaryimage"},"image":{"@id":"https:\/\/netverslun.thjodminjasafn.is\/verslun\/ljosmyndir\/eftirprentun\/ljosmynd-abstract-hreyft-a\/#primaryimage"},"thumbnailUrl":"https:\/\/netverslun.thjodminjasafn.is\/wp-content\/uploads\/2021\/05\/movement-hreyft-a-ljosmyndari-gunnar-petursson.jpg","datePublished":"2021-05-17T14:55:41+00:00","dateModified":"2022-11-08T10:46:45+00:00","description":"Lj\u00f3smynd abstract hreyft A. Fallegir sterkir litir \u00ed lj\u00f3smyndinni gefa ekkert eftir litunum \u00ed glugganum \u00ed Sk\u00e1lholti. Falleg eftirprentun upp\u00e1 vegg.","breadcrumb":{"@id":"https:\/\/netverslun.thjodminjasafn.is\/verslun\/ljosmyndir\/eftirprentun\/ljosmynd-abstract-hreyft-a\/#breadcrumb"},"inLanguage":"en-US","potentialAction":[{"@type":"ReadAction","target":["https:\/\/netverslun.thjodminjasafn.is\/verslun\/ljosmyndir\/eftirprentun\/ljosmynd-abstract-hreyft-a\/"]}]},{"@type":"ImageObject","inLanguage":"en-US","@id":"https:\/\/netverslun.thjodminjasafn.is\/verslun\/ljosmyndir\/eftirprentun\/ljosmynd-abstract-hreyft-a\/#primaryimage","url":"https:\/\/netverslun.thjodminjasafn.is\/wp-content\/uploads\/2021\/05\/movement-hreyft-a-ljosmyndari-gunnar-petursson.jpg","contentUrl":"https:\/\/netverslun.thjodminjasafn.is\/wp-content\/uploads\/2021\/05\/movement-hreyft-a-ljosmyndari-gunnar-petursson.jpg","width":"1000","height":"1000","caption":"Lj\u00f3smynd abstract hreyft A"},{"@type":"BreadcrumbList","@id":"https:\/\/netverslun.thjodminjasafn.is\/verslun\/ljosmyndir\/eftirprentun\/ljosmynd-abstract-hreyft-a\/#breadcrumb","itemListElement":[{"@type":"ListItem","position":1,"name":"Home","item":"https:\/\/netverslun.thjodminjasafn.is\/"},{"@type":"ListItem","position":2,"name":"Verslun","item":"https:\/\/netverslun.thjodminjasafn.is\/verslun\/"},{"@type":"ListItem","position":3,"name":"Lj\u00f3smynd abstract hreyft A"}]},{"@type":"WebSite","@id":"https:\/\/netverslun.thjodminjasafn.is\/#website","url":"https:\/\/netverslun.thjodminjasafn.is\/","name":"\u00dej\u00f3\u00f0minjasafn \u00cdslands","description":"National Museum of Iceland webstore","publisher":{"@id":"https:\/\/netverslun.thjodminjasafn.is\/#organization"},"potentialAction":[{"@type":"SearchAction","target":{"@type":"EntryPoint","urlTemplate":"https:\/\/netverslun.thjodminjasafn.is\/?s={search_term_string}"},"query-input":{"@type":"PropertyValueSpecification","valueRequired":true,"valueName":"search_term_string"}}],"inLanguage":"en-US"},{"@type":"Organization","@id":"https:\/\/netverslun.thjodminjasafn.is\/#organization","name":"\u00dej\u00f3\u00f0minjasafn \u00cdslands","url":"https:\/\/netverslun.thjodminjasafn.is\/","logo":{"@type":"ImageObject","inLanguage":"en-US","@id":"https:\/\/netverslun.thjodminjasafn.is\/#\/schema\/logo\/image\/","url":"https:\/\/netverslun.thjodminjasafn.is\/wp-content\/uploads\/2020\/02\/sitelogo.svg","contentUrl":"https:\/\/netverslun.thjodminjasafn.is\/wp-content\/uploads\/2020\/02\/sitelogo.svg","width":599,"height":248,"caption":"\u00dej\u00f3\u00f0minjasafn \u00cdslands"},"image":{"@id":"https:\/\/netverslun.thjodminjasafn.is\/#\/schema\/logo\/image\/"},"sameAs":["https:\/\/www.facebook.com\/thjodminjasafn","https:\/\/www.instagram.com\/nationalmuseumoficeland\/"]}]}},"_links":{"self":[{"href":"https:\/\/netverslun.thjodminjasafn.is\/en\/wp-json\/wp\/v2\/product\/1858","targetHints":{"allow":["GET"]}}],"collection":[{"href":"https:\/\/netverslun.thjodminjasafn.is\/en\/wp-json\/wp\/v2\/product"}],"about":[{"href":"https:\/\/netverslun.thjodminjasafn.is\/en\/wp-json\/wp\/v2\/types\/product"}],"version-history":[{"count":0,"href":"https:\/\/netverslun.thjodminjasafn.is\/en\/wp-json\/wp\/v2\/product\/1858\/revisions"}],"wp:featuredmedia":[{"embeddable":true,"href":"https:\/\/netverslun.thjodminjasafn.is\/en\/wp-json\/wp\/v2\/media\/2302"}],"wp:attachment":[{"href":"https:\/\/netverslun.thjodminjasafn.is\/en\/wp-json\/wp\/v2\/media?parent=1858"}],"wp:term":[{"taxonomy":"product_brand","embeddable":true,"href":"https:\/\/netverslun.thjodminjasafn.is\/en\/wp-json\/wp\/v2\/product_brand?post=1858"},{"taxonomy":"product_cat","embeddable":true,"href":"https:\/\/netverslun.thjodminjasafn.is\/en\/wp-json\/wp\/v2\/product_cat?post=1858"},{"taxonomy":"product_tag","embeddable":true,"href":"https:\/\/netverslun.thjodminjasafn.is\/en\/wp-json\/wp\/v2\/product_tag?post=1858"}],"curies":[{"name":"wp","href":"https:\/\/api.w.org\/{rel}","templated":true}]}}