{"id":1814,"date":"2021-05-17T14:55:37","date_gmt":"2021-05-17T14:55:37","guid":{"rendered":"https:\/\/thjodminjasafn.is\/?post_type=product&#038;p=1814"},"modified":"2025-11-02T14:35:28","modified_gmt":"2025-11-02T14:35:28","slug":"kirkjur-islands-oll-ritrodin-tilbod","status":"publish","type":"product","link":"https:\/\/netverslun.thjodminjasafn.is\/en\/verslun\/gjafir\/brudkaupsgjafir\/kirkjur-islands-oll-ritrodin-tilbod\/","title":{"rendered":"Kirkjur \u00cdslands \u00f6ll ritr\u00f6\u00f0in. Tilbo\u00f0"},"content":{"rendered":"<p>Kirkjur \u00cdslands \u00f6ll ritr\u00f6\u00f0in. \u00cd tilefni h\u00e1t\u00ed\u00f0ars\u00fdningar Kirkjur \u00cdslands \u00ed \u00dej\u00f3\u00f0minjasafni \u00cdslands sem var 2019 \u00fe\u00e1 bj\u00f3\u00f0um vi\u00f0 ritr\u00f6\u00f0ina Kirkjur \u00cdslands \u00e1 einst\u00f6ku tilbo\u00f0i. Gl\u00e6sileg ritr\u00f6\u00f0, samtals 31 bindi um fri\u00f0a\u00f0ar kirkjur \u00e1 \u00cdslandi \u00e1samt uppl\u00fdsingum um fallega gripi sem var\u00f0veittir eru \u00fear.<\/p>\n<p>\u00deetta er mj\u00f6g gott tilbo\u00f0.<\/p>\n<p>Sj\u00e1i\u00f0 n\u00e1nar um hverja b\u00f3k\u00a0<a href=\"https:\/\/netverslun.netverslun.thjodminjasafn.is\/is\/products\/kirkjur-islands-allar\"><span style=\"color: #ff0000\">h<\/span><\/a><span style=\"color: #ff0000\">\u00e9r.<\/span><\/p>","protected":false},"excerpt":{"rendered":"<p>Kirkjur \u00cdslands \u00f6ll ritr\u00f6\u00f0in, only available in Icelandic.<\/p>","protected":false},"featured_media":4174,"template":"","meta":{"site-sidebar-layout":"default","site-content-layout":"default","ast-site-content-layout":"default","site-content-style":"default","site-sidebar-style":"default","ast-global-header-display":"","ast-banner-title-visibility":"","ast-main-header-display":"","ast-hfb-above-header-display":"","ast-hfb-below-header-display":"","ast-hfb-mobile-header-display":"","site-post-title":"","ast-breadcrumbs-content":"","ast-featured-img":"","footer-sml-layout":"","ast-disable-related-posts":"","theme-transparent-header-meta":"default","adv-header-id-meta":"","stick-header-meta":"default","header-above-stick-meta":"","header-main-stick-meta":"","header-below-stick-meta":"","astra-migrate-meta-layouts":"set","ast-page-background-enabled":"default","ast-page-background-meta":{"desktop":{"background-color":"","background-image":"","background-repeat":"repeat","background-position":"center center","background-size":"auto","background-attachment":"scroll","background-type":"","background-media":"","overlay-type":"","overlay-color":"","overlay-opacity":"","overlay-gradient":""},"tablet":{"background-color":"","background-image":"","background-repeat":"repeat","background-position":"center center","background-size":"auto","background-attachment":"scroll","background-type":"","background-media":"","overlay-type":"","overlay-color":"","overlay-opacity":"","overlay-gradient":""},"mobile":{"background-color":"","background-image":"","background-repeat":"repeat","background-position":"center center","background-size":"auto","background-attachment":"scroll","background-type":"","background-media":"","overlay-type":"","overlay-color":"","overlay-opacity":"","overlay-gradient":""}},"ast-content-background-meta":{"desktop":{"background-color":"var(--ast-global-color-5)","background-image":"","background-repeat":"repeat","background-position":"center center","background-size":"auto","background-attachment":"scroll","background-type":"","background-media":"","overlay-type":"","overlay-color":"","overlay-opacity":"","overlay-gradient":""},"tablet":{"background-color":"var(--ast-global-color-5)","background-image":"","background-repeat":"repeat","background-position":"center center","background-size":"auto","background-attachment":"scroll","background-type":"","background-media":"","overlay-type":"","overlay-color":"","overlay-opacity":"","overlay-gradient":""},"mobile":{"background-color":"var(--ast-global-color-5)","background-image":"","background-repeat":"repeat","background-position":"center center","background-size":"auto","background-attachment":"scroll","background-type":"","background-media":"","overlay-type":"","overlay-color":"","overlay-opacity":"","overlay-gradient":""}}},"product_brand":[],"product_cat":[60,64,45,78,47,37],"product_tag":[],"class_list":{"0":"post-1814","1":"product","2":"type-product","3":"status-publish","4":"has-post-thumbnail","6":"product_cat-gjafir","7":"product_cat-brudkaupsgjafir","8":"product_cat-lestur","9":"product_cat-baekur-syningar-rit","10":"product_cat-kirkjur-islands","11":"product_cat-minjagripir","12":"desktop-align-left","13":"tablet-align-left","14":"mobile-align-left","15":"ast-product-gallery-layout-vertical","16":"ast-product-gallery-with-no-image","17":"ast-product-tabs-layout-vertical","19":"first","20":"instock","21":"sale","22":"shipping-taxable","23":"purchasable","24":"product-type-simple"},"yoast_head":"<!-- This site is optimized with the Yoast SEO plugin v27.3 - https:\/\/yoast.com\/product\/yoast-seo-wordpress\/ -->\n<title>Kirkjur \u00cdslands \u00f6ll ritr\u00f6\u00f0in. Tilbo\u00f0 - \u00dej\u00f3\u00f0minjasafn \u00cdslands<\/title>\n<meta name=\"description\" content=\"Kirkjur \u00cdslands \u00f6ll ritr\u00f6\u00f0in. Tilbo\u00f0.\" \/>\n<meta name=\"robots\" content=\"index, follow, max-snippet:-1, max-image-preview:large, max-video-preview:-1\" \/>\n<link rel=\"canonical\" href=\"https:\/\/netverslun.thjodminjasafn.is\/en\/verslun\/gjafir\/brudkaupsgjafir\/kirkjur-islands-oll-ritrodin-tilbod\/\" \/>\n<meta property=\"og:locale\" content=\"en_US\" \/>\n<meta property=\"og:type\" content=\"article\" \/>\n<meta property=\"og:title\" content=\"Kirkjur \u00cdslands \u00f6ll ritr\u00f6\u00f0in. Tilbo\u00f0 - \u00dej\u00f3\u00f0minjasafn \u00cdslands\" \/>\n<meta property=\"og:description\" content=\"Kirkjur \u00cdslands \u00f6ll ritr\u00f6\u00f0in. Tilbo\u00f0.\" \/>\n<meta property=\"og:url\" content=\"https:\/\/netverslun.thjodminjasafn.is\/en\/verslun\/gjafir\/brudkaupsgjafir\/kirkjur-islands-oll-ritrodin-tilbod\/\" \/>\n<meta property=\"og:site_name\" content=\"\u00dej\u00f3\u00f0minjasafn \u00cdslands\" \/>\n<meta property=\"article:publisher\" content=\"https:\/\/www.facebook.com\/thjodminjasafn\" \/>\n<meta property=\"article:modified_time\" content=\"2025-11-02T14:35:28+00:00\" \/>\n<meta property=\"og:image\" content=\"https:\/\/netverslun.thjodminjasafn.is\/wp-content\/uploads\/2021\/05\/kirkjur_islands_heildarsafn-.png\" \/>\n\t<meta property=\"og:image:width\" content=\"600\" \/>\n\t<meta property=\"og:image:height\" content=\"481\" \/>\n\t<meta property=\"og:image:type\" content=\"image\/png\" \/>\n<meta name=\"twitter:card\" content=\"summary_large_image\" \/>\n<meta name=\"twitter:label1\" content=\"Est. reading time\" \/>\n\t<meta name=\"twitter:data1\" content=\"1 minute\" \/>\n<script type=\"application\/ld+json\" class=\"yoast-schema-graph\">{\"@context\":\"https:\\\/\\\/schema.org\",\"@graph\":[{\"@type\":\"WebPage\",\"@id\":\"https:\\\/\\\/netverslun.thjodminjasafn.is\\\/verslun\\\/gjafir\\\/brudkaupsgjafir\\\/kirkjur-islands-oll-ritrodin-tilbod\\\/\",\"url\":\"https:\\\/\\\/netverslun.thjodminjasafn.is\\\/verslun\\\/gjafir\\\/brudkaupsgjafir\\\/kirkjur-islands-oll-ritrodin-tilbod\\\/\",\"name\":\"Kirkjur \u00cdslands \u00f6ll ritr\u00f6\u00f0in. Tilbo\u00f0 - \u00dej\u00f3\u00f0minjasafn \u00cdslands\",\"isPartOf\":{\"@id\":\"https:\\\/\\\/netverslun.thjodminjasafn.is\\\/#website\"},\"primaryImageOfPage\":{\"@id\":\"https:\\\/\\\/netverslun.thjodminjasafn.is\\\/verslun\\\/gjafir\\\/brudkaupsgjafir\\\/kirkjur-islands-oll-ritrodin-tilbod\\\/#primaryimage\"},\"image\":{\"@id\":\"https:\\\/\\\/netverslun.thjodminjasafn.is\\\/verslun\\\/gjafir\\\/brudkaupsgjafir\\\/kirkjur-islands-oll-ritrodin-tilbod\\\/#primaryimage\"},\"thumbnailUrl\":\"https:\\\/\\\/netverslun.thjodminjasafn.is\\\/wp-content\\\/uploads\\\/2021\\\/05\\\/kirkjur_islands_heildarsafn-.png\",\"datePublished\":\"2021-05-17T14:55:37+00:00\",\"dateModified\":\"2025-11-02T14:35:28+00:00\",\"description\":\"Kirkjur \u00cdslands \u00f6ll ritr\u00f6\u00f0in. Tilbo\u00f0.\",\"breadcrumb\":{\"@id\":\"https:\\\/\\\/netverslun.thjodminjasafn.is\\\/verslun\\\/gjafir\\\/brudkaupsgjafir\\\/kirkjur-islands-oll-ritrodin-tilbod\\\/#breadcrumb\"},\"inLanguage\":\"en-US\",\"potentialAction\":[{\"@type\":\"ReadAction\",\"target\":[\"https:\\\/\\\/netverslun.thjodminjasafn.is\\\/verslun\\\/gjafir\\\/brudkaupsgjafir\\\/kirkjur-islands-oll-ritrodin-tilbod\\\/\"]}]},{\"@type\":\"ImageObject\",\"inLanguage\":\"en-US\",\"@id\":\"https:\\\/\\\/netverslun.thjodminjasafn.is\\\/verslun\\\/gjafir\\\/brudkaupsgjafir\\\/kirkjur-islands-oll-ritrodin-tilbod\\\/#primaryimage\",\"url\":\"https:\\\/\\\/netverslun.thjodminjasafn.is\\\/wp-content\\\/uploads\\\/2021\\\/05\\\/kirkjur_islands_heildarsafn-.png\",\"contentUrl\":\"https:\\\/\\\/netverslun.thjodminjasafn.is\\\/wp-content\\\/uploads\\\/2021\\\/05\\\/kirkjur_islands_heildarsafn-.png\",\"width\":600,\"height\":481,\"caption\":\"Kirkjur \u00cdslands \u00f6ll ritr\u00f6\u00f0in. Tilbo\u00f0\"},{\"@type\":\"BreadcrumbList\",\"@id\":\"https:\\\/\\\/netverslun.thjodminjasafn.is\\\/verslun\\\/gjafir\\\/brudkaupsgjafir\\\/kirkjur-islands-oll-ritrodin-tilbod\\\/#breadcrumb\",\"itemListElement\":[{\"@type\":\"ListItem\",\"position\":1,\"name\":\"Home\",\"item\":\"https:\\\/\\\/netverslun.thjodminjasafn.is\\\/\"},{\"@type\":\"ListItem\",\"position\":2,\"name\":\"Verslun\",\"item\":\"https:\\\/\\\/netverslun.thjodminjasafn.is\\\/verslun\\\/\"},{\"@type\":\"ListItem\",\"position\":3,\"name\":\"Kirkjur \u00cdslands \u00f6ll ritr\u00f6\u00f0in. Tilbo\u00f0\"}]},{\"@type\":\"WebSite\",\"@id\":\"https:\\\/\\\/netverslun.thjodminjasafn.is\\\/#website\",\"url\":\"https:\\\/\\\/netverslun.thjodminjasafn.is\\\/\",\"name\":\"\u00dej\u00f3\u00f0minjasafn \u00cdslands\",\"description\":\"Vefverslun \u00dej\u00f3\u00f0minjasafnsins\",\"publisher\":{\"@id\":\"https:\\\/\\\/netverslun.thjodminjasafn.is\\\/#organization\"},\"potentialAction\":[{\"@type\":\"SearchAction\",\"target\":{\"@type\":\"EntryPoint\",\"urlTemplate\":\"https:\\\/\\\/netverslun.thjodminjasafn.is\\\/?s={search_term_string}\"},\"query-input\":{\"@type\":\"PropertyValueSpecification\",\"valueRequired\":true,\"valueName\":\"search_term_string\"}}],\"inLanguage\":\"en-US\"},{\"@type\":\"Organization\",\"@id\":\"https:\\\/\\\/netverslun.thjodminjasafn.is\\\/#organization\",\"name\":\"\u00dej\u00f3\u00f0minjasafn \u00cdslands\",\"url\":\"https:\\\/\\\/netverslun.thjodminjasafn.is\\\/\",\"logo\":{\"@type\":\"ImageObject\",\"inLanguage\":\"en-US\",\"@id\":\"https:\\\/\\\/netverslun.thjodminjasafn.is\\\/#\\\/schema\\\/logo\\\/image\\\/\",\"url\":\"https:\\\/\\\/netverslun.thjodminjasafn.is\\\/wp-content\\\/uploads\\\/2020\\\/02\\\/sitelogo.svg\",\"contentUrl\":\"https:\\\/\\\/netverslun.thjodminjasafn.is\\\/wp-content\\\/uploads\\\/2020\\\/02\\\/sitelogo.svg\",\"width\":599,\"height\":248,\"caption\":\"\u00dej\u00f3\u00f0minjasafn \u00cdslands\"},\"image\":{\"@id\":\"https:\\\/\\\/netverslun.thjodminjasafn.is\\\/#\\\/schema\\\/logo\\\/image\\\/\"},\"sameAs\":[\"https:\\\/\\\/www.facebook.com\\\/thjodminjasafn\",\"https:\\\/\\\/www.instagram.com\\\/nationalmuseumoficeland\\\/\"]}]}<\/script>\n<!-- \/ Yoast SEO plugin. -->","yoast_head_json":{"title":"Kirkjur \u00cdslands \u00f6ll ritr\u00f6\u00f0in. Tilbo\u00f0 - \u00dej\u00f3\u00f0minjasafn \u00cdslands","description":"Kirkjur \u00cdslands \u00f6ll ritr\u00f6\u00f0in. Tilbo\u00f0.","robots":{"index":"index","follow":"follow","max-snippet":"max-snippet:-1","max-image-preview":"max-image-preview:large","max-video-preview":"max-video-preview:-1"},"canonical":"https:\/\/netverslun.thjodminjasafn.is\/en\/verslun\/gjafir\/brudkaupsgjafir\/kirkjur-islands-oll-ritrodin-tilbod\/","og_locale":"en_US","og_type":"article","og_title":"Kirkjur \u00cdslands \u00f6ll ritr\u00f6\u00f0in. Tilbo\u00f0 - \u00dej\u00f3\u00f0minjasafn \u00cdslands","og_description":"Kirkjur \u00cdslands \u00f6ll ritr\u00f6\u00f0in. Tilbo\u00f0.","og_url":"https:\/\/netverslun.thjodminjasafn.is\/en\/verslun\/gjafir\/brudkaupsgjafir\/kirkjur-islands-oll-ritrodin-tilbod\/","og_site_name":"\u00dej\u00f3\u00f0minjasafn \u00cdslands","article_publisher":"https:\/\/www.facebook.com\/thjodminjasafn","article_modified_time":"2025-11-02T14:35:28+00:00","og_image":[{"width":600,"height":481,"url":"https:\/\/netverslun.thjodminjasafn.is\/wp-content\/uploads\/2021\/05\/kirkjur_islands_heildarsafn-.png","type":"image\/png"}],"twitter_card":"summary_large_image","twitter_misc":{"Est. reading time":"1 minute"},"schema":{"@context":"https:\/\/schema.org","@graph":[{"@type":"WebPage","@id":"https:\/\/netverslun.thjodminjasafn.is\/verslun\/gjafir\/brudkaupsgjafir\/kirkjur-islands-oll-ritrodin-tilbod\/","url":"https:\/\/netverslun.thjodminjasafn.is\/verslun\/gjafir\/brudkaupsgjafir\/kirkjur-islands-oll-ritrodin-tilbod\/","name":"Kirkjur \u00cdslands \u00f6ll ritr\u00f6\u00f0in. Tilbo\u00f0 - \u00dej\u00f3\u00f0minjasafn \u00cdslands","isPartOf":{"@id":"https:\/\/netverslun.thjodminjasafn.is\/#website"},"primaryImageOfPage":{"@id":"https:\/\/netverslun.thjodminjasafn.is\/verslun\/gjafir\/brudkaupsgjafir\/kirkjur-islands-oll-ritrodin-tilbod\/#primaryimage"},"image":{"@id":"https:\/\/netverslun.thjodminjasafn.is\/verslun\/gjafir\/brudkaupsgjafir\/kirkjur-islands-oll-ritrodin-tilbod\/#primaryimage"},"thumbnailUrl":"https:\/\/netverslun.thjodminjasafn.is\/wp-content\/uploads\/2021\/05\/kirkjur_islands_heildarsafn-.png","datePublished":"2021-05-17T14:55:37+00:00","dateModified":"2025-11-02T14:35:28+00:00","description":"Kirkjur \u00cdslands \u00f6ll ritr\u00f6\u00f0in. Tilbo\u00f0.","breadcrumb":{"@id":"https:\/\/netverslun.thjodminjasafn.is\/verslun\/gjafir\/brudkaupsgjafir\/kirkjur-islands-oll-ritrodin-tilbod\/#breadcrumb"},"inLanguage":"en-US","potentialAction":[{"@type":"ReadAction","target":["https:\/\/netverslun.thjodminjasafn.is\/verslun\/gjafir\/brudkaupsgjafir\/kirkjur-islands-oll-ritrodin-tilbod\/"]}]},{"@type":"ImageObject","inLanguage":"en-US","@id":"https:\/\/netverslun.thjodminjasafn.is\/verslun\/gjafir\/brudkaupsgjafir\/kirkjur-islands-oll-ritrodin-tilbod\/#primaryimage","url":"https:\/\/netverslun.thjodminjasafn.is\/wp-content\/uploads\/2021\/05\/kirkjur_islands_heildarsafn-.png","contentUrl":"https:\/\/netverslun.thjodminjasafn.is\/wp-content\/uploads\/2021\/05\/kirkjur_islands_heildarsafn-.png","width":600,"height":481,"caption":"Kirkjur \u00cdslands \u00f6ll ritr\u00f6\u00f0in. Tilbo\u00f0"},{"@type":"BreadcrumbList","@id":"https:\/\/netverslun.thjodminjasafn.is\/verslun\/gjafir\/brudkaupsgjafir\/kirkjur-islands-oll-ritrodin-tilbod\/#breadcrumb","itemListElement":[{"@type":"ListItem","position":1,"name":"Home","item":"https:\/\/netverslun.thjodminjasafn.is\/"},{"@type":"ListItem","position":2,"name":"Verslun","item":"https:\/\/netverslun.thjodminjasafn.is\/verslun\/"},{"@type":"ListItem","position":3,"name":"Kirkjur \u00cdslands \u00f6ll ritr\u00f6\u00f0in. Tilbo\u00f0"}]},{"@type":"WebSite","@id":"https:\/\/netverslun.thjodminjasafn.is\/#website","url":"https:\/\/netverslun.thjodminjasafn.is\/","name":"\u00dej\u00f3\u00f0minjasafn \u00cdslands","description":"National Museum of Iceland webstore","publisher":{"@id":"https:\/\/netverslun.thjodminjasafn.is\/#organization"},"potentialAction":[{"@type":"SearchAction","target":{"@type":"EntryPoint","urlTemplate":"https:\/\/netverslun.thjodminjasafn.is\/?s={search_term_string}"},"query-input":{"@type":"PropertyValueSpecification","valueRequired":true,"valueName":"search_term_string"}}],"inLanguage":"en-US"},{"@type":"Organization","@id":"https:\/\/netverslun.thjodminjasafn.is\/#organization","name":"\u00dej\u00f3\u00f0minjasafn \u00cdslands","url":"https:\/\/netverslun.thjodminjasafn.is\/","logo":{"@type":"ImageObject","inLanguage":"en-US","@id":"https:\/\/netverslun.thjodminjasafn.is\/#\/schema\/logo\/image\/","url":"https:\/\/netverslun.thjodminjasafn.is\/wp-content\/uploads\/2020\/02\/sitelogo.svg","contentUrl":"https:\/\/netverslun.thjodminjasafn.is\/wp-content\/uploads\/2020\/02\/sitelogo.svg","width":599,"height":248,"caption":"\u00dej\u00f3\u00f0minjasafn \u00cdslands"},"image":{"@id":"https:\/\/netverslun.thjodminjasafn.is\/#\/schema\/logo\/image\/"},"sameAs":["https:\/\/www.facebook.com\/thjodminjasafn","https:\/\/www.instagram.com\/nationalmuseumoficeland\/"]}]}},"_links":{"self":[{"href":"https:\/\/netverslun.thjodminjasafn.is\/en\/wp-json\/wp\/v2\/product\/1814","targetHints":{"allow":["GET"]}}],"collection":[{"href":"https:\/\/netverslun.thjodminjasafn.is\/en\/wp-json\/wp\/v2\/product"}],"about":[{"href":"https:\/\/netverslun.thjodminjasafn.is\/en\/wp-json\/wp\/v2\/types\/product"}],"version-history":[{"count":1,"href":"https:\/\/netverslun.thjodminjasafn.is\/en\/wp-json\/wp\/v2\/product\/1814\/revisions"}],"predecessor-version":[{"id":9223,"href":"https:\/\/netverslun.thjodminjasafn.is\/en\/wp-json\/wp\/v2\/product\/1814\/revisions\/9223"}],"wp:featuredmedia":[{"embeddable":true,"href":"https:\/\/netverslun.thjodminjasafn.is\/en\/wp-json\/wp\/v2\/media\/4174"}],"wp:attachment":[{"href":"https:\/\/netverslun.thjodminjasafn.is\/en\/wp-json\/wp\/v2\/media?parent=1814"}],"wp:term":[{"taxonomy":"product_brand","embeddable":true,"href":"https:\/\/netverslun.thjodminjasafn.is\/en\/wp-json\/wp\/v2\/product_brand?post=1814"},{"taxonomy":"product_cat","embeddable":true,"href":"https:\/\/netverslun.thjodminjasafn.is\/en\/wp-json\/wp\/v2\/product_cat?post=1814"},{"taxonomy":"product_tag","embeddable":true,"href":"https:\/\/netverslun.thjodminjasafn.is\/en\/wp-json\/wp\/v2\/product_tag?post=1814"}],"curies":[{"name":"wp","href":"https:\/\/api.w.org\/{rel}","templated":true}]}}