{"id":1774,"date":"2021-05-17T14:55:34","date_gmt":"2021-05-17T14:55:34","guid":{"rendered":"https:\/\/thjodminjasafn.is\/?post_type=product&#038;p=1774"},"modified":"2022-11-08T10:46:41","modified_gmt":"2022-11-08T10:46:41","slug":"plakat-thjod-verdur-til","status":"publish","type":"product","link":"https:\/\/netverslun.thjodminjasafn.is\/en\/verslun\/ljosmyndir\/plakat\/plakat-thjod-verdur-til\/","title":{"rendered":"Poster - A nation will be created"},"content":{"rendered":"<p>Poster - A nation will be created<\/p>\n<p class=\"translation-block\">A poster with the logo of the National Museum of Iceland. Published in 2005 on the occasion of the exhibition Nation will be created - culture and society for 1200 years.<\/p>\n<p>The logo is here designed from the main artifacts from the permanent exhibition in museum.<\/p>\n<p>Size 60\u00d785 cm<\/p>","protected":false},"excerpt":{"rendered":"<p>Plakat &#8211; \u00dej\u00f3\u00f0 ver\u00f0ur til. Veggspjald e\u00f0a plakat me\u00f0 v\u00f6rumerki \u00dej\u00f3\u00f0minjasafns \u00cdslands.\u00a0 \u00a0Gefi\u00f0 \u00fat \u00e1ri\u00f0 2004 \u00ed tilefni s\u00fdningarinnar \u00dej\u00f3\u00f0 ver\u00f0ur til \u2013 menning og samf\u00e9lag \u00ed 1200 \u00e1r. V\u00f6rumerki\u00f0 var hanna\u00f0 \u00far lykilgripum safnsins, einstaklega fallegt. St\u00e6r\u00f0 plakats: 60&#215;85 cm<\/p>","protected":false},"featured_media":3598,"template":"","meta":{"site-sidebar-layout":"default","site-content-layout":"default","ast-site-content-layout":"default","site-content-style":"default","site-sidebar-style":"default","ast-global-header-display":"","ast-banner-title-visibility":"","ast-main-header-display":"","ast-hfb-above-header-display":"","ast-hfb-below-header-display":"","ast-hfb-mobile-header-display":"","site-post-title":"","ast-breadcrumbs-content":"","ast-featured-img":"","footer-sml-layout":"","ast-disable-related-posts":"","theme-transparent-header-meta":"default","adv-header-id-meta":"","stick-header-meta":"","header-above-stick-meta":"","header-main-stick-meta":"","header-below-stick-meta":"","astra-migrate-meta-layouts":"default","ast-page-background-enabled":"default","ast-page-background-meta":{"desktop":{"background-color":"","background-image":"","background-repeat":"repeat","background-position":"center center","background-size":"auto","background-attachment":"scroll","background-type":"","background-media":"","overlay-type":"","overlay-color":"","overlay-opacity":"","overlay-gradient":""},"tablet":{"background-color":"","background-image":"","background-repeat":"repeat","background-position":"center center","background-size":"auto","background-attachment":"scroll","background-type":"","background-media":"","overlay-type":"","overlay-color":"","overlay-opacity":"","overlay-gradient":""},"mobile":{"background-color":"","background-image":"","background-repeat":"repeat","background-position":"center center","background-size":"auto","background-attachment":"scroll","background-type":"","background-media":"","overlay-type":"","overlay-color":"","overlay-opacity":"","overlay-gradient":""}},"ast-content-background-meta":{"desktop":{"background-color":"var(--ast-global-color-5)","background-image":"","background-repeat":"repeat","background-position":"center center","background-size":"auto","background-attachment":"scroll","background-type":"","background-media":"","overlay-type":"","overlay-color":"","overlay-opacity":"","overlay-gradient":""},"tablet":{"background-color":"var(--ast-global-color-5)","background-image":"","background-repeat":"repeat","background-position":"center center","background-size":"auto","background-attachment":"scroll","background-type":"","background-media":"","overlay-type":"","overlay-color":"","overlay-opacity":"","overlay-gradient":""},"mobile":{"background-color":"var(--ast-global-color-5)","background-image":"","background-repeat":"repeat","background-position":"center center","background-size":"auto","background-attachment":"scroll","background-type":"","background-media":"","overlay-type":"","overlay-color":"","overlay-opacity":"","overlay-gradient":""}}},"product_brand":[],"product_cat":[60,64,61,65,85,40],"product_tag":[],"class_list":{"0":"post-1774","1":"product","2":"type-product","3":"status-publish","4":"has-post-thumbnail","6":"product_cat-gjafir","7":"product_cat-brudkaupsgjafir","8":"product_cat-honnun","9":"product_cat-ljosmyndir","10":"product_cat-plakat","11":"product_cat-gjafavara","12":"desktop-align-left","13":"tablet-align-left","14":"mobile-align-left","15":"ast-product-gallery-layout-vertical","16":"ast-product-gallery-with-no-image","17":"ast-product-tabs-layout-vertical","19":"first","20":"instock","21":"shipping-taxable","22":"purchasable","23":"product-type-simple"},"yoast_head":"<!-- This site is optimized with the Yoast SEO plugin v27.3 - https:\/\/yoast.com\/product\/yoast-seo-wordpress\/ -->\n<title>Plakat - \u00dej\u00f3\u00f0 ver\u00f0ur til - \u00dej\u00f3\u00f0minjasafn \u00cdslands<\/title>\n<meta name=\"description\" content=\"Plakat - \u00dej\u00f3\u00f0 ver\u00f0ur til, veggspjald sem gert var \u00ed tilefni opnunar grunns\u00fdningar \u00dej\u00f3\u00f0minjasafns \u00cdslands, 1.september 2004.\" \/>\n<meta name=\"robots\" content=\"index, follow, max-snippet:-1, max-image-preview:large, max-video-preview:-1\" \/>\n<link rel=\"canonical\" href=\"https:\/\/netverslun.thjodminjasafn.is\/en\/verslun\/ljosmyndir\/plakat\/plakat-thjod-verdur-til\/\" \/>\n<meta property=\"og:locale\" content=\"en_US\" \/>\n<meta property=\"og:type\" content=\"article\" \/>\n<meta property=\"og:title\" content=\"Plakat - \u00dej\u00f3\u00f0 ver\u00f0ur til - \u00dej\u00f3\u00f0minjasafn \u00cdslands\" \/>\n<meta property=\"og:description\" content=\"Plakat - \u00dej\u00f3\u00f0 ver\u00f0ur til, veggspjald sem gert var \u00ed tilefni opnunar grunns\u00fdningar \u00dej\u00f3\u00f0minjasafns \u00cdslands, 1.september 2004.\" \/>\n<meta property=\"og:url\" content=\"https:\/\/netverslun.thjodminjasafn.is\/en\/verslun\/ljosmyndir\/plakat\/plakat-thjod-verdur-til\/\" \/>\n<meta property=\"og:site_name\" content=\"\u00dej\u00f3\u00f0minjasafn \u00cdslands\" \/>\n<meta property=\"article:publisher\" content=\"https:\/\/www.facebook.com\/thjodminjasafn\" \/>\n<meta property=\"article:modified_time\" content=\"2022-11-08T10:46:41+00:00\" \/>\n<meta property=\"og:image\" content=\"https:\/\/netverslun.thjodminjasafn.is\/wp-content\/uploads\/2021\/05\/Plakat_thjod_verdur_til_2004.png\" \/>\n\t<meta property=\"og:image:width\" content=\"854\" \/>\n\t<meta property=\"og:image:height\" content=\"1200\" \/>\n\t<meta property=\"og:image:type\" content=\"image\/png\" \/>\n<meta name=\"twitter:card\" content=\"summary_large_image\" \/>\n<meta name=\"twitter:label1\" content=\"Est. reading time\" \/>\n\t<meta name=\"twitter:data1\" content=\"1 minute\" \/>\n<script type=\"application\/ld+json\" class=\"yoast-schema-graph\">{\"@context\":\"https:\\\/\\\/schema.org\",\"@graph\":[{\"@type\":\"WebPage\",\"@id\":\"https:\\\/\\\/netverslun.thjodminjasafn.is\\\/verslun\\\/ljosmyndir\\\/plakat\\\/plakat-thjod-verdur-til\\\/\",\"url\":\"https:\\\/\\\/netverslun.thjodminjasafn.is\\\/verslun\\\/ljosmyndir\\\/plakat\\\/plakat-thjod-verdur-til\\\/\",\"name\":\"Plakat - \u00dej\u00f3\u00f0 ver\u00f0ur til - \u00dej\u00f3\u00f0minjasafn \u00cdslands\",\"isPartOf\":{\"@id\":\"https:\\\/\\\/netverslun.thjodminjasafn.is\\\/#website\"},\"primaryImageOfPage\":{\"@id\":\"https:\\\/\\\/netverslun.thjodminjasafn.is\\\/verslun\\\/ljosmyndir\\\/plakat\\\/plakat-thjod-verdur-til\\\/#primaryimage\"},\"image\":{\"@id\":\"https:\\\/\\\/netverslun.thjodminjasafn.is\\\/verslun\\\/ljosmyndir\\\/plakat\\\/plakat-thjod-verdur-til\\\/#primaryimage\"},\"thumbnailUrl\":\"https:\\\/\\\/netverslun.thjodminjasafn.is\\\/wp-content\\\/uploads\\\/2021\\\/05\\\/Plakat_thjod_verdur_til_2004.png\",\"datePublished\":\"2021-05-17T14:55:34+00:00\",\"dateModified\":\"2022-11-08T10:46:41+00:00\",\"description\":\"Plakat - \u00dej\u00f3\u00f0 ver\u00f0ur til, veggspjald sem gert var \u00ed tilefni opnunar grunns\u00fdningar \u00dej\u00f3\u00f0minjasafns \u00cdslands, 1.september 2004.\",\"breadcrumb\":{\"@id\":\"https:\\\/\\\/netverslun.thjodminjasafn.is\\\/verslun\\\/ljosmyndir\\\/plakat\\\/plakat-thjod-verdur-til\\\/#breadcrumb\"},\"inLanguage\":\"en-US\",\"potentialAction\":[{\"@type\":\"ReadAction\",\"target\":[\"https:\\\/\\\/netverslun.thjodminjasafn.is\\\/verslun\\\/ljosmyndir\\\/plakat\\\/plakat-thjod-verdur-til\\\/\"]}]},{\"@type\":\"ImageObject\",\"inLanguage\":\"en-US\",\"@id\":\"https:\\\/\\\/netverslun.thjodminjasafn.is\\\/verslun\\\/ljosmyndir\\\/plakat\\\/plakat-thjod-verdur-til\\\/#primaryimage\",\"url\":\"https:\\\/\\\/netverslun.thjodminjasafn.is\\\/wp-content\\\/uploads\\\/2021\\\/05\\\/Plakat_thjod_verdur_til_2004.png\",\"contentUrl\":\"https:\\\/\\\/netverslun.thjodminjasafn.is\\\/wp-content\\\/uploads\\\/2021\\\/05\\\/Plakat_thjod_verdur_til_2004.png\",\"width\":854,\"height\":1200,\"caption\":\"Plakat - \u00dej\u00f3\u00f0 ver\u00f0ur til.\"},{\"@type\":\"BreadcrumbList\",\"@id\":\"https:\\\/\\\/netverslun.thjodminjasafn.is\\\/verslun\\\/ljosmyndir\\\/plakat\\\/plakat-thjod-verdur-til\\\/#breadcrumb\",\"itemListElement\":[{\"@type\":\"ListItem\",\"position\":1,\"name\":\"Home\",\"item\":\"https:\\\/\\\/netverslun.thjodminjasafn.is\\\/\"},{\"@type\":\"ListItem\",\"position\":2,\"name\":\"Verslun\",\"item\":\"https:\\\/\\\/netverslun.thjodminjasafn.is\\\/verslun\\\/\"},{\"@type\":\"ListItem\",\"position\":3,\"name\":\"Plakat &#8211; \u00dej\u00f3\u00f0 ver\u00f0ur til\"}]},{\"@type\":\"WebSite\",\"@id\":\"https:\\\/\\\/netverslun.thjodminjasafn.is\\\/#website\",\"url\":\"https:\\\/\\\/netverslun.thjodminjasafn.is\\\/\",\"name\":\"\u00dej\u00f3\u00f0minjasafn \u00cdslands\",\"description\":\"Vefverslun \u00dej\u00f3\u00f0minjasafnsins\",\"publisher\":{\"@id\":\"https:\\\/\\\/netverslun.thjodminjasafn.is\\\/#organization\"},\"potentialAction\":[{\"@type\":\"SearchAction\",\"target\":{\"@type\":\"EntryPoint\",\"urlTemplate\":\"https:\\\/\\\/netverslun.thjodminjasafn.is\\\/?s={search_term_string}\"},\"query-input\":{\"@type\":\"PropertyValueSpecification\",\"valueRequired\":true,\"valueName\":\"search_term_string\"}}],\"inLanguage\":\"en-US\"},{\"@type\":\"Organization\",\"@id\":\"https:\\\/\\\/netverslun.thjodminjasafn.is\\\/#organization\",\"name\":\"\u00dej\u00f3\u00f0minjasafn \u00cdslands\",\"url\":\"https:\\\/\\\/netverslun.thjodminjasafn.is\\\/\",\"logo\":{\"@type\":\"ImageObject\",\"inLanguage\":\"en-US\",\"@id\":\"https:\\\/\\\/netverslun.thjodminjasafn.is\\\/#\\\/schema\\\/logo\\\/image\\\/\",\"url\":\"https:\\\/\\\/netverslun.thjodminjasafn.is\\\/wp-content\\\/uploads\\\/2020\\\/02\\\/sitelogo.svg\",\"contentUrl\":\"https:\\\/\\\/netverslun.thjodminjasafn.is\\\/wp-content\\\/uploads\\\/2020\\\/02\\\/sitelogo.svg\",\"width\":599,\"height\":248,\"caption\":\"\u00dej\u00f3\u00f0minjasafn \u00cdslands\"},\"image\":{\"@id\":\"https:\\\/\\\/netverslun.thjodminjasafn.is\\\/#\\\/schema\\\/logo\\\/image\\\/\"},\"sameAs\":[\"https:\\\/\\\/www.facebook.com\\\/thjodminjasafn\",\"https:\\\/\\\/www.instagram.com\\\/nationalmuseumoficeland\\\/\"]}]}<\/script>\n<!-- \/ Yoast SEO plugin. -->","yoast_head_json":{"title":"Plakat - \u00dej\u00f3\u00f0 ver\u00f0ur til - \u00dej\u00f3\u00f0minjasafn \u00cdslands","description":"Plakat - \u00dej\u00f3\u00f0 ver\u00f0ur til, veggspjald sem gert var \u00ed tilefni opnunar grunns\u00fdningar \u00dej\u00f3\u00f0minjasafns \u00cdslands, 1.september 2004.","robots":{"index":"index","follow":"follow","max-snippet":"max-snippet:-1","max-image-preview":"max-image-preview:large","max-video-preview":"max-video-preview:-1"},"canonical":"https:\/\/netverslun.thjodminjasafn.is\/en\/verslun\/ljosmyndir\/plakat\/plakat-thjod-verdur-til\/","og_locale":"en_US","og_type":"article","og_title":"Plakat - \u00dej\u00f3\u00f0 ver\u00f0ur til - \u00dej\u00f3\u00f0minjasafn \u00cdslands","og_description":"Plakat - \u00dej\u00f3\u00f0 ver\u00f0ur til, veggspjald sem gert var \u00ed tilefni opnunar grunns\u00fdningar \u00dej\u00f3\u00f0minjasafns \u00cdslands, 1.september 2004.","og_url":"https:\/\/netverslun.thjodminjasafn.is\/en\/verslun\/ljosmyndir\/plakat\/plakat-thjod-verdur-til\/","og_site_name":"\u00dej\u00f3\u00f0minjasafn \u00cdslands","article_publisher":"https:\/\/www.facebook.com\/thjodminjasafn","article_modified_time":"2022-11-08T10:46:41+00:00","og_image":[{"width":854,"height":1200,"url":"https:\/\/netverslun.thjodminjasafn.is\/wp-content\/uploads\/2021\/05\/Plakat_thjod_verdur_til_2004.png","type":"image\/png"}],"twitter_card":"summary_large_image","twitter_misc":{"Est. reading time":"1 minute"},"schema":{"@context":"https:\/\/schema.org","@graph":[{"@type":"WebPage","@id":"https:\/\/netverslun.thjodminjasafn.is\/verslun\/ljosmyndir\/plakat\/plakat-thjod-verdur-til\/","url":"https:\/\/netverslun.thjodminjasafn.is\/verslun\/ljosmyndir\/plakat\/plakat-thjod-verdur-til\/","name":"Plakat - \u00dej\u00f3\u00f0 ver\u00f0ur til - \u00dej\u00f3\u00f0minjasafn \u00cdslands","isPartOf":{"@id":"https:\/\/netverslun.thjodminjasafn.is\/#website"},"primaryImageOfPage":{"@id":"https:\/\/netverslun.thjodminjasafn.is\/verslun\/ljosmyndir\/plakat\/plakat-thjod-verdur-til\/#primaryimage"},"image":{"@id":"https:\/\/netverslun.thjodminjasafn.is\/verslun\/ljosmyndir\/plakat\/plakat-thjod-verdur-til\/#primaryimage"},"thumbnailUrl":"https:\/\/netverslun.thjodminjasafn.is\/wp-content\/uploads\/2021\/05\/Plakat_thjod_verdur_til_2004.png","datePublished":"2021-05-17T14:55:34+00:00","dateModified":"2022-11-08T10:46:41+00:00","description":"Plakat - \u00dej\u00f3\u00f0 ver\u00f0ur til, veggspjald sem gert var \u00ed tilefni opnunar grunns\u00fdningar \u00dej\u00f3\u00f0minjasafns \u00cdslands, 1.september 2004.","breadcrumb":{"@id":"https:\/\/netverslun.thjodminjasafn.is\/verslun\/ljosmyndir\/plakat\/plakat-thjod-verdur-til\/#breadcrumb"},"inLanguage":"en-US","potentialAction":[{"@type":"ReadAction","target":["https:\/\/netverslun.thjodminjasafn.is\/verslun\/ljosmyndir\/plakat\/plakat-thjod-verdur-til\/"]}]},{"@type":"ImageObject","inLanguage":"en-US","@id":"https:\/\/netverslun.thjodminjasafn.is\/verslun\/ljosmyndir\/plakat\/plakat-thjod-verdur-til\/#primaryimage","url":"https:\/\/netverslun.thjodminjasafn.is\/wp-content\/uploads\/2021\/05\/Plakat_thjod_verdur_til_2004.png","contentUrl":"https:\/\/netverslun.thjodminjasafn.is\/wp-content\/uploads\/2021\/05\/Plakat_thjod_verdur_til_2004.png","width":854,"height":1200,"caption":"Plakat - \u00dej\u00f3\u00f0 ver\u00f0ur til."},{"@type":"BreadcrumbList","@id":"https:\/\/netverslun.thjodminjasafn.is\/verslun\/ljosmyndir\/plakat\/plakat-thjod-verdur-til\/#breadcrumb","itemListElement":[{"@type":"ListItem","position":1,"name":"Home","item":"https:\/\/netverslun.thjodminjasafn.is\/"},{"@type":"ListItem","position":2,"name":"Verslun","item":"https:\/\/netverslun.thjodminjasafn.is\/verslun\/"},{"@type":"ListItem","position":3,"name":"Plakat &#8211; \u00dej\u00f3\u00f0 ver\u00f0ur til"}]},{"@type":"WebSite","@id":"https:\/\/netverslun.thjodminjasafn.is\/#website","url":"https:\/\/netverslun.thjodminjasafn.is\/","name":"\u00dej\u00f3\u00f0minjasafn \u00cdslands","description":"National Museum of Iceland webstore","publisher":{"@id":"https:\/\/netverslun.thjodminjasafn.is\/#organization"},"potentialAction":[{"@type":"SearchAction","target":{"@type":"EntryPoint","urlTemplate":"https:\/\/netverslun.thjodminjasafn.is\/?s={search_term_string}"},"query-input":{"@type":"PropertyValueSpecification","valueRequired":true,"valueName":"search_term_string"}}],"inLanguage":"en-US"},{"@type":"Organization","@id":"https:\/\/netverslun.thjodminjasafn.is\/#organization","name":"\u00dej\u00f3\u00f0minjasafn \u00cdslands","url":"https:\/\/netverslun.thjodminjasafn.is\/","logo":{"@type":"ImageObject","inLanguage":"en-US","@id":"https:\/\/netverslun.thjodminjasafn.is\/#\/schema\/logo\/image\/","url":"https:\/\/netverslun.thjodminjasafn.is\/wp-content\/uploads\/2020\/02\/sitelogo.svg","contentUrl":"https:\/\/netverslun.thjodminjasafn.is\/wp-content\/uploads\/2020\/02\/sitelogo.svg","width":599,"height":248,"caption":"\u00dej\u00f3\u00f0minjasafn \u00cdslands"},"image":{"@id":"https:\/\/netverslun.thjodminjasafn.is\/#\/schema\/logo\/image\/"},"sameAs":["https:\/\/www.facebook.com\/thjodminjasafn","https:\/\/www.instagram.com\/nationalmuseumoficeland\/"]}]}},"_links":{"self":[{"href":"https:\/\/netverslun.thjodminjasafn.is\/en\/wp-json\/wp\/v2\/product\/1774","targetHints":{"allow":["GET"]}}],"collection":[{"href":"https:\/\/netverslun.thjodminjasafn.is\/en\/wp-json\/wp\/v2\/product"}],"about":[{"href":"https:\/\/netverslun.thjodminjasafn.is\/en\/wp-json\/wp\/v2\/types\/product"}],"version-history":[{"count":0,"href":"https:\/\/netverslun.thjodminjasafn.is\/en\/wp-json\/wp\/v2\/product\/1774\/revisions"}],"wp:featuredmedia":[{"embeddable":true,"href":"https:\/\/netverslun.thjodminjasafn.is\/en\/wp-json\/wp\/v2\/media\/3598"}],"wp:attachment":[{"href":"https:\/\/netverslun.thjodminjasafn.is\/en\/wp-json\/wp\/v2\/media?parent=1774"}],"wp:term":[{"taxonomy":"product_brand","embeddable":true,"href":"https:\/\/netverslun.thjodminjasafn.is\/en\/wp-json\/wp\/v2\/product_brand?post=1774"},{"taxonomy":"product_cat","embeddable":true,"href":"https:\/\/netverslun.thjodminjasafn.is\/en\/wp-json\/wp\/v2\/product_cat?post=1774"},{"taxonomy":"product_tag","embeddable":true,"href":"https:\/\/netverslun.thjodminjasafn.is\/en\/wp-json\/wp\/v2\/product_tag?post=1774"}],"curies":[{"name":"wp","href":"https:\/\/api.w.org\/{rel}","templated":true}]}}