{"id":1717,"date":"2021-05-17T14:55:30","date_gmt":"2021-05-17T14:55:30","guid":{"rendered":"https:\/\/thjodminjasafn.is\/?post_type=product&#038;p=1717"},"modified":"2026-04-11T13:22:38","modified_gmt":"2026-04-11T13:22:38","slug":"kubbur-veltikubbur-med-lykilgripum","status":"publish","type":"product","link":"https:\/\/netverslun.thjodminjasafn.is\/en\/verslun\/leikum-okkur\/onnur-leikfong\/kubbur-veltikubbur-med-lykilgripum\/","title":{"rendered":"Cubic - with collections key objects"},"content":{"rendered":"<p>Cubic - with collections key objects<\/p>\n<p>A small booklet inside the box with interesting informations about the articles.<\/p>\n<p>Size: 7x7x7 cm<\/p>","protected":false},"excerpt":{"rendered":"<p>Kubbur &#8211; veltikubbur me\u00f0 lykilgripum, sem h\u00e6gt er a\u00f0 fletta \u00ed sundur \u00e1 \u00fdmsa vegu. Margar myndir af munum fr\u00e1 \u00dej\u00f3\u00f0minjasafni \u00cdslands. L\u00edtill b\u00e6klingur fylgir\u00a0\u00ed kassanum me\u00f0 uppl\u00fdsingum um myndirnar. St\u00e6r\u00f0: 7x7x7 cm<\/p>","protected":false},"featured_media":3683,"template":"","meta":{"site-sidebar-layout":"default","site-content-layout":"default","ast-site-content-layout":"default","site-content-style":"default","site-sidebar-style":"default","ast-global-header-display":"","ast-banner-title-visibility":"","ast-main-header-display":"","ast-hfb-above-header-display":"","ast-hfb-below-header-display":"","ast-hfb-mobile-header-display":"","site-post-title":"","ast-breadcrumbs-content":"","ast-featured-img":"","footer-sml-layout":"","ast-disable-related-posts":"","theme-transparent-header-meta":"default","adv-header-id-meta":"","stick-header-meta":"default","header-above-stick-meta":"","header-main-stick-meta":"","header-below-stick-meta":"","astra-migrate-meta-layouts":"set","ast-page-background-enabled":"default","ast-page-background-meta":{"desktop":{"background-color":"","background-image":"","background-repeat":"repeat","background-position":"center center","background-size":"auto","background-attachment":"scroll","background-type":"","background-media":"","overlay-type":"","overlay-color":"","overlay-opacity":"","overlay-gradient":""},"tablet":{"background-color":"","background-image":"","background-repeat":"repeat","background-position":"center center","background-size":"auto","background-attachment":"scroll","background-type":"","background-media":"","overlay-type":"","overlay-color":"","overlay-opacity":"","overlay-gradient":""},"mobile":{"background-color":"","background-image":"","background-repeat":"repeat","background-position":"center center","background-size":"auto","background-attachment":"scroll","background-type":"","background-media":"","overlay-type":"","overlay-color":"","overlay-opacity":"","overlay-gradient":""}},"ast-content-background-meta":{"desktop":{"background-color":"var(--ast-global-color-5)","background-image":"","background-repeat":"repeat","background-position":"center center","background-size":"auto","background-attachment":"scroll","background-type":"","background-media":"","overlay-type":"","overlay-color":"","overlay-opacity":"","overlay-gradient":""},"tablet":{"background-color":"var(--ast-global-color-5)","background-image":"","background-repeat":"repeat","background-position":"center center","background-size":"auto","background-attachment":"scroll","background-type":"","background-media":"","overlay-type":"","overlay-color":"","overlay-opacity":"","overlay-gradient":""},"mobile":{"background-color":"var(--ast-global-color-5)","background-image":"","background-repeat":"repeat","background-position":"center center","background-size":"auto","background-attachment":"scroll","background-type":"","background-media":"","overlay-type":"","overlay-color":"","overlay-opacity":"","overlay-gradient":""}}},"product_brand":[],"product_cat":[42,60,40,61,74,72,37],"product_tag":[],"class_list":{"0":"post-1717","1":"product","2":"type-product","3":"status-publish","4":"has-post-thumbnail","6":"product_cat-born","7":"product_cat-gjafir","8":"product_cat-gjafavara","9":"product_cat-honnun","10":"product_cat-onnur-leikfong","11":"product_cat-leikum-okkur","12":"product_cat-minjagripir","13":"desktop-align-left","14":"tablet-align-left","15":"mobile-align-left","16":"ast-product-gallery-layout-vertical","17":"ast-product-gallery-with-no-image","18":"ast-product-tabs-layout-vertical","20":"first","21":"instock","22":"sale","23":"shipping-taxable","24":"purchasable","25":"product-type-simple"},"yoast_head":"<!-- This site is optimized with the Yoast SEO plugin v27.5 - https:\/\/yoast.com\/product\/yoast-seo-wordpress\/ -->\n<title>Kubbur - veltikubbur me\u00f0 lykilgripum - \u00dej\u00f3\u00f0minjasafn \u00cdslands<\/title>\n<meta name=\"description\" content=\"Kubbur - veltikubbur me\u00f0 lykilgripum. Gamall og g\u00f3\u00f0ur flettikubbur b\u00fdr til n\u00fdjar myndir \u00ed hverri flettingu, allt lykilgripir safnsins.\" \/>\n<meta name=\"robots\" content=\"index, follow, max-snippet:-1, max-image-preview:large, max-video-preview:-1\" \/>\n<link rel=\"canonical\" href=\"https:\/\/netverslun.thjodminjasafn.is\/en\/verslun\/leikum-okkur\/onnur-leikfong\/kubbur-veltikubbur-med-lykilgripum\/\" \/>\n<meta property=\"og:locale\" content=\"en_US\" \/>\n<meta property=\"og:type\" content=\"article\" \/>\n<meta property=\"og:title\" content=\"Kubbur - veltikubbur me\u00f0 lykilgripum - \u00dej\u00f3\u00f0minjasafn \u00cdslands\" \/>\n<meta property=\"og:description\" content=\"Kubbur - veltikubbur me\u00f0 lykilgripum. Gamall og g\u00f3\u00f0ur flettikubbur b\u00fdr til n\u00fdjar myndir \u00ed hverri flettingu, allt lykilgripir safnsins.\" \/>\n<meta property=\"og:url\" content=\"https:\/\/netverslun.thjodminjasafn.is\/en\/verslun\/leikum-okkur\/onnur-leikfong\/kubbur-veltikubbur-med-lykilgripum\/\" \/>\n<meta property=\"og:site_name\" content=\"\u00dej\u00f3\u00f0minjasafn \u00cdslands\" \/>\n<meta property=\"article:publisher\" content=\"https:\/\/www.facebook.com\/thjodminjasafn\" \/>\n<meta property=\"article:modified_time\" content=\"2026-04-11T13:22:38+00:00\" \/>\n<meta property=\"og:image\" content=\"https:\/\/netverslun.thjodminjasafn.is\/wp-content\/uploads\/2021\/05\/Kubbur_flettir_lykilgripir-safnsins.png\" \/>\n\t<meta property=\"og:image:width\" content=\"464\" \/>\n\t<meta property=\"og:image:height\" content=\"538\" \/>\n\t<meta property=\"og:image:type\" content=\"image\/png\" \/>\n<meta name=\"twitter:card\" content=\"summary_large_image\" \/>\n<meta name=\"twitter:label1\" content=\"Est. reading time\" \/>\n\t<meta name=\"twitter:data1\" content=\"1 minute\" \/>\n<script type=\"application\/ld+json\" class=\"yoast-schema-graph\">{\"@context\":\"https:\\\/\\\/schema.org\",\"@graph\":[{\"@type\":\"WebPage\",\"@id\":\"https:\\\/\\\/netverslun.thjodminjasafn.is\\\/verslun\\\/leikum-okkur\\\/onnur-leikfong\\\/kubbur-veltikubbur-med-lykilgripum\\\/\",\"url\":\"https:\\\/\\\/netverslun.thjodminjasafn.is\\\/verslun\\\/leikum-okkur\\\/onnur-leikfong\\\/kubbur-veltikubbur-med-lykilgripum\\\/\",\"name\":\"Kubbur - veltikubbur me\u00f0 lykilgripum - \u00dej\u00f3\u00f0minjasafn \u00cdslands\",\"isPartOf\":{\"@id\":\"https:\\\/\\\/netverslun.thjodminjasafn.is\\\/#website\"},\"primaryImageOfPage\":{\"@id\":\"https:\\\/\\\/netverslun.thjodminjasafn.is\\\/verslun\\\/leikum-okkur\\\/onnur-leikfong\\\/kubbur-veltikubbur-med-lykilgripum\\\/#primaryimage\"},\"image\":{\"@id\":\"https:\\\/\\\/netverslun.thjodminjasafn.is\\\/verslun\\\/leikum-okkur\\\/onnur-leikfong\\\/kubbur-veltikubbur-med-lykilgripum\\\/#primaryimage\"},\"thumbnailUrl\":\"https:\\\/\\\/netverslun.thjodminjasafn.is\\\/wp-content\\\/uploads\\\/2021\\\/05\\\/Kubbur_flettir_lykilgripir-safnsins.png\",\"datePublished\":\"2021-05-17T14:55:30+00:00\",\"dateModified\":\"2026-04-11T13:22:38+00:00\",\"description\":\"Kubbur - veltikubbur me\u00f0 lykilgripum. Gamall og g\u00f3\u00f0ur flettikubbur b\u00fdr til n\u00fdjar myndir \u00ed hverri flettingu, allt lykilgripir safnsins.\",\"breadcrumb\":{\"@id\":\"https:\\\/\\\/netverslun.thjodminjasafn.is\\\/verslun\\\/leikum-okkur\\\/onnur-leikfong\\\/kubbur-veltikubbur-med-lykilgripum\\\/#breadcrumb\"},\"inLanguage\":\"en-US\",\"potentialAction\":[{\"@type\":\"ReadAction\",\"target\":[\"https:\\\/\\\/netverslun.thjodminjasafn.is\\\/verslun\\\/leikum-okkur\\\/onnur-leikfong\\\/kubbur-veltikubbur-med-lykilgripum\\\/\"]}]},{\"@type\":\"ImageObject\",\"inLanguage\":\"en-US\",\"@id\":\"https:\\\/\\\/netverslun.thjodminjasafn.is\\\/verslun\\\/leikum-okkur\\\/onnur-leikfong\\\/kubbur-veltikubbur-med-lykilgripum\\\/#primaryimage\",\"url\":\"https:\\\/\\\/netverslun.thjodminjasafn.is\\\/wp-content\\\/uploads\\\/2021\\\/05\\\/Kubbur_flettir_lykilgripir-safnsins.png\",\"contentUrl\":\"https:\\\/\\\/netverslun.thjodminjasafn.is\\\/wp-content\\\/uploads\\\/2021\\\/05\\\/Kubbur_flettir_lykilgripir-safnsins.png\",\"width\":464,\"height\":538,\"caption\":\"Kubbur - veltikubbur me\u00f0 lykilgripum safnsins\"},{\"@type\":\"BreadcrumbList\",\"@id\":\"https:\\\/\\\/netverslun.thjodminjasafn.is\\\/verslun\\\/leikum-okkur\\\/onnur-leikfong\\\/kubbur-veltikubbur-med-lykilgripum\\\/#breadcrumb\",\"itemListElement\":[{\"@type\":\"ListItem\",\"position\":1,\"name\":\"Home\",\"item\":\"https:\\\/\\\/netverslun.thjodminjasafn.is\\\/\"},{\"@type\":\"ListItem\",\"position\":2,\"name\":\"Verslun\",\"item\":\"https:\\\/\\\/netverslun.thjodminjasafn.is\\\/verslun\\\/\"},{\"@type\":\"ListItem\",\"position\":3,\"name\":\"Kubbur &#8211; veltikubbur me\u00f0 lykilgripum\"}]},{\"@type\":\"WebSite\",\"@id\":\"https:\\\/\\\/netverslun.thjodminjasafn.is\\\/#website\",\"url\":\"https:\\\/\\\/netverslun.thjodminjasafn.is\\\/\",\"name\":\"\u00dej\u00f3\u00f0minjasafn \u00cdslands\",\"description\":\"Vefverslun \u00dej\u00f3\u00f0minjasafnsins\",\"publisher\":{\"@id\":\"https:\\\/\\\/netverslun.thjodminjasafn.is\\\/#organization\"},\"potentialAction\":[{\"@type\":\"SearchAction\",\"target\":{\"@type\":\"EntryPoint\",\"urlTemplate\":\"https:\\\/\\\/netverslun.thjodminjasafn.is\\\/?s={search_term_string}\"},\"query-input\":{\"@type\":\"PropertyValueSpecification\",\"valueRequired\":true,\"valueName\":\"search_term_string\"}}],\"inLanguage\":\"en-US\"},{\"@type\":\"Organization\",\"@id\":\"https:\\\/\\\/netverslun.thjodminjasafn.is\\\/#organization\",\"name\":\"\u00dej\u00f3\u00f0minjasafn \u00cdslands\",\"url\":\"https:\\\/\\\/netverslun.thjodminjasafn.is\\\/\",\"logo\":{\"@type\":\"ImageObject\",\"inLanguage\":\"en-US\",\"@id\":\"https:\\\/\\\/netverslun.thjodminjasafn.is\\\/#\\\/schema\\\/logo\\\/image\\\/\",\"url\":\"https:\\\/\\\/netverslun.thjodminjasafn.is\\\/wp-content\\\/uploads\\\/2020\\\/02\\\/sitelogo.svg\",\"contentUrl\":\"https:\\\/\\\/netverslun.thjodminjasafn.is\\\/wp-content\\\/uploads\\\/2020\\\/02\\\/sitelogo.svg\",\"width\":599,\"height\":248,\"caption\":\"\u00dej\u00f3\u00f0minjasafn \u00cdslands\"},\"image\":{\"@id\":\"https:\\\/\\\/netverslun.thjodminjasafn.is\\\/#\\\/schema\\\/logo\\\/image\\\/\"},\"sameAs\":[\"https:\\\/\\\/www.facebook.com\\\/thjodminjasafn\",\"https:\\\/\\\/www.instagram.com\\\/nationalmuseumoficeland\\\/\"]}]}<\/script>\n<!-- \/ Yoast SEO plugin. -->","yoast_head_json":{"title":"Kubbur - veltikubbur me\u00f0 lykilgripum - \u00dej\u00f3\u00f0minjasafn \u00cdslands","description":"Kubbur - veltikubbur me\u00f0 lykilgripum. Gamall og g\u00f3\u00f0ur flettikubbur b\u00fdr til n\u00fdjar myndir \u00ed hverri flettingu, allt lykilgripir safnsins.","robots":{"index":"index","follow":"follow","max-snippet":"max-snippet:-1","max-image-preview":"max-image-preview:large","max-video-preview":"max-video-preview:-1"},"canonical":"https:\/\/netverslun.thjodminjasafn.is\/en\/verslun\/leikum-okkur\/onnur-leikfong\/kubbur-veltikubbur-med-lykilgripum\/","og_locale":"en_US","og_type":"article","og_title":"Kubbur - veltikubbur me\u00f0 lykilgripum - \u00dej\u00f3\u00f0minjasafn \u00cdslands","og_description":"Kubbur - veltikubbur me\u00f0 lykilgripum. Gamall og g\u00f3\u00f0ur flettikubbur b\u00fdr til n\u00fdjar myndir \u00ed hverri flettingu, allt lykilgripir safnsins.","og_url":"https:\/\/netverslun.thjodminjasafn.is\/en\/verslun\/leikum-okkur\/onnur-leikfong\/kubbur-veltikubbur-med-lykilgripum\/","og_site_name":"\u00dej\u00f3\u00f0minjasafn \u00cdslands","article_publisher":"https:\/\/www.facebook.com\/thjodminjasafn","article_modified_time":"2026-04-11T13:22:38+00:00","og_image":[{"width":464,"height":538,"url":"https:\/\/netverslun.thjodminjasafn.is\/wp-content\/uploads\/2021\/05\/Kubbur_flettir_lykilgripir-safnsins.png","type":"image\/png"}],"twitter_card":"summary_large_image","twitter_misc":{"Est. reading time":"1 minute"},"schema":{"@context":"https:\/\/schema.org","@graph":[{"@type":"WebPage","@id":"https:\/\/netverslun.thjodminjasafn.is\/verslun\/leikum-okkur\/onnur-leikfong\/kubbur-veltikubbur-med-lykilgripum\/","url":"https:\/\/netverslun.thjodminjasafn.is\/verslun\/leikum-okkur\/onnur-leikfong\/kubbur-veltikubbur-med-lykilgripum\/","name":"Kubbur - veltikubbur me\u00f0 lykilgripum - \u00dej\u00f3\u00f0minjasafn \u00cdslands","isPartOf":{"@id":"https:\/\/netverslun.thjodminjasafn.is\/#website"},"primaryImageOfPage":{"@id":"https:\/\/netverslun.thjodminjasafn.is\/verslun\/leikum-okkur\/onnur-leikfong\/kubbur-veltikubbur-med-lykilgripum\/#primaryimage"},"image":{"@id":"https:\/\/netverslun.thjodminjasafn.is\/verslun\/leikum-okkur\/onnur-leikfong\/kubbur-veltikubbur-med-lykilgripum\/#primaryimage"},"thumbnailUrl":"https:\/\/netverslun.thjodminjasafn.is\/wp-content\/uploads\/2021\/05\/Kubbur_flettir_lykilgripir-safnsins.png","datePublished":"2021-05-17T14:55:30+00:00","dateModified":"2026-04-11T13:22:38+00:00","description":"Kubbur - veltikubbur me\u00f0 lykilgripum. Gamall og g\u00f3\u00f0ur flettikubbur b\u00fdr til n\u00fdjar myndir \u00ed hverri flettingu, allt lykilgripir safnsins.","breadcrumb":{"@id":"https:\/\/netverslun.thjodminjasafn.is\/verslun\/leikum-okkur\/onnur-leikfong\/kubbur-veltikubbur-med-lykilgripum\/#breadcrumb"},"inLanguage":"en-US","potentialAction":[{"@type":"ReadAction","target":["https:\/\/netverslun.thjodminjasafn.is\/verslun\/leikum-okkur\/onnur-leikfong\/kubbur-veltikubbur-med-lykilgripum\/"]}]},{"@type":"ImageObject","inLanguage":"en-US","@id":"https:\/\/netverslun.thjodminjasafn.is\/verslun\/leikum-okkur\/onnur-leikfong\/kubbur-veltikubbur-med-lykilgripum\/#primaryimage","url":"https:\/\/netverslun.thjodminjasafn.is\/wp-content\/uploads\/2021\/05\/Kubbur_flettir_lykilgripir-safnsins.png","contentUrl":"https:\/\/netverslun.thjodminjasafn.is\/wp-content\/uploads\/2021\/05\/Kubbur_flettir_lykilgripir-safnsins.png","width":464,"height":538,"caption":"Kubbur - veltikubbur me\u00f0 lykilgripum safnsins"},{"@type":"BreadcrumbList","@id":"https:\/\/netverslun.thjodminjasafn.is\/verslun\/leikum-okkur\/onnur-leikfong\/kubbur-veltikubbur-med-lykilgripum\/#breadcrumb","itemListElement":[{"@type":"ListItem","position":1,"name":"Home","item":"https:\/\/netverslun.thjodminjasafn.is\/"},{"@type":"ListItem","position":2,"name":"Verslun","item":"https:\/\/netverslun.thjodminjasafn.is\/verslun\/"},{"@type":"ListItem","position":3,"name":"Kubbur &#8211; veltikubbur me\u00f0 lykilgripum"}]},{"@type":"WebSite","@id":"https:\/\/netverslun.thjodminjasafn.is\/#website","url":"https:\/\/netverslun.thjodminjasafn.is\/","name":"\u00dej\u00f3\u00f0minjasafn \u00cdslands","description":"National Museum of Iceland webstore","publisher":{"@id":"https:\/\/netverslun.thjodminjasafn.is\/#organization"},"potentialAction":[{"@type":"SearchAction","target":{"@type":"EntryPoint","urlTemplate":"https:\/\/netverslun.thjodminjasafn.is\/?s={search_term_string}"},"query-input":{"@type":"PropertyValueSpecification","valueRequired":true,"valueName":"search_term_string"}}],"inLanguage":"en-US"},{"@type":"Organization","@id":"https:\/\/netverslun.thjodminjasafn.is\/#organization","name":"\u00dej\u00f3\u00f0minjasafn \u00cdslands","url":"https:\/\/netverslun.thjodminjasafn.is\/","logo":{"@type":"ImageObject","inLanguage":"en-US","@id":"https:\/\/netverslun.thjodminjasafn.is\/#\/schema\/logo\/image\/","url":"https:\/\/netverslun.thjodminjasafn.is\/wp-content\/uploads\/2020\/02\/sitelogo.svg","contentUrl":"https:\/\/netverslun.thjodminjasafn.is\/wp-content\/uploads\/2020\/02\/sitelogo.svg","width":599,"height":248,"caption":"\u00dej\u00f3\u00f0minjasafn \u00cdslands"},"image":{"@id":"https:\/\/netverslun.thjodminjasafn.is\/#\/schema\/logo\/image\/"},"sameAs":["https:\/\/www.facebook.com\/thjodminjasafn","https:\/\/www.instagram.com\/nationalmuseumoficeland\/"]}]}},"_links":{"self":[{"href":"https:\/\/netverslun.thjodminjasafn.is\/en\/wp-json\/wp\/v2\/product\/1717","targetHints":{"allow":["GET"]}}],"collection":[{"href":"https:\/\/netverslun.thjodminjasafn.is\/en\/wp-json\/wp\/v2\/product"}],"about":[{"href":"https:\/\/netverslun.thjodminjasafn.is\/en\/wp-json\/wp\/v2\/types\/product"}],"version-history":[{"count":2,"href":"https:\/\/netverslun.thjodminjasafn.is\/en\/wp-json\/wp\/v2\/product\/1717\/revisions"}],"predecessor-version":[{"id":9349,"href":"https:\/\/netverslun.thjodminjasafn.is\/en\/wp-json\/wp\/v2\/product\/1717\/revisions\/9349"}],"wp:featuredmedia":[{"embeddable":true,"href":"https:\/\/netverslun.thjodminjasafn.is\/en\/wp-json\/wp\/v2\/media\/3683"}],"wp:attachment":[{"href":"https:\/\/netverslun.thjodminjasafn.is\/en\/wp-json\/wp\/v2\/media?parent=1717"}],"wp:term":[{"taxonomy":"product_brand","embeddable":true,"href":"https:\/\/netverslun.thjodminjasafn.is\/en\/wp-json\/wp\/v2\/product_brand?post=1717"},{"taxonomy":"product_cat","embeddable":true,"href":"https:\/\/netverslun.thjodminjasafn.is\/en\/wp-json\/wp\/v2\/product_cat?post=1717"},{"taxonomy":"product_tag","embeddable":true,"href":"https:\/\/netverslun.thjodminjasafn.is\/en\/wp-json\/wp\/v2\/product_tag?post=1717"}],"curies":[{"name":"wp","href":"https:\/\/api.w.org\/{rel}","templated":true}]}}