{"id":1716,"date":"2021-05-17T14:55:30","date_gmt":"2021-05-17T14:55:30","guid":{"rendered":"https:\/\/thjodminjasafn.is\/?post_type=product&#038;p=1716"},"modified":"2024-12-04T12:07:18","modified_gmt":"2024-12-04T12:07:18","slug":"lita-og-dukkulisubok","status":"publish","type":"product","link":"https:\/\/netverslun.thjodminjasafn.is\/en\/verslun\/leikum-okkur\/onnur-leikfong\/lita-og-dukkulisubok\/","title":{"rendered":"Colouring book &amp; paperdolls"},"content":{"rendered":"<p>Color and paper doll book. Pictures of Icelanders' clothing, like that of others, has changed a lot over the centuries. It matters what materials and utensils are available at any given time. In addition to which fashion trends played a major role in people's choice of clothing. \nIn this book you can see clothes from different times in Iceland. Some are their finest clothes, others everyday clothing, here you can also see practical clothes to wear at play and work. \nThe book contains pictures that can be colored and the paper dolls and their paper clothing can be cut out.<\/p>\n<p>Enjoy<\/p>","protected":false},"excerpt":{"rendered":"<p>Lita- og d\u00fakkul\u00edsub\u00f3k. F\u00f6t fyrr og n\u00fan. Fatna\u00f0ur \u00cdslendinga eins og annarra hefur breyst miki\u00f0 \u00ed gegnum aldirnar. \u00dea\u00f0 skiptir m\u00e1li hva\u00f0a efni og \u00e1h\u00f6ld eru tilt\u00e6k \u00e1 hverjum t\u00edma auk \u00feess sem t\u00edskustraumar r\u00e1\u00f0a miklu \u00ed fatavali f\u00f3lks. \u00cd \u00feessari b\u00f3k m\u00e1 sj\u00e1 f\u00f6t fr\u00e1 mismunandi t\u00edmum \u00e1 \u00cdslandi. Sumt er f\u00ednustu sparif\u00f6t, anna\u00f0 [&hellip;]<\/p>\n","protected":false},"featured_media":3687,"template":"","meta":{"site-sidebar-layout":"default","site-content-layout":"default","ast-site-content-layout":"default","site-content-style":"default","site-sidebar-style":"default","ast-global-header-display":"","ast-banner-title-visibility":"","ast-main-header-display":"","ast-hfb-above-header-display":"","ast-hfb-below-header-display":"","ast-hfb-mobile-header-display":"","site-post-title":"","ast-breadcrumbs-content":"","ast-featured-img":"","footer-sml-layout":"","ast-disable-related-posts":"","theme-transparent-header-meta":"default","adv-header-id-meta":"","stick-header-meta":"default","header-above-stick-meta":"","header-main-stick-meta":"","header-below-stick-meta":"","astra-migrate-meta-layouts":"default","ast-page-background-enabled":"default","ast-page-background-meta":{"desktop":{"background-color":"","background-image":"","background-repeat":"repeat","background-position":"center center","background-size":"auto","background-attachment":"scroll","background-type":"","background-media":"","overlay-type":"","overlay-color":"","overlay-opacity":"","overlay-gradient":""},"tablet":{"background-color":"","background-image":"","background-repeat":"repeat","background-position":"center center","background-size":"auto","background-attachment":"scroll","background-type":"","background-media":"","overlay-type":"","overlay-color":"","overlay-opacity":"","overlay-gradient":""},"mobile":{"background-color":"","background-image":"","background-repeat":"repeat","background-position":"center center","background-size":"auto","background-attachment":"scroll","background-type":"","background-media":"","overlay-type":"","overlay-color":"","overlay-opacity":"","overlay-gradient":""}},"ast-content-background-meta":{"desktop":{"background-color":"var(--ast-global-color-5)","background-image":"","background-repeat":"repeat","background-position":"center center","background-size":"auto","background-attachment":"scroll","background-type":"","background-media":"","overlay-type":"","overlay-color":"","overlay-opacity":"","overlay-gradient":""},"tablet":{"background-color":"var(--ast-global-color-5)","background-image":"","background-repeat":"repeat","background-position":"center center","background-size":"auto","background-attachment":"scroll","background-type":"","background-media":"","overlay-type":"","overlay-color":"","overlay-opacity":"","overlay-gradient":""},"mobile":{"background-color":"var(--ast-global-color-5)","background-image":"","background-repeat":"repeat","background-position":"center center","background-size":"auto","background-attachment":"scroll","background-type":"","background-media":"","overlay-type":"","overlay-color":"","overlay-opacity":"","overlay-gradient":""}}},"product_brand":[],"product_cat":[42,60,40,61,74,72,37],"product_tag":[],"class_list":{"0":"post-1716","1":"product","2":"type-product","3":"status-publish","4":"has-post-thumbnail","6":"product_cat-born","7":"product_cat-gjafir","8":"product_cat-gjafavara","9":"product_cat-honnun","10":"product_cat-onnur-leikfong","11":"product_cat-leikum-okkur","12":"product_cat-minjagripir","13":"desktop-align-left","14":"tablet-align-left","15":"mobile-align-left","16":"ast-product-gallery-layout-vertical","17":"ast-product-tabs-layout-vertical","19":"first","20":"instock","21":"shipping-taxable","22":"purchasable","23":"product-type-simple"},"yoast_head":"<!-- This site is optimized with the Yoast SEO plugin v27.5 - https:\/\/yoast.com\/product\/yoast-seo-wordpress\/ -->\n<title>Lita- og d\u00fakkul\u00edsub\u00f3k - \u00dej\u00f3\u00f0minjasafn \u00cdslands<\/title>\n<meta name=\"description\" content=\"Lita- og d\u00fakkul\u00edsub\u00f3k. F\u00f6t fyrr og n\u00fa, er \u00feema\u00f0 \u00ed \u00feessari b\u00f3k. \u00cd b\u00f3kinni eru d\u00fakkul\u00edsur og fatna\u00f0ur til a\u00f0 klippa \u00fat og einnig f\u00f6t sem \u00e1 eftir a\u00f0 lita.\" \/>\n<meta name=\"robots\" content=\"index, follow, max-snippet:-1, max-image-preview:large, max-video-preview:-1\" \/>\n<link rel=\"canonical\" href=\"https:\/\/netverslun.thjodminjasafn.is\/en\/verslun\/leikum-okkur\/onnur-leikfong\/lita-og-dukkulisubok\/\" \/>\n<meta property=\"og:locale\" content=\"en_US\" \/>\n<meta property=\"og:type\" content=\"article\" \/>\n<meta property=\"og:title\" content=\"Lita- og d\u00fakkul\u00edsub\u00f3k - \u00dej\u00f3\u00f0minjasafn \u00cdslands\" \/>\n<meta property=\"og:description\" content=\"Lita- og d\u00fakkul\u00edsub\u00f3k. F\u00f6t fyrr og n\u00fa, er \u00feema\u00f0 \u00ed \u00feessari b\u00f3k. \u00cd b\u00f3kinni eru d\u00fakkul\u00edsur og fatna\u00f0ur til a\u00f0 klippa \u00fat og einnig f\u00f6t sem \u00e1 eftir a\u00f0 lita.\" \/>\n<meta property=\"og:url\" content=\"https:\/\/netverslun.thjodminjasafn.is\/en\/verslun\/leikum-okkur\/onnur-leikfong\/lita-og-dukkulisubok\/\" \/>\n<meta property=\"og:site_name\" content=\"\u00dej\u00f3\u00f0minjasafn \u00cdslands\" \/>\n<meta property=\"article:publisher\" content=\"https:\/\/www.facebook.com\/thjodminjasafn\" \/>\n<meta property=\"article:modified_time\" content=\"2024-12-04T12:07:18+00:00\" \/>\n<meta property=\"og:image\" content=\"https:\/\/netverslun.thjodminjasafn.is\/wp-content\/uploads\/2021\/05\/Fot-fyrr-og-nu_lita-og-dukkulisubok.png\" \/>\n\t<meta property=\"og:image:width\" content=\"2560\" \/>\n\t<meta property=\"og:image:height\" content=\"2333\" \/>\n\t<meta property=\"og:image:type\" content=\"image\/png\" \/>\n<meta name=\"twitter:card\" content=\"summary_large_image\" \/>\n<meta name=\"twitter:label1\" content=\"Est. reading time\" \/>\n\t<meta name=\"twitter:data1\" content=\"1 minute\" \/>\n<script type=\"application\/ld+json\" class=\"yoast-schema-graph\">{\"@context\":\"https:\\\/\\\/schema.org\",\"@graph\":[{\"@type\":\"WebPage\",\"@id\":\"https:\\\/\\\/netverslun.thjodminjasafn.is\\\/verslun\\\/leikum-okkur\\\/onnur-leikfong\\\/lita-og-dukkulisubok\\\/\",\"url\":\"https:\\\/\\\/netverslun.thjodminjasafn.is\\\/verslun\\\/leikum-okkur\\\/onnur-leikfong\\\/lita-og-dukkulisubok\\\/\",\"name\":\"Lita- og d\u00fakkul\u00edsub\u00f3k - \u00dej\u00f3\u00f0minjasafn \u00cdslands\",\"isPartOf\":{\"@id\":\"https:\\\/\\\/netverslun.thjodminjasafn.is\\\/#website\"},\"primaryImageOfPage\":{\"@id\":\"https:\\\/\\\/netverslun.thjodminjasafn.is\\\/verslun\\\/leikum-okkur\\\/onnur-leikfong\\\/lita-og-dukkulisubok\\\/#primaryimage\"},\"image\":{\"@id\":\"https:\\\/\\\/netverslun.thjodminjasafn.is\\\/verslun\\\/leikum-okkur\\\/onnur-leikfong\\\/lita-og-dukkulisubok\\\/#primaryimage\"},\"thumbnailUrl\":\"https:\\\/\\\/netverslun.thjodminjasafn.is\\\/wp-content\\\/uploads\\\/2021\\\/05\\\/Fot-fyrr-og-nu_lita-og-dukkulisubok.png\",\"datePublished\":\"2021-05-17T14:55:30+00:00\",\"dateModified\":\"2024-12-04T12:07:18+00:00\",\"description\":\"Lita- og d\u00fakkul\u00edsub\u00f3k. F\u00f6t fyrr og n\u00fa, er \u00feema\u00f0 \u00ed \u00feessari b\u00f3k. \u00cd b\u00f3kinni eru d\u00fakkul\u00edsur og fatna\u00f0ur til a\u00f0 klippa \u00fat og einnig f\u00f6t sem \u00e1 eftir a\u00f0 lita.\",\"breadcrumb\":{\"@id\":\"https:\\\/\\\/netverslun.thjodminjasafn.is\\\/verslun\\\/leikum-okkur\\\/onnur-leikfong\\\/lita-og-dukkulisubok\\\/#breadcrumb\"},\"inLanguage\":\"en-US\",\"potentialAction\":[{\"@type\":\"ReadAction\",\"target\":[\"https:\\\/\\\/netverslun.thjodminjasafn.is\\\/verslun\\\/leikum-okkur\\\/onnur-leikfong\\\/lita-og-dukkulisubok\\\/\"]}]},{\"@type\":\"ImageObject\",\"inLanguage\":\"en-US\",\"@id\":\"https:\\\/\\\/netverslun.thjodminjasafn.is\\\/verslun\\\/leikum-okkur\\\/onnur-leikfong\\\/lita-og-dukkulisubok\\\/#primaryimage\",\"url\":\"https:\\\/\\\/netverslun.thjodminjasafn.is\\\/wp-content\\\/uploads\\\/2021\\\/05\\\/Fot-fyrr-og-nu_lita-og-dukkulisubok.png\",\"contentUrl\":\"https:\\\/\\\/netverslun.thjodminjasafn.is\\\/wp-content\\\/uploads\\\/2021\\\/05\\\/Fot-fyrr-og-nu_lita-og-dukkulisubok.png\",\"width\":2560,\"height\":2333,\"caption\":\"Lita-d\u00fakkul\u00edsub\u00f3k\"},{\"@type\":\"BreadcrumbList\",\"@id\":\"https:\\\/\\\/netverslun.thjodminjasafn.is\\\/verslun\\\/leikum-okkur\\\/onnur-leikfong\\\/lita-og-dukkulisubok\\\/#breadcrumb\",\"itemListElement\":[{\"@type\":\"ListItem\",\"position\":1,\"name\":\"Home\",\"item\":\"https:\\\/\\\/netverslun.thjodminjasafn.is\\\/\"},{\"@type\":\"ListItem\",\"position\":2,\"name\":\"Verslun\",\"item\":\"https:\\\/\\\/netverslun.thjodminjasafn.is\\\/verslun\\\/\"},{\"@type\":\"ListItem\",\"position\":3,\"name\":\"Lita- og d\u00fakkul\u00edsub\u00f3k\"}]},{\"@type\":\"WebSite\",\"@id\":\"https:\\\/\\\/netverslun.thjodminjasafn.is\\\/#website\",\"url\":\"https:\\\/\\\/netverslun.thjodminjasafn.is\\\/\",\"name\":\"\u00dej\u00f3\u00f0minjasafn \u00cdslands\",\"description\":\"Vefverslun \u00dej\u00f3\u00f0minjasafnsins\",\"publisher\":{\"@id\":\"https:\\\/\\\/netverslun.thjodminjasafn.is\\\/#organization\"},\"potentialAction\":[{\"@type\":\"SearchAction\",\"target\":{\"@type\":\"EntryPoint\",\"urlTemplate\":\"https:\\\/\\\/netverslun.thjodminjasafn.is\\\/?s={search_term_string}\"},\"query-input\":{\"@type\":\"PropertyValueSpecification\",\"valueRequired\":true,\"valueName\":\"search_term_string\"}}],\"inLanguage\":\"en-US\"},{\"@type\":\"Organization\",\"@id\":\"https:\\\/\\\/netverslun.thjodminjasafn.is\\\/#organization\",\"name\":\"\u00dej\u00f3\u00f0minjasafn \u00cdslands\",\"url\":\"https:\\\/\\\/netverslun.thjodminjasafn.is\\\/\",\"logo\":{\"@type\":\"ImageObject\",\"inLanguage\":\"en-US\",\"@id\":\"https:\\\/\\\/netverslun.thjodminjasafn.is\\\/#\\\/schema\\\/logo\\\/image\\\/\",\"url\":\"https:\\\/\\\/netverslun.thjodminjasafn.is\\\/wp-content\\\/uploads\\\/2020\\\/02\\\/sitelogo.svg\",\"contentUrl\":\"https:\\\/\\\/netverslun.thjodminjasafn.is\\\/wp-content\\\/uploads\\\/2020\\\/02\\\/sitelogo.svg\",\"width\":599,\"height\":248,\"caption\":\"\u00dej\u00f3\u00f0minjasafn \u00cdslands\"},\"image\":{\"@id\":\"https:\\\/\\\/netverslun.thjodminjasafn.is\\\/#\\\/schema\\\/logo\\\/image\\\/\"},\"sameAs\":[\"https:\\\/\\\/www.facebook.com\\\/thjodminjasafn\",\"https:\\\/\\\/www.instagram.com\\\/nationalmuseumoficeland\\\/\"]}]}<\/script>\n<!-- \/ Yoast SEO plugin. -->","yoast_head_json":{"title":"Lita- og d\u00fakkul\u00edsub\u00f3k - \u00dej\u00f3\u00f0minjasafn \u00cdslands","description":"Lita- og d\u00fakkul\u00edsub\u00f3k. F\u00f6t fyrr og n\u00fa, er \u00feema\u00f0 \u00ed \u00feessari b\u00f3k. \u00cd b\u00f3kinni eru d\u00fakkul\u00edsur og fatna\u00f0ur til a\u00f0 klippa \u00fat og einnig f\u00f6t sem \u00e1 eftir a\u00f0 lita.","robots":{"index":"index","follow":"follow","max-snippet":"max-snippet:-1","max-image-preview":"max-image-preview:large","max-video-preview":"max-video-preview:-1"},"canonical":"https:\/\/netverslun.thjodminjasafn.is\/en\/verslun\/leikum-okkur\/onnur-leikfong\/lita-og-dukkulisubok\/","og_locale":"en_US","og_type":"article","og_title":"Lita- og d\u00fakkul\u00edsub\u00f3k - \u00dej\u00f3\u00f0minjasafn \u00cdslands","og_description":"Lita- og d\u00fakkul\u00edsub\u00f3k. F\u00f6t fyrr og n\u00fa, er \u00feema\u00f0 \u00ed \u00feessari b\u00f3k. \u00cd b\u00f3kinni eru d\u00fakkul\u00edsur og fatna\u00f0ur til a\u00f0 klippa \u00fat og einnig f\u00f6t sem \u00e1 eftir a\u00f0 lita.","og_url":"https:\/\/netverslun.thjodminjasafn.is\/en\/verslun\/leikum-okkur\/onnur-leikfong\/lita-og-dukkulisubok\/","og_site_name":"\u00dej\u00f3\u00f0minjasafn \u00cdslands","article_publisher":"https:\/\/www.facebook.com\/thjodminjasafn","article_modified_time":"2024-12-04T12:07:18+00:00","og_image":[{"width":2560,"height":2333,"url":"https:\/\/netverslun.thjodminjasafn.is\/wp-content\/uploads\/2021\/05\/Fot-fyrr-og-nu_lita-og-dukkulisubok.png","type":"image\/png"}],"twitter_card":"summary_large_image","twitter_misc":{"Est. reading time":"1 minute"},"schema":{"@context":"https:\/\/schema.org","@graph":[{"@type":"WebPage","@id":"https:\/\/netverslun.thjodminjasafn.is\/verslun\/leikum-okkur\/onnur-leikfong\/lita-og-dukkulisubok\/","url":"https:\/\/netverslun.thjodminjasafn.is\/verslun\/leikum-okkur\/onnur-leikfong\/lita-og-dukkulisubok\/","name":"Lita- og d\u00fakkul\u00edsub\u00f3k - \u00dej\u00f3\u00f0minjasafn \u00cdslands","isPartOf":{"@id":"https:\/\/netverslun.thjodminjasafn.is\/#website"},"primaryImageOfPage":{"@id":"https:\/\/netverslun.thjodminjasafn.is\/verslun\/leikum-okkur\/onnur-leikfong\/lita-og-dukkulisubok\/#primaryimage"},"image":{"@id":"https:\/\/netverslun.thjodminjasafn.is\/verslun\/leikum-okkur\/onnur-leikfong\/lita-og-dukkulisubok\/#primaryimage"},"thumbnailUrl":"https:\/\/netverslun.thjodminjasafn.is\/wp-content\/uploads\/2021\/05\/Fot-fyrr-og-nu_lita-og-dukkulisubok.png","datePublished":"2021-05-17T14:55:30+00:00","dateModified":"2024-12-04T12:07:18+00:00","description":"Lita- og d\u00fakkul\u00edsub\u00f3k. F\u00f6t fyrr og n\u00fa, er \u00feema\u00f0 \u00ed \u00feessari b\u00f3k. \u00cd b\u00f3kinni eru d\u00fakkul\u00edsur og fatna\u00f0ur til a\u00f0 klippa \u00fat og einnig f\u00f6t sem \u00e1 eftir a\u00f0 lita.","breadcrumb":{"@id":"https:\/\/netverslun.thjodminjasafn.is\/verslun\/leikum-okkur\/onnur-leikfong\/lita-og-dukkulisubok\/#breadcrumb"},"inLanguage":"en-US","potentialAction":[{"@type":"ReadAction","target":["https:\/\/netverslun.thjodminjasafn.is\/verslun\/leikum-okkur\/onnur-leikfong\/lita-og-dukkulisubok\/"]}]},{"@type":"ImageObject","inLanguage":"en-US","@id":"https:\/\/netverslun.thjodminjasafn.is\/verslun\/leikum-okkur\/onnur-leikfong\/lita-og-dukkulisubok\/#primaryimage","url":"https:\/\/netverslun.thjodminjasafn.is\/wp-content\/uploads\/2021\/05\/Fot-fyrr-og-nu_lita-og-dukkulisubok.png","contentUrl":"https:\/\/netverslun.thjodminjasafn.is\/wp-content\/uploads\/2021\/05\/Fot-fyrr-og-nu_lita-og-dukkulisubok.png","width":2560,"height":2333,"caption":"Lita-d\u00fakkul\u00edsub\u00f3k"},{"@type":"BreadcrumbList","@id":"https:\/\/netverslun.thjodminjasafn.is\/verslun\/leikum-okkur\/onnur-leikfong\/lita-og-dukkulisubok\/#breadcrumb","itemListElement":[{"@type":"ListItem","position":1,"name":"Home","item":"https:\/\/netverslun.thjodminjasafn.is\/"},{"@type":"ListItem","position":2,"name":"Verslun","item":"https:\/\/netverslun.thjodminjasafn.is\/verslun\/"},{"@type":"ListItem","position":3,"name":"Lita- og d\u00fakkul\u00edsub\u00f3k"}]},{"@type":"WebSite","@id":"https:\/\/netverslun.thjodminjasafn.is\/#website","url":"https:\/\/netverslun.thjodminjasafn.is\/","name":"\u00dej\u00f3\u00f0minjasafn \u00cdslands","description":"National Museum of Iceland webstore","publisher":{"@id":"https:\/\/netverslun.thjodminjasafn.is\/#organization"},"potentialAction":[{"@type":"SearchAction","target":{"@type":"EntryPoint","urlTemplate":"https:\/\/netverslun.thjodminjasafn.is\/?s={search_term_string}"},"query-input":{"@type":"PropertyValueSpecification","valueRequired":true,"valueName":"search_term_string"}}],"inLanguage":"en-US"},{"@type":"Organization","@id":"https:\/\/netverslun.thjodminjasafn.is\/#organization","name":"\u00dej\u00f3\u00f0minjasafn \u00cdslands","url":"https:\/\/netverslun.thjodminjasafn.is\/","logo":{"@type":"ImageObject","inLanguage":"en-US","@id":"https:\/\/netverslun.thjodminjasafn.is\/#\/schema\/logo\/image\/","url":"https:\/\/netverslun.thjodminjasafn.is\/wp-content\/uploads\/2020\/02\/sitelogo.svg","contentUrl":"https:\/\/netverslun.thjodminjasafn.is\/wp-content\/uploads\/2020\/02\/sitelogo.svg","width":599,"height":248,"caption":"\u00dej\u00f3\u00f0minjasafn \u00cdslands"},"image":{"@id":"https:\/\/netverslun.thjodminjasafn.is\/#\/schema\/logo\/image\/"},"sameAs":["https:\/\/www.facebook.com\/thjodminjasafn","https:\/\/www.instagram.com\/nationalmuseumoficeland\/"]}]}},"_links":{"self":[{"href":"https:\/\/netverslun.thjodminjasafn.is\/en\/wp-json\/wp\/v2\/product\/1716","targetHints":{"allow":["GET"]}}],"collection":[{"href":"https:\/\/netverslun.thjodminjasafn.is\/en\/wp-json\/wp\/v2\/product"}],"about":[{"href":"https:\/\/netverslun.thjodminjasafn.is\/en\/wp-json\/wp\/v2\/types\/product"}],"version-history":[{"count":0,"href":"https:\/\/netverslun.thjodminjasafn.is\/en\/wp-json\/wp\/v2\/product\/1716\/revisions"}],"wp:featuredmedia":[{"embeddable":true,"href":"https:\/\/netverslun.thjodminjasafn.is\/en\/wp-json\/wp\/v2\/media\/3687"}],"wp:attachment":[{"href":"https:\/\/netverslun.thjodminjasafn.is\/en\/wp-json\/wp\/v2\/media?parent=1716"}],"wp:term":[{"taxonomy":"product_brand","embeddable":true,"href":"https:\/\/netverslun.thjodminjasafn.is\/en\/wp-json\/wp\/v2\/product_brand?post=1716"},{"taxonomy":"product_cat","embeddable":true,"href":"https:\/\/netverslun.thjodminjasafn.is\/en\/wp-json\/wp\/v2\/product_cat?post=1716"},{"taxonomy":"product_tag","embeddable":true,"href":"https:\/\/netverslun.thjodminjasafn.is\/en\/wp-json\/wp\/v2\/product_tag?post=1716"}],"curies":[{"name":"wp","href":"https:\/\/api.w.org\/{rel}","templated":true}]}}