{"id":1704,"date":"2021-05-17T14:55:29","date_gmt":"2021-05-17T14:55:29","guid":{"rendered":"https:\/\/thjodminjasafn.is\/?post_type=product&#038;p=1704"},"modified":"2026-02-04T19:41:09","modified_gmt":"2026-02-04T19:41:09","slug":"thorshamar-silfurhalsmen-med-kedju","status":"publish","type":"product","link":"https:\/\/netverslun.thjodminjasafn.is\/en\/verslun\/gjafir\/honnun\/thorshamar-silfurhalsmen-med-kedju\/","title":{"rendered":"Thorshammer silver necklace"},"content":{"rendered":"<p>\u00de\u00f3rshamar silfurh\u00e1lsmen me\u00f0 ke\u00f0ju, kemur \u00ed \u00ferem st\u00e6r\u00f0um.<\/p>\n<p>Kross, oft kalla\u00f0ur \u00de\u00f3rshamar, sennilega fr\u00e1 um 1000. Krossinn er \u00ed r\u00f3m\u00f6nskum st\u00edl, gagnskorinn og me\u00f0 d\u00fdrsh\u00f6f\u00f0i \u00e1 lengsta arminum, ger\u00f0ur \u00far silfri.<\/p>\n<p>\u00de\u00f3rshamar e\u00f0a Mj\u00f6lnir er tali\u00f0 hafa veri\u00f0 m\u00e1ttugasta vopn gu\u00f0sins \u00de\u00f3rs \u00ed bar\u00e1ttu hans vi\u00f0 j\u00f6tna. Frummyndin \u00far silfri, fannst \u00ed landi Foss \u00ed Hrunamannahreppi.<\/p>\n<p>St\u00f3r: H\u00e6\u00f0 4,5 cm, ca. 28 g sem er raunst\u00e6r\u00f0 upprunalega gripsins.<\/p>\n<p>Mi\u00f0st\u00e6r\u00f0: 4 cm \u00e1 h\u00e6\u00f0 og ca. 20 g \u00e1 \u00feyngd.<\/p>\n<p>L\u00edtill: 2,5 cm og ca. 6 gr \u00e1 \u00feyngd<\/p>\n<p>\u00dejms. 6077.<\/p>\n<p><a href=\"https:\/\/www.sarpur.is\/Adfang.aspx?AdfangID=315932\" target=\"_blank\" rel=\"noopener\">N\u00e1nar um upprunalega gripinn h\u00e9r \u00ed sarpi<\/a><\/p>\n<p>H\u00e9r er myndband af \u00fev\u00ed hvernig \u00de\u00f3rshamarinn ver\u00f0ur til.<\/p>\n<div style=\"width: 1920px;\" class=\"wp-video\"><!--[if lt IE 9]><script>document.createElement('video');<\/script><![endif]-->\n<video class=\"wp-video-shortcode\" id=\"video-1704-1\" width=\"1920\" height=\"1080\" preload=\"metadata\" controls=\"controls\"><source type=\"video\/mp4\" src=\"https:\/\/netverslun.thjodminjasafn.is\/wp-content\/uploads\/2021\/05\/Ferli-hamarsins.mp4?_=1\" \/><a href=\"https:\/\/netverslun.thjodminjasafn.is\/wp-content\/uploads\/2021\/05\/Ferli-hamarsins.mp4\">https:\/\/netverslun.thjodminjasafn.is\/wp-content\/uploads\/2021\/05\/Ferli-hamarsins.mp4<\/a><\/video><\/div>\n","protected":false},"excerpt":{"rendered":"<p>\u00de\u00f3rshamar silfurh\u00e1lsmen me\u00f0 ke\u00f0ju, kemur \u00ed \u00ferem st\u00e6r\u00f0um. Kross, oft kalla\u00f0ur \u00de\u00f3rshamar, sennilega fr\u00e1 um 1000. Krossinn er \u00ed r\u00f3m\u00f6nskum st\u00edl, gagnskorinn og me\u00f0 d\u00fdrsh\u00f6f\u00f0i \u00e1 lengsta arminum, ger\u00f0ur \u00far silfri. \u00de\u00f3rshamar e\u00f0a Mj\u00f6lnir er tali\u00f0 hafa veri\u00f0 m\u00e1ttugasta vopn gu\u00f0sins \u00de\u00f3rs \u00ed bar\u00e1ttu hans vi\u00f0 j\u00f6tna. Frummyndin \u00far silfri, fannst \u00ed landi Foss \u00ed [&hellip;]<\/p>\n","protected":false},"featured_media":3452,"template":"","meta":{"site-sidebar-layout":"default","site-content-layout":"default","ast-site-content-layout":"default","site-content-style":"default","site-sidebar-style":"default","ast-global-header-display":"","ast-banner-title-visibility":"","ast-main-header-display":"","ast-hfb-above-header-display":"","ast-hfb-below-header-display":"","ast-hfb-mobile-header-display":"","site-post-title":"","ast-breadcrumbs-content":"","ast-featured-img":"","footer-sml-layout":"","ast-disable-related-posts":"","theme-transparent-header-meta":"default","adv-header-id-meta":"","stick-header-meta":"default","header-above-stick-meta":"","header-main-stick-meta":"","header-below-stick-meta":"","astra-migrate-meta-layouts":"set","ast-page-background-enabled":"default","ast-page-background-meta":{"desktop":{"background-color":"","background-image":"","background-repeat":"repeat","background-position":"center center","background-size":"auto","background-attachment":"scroll","background-type":"","background-media":"","overlay-type":"","overlay-color":"","overlay-opacity":"","overlay-gradient":""},"tablet":{"background-color":"","background-image":"","background-repeat":"repeat","background-position":"center center","background-size":"auto","background-attachment":"scroll","background-type":"","background-media":"","overlay-type":"","overlay-color":"","overlay-opacity":"","overlay-gradient":""},"mobile":{"background-color":"","background-image":"","background-repeat":"repeat","background-position":"center center","background-size":"auto","background-attachment":"scroll","background-type":"","background-media":"","overlay-type":"","overlay-color":"","overlay-opacity":"","overlay-gradient":""}},"ast-content-background-meta":{"desktop":{"background-color":"var(--ast-global-color-5)","background-image":"","background-repeat":"repeat","background-position":"center center","background-size":"auto","background-attachment":"scroll","background-type":"","background-media":"","overlay-type":"","overlay-color":"","overlay-opacity":"","overlay-gradient":""},"tablet":{"background-color":"var(--ast-global-color-5)","background-image":"","background-repeat":"repeat","background-position":"center center","background-size":"auto","background-attachment":"scroll","background-type":"","background-media":"","overlay-type":"","overlay-color":"","overlay-opacity":"","overlay-gradient":""},"mobile":{"background-color":"var(--ast-global-color-5)","background-image":"","background-repeat":"repeat","background-position":"center center","background-size":"auto","background-attachment":"scroll","background-type":"","background-media":"","overlay-type":"","overlay-color":"","overlay-opacity":"","overlay-gradient":""}}},"product_brand":[],"product_cat":[63,60,40,57,61,37,55,43],"product_tag":[],"class_list":{"0":"post-1704","1":"product","2":"type-product","3":"status-publish","4":"has-post-thumbnail","6":"product_cat-fermingargjafir","7":"product_cat-gjafir","8":"product_cat-gjafavara","9":"product_cat-halsmen","10":"product_cat-honnun","11":"product_cat-minjagripir","12":"product_cat-skartgripir","13":"product_cat-thor-minjagripir","14":"pa_staerd-litill","15":"pa_staerd-midstaerd","16":"pa_staerd-stor","17":"desktop-align-left","18":"tablet-align-left","19":"mobile-align-left","20":"ast-product-gallery-layout-vertical","21":"ast-product-single-variable","22":"ast-product-tabs-layout-vertical","24":"first","25":"instock","26":"shipping-taxable","27":"purchasable","28":"product-type-variable"},"yoast_head":"<!-- This site is optimized with the Yoast SEO plugin v27.3 - https:\/\/yoast.com\/product\/yoast-seo-wordpress\/ -->\n<title>\u00de\u00f3rshamar silfurh\u00e1lsmen me\u00f0 ke\u00f0ju - \u00dej\u00f3\u00f0minjasafn \u00cdslands<\/title>\n<meta name=\"description\" content=\"\u00de\u00f3rshamar silfurh\u00e1lsmen me\u00f0 ke\u00f0ju. \u00deetta h\u00e1lsmen kemur \u00ed \u00ferem st\u00e6r\u00f0um. Upprunalegi gripurinn fannst \u00ed landi Foss \u00ed Hrunamannahreppi.\" \/>\n<meta name=\"robots\" content=\"index, follow, max-snippet:-1, max-image-preview:large, max-video-preview:-1\" \/>\n<link rel=\"canonical\" href=\"https:\/\/netverslun.thjodminjasafn.is\/en\/verslun\/gjafir\/honnun\/thorshamar-silfurhalsmen-med-kedju\/\" \/>\n<meta property=\"og:locale\" content=\"en_US\" \/>\n<meta property=\"og:type\" content=\"article\" \/>\n<meta property=\"og:title\" content=\"\u00de\u00f3rshamar silfurh\u00e1lsmen me\u00f0 ke\u00f0ju - \u00dej\u00f3\u00f0minjasafn \u00cdslands\" \/>\n<meta property=\"og:description\" content=\"\u00de\u00f3rshamar silfurh\u00e1lsmen me\u00f0 ke\u00f0ju. \u00deetta h\u00e1lsmen kemur \u00ed \u00ferem st\u00e6r\u00f0um. Upprunalegi gripurinn fannst \u00ed landi Foss \u00ed Hrunamannahreppi.\" \/>\n<meta property=\"og:url\" content=\"https:\/\/netverslun.thjodminjasafn.is\/en\/verslun\/gjafir\/honnun\/thorshamar-silfurhalsmen-med-kedju\/\" \/>\n<meta property=\"og:site_name\" content=\"\u00dej\u00f3\u00f0minjasafn \u00cdslands\" \/>\n<meta property=\"article:publisher\" content=\"https:\/\/www.facebook.com\/thjodminjasafn\" \/>\n<meta property=\"article:modified_time\" content=\"2026-02-04T19:41:09+00:00\" \/>\n<meta property=\"og:image\" content=\"https:\/\/netverslun.thjodminjasafn.is\/wp-content\/uploads\/2021\/05\/skart-scaled.jpg\" \/>\n\t<meta property=\"og:image:width\" content=\"1845\" \/>\n\t<meta property=\"og:image:height\" content=\"2560\" \/>\n\t<meta property=\"og:image:type\" content=\"image\/jpeg\" \/>\n<meta name=\"twitter:card\" content=\"summary_large_image\" \/>\n<meta name=\"twitter:label1\" content=\"Est. reading time\" \/>\n\t<meta name=\"twitter:data1\" content=\"1 minute\" \/>\n<script type=\"application\/ld+json\" class=\"yoast-schema-graph\">{\"@context\":\"https:\\\/\\\/schema.org\",\"@graph\":[{\"@type\":\"WebPage\",\"@id\":\"https:\\\/\\\/netverslun.thjodminjasafn.is\\\/verslun\\\/gjafir\\\/honnun\\\/thorshamar-silfurhalsmen-med-kedju\\\/\",\"url\":\"https:\\\/\\\/netverslun.thjodminjasafn.is\\\/verslun\\\/gjafir\\\/honnun\\\/thorshamar-silfurhalsmen-med-kedju\\\/\",\"name\":\"\u00de\u00f3rshamar silfurh\u00e1lsmen me\u00f0 ke\u00f0ju - \u00dej\u00f3\u00f0minjasafn \u00cdslands\",\"isPartOf\":{\"@id\":\"https:\\\/\\\/netverslun.thjodminjasafn.is\\\/#website\"},\"primaryImageOfPage\":{\"@id\":\"https:\\\/\\\/netverslun.thjodminjasafn.is\\\/verslun\\\/gjafir\\\/honnun\\\/thorshamar-silfurhalsmen-med-kedju\\\/#primaryimage\"},\"image\":{\"@id\":\"https:\\\/\\\/netverslun.thjodminjasafn.is\\\/verslun\\\/gjafir\\\/honnun\\\/thorshamar-silfurhalsmen-med-kedju\\\/#primaryimage\"},\"thumbnailUrl\":\"https:\\\/\\\/netverslun.thjodminjasafn.is\\\/wp-content\\\/uploads\\\/2021\\\/05\\\/skart-scaled.jpg\",\"datePublished\":\"2021-05-17T14:55:29+00:00\",\"dateModified\":\"2026-02-04T19:41:09+00:00\",\"description\":\"\u00de\u00f3rshamar silfurh\u00e1lsmen me\u00f0 ke\u00f0ju. \u00deetta h\u00e1lsmen kemur \u00ed \u00ferem st\u00e6r\u00f0um. Upprunalegi gripurinn fannst \u00ed landi Foss \u00ed Hrunamannahreppi.\",\"breadcrumb\":{\"@id\":\"https:\\\/\\\/netverslun.thjodminjasafn.is\\\/verslun\\\/gjafir\\\/honnun\\\/thorshamar-silfurhalsmen-med-kedju\\\/#breadcrumb\"},\"inLanguage\":\"en-US\",\"potentialAction\":[{\"@type\":\"ReadAction\",\"target\":[\"https:\\\/\\\/netverslun.thjodminjasafn.is\\\/verslun\\\/gjafir\\\/honnun\\\/thorshamar-silfurhalsmen-med-kedju\\\/\"]}]},{\"@type\":\"ImageObject\",\"inLanguage\":\"en-US\",\"@id\":\"https:\\\/\\\/netverslun.thjodminjasafn.is\\\/verslun\\\/gjafir\\\/honnun\\\/thorshamar-silfurhalsmen-med-kedju\\\/#primaryimage\",\"url\":\"https:\\\/\\\/netverslun.thjodminjasafn.is\\\/wp-content\\\/uploads\\\/2021\\\/05\\\/skart-scaled.jpg\",\"contentUrl\":\"https:\\\/\\\/netverslun.thjodminjasafn.is\\\/wp-content\\\/uploads\\\/2021\\\/05\\\/skart-scaled.jpg\",\"width\":1845,\"height\":2560,\"caption\":\"Thorshamar saman\"},{\"@type\":\"BreadcrumbList\",\"@id\":\"https:\\\/\\\/netverslun.thjodminjasafn.is\\\/verslun\\\/gjafir\\\/honnun\\\/thorshamar-silfurhalsmen-med-kedju\\\/#breadcrumb\",\"itemListElement\":[{\"@type\":\"ListItem\",\"position\":1,\"name\":\"Home\",\"item\":\"https:\\\/\\\/netverslun.thjodminjasafn.is\\\/\"},{\"@type\":\"ListItem\",\"position\":2,\"name\":\"Verslun\",\"item\":\"https:\\\/\\\/netverslun.thjodminjasafn.is\\\/verslun\\\/\"},{\"@type\":\"ListItem\",\"position\":3,\"name\":\"\u00de\u00f3rshamar silfurh\u00e1lsmen me\u00f0 ke\u00f0ju\"}]},{\"@type\":\"WebSite\",\"@id\":\"https:\\\/\\\/netverslun.thjodminjasafn.is\\\/#website\",\"url\":\"https:\\\/\\\/netverslun.thjodminjasafn.is\\\/\",\"name\":\"\u00dej\u00f3\u00f0minjasafn \u00cdslands\",\"description\":\"Vefverslun \u00dej\u00f3\u00f0minjasafnsins\",\"publisher\":{\"@id\":\"https:\\\/\\\/netverslun.thjodminjasafn.is\\\/#organization\"},\"potentialAction\":[{\"@type\":\"SearchAction\",\"target\":{\"@type\":\"EntryPoint\",\"urlTemplate\":\"https:\\\/\\\/netverslun.thjodminjasafn.is\\\/?s={search_term_string}\"},\"query-input\":{\"@type\":\"PropertyValueSpecification\",\"valueRequired\":true,\"valueName\":\"search_term_string\"}}],\"inLanguage\":\"en-US\"},{\"@type\":\"Organization\",\"@id\":\"https:\\\/\\\/netverslun.thjodminjasafn.is\\\/#organization\",\"name\":\"\u00dej\u00f3\u00f0minjasafn \u00cdslands\",\"url\":\"https:\\\/\\\/netverslun.thjodminjasafn.is\\\/\",\"logo\":{\"@type\":\"ImageObject\",\"inLanguage\":\"en-US\",\"@id\":\"https:\\\/\\\/netverslun.thjodminjasafn.is\\\/#\\\/schema\\\/logo\\\/image\\\/\",\"url\":\"https:\\\/\\\/netverslun.thjodminjasafn.is\\\/wp-content\\\/uploads\\\/2020\\\/02\\\/sitelogo.svg\",\"contentUrl\":\"https:\\\/\\\/netverslun.thjodminjasafn.is\\\/wp-content\\\/uploads\\\/2020\\\/02\\\/sitelogo.svg\",\"width\":599,\"height\":248,\"caption\":\"\u00dej\u00f3\u00f0minjasafn \u00cdslands\"},\"image\":{\"@id\":\"https:\\\/\\\/netverslun.thjodminjasafn.is\\\/#\\\/schema\\\/logo\\\/image\\\/\"},\"sameAs\":[\"https:\\\/\\\/www.facebook.com\\\/thjodminjasafn\",\"https:\\\/\\\/www.instagram.com\\\/nationalmuseumoficeland\\\/\"]}]}<\/script>\n<!-- \/ Yoast SEO plugin. -->","yoast_head_json":{"title":"\u00de\u00f3rshamar silfurh\u00e1lsmen me\u00f0 ke\u00f0ju - \u00dej\u00f3\u00f0minjasafn \u00cdslands","description":"\u00de\u00f3rshamar silfurh\u00e1lsmen me\u00f0 ke\u00f0ju. \u00deetta h\u00e1lsmen kemur \u00ed \u00ferem st\u00e6r\u00f0um. Upprunalegi gripurinn fannst \u00ed landi Foss \u00ed Hrunamannahreppi.","robots":{"index":"index","follow":"follow","max-snippet":"max-snippet:-1","max-image-preview":"max-image-preview:large","max-video-preview":"max-video-preview:-1"},"canonical":"https:\/\/netverslun.thjodminjasafn.is\/en\/verslun\/gjafir\/honnun\/thorshamar-silfurhalsmen-med-kedju\/","og_locale":"en_US","og_type":"article","og_title":"\u00de\u00f3rshamar silfurh\u00e1lsmen me\u00f0 ke\u00f0ju - \u00dej\u00f3\u00f0minjasafn \u00cdslands","og_description":"\u00de\u00f3rshamar silfurh\u00e1lsmen me\u00f0 ke\u00f0ju. \u00deetta h\u00e1lsmen kemur \u00ed \u00ferem st\u00e6r\u00f0um. Upprunalegi gripurinn fannst \u00ed landi Foss \u00ed Hrunamannahreppi.","og_url":"https:\/\/netverslun.thjodminjasafn.is\/en\/verslun\/gjafir\/honnun\/thorshamar-silfurhalsmen-med-kedju\/","og_site_name":"\u00dej\u00f3\u00f0minjasafn \u00cdslands","article_publisher":"https:\/\/www.facebook.com\/thjodminjasafn","article_modified_time":"2026-02-04T19:41:09+00:00","og_image":[{"width":1845,"height":2560,"url":"https:\/\/netverslun.thjodminjasafn.is\/wp-content\/uploads\/2021\/05\/skart-scaled.jpg","type":"image\/jpeg"}],"twitter_card":"summary_large_image","twitter_misc":{"Est. reading time":"1 minute"},"schema":{"@context":"https:\/\/schema.org","@graph":[{"@type":"WebPage","@id":"https:\/\/netverslun.thjodminjasafn.is\/verslun\/gjafir\/honnun\/thorshamar-silfurhalsmen-med-kedju\/","url":"https:\/\/netverslun.thjodminjasafn.is\/verslun\/gjafir\/honnun\/thorshamar-silfurhalsmen-med-kedju\/","name":"\u00de\u00f3rshamar silfurh\u00e1lsmen me\u00f0 ke\u00f0ju - \u00dej\u00f3\u00f0minjasafn \u00cdslands","isPartOf":{"@id":"https:\/\/netverslun.thjodminjasafn.is\/#website"},"primaryImageOfPage":{"@id":"https:\/\/netverslun.thjodminjasafn.is\/verslun\/gjafir\/honnun\/thorshamar-silfurhalsmen-med-kedju\/#primaryimage"},"image":{"@id":"https:\/\/netverslun.thjodminjasafn.is\/verslun\/gjafir\/honnun\/thorshamar-silfurhalsmen-med-kedju\/#primaryimage"},"thumbnailUrl":"https:\/\/netverslun.thjodminjasafn.is\/wp-content\/uploads\/2021\/05\/skart-scaled.jpg","datePublished":"2021-05-17T14:55:29+00:00","dateModified":"2026-02-04T19:41:09+00:00","description":"\u00de\u00f3rshamar silfurh\u00e1lsmen me\u00f0 ke\u00f0ju. \u00deetta h\u00e1lsmen kemur \u00ed \u00ferem st\u00e6r\u00f0um. Upprunalegi gripurinn fannst \u00ed landi Foss \u00ed Hrunamannahreppi.","breadcrumb":{"@id":"https:\/\/netverslun.thjodminjasafn.is\/verslun\/gjafir\/honnun\/thorshamar-silfurhalsmen-med-kedju\/#breadcrumb"},"inLanguage":"en-US","potentialAction":[{"@type":"ReadAction","target":["https:\/\/netverslun.thjodminjasafn.is\/verslun\/gjafir\/honnun\/thorshamar-silfurhalsmen-med-kedju\/"]}]},{"@type":"ImageObject","inLanguage":"en-US","@id":"https:\/\/netverslun.thjodminjasafn.is\/verslun\/gjafir\/honnun\/thorshamar-silfurhalsmen-med-kedju\/#primaryimage","url":"https:\/\/netverslun.thjodminjasafn.is\/wp-content\/uploads\/2021\/05\/skart-scaled.jpg","contentUrl":"https:\/\/netverslun.thjodminjasafn.is\/wp-content\/uploads\/2021\/05\/skart-scaled.jpg","width":1845,"height":2560,"caption":"Thorshamar saman"},{"@type":"BreadcrumbList","@id":"https:\/\/netverslun.thjodminjasafn.is\/verslun\/gjafir\/honnun\/thorshamar-silfurhalsmen-med-kedju\/#breadcrumb","itemListElement":[{"@type":"ListItem","position":1,"name":"Home","item":"https:\/\/netverslun.thjodminjasafn.is\/"},{"@type":"ListItem","position":2,"name":"Verslun","item":"https:\/\/netverslun.thjodminjasafn.is\/verslun\/"},{"@type":"ListItem","position":3,"name":"\u00de\u00f3rshamar silfurh\u00e1lsmen me\u00f0 ke\u00f0ju"}]},{"@type":"WebSite","@id":"https:\/\/netverslun.thjodminjasafn.is\/#website","url":"https:\/\/netverslun.thjodminjasafn.is\/","name":"\u00dej\u00f3\u00f0minjasafn \u00cdslands","description":"National Museum of Iceland webstore","publisher":{"@id":"https:\/\/netverslun.thjodminjasafn.is\/#organization"},"potentialAction":[{"@type":"SearchAction","target":{"@type":"EntryPoint","urlTemplate":"https:\/\/netverslun.thjodminjasafn.is\/?s={search_term_string}"},"query-input":{"@type":"PropertyValueSpecification","valueRequired":true,"valueName":"search_term_string"}}],"inLanguage":"en-US"},{"@type":"Organization","@id":"https:\/\/netverslun.thjodminjasafn.is\/#organization","name":"\u00dej\u00f3\u00f0minjasafn \u00cdslands","url":"https:\/\/netverslun.thjodminjasafn.is\/","logo":{"@type":"ImageObject","inLanguage":"en-US","@id":"https:\/\/netverslun.thjodminjasafn.is\/#\/schema\/logo\/image\/","url":"https:\/\/netverslun.thjodminjasafn.is\/wp-content\/uploads\/2020\/02\/sitelogo.svg","contentUrl":"https:\/\/netverslun.thjodminjasafn.is\/wp-content\/uploads\/2020\/02\/sitelogo.svg","width":599,"height":248,"caption":"\u00dej\u00f3\u00f0minjasafn \u00cdslands"},"image":{"@id":"https:\/\/netverslun.thjodminjasafn.is\/#\/schema\/logo\/image\/"},"sameAs":["https:\/\/www.facebook.com\/thjodminjasafn","https:\/\/www.instagram.com\/nationalmuseumoficeland\/"]}]}},"_links":{"self":[{"href":"https:\/\/netverslun.thjodminjasafn.is\/en\/wp-json\/wp\/v2\/product\/1704","targetHints":{"allow":["GET"]}}],"collection":[{"href":"https:\/\/netverslun.thjodminjasafn.is\/en\/wp-json\/wp\/v2\/product"}],"about":[{"href":"https:\/\/netverslun.thjodminjasafn.is\/en\/wp-json\/wp\/v2\/types\/product"}],"version-history":[{"count":1,"href":"https:\/\/netverslun.thjodminjasafn.is\/en\/wp-json\/wp\/v2\/product\/1704\/revisions"}],"predecessor-version":[{"id":9022,"href":"https:\/\/netverslun.thjodminjasafn.is\/en\/wp-json\/wp\/v2\/product\/1704\/revisions\/9022"}],"wp:featuredmedia":[{"embeddable":true,"href":"https:\/\/netverslun.thjodminjasafn.is\/en\/wp-json\/wp\/v2\/media\/3452"}],"wp:attachment":[{"href":"https:\/\/netverslun.thjodminjasafn.is\/en\/wp-json\/wp\/v2\/media?parent=1704"}],"wp:term":[{"taxonomy":"product_brand","embeddable":true,"href":"https:\/\/netverslun.thjodminjasafn.is\/en\/wp-json\/wp\/v2\/product_brand?post=1704"},{"taxonomy":"product_cat","embeddable":true,"href":"https:\/\/netverslun.thjodminjasafn.is\/en\/wp-json\/wp\/v2\/product_cat?post=1704"},{"taxonomy":"product_tag","embeddable":true,"href":"https:\/\/netverslun.thjodminjasafn.is\/en\/wp-json\/wp\/v2\/product_tag?post=1704"}],"curies":[{"name":"wp","href":"https:\/\/api.w.org\/{rel}","templated":true}]}}