{"id":4677,"date":"2021-09-30T14:40:46","date_gmt":"2021-09-30T14:40:46","guid":{"rendered":"https:\/\/thjodminjasafn.is\/?page_id=4677"},"modified":"2023-12-19T13:25:04","modified_gmt":"2023-12-19T13:25:04","slug":"skilmalar","status":"publish","type":"page","link":"https:\/\/netverslun.thjodminjasafn.is\/en\/skilmalar\/","title":{"rendered":"Terms"},"content":{"rendered":"<div data-elementor-type=\"wp-page\" data-elementor-id=\"4677\" class=\"elementor elementor-4677\">\n\t\t\t\t\t\t<section class=\"elementor-section elementor-top-section elementor-element elementor-element-244a233 elementor-section-boxed elementor-section-height-default elementor-section-height-default\" data-id=\"244a233\" data-element_type=\"section\" data-e-type=\"section\">\n\t\t\t\t\t\t<div class=\"elementor-container elementor-column-gap-default\">\n\t\t\t\t\t<div class=\"elementor-column elementor-col-100 elementor-top-column elementor-element elementor-element-6085596c\" data-id=\"6085596c\" data-element_type=\"column\" data-e-type=\"column\">\n\t\t\t<div class=\"elementor-widget-wrap elementor-element-populated\">\n\t\t\t\t\t\t<div class=\"elementor-element elementor-element-554a30fc elementor-widget elementor-widget-text-editor\" data-id=\"554a30fc\" data-element_type=\"widget\" data-e-type=\"widget\" data-widget_type=\"text-editor.default\">\n\t\t\t\t<div class=\"elementor-widget-container\">\n\t\t\t\t\t\t\t\t\t<p><b>General information<br \/><\/b>\u00dej\u00f3\u00f0minjasafni\u00f0 \u00e1skilur s\u00e9r r\u00e9tt til a\u00f0 h\u00e6tta vi\u00f0 afgrei\u00f0slu pantana, t.d. vegna rangra ver\u00f0uppl\u00fdsinga, varan reynist uppseld og einnig breyta ver\u00f0i e\u00f0a h\u00e6tta a\u00f0 bj\u00f3\u00f0a upp\u00e1 v\u00f6rutegundir \u00e1n fyrirvara. Ef p\u00f6ntun hefur veri\u00f0 ger\u00f0 \u00fe\u00e1 mun starfsf\u00f3lk l\u00e1ta vita af ver\u00f0breytingum e\u00f0a lei\u00f0r\u00e9ttingu \u00e1 ver\u00f0i \u00e1\u00f0ur en p\u00f6ntunin er send af sta\u00f0.<\/p><p><b style=\"font-size: var( --e-global-typography-primary-font-size ); font-style: inherit;\">Online orders and shipping<br \/><\/b><span style=\"font-style: inherit; font-weight: inherit;\">\u00dej\u00f3\u00f0minjasafni\u00f0 tekur p\u00f6ntun til afgrei\u00f0slu \u00feegar grei\u00f0sla hefur borist. Um lei\u00f0 og grei\u00f0slan berst er kaupanda send sta\u00f0festing \u00ed t\u00f6lvup\u00f3sti, \u00ed undantekningar tilfellum \u00e1skilur starfsf\u00f3lk vefverslunar s\u00e9r r\u00e9tt til a\u00f0 sta\u00f0festa p\u00f6ntun s\u00edmlei\u00f0is e\u00f0a \u00ed t\u00f6lvup\u00f3sti.\u00a0<\/span><\/p><p>All orders are shipped by Posturinn their terms regarding delivery, guarantee and transport apply to all shipments. The National Museum of Iceland will not be held responsible if products are damaged during transport. If there is damage to the shipment, all responsibility will be with the transporter.<\/p><p>Me\u00f0 allar p\u00f3stsendingar fr\u00e1 vefverslun gilda\u00a0<a href=\"https:\/\/posturinn.is\/\">afhendingar-, \u00e1byrg\u00f0ar og flutningsskilm\u00e1lar P\u00f3stsins<\/a>\u00a0um afhendingu v\u00f6runnar. \u00dej\u00f3\u00f0minjasafni\u00f0 ber samkv\u00e6mt \u00feessu enga \u00e1byrg\u00f0 \u00e1 tj\u00f3ni sem kann a\u00f0 ver\u00f0a \u00e1 v\u00f6ru \u00ed flutningi. Ver\u00f0i vara fyrir tj\u00f3ni fr\u00e1 \u00fev\u00ed a\u00f0 h\u00fan er send fr\u00e1 \u00dej\u00f3\u00f0minjasafninu og \u00fear til h\u00fan berst vi\u00f0takanda er tj\u00f3ni\u00f0 \u00e1 \u00e1byrg\u00f0 flutningsa\u00f0ilans.<\/p><p><b style=\"font-size: var( --e-global-typography-primary-font-size ); font-style: inherit;\">Shipping cost and prices<br \/><\/b><span style=\"font-style: inherit; font-weight: inherit;\">Shipping cost and prices\u00a0<\/span><span style=\"font-style: inherit; font-weight: inherit;\">b\u00e6tist vi\u00f0 p\u00f6ntun \u00e1\u00f0ur en grei\u00f0sla fer fram nema \u00e1 \u00fe\u00e6r pantanir sem s\u00f3ttar eru\u00a0<\/span><span style=\"font-style: inherit; font-weight: inherit;\">\u00ed verslun \u00dej\u00f3\u00f0minjasafnsins, Su\u00f0urg\u00f6tu 41.<\/span><\/p><p><b style=\"font-size: var( --e-global-typography-primary-font-size ); font-style: inherit;\">Prices<br \/><\/b><span style=\"font-style: inherit; font-weight: inherit;\">Vir\u00f0isaukaskattur er\u00a0<\/span><span style=\"font-style: inherit; font-weight: inherit;\">innifalinn \u00ed ver\u00f0i varanna. \u00d6ll ver\u00f0 eru birt me\u00f0 fyrirvara um myndbrengl e\u00f0a stafsetningarvillur\u00a0<\/span><span style=\"font-style: inherit; font-weight: inherit;\">og \u00e1skilur \u00dej\u00f3\u00f0minjasafni\u00f0 s\u00e9r r\u00e9tt til a\u00f0 h\u00e6tta vi\u00f0 vi\u00f0skipti hafi rangt ver\u00f0\u00a0<\/span><span style=\"font-style: inherit; font-weight: inherit;\">veri\u00f0 gefi\u00f0 upp.\u00a0\u00a0<\/span><\/p><p><b style=\"font-size: var( --e-global-typography-primary-font-size ); font-style: inherit;\">Terms of guarantee<br \/><\/b><span style=\"font-style: inherit; font-weight: inherit;\">V\u00f6rum er h\u00e6gt a\u00f0 skila\u00a0<\/span><span style=\"font-style: inherit; font-weight: inherit;\">innan 14 daga og f\u00e1 endurgrei\u00f0slu. Skilyr\u00f0i er a\u00f0 varan s\u00e9 \u00f3skemmd og \u00ed\u00a0<\/span><span style=\"font-style: inherit; font-weight: inherit;\">upprunalegum umb\u00fa\u00f0um. Ef vara er innsiglu\u00f0 m\u00e1 innsigli\u00f0 ekki vera rofi\u00f0. P\u00f6ntunarn\u00famer\u00a0<\/span><span style=\"font-style: inherit; font-weight: inherit;\">sendingarinnar \u00fearf a\u00f0 fylgja me\u00f0. Sendingarkostna\u00f0ur vi\u00f0 skil er greiddur af\u00a0<\/span><span style=\"font-style: inherit; font-weight: inherit;\">kaupanda, nema ef um galla\u00f0a e\u00f0a ranga v\u00f6ru er a\u00f0 r\u00e6\u00f0a.<\/span><\/p><p><b style=\"font-size: var( --e-global-typography-primary-font-size ); font-style: inherit;\">Payments<br \/><\/b><span style=\"font-style: inherit; font-weight: inherit;\">H\u00e6gt er a\u00f0 grei\u00f0a\u00a0fyrir pantanir me\u00f0 kredit- e\u00f0a debit korti. \u00d6ll vinnsla kortan\u00famera er dulk\u00f3\u00f0u\u00f0\u00a0svo a\u00f0 \u00f6ryggi kaupenda er tryggt<\/span><span style=\"font-style: inherit; font-weight: inherit;\">.<\/span><\/p><p><b>Personal information \/ loyalty<br \/><\/b><span style=\"font-style: inherit; font-weight: inherit;\">Seljandi heitir kaupanda fullum tr\u00fana\u00f0i um allar uppl\u00fdsingar sem kaupandi gefur upp \u00ed tengslum\u00a0<\/span><span style=\"font-style: inherit; font-weight: inherit;\">vi\u00f0 vi\u00f0skiptin. Uppl\u00fdsingar fr\u00e1 kaupanda eru aldrei afhentar \u00feri\u00f0ja a\u00f0ila, nema\u00a0<\/span><span style=\"font-style: inherit; font-weight: inherit;\">\u00fe\u00e6r sem nau\u00f0synlegar eru vi\u00f0 a\u00f0 koma v\u00f6runum til skila eftir skr\u00e1ningarkr\u00f6fum\u00a0<\/span><span style=\"font-style: inherit; font-weight: inherit;\">postur.is.<\/span><\/p><p>\u00a0<\/p><p><b>Governing law<br \/><\/b>\u00c1kv\u00e6\u00f0i og skilm\u00e1la \u00feessa ber a\u00f0 t\u00falka \u00ed samr\u00e6mi vi\u00f0 \u00edslensk l\u00f6g. Komi upp \u00e1greiningur e\u00f0a telji einhver a\u00f0 hann eigi kr\u00f6fu \u00e1 hendur vefverslunar \u00dej\u00f3\u00f0minjasafns \u00cdslands \u00e1 grundvelli \u00feessara \u00e1kv\u00e6\u00f0a og skilm\u00e1la, ver\u00f0ur sl\u00edkum \u00e1greiningi e\u00f0a kr\u00f6fu v\u00edsa\u00f0 til me\u00f0fer\u00f0ar hj\u00e1 \u00edslenskum d\u00f3mst\u00f3lum.<\/p><p>Um skilm\u00e1la \u00feessa gilda \u00e1kv\u00e6\u00f0i laga um h\u00fasg\u00f6ngu- og fjars\u00f6lu nr. 46\/2000, \u00e1kv\u00e6\u00f0i laga um lausafj\u00e1rkaup nr. 81\/2019 eftir \u00fev\u00ed sem vi\u00f0 getur \u00e1tt og \u00e1kv\u00e6\u00f0i laga um neytendakaup nr. 48\/2003. Hva\u00f0 var\u00f0ar fresti sem nefndir eru \u00ed l\u00f6gum nr. 96\/1992 \u00fe\u00e1 gilda \u00feeir fr\u00e1 \u00feeim degi sem vara hefur veri\u00f0 m\u00f3ttekin.<\/p>\t\t\t\t\t\t\t\t<\/div>\n\t\t\t\t<\/div>\n\t\t\t\t\t<\/div>\n\t\t<\/div>\n\t\t\t\t\t<\/div>\n\t\t<\/section>\n\t\t\t\t<\/div>","protected":false},"excerpt":{"rendered":"<p>Almennt\u00dej\u00f3\u00f0minjasafni\u00f0 \u00e1skilur s\u00e9r r\u00e9tt til a\u00f0 h\u00e6tta vi\u00f0 afgrei\u00f0slu pantana, t.d. vegna rangra ver\u00f0uppl\u00fdsinga, varan reynist uppseld og einnig breyta ver\u00f0i e\u00f0a h\u00e6tta a\u00f0 bj\u00f3\u00f0a upp\u00e1 v\u00f6rutegundir \u00e1n fyrirvara. Ef p\u00f6ntun hefur veri\u00f0 ger\u00f0 \u00fe\u00e1 mun starfsf\u00f3lk l\u00e1ta vita af ver\u00f0breytingum e\u00f0a lei\u00f0r\u00e9ttingu \u00e1 ver\u00f0i \u00e1\u00f0ur en p\u00f6ntunin er send af sta\u00f0. Pantanir og afhending\u00dej\u00f3\u00f0minjasafni\u00f0 [&hellip;]<\/p>\n","protected":false},"author":6,"featured_media":0,"parent":0,"menu_order":0,"comment_status":"closed","ping_status":"closed","template":"","meta":{"site-sidebar-layout":"default","site-content-layout":"default","ast-site-content-layout":"default","site-content-style":"default","site-sidebar-style":"default","ast-global-header-display":"","ast-banner-title-visibility":"","ast-main-header-display":"","ast-hfb-above-header-display":"","ast-hfb-below-header-display":"","ast-hfb-mobile-header-display":"","site-post-title":"","ast-breadcrumbs-content":"","ast-featured-img":"","footer-sml-layout":"","ast-disable-related-posts":"","theme-transparent-header-meta":"default","adv-header-id-meta":"","stick-header-meta":"default","header-above-stick-meta":"","header-main-stick-meta":"","header-below-stick-meta":"","astra-migrate-meta-layouts":"default","ast-page-background-enabled":"default","ast-page-background-meta":{"desktop":{"background-color":"","background-image":"","background-repeat":"repeat","background-position":"center center","background-size":"auto","background-attachment":"scroll","background-type":"","background-media":"","overlay-type":"","overlay-color":"","overlay-opacity":"","overlay-gradient":""},"tablet":{"background-color":"","background-image":"","background-repeat":"repeat","background-position":"center center","background-size":"auto","background-attachment":"scroll","background-type":"","background-media":"","overlay-type":"","overlay-color":"","overlay-opacity":"","overlay-gradient":""},"mobile":{"background-color":"","background-image":"","background-repeat":"repeat","background-position":"center center","background-size":"auto","background-attachment":"scroll","background-type":"","background-media":"","overlay-type":"","overlay-color":"","overlay-opacity":"","overlay-gradient":""}},"ast-content-background-meta":{"desktop":{"background-color":"var(--ast-global-color-5)","background-image":"","background-repeat":"repeat","background-position":"center center","background-size":"auto","background-attachment":"scroll","background-type":"","background-media":"","overlay-type":"","overlay-color":"","overlay-opacity":"","overlay-gradient":""},"tablet":{"background-color":"var(--ast-global-color-5)","background-image":"","background-repeat":"repeat","background-position":"center center","background-size":"auto","background-attachment":"scroll","background-type":"","background-media":"","overlay-type":"","overlay-color":"","overlay-opacity":"","overlay-gradient":""},"mobile":{"background-color":"var(--ast-global-color-5)","background-image":"","background-repeat":"repeat","background-position":"center center","background-size":"auto","background-attachment":"scroll","background-type":"","background-media":"","overlay-type":"","overlay-color":"","overlay-opacity":"","overlay-gradient":""}},"footnotes":""},"class_list":["post-4677","page","type-page","status-publish","hentry"],"yoast_head":"<!-- This site is optimized with the Yoast SEO plugin v27.3 - https:\/\/yoast.com\/product\/yoast-seo-wordpress\/ -->\n<title>Skilm\u00e1lar - \u00dej\u00f3\u00f0minjasafn \u00cdslands<\/title>\n<meta name=\"robots\" content=\"index, follow, max-snippet:-1, max-image-preview:large, max-video-preview:-1\" \/>\n<link rel=\"canonical\" href=\"https:\/\/netverslun.thjodminjasafn.is\/en\/skilmalar\/\" \/>\n<meta property=\"og:locale\" content=\"en_US\" \/>\n<meta property=\"og:type\" content=\"article\" \/>\n<meta property=\"og:title\" content=\"Skilm\u00e1lar - \u00dej\u00f3\u00f0minjasafn \u00cdslands\" \/>\n<meta property=\"og:description\" content=\"Almennt\u00dej\u00f3\u00f0minjasafni\u00f0 \u00e1skilur s\u00e9r r\u00e9tt til a\u00f0 h\u00e6tta vi\u00f0 afgrei\u00f0slu pantana, t.d. vegna rangra ver\u00f0uppl\u00fdsinga, varan reynist uppseld og einnig breyta ver\u00f0i e\u00f0a h\u00e6tta a\u00f0 bj\u00f3\u00f0a upp\u00e1 v\u00f6rutegundir \u00e1n fyrirvara. Ef p\u00f6ntun hefur veri\u00f0 ger\u00f0 \u00fe\u00e1 mun starfsf\u00f3lk l\u00e1ta vita af ver\u00f0breytingum e\u00f0a lei\u00f0r\u00e9ttingu \u00e1 ver\u00f0i \u00e1\u00f0ur en p\u00f6ntunin er send af sta\u00f0. Pantanir og afhending\u00dej\u00f3\u00f0minjasafni\u00f0 [&hellip;]\" \/>\n<meta property=\"og:url\" content=\"https:\/\/netverslun.thjodminjasafn.is\/en\/skilmalar\/\" \/>\n<meta property=\"og:site_name\" content=\"\u00dej\u00f3\u00f0minjasafn \u00cdslands\" \/>\n<meta property=\"article:publisher\" content=\"https:\/\/www.facebook.com\/thjodminjasafn\" \/>\n<meta property=\"article:modified_time\" content=\"2023-12-19T13:25:04+00:00\" \/>\n<meta name=\"twitter:card\" content=\"summary_large_image\" \/>\n<meta name=\"twitter:label1\" content=\"Est. reading time\" \/>\n\t<meta name=\"twitter:data1\" content=\"3 minutes\" \/>\n<script type=\"application\/ld+json\" class=\"yoast-schema-graph\">{\"@context\":\"https:\\\/\\\/schema.org\",\"@graph\":[{\"@type\":\"WebPage\",\"@id\":\"https:\\\/\\\/netverslun.thjodminjasafn.is\\\/skilmalar\\\/\",\"url\":\"https:\\\/\\\/netverslun.thjodminjasafn.is\\\/skilmalar\\\/\",\"name\":\"Skilm\u00e1lar - \u00dej\u00f3\u00f0minjasafn \u00cdslands\",\"isPartOf\":{\"@id\":\"https:\\\/\\\/netverslun.thjodminjasafn.is\\\/#website\"},\"datePublished\":\"2021-09-30T14:40:46+00:00\",\"dateModified\":\"2023-12-19T13:25:04+00:00\",\"breadcrumb\":{\"@id\":\"https:\\\/\\\/netverslun.thjodminjasafn.is\\\/skilmalar\\\/#breadcrumb\"},\"inLanguage\":\"en-US\",\"potentialAction\":[{\"@type\":\"ReadAction\",\"target\":[\"https:\\\/\\\/netverslun.thjodminjasafn.is\\\/skilmalar\\\/\"]}]},{\"@type\":\"BreadcrumbList\",\"@id\":\"https:\\\/\\\/netverslun.thjodminjasafn.is\\\/skilmalar\\\/#breadcrumb\",\"itemListElement\":[{\"@type\":\"ListItem\",\"position\":1,\"name\":\"Home\",\"item\":\"https:\\\/\\\/netverslun.thjodminjasafn.is\\\/\"},{\"@type\":\"ListItem\",\"position\":2,\"name\":\"Skilm\u00e1lar\"}]},{\"@type\":\"WebSite\",\"@id\":\"https:\\\/\\\/netverslun.thjodminjasafn.is\\\/#website\",\"url\":\"https:\\\/\\\/netverslun.thjodminjasafn.is\\\/\",\"name\":\"\u00dej\u00f3\u00f0minjasafn \u00cdslands\",\"description\":\"Vefverslun \u00dej\u00f3\u00f0minjasafnsins\",\"publisher\":{\"@id\":\"https:\\\/\\\/netverslun.thjodminjasafn.is\\\/#organization\"},\"potentialAction\":[{\"@type\":\"SearchAction\",\"target\":{\"@type\":\"EntryPoint\",\"urlTemplate\":\"https:\\\/\\\/netverslun.thjodminjasafn.is\\\/?s={search_term_string}\"},\"query-input\":{\"@type\":\"PropertyValueSpecification\",\"valueRequired\":true,\"valueName\":\"search_term_string\"}}],\"inLanguage\":\"en-US\"},{\"@type\":\"Organization\",\"@id\":\"https:\\\/\\\/netverslun.thjodminjasafn.is\\\/#organization\",\"name\":\"\u00dej\u00f3\u00f0minjasafn \u00cdslands\",\"url\":\"https:\\\/\\\/netverslun.thjodminjasafn.is\\\/\",\"logo\":{\"@type\":\"ImageObject\",\"inLanguage\":\"en-US\",\"@id\":\"https:\\\/\\\/netverslun.thjodminjasafn.is\\\/#\\\/schema\\\/logo\\\/image\\\/\",\"url\":\"https:\\\/\\\/netverslun.thjodminjasafn.is\\\/wp-content\\\/uploads\\\/2020\\\/02\\\/sitelogo.svg\",\"contentUrl\":\"https:\\\/\\\/netverslun.thjodminjasafn.is\\\/wp-content\\\/uploads\\\/2020\\\/02\\\/sitelogo.svg\",\"width\":599,\"height\":248,\"caption\":\"\u00dej\u00f3\u00f0minjasafn \u00cdslands\"},\"image\":{\"@id\":\"https:\\\/\\\/netverslun.thjodminjasafn.is\\\/#\\\/schema\\\/logo\\\/image\\\/\"},\"sameAs\":[\"https:\\\/\\\/www.facebook.com\\\/thjodminjasafn\",\"https:\\\/\\\/www.instagram.com\\\/nationalmuseumoficeland\\\/\"]}]}<\/script>\n<!-- \/ Yoast SEO plugin. -->","yoast_head_json":{"title":"Skilm\u00e1lar - \u00dej\u00f3\u00f0minjasafn \u00cdslands","robots":{"index":"index","follow":"follow","max-snippet":"max-snippet:-1","max-image-preview":"max-image-preview:large","max-video-preview":"max-video-preview:-1"},"canonical":"https:\/\/netverslun.thjodminjasafn.is\/en\/skilmalar\/","og_locale":"en_US","og_type":"article","og_title":"Skilm\u00e1lar - \u00dej\u00f3\u00f0minjasafn \u00cdslands","og_description":"Almennt\u00dej\u00f3\u00f0minjasafni\u00f0 \u00e1skilur s\u00e9r r\u00e9tt til a\u00f0 h\u00e6tta vi\u00f0 afgrei\u00f0slu pantana, t.d. vegna rangra ver\u00f0uppl\u00fdsinga, varan reynist uppseld og einnig breyta ver\u00f0i e\u00f0a h\u00e6tta a\u00f0 bj\u00f3\u00f0a upp\u00e1 v\u00f6rutegundir \u00e1n fyrirvara. Ef p\u00f6ntun hefur veri\u00f0 ger\u00f0 \u00fe\u00e1 mun starfsf\u00f3lk l\u00e1ta vita af ver\u00f0breytingum e\u00f0a lei\u00f0r\u00e9ttingu \u00e1 ver\u00f0i \u00e1\u00f0ur en p\u00f6ntunin er send af sta\u00f0. Pantanir og afhending\u00dej\u00f3\u00f0minjasafni\u00f0 [&hellip;]","og_url":"https:\/\/netverslun.thjodminjasafn.is\/en\/skilmalar\/","og_site_name":"\u00dej\u00f3\u00f0minjasafn \u00cdslands","article_publisher":"https:\/\/www.facebook.com\/thjodminjasafn","article_modified_time":"2023-12-19T13:25:04+00:00","twitter_card":"summary_large_image","twitter_misc":{"Est. reading time":"3 minutes"},"schema":{"@context":"https:\/\/schema.org","@graph":[{"@type":"WebPage","@id":"https:\/\/netverslun.thjodminjasafn.is\/skilmalar\/","url":"https:\/\/netverslun.thjodminjasafn.is\/skilmalar\/","name":"Skilm\u00e1lar - \u00dej\u00f3\u00f0minjasafn \u00cdslands","isPartOf":{"@id":"https:\/\/netverslun.thjodminjasafn.is\/#website"},"datePublished":"2021-09-30T14:40:46+00:00","dateModified":"2023-12-19T13:25:04+00:00","breadcrumb":{"@id":"https:\/\/netverslun.thjodminjasafn.is\/skilmalar\/#breadcrumb"},"inLanguage":"en-US","potentialAction":[{"@type":"ReadAction","target":["https:\/\/netverslun.thjodminjasafn.is\/skilmalar\/"]}]},{"@type":"BreadcrumbList","@id":"https:\/\/netverslun.thjodminjasafn.is\/skilmalar\/#breadcrumb","itemListElement":[{"@type":"ListItem","position":1,"name":"Home","item":"https:\/\/netverslun.thjodminjasafn.is\/"},{"@type":"ListItem","position":2,"name":"Skilm\u00e1lar"}]},{"@type":"WebSite","@id":"https:\/\/netverslun.thjodminjasafn.is\/#website","url":"https:\/\/netverslun.thjodminjasafn.is\/","name":"\u00dej\u00f3\u00f0minjasafn \u00cdslands","description":"National Museum of Iceland webstore","publisher":{"@id":"https:\/\/netverslun.thjodminjasafn.is\/#organization"},"potentialAction":[{"@type":"SearchAction","target":{"@type":"EntryPoint","urlTemplate":"https:\/\/netverslun.thjodminjasafn.is\/?s={search_term_string}"},"query-input":{"@type":"PropertyValueSpecification","valueRequired":true,"valueName":"search_term_string"}}],"inLanguage":"en-US"},{"@type":"Organization","@id":"https:\/\/netverslun.thjodminjasafn.is\/#organization","name":"\u00dej\u00f3\u00f0minjasafn \u00cdslands","url":"https:\/\/netverslun.thjodminjasafn.is\/","logo":{"@type":"ImageObject","inLanguage":"en-US","@id":"https:\/\/netverslun.thjodminjasafn.is\/#\/schema\/logo\/image\/","url":"https:\/\/netverslun.thjodminjasafn.is\/wp-content\/uploads\/2020\/02\/sitelogo.svg","contentUrl":"https:\/\/netverslun.thjodminjasafn.is\/wp-content\/uploads\/2020\/02\/sitelogo.svg","width":599,"height":248,"caption":"\u00dej\u00f3\u00f0minjasafn \u00cdslands"},"image":{"@id":"https:\/\/netverslun.thjodminjasafn.is\/#\/schema\/logo\/image\/"},"sameAs":["https:\/\/www.facebook.com\/thjodminjasafn","https:\/\/www.instagram.com\/nationalmuseumoficeland\/"]}]}},"_links":{"self":[{"href":"https:\/\/netverslun.thjodminjasafn.is\/en\/wp-json\/wp\/v2\/pages\/4677","targetHints":{"allow":["GET"]}}],"collection":[{"href":"https:\/\/netverslun.thjodminjasafn.is\/en\/wp-json\/wp\/v2\/pages"}],"about":[{"href":"https:\/\/netverslun.thjodminjasafn.is\/en\/wp-json\/wp\/v2\/types\/page"}],"author":[{"embeddable":true,"href":"https:\/\/netverslun.thjodminjasafn.is\/en\/wp-json\/wp\/v2\/users\/6"}],"replies":[{"embeddable":true,"href":"https:\/\/netverslun.thjodminjasafn.is\/en\/wp-json\/wp\/v2\/comments?post=4677"}],"version-history":[{"count":0,"href":"https:\/\/netverslun.thjodminjasafn.is\/en\/wp-json\/wp\/v2\/pages\/4677\/revisions"}],"wp:attachment":[{"href":"https:\/\/netverslun.thjodminjasafn.is\/en\/wp-json\/wp\/v2\/media?parent=4677"}],"curies":[{"name":"wp","href":"https:\/\/api.w.org\/{rel}","templated":true}]}}